{"id":10141,"date":"2021-07-13T11:58:22","date_gmt":"2021-07-13T09:58:22","guid":{"rendered":"https:\/\/krajn.sk\/expo\/?post_type=product&#038;p=10141"},"modified":"2023-06-24T14:11:24","modified_gmt":"2023-06-24T12:11:24","slug":"krycie-platne","status":"publish","type":"product","link":"https:\/\/krajn.sk\/expo\/sortiment\/ploty\/krycie-platne\/","title":{"rendered":"Krycie platne"},"content":{"rendered":"<p>Farebn\u00e1 \u0161k\u00e1la v\u00e1m umo\u017en\u00ed vybra\u0165 si zakon\u010denie plota pod\u013ea vlastn\u00fdch predst\u00e1v. Bu\u010f t\u00f3n v&nbsp;t\u00f3ne, alebo kontrastn\u00fa kombin\u00e1ciu tv\u00e1rnic a&nbsp;kryc\u00edch platn\u00ed.<\/p>\n<p><strong>MODERN\u00dd SOFISTIKOVAN\u00dd VZH\u013dAD<br \/>\n<\/strong>Jednoduch\u00fd dizajn, \u017eiadne ostr\u00e9 hrany, mierne sp\u00e1dovanie a&nbsp;perfektne hladk\u00fd povrch robia z&nbsp;kryc\u00edch platn\u00ed ABW dokonal\u00e9 ukon\u010denie ka\u017ed\u00e9ho plota.<\/p>\n<p><strong>NAD\u010cASOV\u00c1 FAREBNOS\u0164<br \/>\n<\/strong>Decentn\u00e9 farebn\u00e9 odtiene vylep\u0161ia ka\u017ed\u00fd plot.<\/p>\n<p><strong>\u0160PECI\u00c1LNE ODKVAPOV\u00c9 DR\u00c1\u017dKY<br \/>\n<\/strong>Sl\u00fa\u017eia ako \u00fa\u010dinn\u00e1 ochrana plotov pred da\u017e\u010fovou vodou. V\u010faka nim je odv\u00e1dzan\u00e1 mimo a&nbsp;nestek\u00e1 po m\u00fare.<\/p>\n<p>&nbsp;<\/p>\n<p>S.M. 24 &#8211; 40 ks\/pal<\/p>\n<p>S.O. 24 &#8211; 40 ks\/pal<\/p>\n<p>S.M. 28 &#8211; 40 ks\/pal<\/p>\n<p>S.O. 28 &#8211; 40 ks\/pal<\/p>\n<p>S.\u0160. 48 &#8211; 20 ks\/pal<\/p>\n<p>Strie\u0161ka hladk\u00e1 &#8211; 126 ks\/pal<\/p>\n","protected":false},"excerpt":{"rendered":"<p>Krycie platne ABW maj\u00fa mierne sp\u00e1dovanie na prirodzen\u00fd odtok vody a dokonale hladk\u00fd povrch dosiahnut\u00fd technol\u00f3giou vibrozalievania. Ich kon\u0161trukcia s odkvapov\u00fdmi dr\u00e1\u017ekami chr\u00e1ni ploty pred stekaj\u00facou vodou.<\/p>\n","protected":false},"featured_media":10144,"template":"","meta":{"inline_featured_image":false,"site-sidebar-layout":"default","site-content-layout":"","ast-site-content-layout":"","site-content-style":"default","site-sidebar-style":"default","ast-global-header-display":"","ast-banner-title-visibility":"","ast-main-header-display":"","ast-hfb-above-header-display":"","ast-hfb-below-header-display":"","ast-hfb-mobile-header-display":"","site-post-title":"","ast-breadcrumbs-content":"","ast-featured-img":"","footer-sml-layout":"","theme-transparent-header-meta":"","adv-header-id-meta":"","stick-header-meta":"","header-above-stick-meta":"","header-main-stick-meta":"","header-below-stick-meta":"","astra-migrate-meta-layouts":"default","ast-page-background-enabled":"default","ast-page-background-meta":{"desktop":{"background-color":"var(--ast-global-color-4)","background-image":"","background-repeat":"repeat","background-position":"center center","background-size":"auto","background-attachment":"scroll","background-type":"","background-media":"","overlay-type":"","overlay-color":"","overlay-opacity":"","overlay-gradient":""},"tablet":{"background-color":"","background-image":"","background-repeat":"repeat","background-position":"center center","background-size":"auto","background-attachment":"scroll","background-type":"","background-media":"","overlay-type":"","overlay-color":"","overlay-opacity":"","overlay-gradient":""},"mobile":{"background-color":"","background-image":"","background-repeat":"repeat","background-position":"center center","background-size":"auto","background-attachment":"scroll","background-type":"","background-media":"","overlay-type":"","overlay-color":"","overlay-opacity":"","overlay-gradient":""}},"ast-content-background-meta":{"desktop":{"background-color":"var(--ast-global-color-5)","background-image":"","background-repeat":"repeat","background-position":"center center","background-size":"auto","background-attachment":"scroll","background-type":"","background-media":"","overlay-type":"","overlay-color":"","overlay-opacity":"","overlay-gradient":""},"tablet":{"background-color":"var(--ast-global-color-5)","background-image":"","background-repeat":"repeat","background-position":"center center","background-size":"auto","background-attachment":"scroll","background-type":"","background-media":"","overlay-type":"","overlay-color":"","overlay-opacity":"","overlay-gradient":""},"mobile":{"background-color":"var(--ast-global-color-5)","background-image":"","background-repeat":"repeat","background-position":"center center","background-size":"auto","background-attachment":"scroll","background-type":"","background-media":"","overlay-type":"","overlay-color":"","overlay-opacity":"","overlay-gradient":""}},"ngg_post_thumbnail":0},"product_brand":[],"product_cat":[332],"product_tag":[344],"class_list":{"0":"post-10141","1":"product","2":"type-product","3":"status-publish","4":"has-post-thumbnail","6":"product_cat-ploty","7":"product_tag-abw","8":"pa_dodavatelia-abw","9":"desktop-align-left","10":"tablet-align-left","11":"mobile-align-left","13":"first","14":"instock","15":"taxable","16":"shipping-taxable","17":"purchasable","18":"product-type-variable","19":"has-default-attributes"},"yoast_head":"<!-- This site is optimized with the Yoast SEO plugin v24.8.1 - https:\/\/yoast.com\/wordpress\/plugins\/seo\/ -->\n<title>Krycie platne | Krajn Exp<\/title>\n<meta name=\"robots\" content=\"index, follow, max-snippet:-1, max-image-preview:large, max-video-preview:-1\" \/>\n<link rel=\"canonical\" href=\"https:\/\/krajn.sk\/expo\/sortiment\/ploty\/krycie-platne\/\" \/>\n<meta property=\"og:locale\" content=\"sk_SK\" \/>\n<meta property=\"og:type\" content=\"article\" \/>\n<meta property=\"og:title\" content=\"Krycie platne | Krajn Exp\" \/>\n<meta property=\"og:description\" content=\"Krycie platne ABW maj\u00fa mierne sp\u00e1dovanie na prirodzen\u00fd odtok vody a dokonale hladk\u00fd povrch dosiahnut\u00fd technol\u00f3giou vibrozalievania. Ich kon\u0161trukcia s odkvapov\u00fdmi dr\u00e1\u017ekami chr\u00e1ni ploty pred stekaj\u00facou vodou.\" \/>\n<meta property=\"og:url\" content=\"https:\/\/krajn.sk\/expo\/sortiment\/ploty\/krycie-platne\/\" \/>\n<meta property=\"og:site_name\" content=\"Krajn Exp\" \/>\n<meta property=\"article:modified_time\" content=\"2023-06-24T12:11:24+00:00\" \/>\n<meta property=\"og:image\" content=\"https:\/\/krajn.sk\/expo\/wp-content\/uploads\/2021\/07\/krycie-platne.jpg\" \/>\n\t<meta property=\"og:image:width\" content=\"1109\" \/>\n\t<meta property=\"og:image:height\" content=\"499\" \/>\n\t<meta property=\"og:image:type\" content=\"image\/jpeg\" \/>\n<meta name=\"twitter:card\" content=\"summary_large_image\" \/>\n<meta name=\"twitter:label1\" content=\"Predpokladan\u00fd \u010das \u010d\u00edtania\" \/>\n\t<meta name=\"twitter:data1\" content=\"1 min\u00fata\" \/>\n<script type=\"application\/ld+json\" class=\"yoast-schema-graph\">{\"@context\":\"https:\/\/schema.org\",\"@graph\":[{\"@type\":\"WebPage\",\"@id\":\"https:\/\/krajn.sk\/expo\/sortiment\/ploty\/krycie-platne\/\",\"url\":\"https:\/\/krajn.sk\/expo\/sortiment\/ploty\/krycie-platne\/\",\"name\":\"Krycie platne | Krajn Exp\",\"isPartOf\":{\"@id\":\"https:\/\/krajn.sk\/expo\/#website\"},\"primaryImageOfPage\":{\"@id\":\"https:\/\/krajn.sk\/expo\/sortiment\/ploty\/krycie-platne\/#primaryimage\"},\"image\":{\"@id\":\"https:\/\/krajn.sk\/expo\/sortiment\/ploty\/krycie-platne\/#primaryimage\"},\"thumbnailUrl\":\"https:\/\/krajn.sk\/expo\/wp-content\/uploads\/2021\/07\/krycie-platne.jpg\",\"datePublished\":\"2021-07-13T09:58:22+00:00\",\"dateModified\":\"2023-06-24T12:11:24+00:00\",\"breadcrumb\":{\"@id\":\"https:\/\/krajn.sk\/expo\/sortiment\/ploty\/krycie-platne\/#breadcrumb\"},\"inLanguage\":\"sk-SK\",\"potentialAction\":[{\"@type\":\"ReadAction\",\"target\":[\"https:\/\/krajn.sk\/expo\/sortiment\/ploty\/krycie-platne\/\"]}]},{\"@type\":\"ImageObject\",\"inLanguage\":\"sk-SK\",\"@id\":\"https:\/\/krajn.sk\/expo\/sortiment\/ploty\/krycie-platne\/#primaryimage\",\"url\":\"https:\/\/krajn.sk\/expo\/wp-content\/uploads\/2021\/07\/krycie-platne.jpg\",\"contentUrl\":\"https:\/\/krajn.sk\/expo\/wp-content\/uploads\/2021\/07\/krycie-platne.jpg\",\"width\":1109,\"height\":499},{\"@type\":\"BreadcrumbList\",\"@id\":\"https:\/\/krajn.sk\/expo\/sortiment\/ploty\/krycie-platne\/#breadcrumb\",\"itemListElement\":[{\"@type\":\"ListItem\",\"position\":1,\"name\":\"Home\",\"item\":\"https:\/\/krajn.sk\/expo\/\"},{\"@type\":\"ListItem\",\"position\":2,\"name\":\"Produkty\",\"item\":\"https:\/\/krajn.sk\/expo\/sortiment\/\"},{\"@type\":\"ListItem\",\"position\":3,\"name\":\"Krycie platne\"}]},{\"@type\":\"WebSite\",\"@id\":\"https:\/\/krajn.sk\/expo\/#website\",\"url\":\"https:\/\/krajn.sk\/expo\/\",\"name\":\"Krajn Exp\",\"description\":\"Va\u0161e stavebniny na kraji Stupavy!\",\"publisher\":{\"@id\":\"https:\/\/krajn.sk\/expo\/#organization\"},\"potentialAction\":[{\"@type\":\"SearchAction\",\"target\":{\"@type\":\"EntryPoint\",\"urlTemplate\":\"https:\/\/krajn.sk\/expo\/?s={search_term_string}\"},\"query-input\":{\"@type\":\"PropertyValueSpecification\",\"valueRequired\":true,\"valueName\":\"search_term_string\"}}],\"inLanguage\":\"sk-SK\"},{\"@type\":\"Organization\",\"@id\":\"https:\/\/krajn.sk\/expo\/#organization\",\"name\":\"Krajn Expo\",\"url\":\"https:\/\/krajn.sk\/expo\/\",\"logo\":{\"@type\":\"ImageObject\",\"inLanguage\":\"sk-SK\",\"@id\":\"https:\/\/krajn.sk\/expo\/#\/schema\/logo\/image\/\",\"url\":\"https:\/\/krajn.sk\/expo\/wp-content\/uploads\/2020\/03\/logo_expo_transparent.png\",\"contentUrl\":\"https:\/\/krajn.sk\/expo\/wp-content\/uploads\/2020\/03\/logo_expo_transparent.png\",\"width\":91,\"height\":105,\"caption\":\"Krajn Expo\"},\"image\":{\"@id\":\"https:\/\/krajn.sk\/expo\/#\/schema\/logo\/image\/\"}}]}<\/script>\n<!-- \/ Yoast SEO plugin. -->","yoast_head_json":{"title":"Krycie platne | Krajn Exp","robots":{"index":"index","follow":"follow","max-snippet":"max-snippet:-1","max-image-preview":"max-image-preview:large","max-video-preview":"max-video-preview:-1"},"canonical":"https:\/\/krajn.sk\/expo\/sortiment\/ploty\/krycie-platne\/","og_locale":"sk_SK","og_type":"article","og_title":"Krycie platne | Krajn Exp","og_description":"Krycie platne ABW maj\u00fa mierne sp\u00e1dovanie na prirodzen\u00fd odtok vody a dokonale hladk\u00fd povrch dosiahnut\u00fd technol\u00f3giou vibrozalievania. Ich kon\u0161trukcia s odkvapov\u00fdmi dr\u00e1\u017ekami chr\u00e1ni ploty pred stekaj\u00facou vodou.","og_url":"https:\/\/krajn.sk\/expo\/sortiment\/ploty\/krycie-platne\/","og_site_name":"Krajn Exp","article_modified_time":"2023-06-24T12:11:24+00:00","og_image":[{"width":1109,"height":499,"url":"https:\/\/krajn.sk\/expo\/wp-content\/uploads\/2021\/07\/krycie-platne.jpg","type":"image\/jpeg"}],"twitter_card":"summary_large_image","twitter_misc":{"Predpokladan\u00fd \u010das \u010d\u00edtania":"1 min\u00fata"},"schema":{"@context":"https:\/\/schema.org","@graph":[{"@type":"WebPage","@id":"https:\/\/krajn.sk\/expo\/sortiment\/ploty\/krycie-platne\/","url":"https:\/\/krajn.sk\/expo\/sortiment\/ploty\/krycie-platne\/","name":"Krycie platne | Krajn Exp","isPartOf":{"@id":"https:\/\/krajn.sk\/expo\/#website"},"primaryImageOfPage":{"@id":"https:\/\/krajn.sk\/expo\/sortiment\/ploty\/krycie-platne\/#primaryimage"},"image":{"@id":"https:\/\/krajn.sk\/expo\/sortiment\/ploty\/krycie-platne\/#primaryimage"},"thumbnailUrl":"https:\/\/krajn.sk\/expo\/wp-content\/uploads\/2021\/07\/krycie-platne.jpg","datePublished":"2021-07-13T09:58:22+00:00","dateModified":"2023-06-24T12:11:24+00:00","breadcrumb":{"@id":"https:\/\/krajn.sk\/expo\/sortiment\/ploty\/krycie-platne\/#breadcrumb"},"inLanguage":"sk-SK","potentialAction":[{"@type":"ReadAction","target":["https:\/\/krajn.sk\/expo\/sortiment\/ploty\/krycie-platne\/"]}]},{"@type":"ImageObject","inLanguage":"sk-SK","@id":"https:\/\/krajn.sk\/expo\/sortiment\/ploty\/krycie-platne\/#primaryimage","url":"https:\/\/krajn.sk\/expo\/wp-content\/uploads\/2021\/07\/krycie-platne.jpg","contentUrl":"https:\/\/krajn.sk\/expo\/wp-content\/uploads\/2021\/07\/krycie-platne.jpg","width":1109,"height":499},{"@type":"BreadcrumbList","@id":"https:\/\/krajn.sk\/expo\/sortiment\/ploty\/krycie-platne\/#breadcrumb","itemListElement":[{"@type":"ListItem","position":1,"name":"Home","item":"https:\/\/krajn.sk\/expo\/"},{"@type":"ListItem","position":2,"name":"Produkty","item":"https:\/\/krajn.sk\/expo\/sortiment\/"},{"@type":"ListItem","position":3,"name":"Krycie platne"}]},{"@type":"WebSite","@id":"https:\/\/krajn.sk\/expo\/#website","url":"https:\/\/krajn.sk\/expo\/","name":"Krajn Exp","description":"Va\u0161e stavebniny na kraji Stupavy!","publisher":{"@id":"https:\/\/krajn.sk\/expo\/#organization"},"potentialAction":[{"@type":"SearchAction","target":{"@type":"EntryPoint","urlTemplate":"https:\/\/krajn.sk\/expo\/?s={search_term_string}"},"query-input":{"@type":"PropertyValueSpecification","valueRequired":true,"valueName":"search_term_string"}}],"inLanguage":"sk-SK"},{"@type":"Organization","@id":"https:\/\/krajn.sk\/expo\/#organization","name":"Krajn Expo","url":"https:\/\/krajn.sk\/expo\/","logo":{"@type":"ImageObject","inLanguage":"sk-SK","@id":"https:\/\/krajn.sk\/expo\/#\/schema\/logo\/image\/","url":"https:\/\/krajn.sk\/expo\/wp-content\/uploads\/2020\/03\/logo_expo_transparent.png","contentUrl":"https:\/\/krajn.sk\/expo\/wp-content\/uploads\/2020\/03\/logo_expo_transparent.png","width":91,"height":105,"caption":"Krajn Expo"},"image":{"@id":"https:\/\/krajn.sk\/expo\/#\/schema\/logo\/image\/"}}]}},"_links":{"self":[{"href":"https:\/\/krajn.sk\/expo\/wp-json\/wp\/v2\/product\/10141"}],"collection":[{"href":"https:\/\/krajn.sk\/expo\/wp-json\/wp\/v2\/product"}],"about":[{"href":"https:\/\/krajn.sk\/expo\/wp-json\/wp\/v2\/types\/product"}],"version-history":[{"count":1,"href":"https:\/\/krajn.sk\/expo\/wp-json\/wp\/v2\/product\/10141\/revisions"}],"predecessor-version":[{"id":10151,"href":"https:\/\/krajn.sk\/expo\/wp-json\/wp\/v2\/product\/10141\/revisions\/10151"}],"wp:featuredmedia":[{"embeddable":true,"href":"https:\/\/krajn.sk\/expo\/wp-json\/wp\/v2\/media\/10144"}],"wp:attachment":[{"href":"https:\/\/krajn.sk\/expo\/wp-json\/wp\/v2\/media?parent=10141"}],"wp:term":[{"taxonomy":"product_brand","embeddable":true,"href":"https:\/\/krajn.sk\/expo\/wp-json\/wp\/v2\/product_brand?post=10141"},{"taxonomy":"product_cat","embeddable":true,"href":"https:\/\/krajn.sk\/expo\/wp-json\/wp\/v2\/product_cat?post=10141"},{"taxonomy":"product_tag","embeddable":true,"href":"https:\/\/krajn.sk\/expo\/wp-json\/wp\/v2\/product_tag?post=10141"}],"curies":[{"name":"wp","href":"https:\/\/api.w.org\/{rel}","templated":true}]}}