{"id":10338,"date":"2021-07-15T14:36:40","date_gmt":"2021-07-15T12:36:40","guid":{"rendered":"https:\/\/krajn.sk\/expo\/?post_type=product&#038;p=10338"},"modified":"2023-06-24T14:11:57","modified_gmt":"2023-06-24T12:11:57","slug":"alpino-plotovy-murik","status":"publish","type":"product","link":"https:\/\/krajn.sk\/expo\/sortiment\/ploty\/alpino-plotovy-murik\/","title":{"rendered":"Alpino plotov\u00fd m\u00farik"},"content":{"rendered":"<p>S&nbsp;plotov\u00fdm m\u00farikom Alpino postav\u00edte plnohodnotn\u00e9 deliace m\u00fary a&nbsp;oplotenia. Jeho \u201ere\u017en\u00fd povrch\u201c a&nbsp;kvalitn\u00e9 prevedenie vytv\u00e1raj\u00fa ve\u013emi prirodzen\u00fd vzh\u013ead kame\u0148a, zvl\u00e1\u0161\u0165 v&nbsp;\u0161tiepanej verzii. V\u00fdhodou Alpina je, \u017ee sa nezalieva bet\u00f3nom, ale lep\u00ed. Oce\u0148ujem tie\u017e kombin\u00e1cie \u0161ed\u00fdch farieb, ktor\u00e9 pripom\u00ednaj\u00fa \u010dadi\u010d alebo bridlicu a&nbsp;pr\u00edjemne harmonizuj\u00fa so zele\u0148ou.<\/p>\n<ul>\n<li>svojimi l\u00edniami skvele dop\u013a\u0148a <a href=\"https:\/\/krajn.sk\/expo\/sortiment\/ploty\/alpsky-plot-jednostranne-stiepany\/\">Alpsk\u00fd plot<\/a> a&nbsp;\u0161tiepan\u00fa palis\u00e1du<\/li>\n<li>tv\u00e1rnice s\u00fa previazan\u00e9 syst\u00e9mom pero-dr\u00e1\u017eka a&nbsp;fixuj\u00fa sa exteri\u00e9rov\u00fdm flexilepidlom na cementovej b\u00e1ze<\/li>\n<li>prvky s\u00fa \u0161tiepan\u00e9 len z&nbsp;jednej poh\u013eadovej strany, tak\u017ee umo\u017e\u0148uj\u00fa variabiln\u00e9 kombin\u00e1cie \u0161tiepan\u00fdch a&nbsp;hladk\u00fdch pl\u00f4ch tv\u00e1rnic<\/li>\n<\/ul>\n","protected":false},"excerpt":{"rendered":"<p>Alpino plotov\u00fd m\u00farik je v\u00fdbornou vo\u013ebou pre elegantn\u00e9 v\u00fd\u0161kov\u00e9 rozdelenie z\u00e1hrady, lavi\u010dky na sedenie, n\u00edzke m\u00fariky na optick\u00e9 \u010dlenenie priestoru. Svojimi \u010dist\u00fdmi a jemn\u00fdmi horizont\u00e1lnymi l\u00edniami skvele dop\u013a\u0148a&nbsp;<em>oplotenie<\/em>&nbsp;vytvoren\u00e9 z bet\u00f3nov\u00fdch tv\u00e1rnic&nbsp;<em><a href=\"https:\/\/krajn.sk\/expo\/sortiment\/ploty\/alpsky-plot-jednostranne-stiepany\/\">Alpsk\u00fd plot<\/a>.<\/em><\/p>\n","protected":false},"featured_media":10340,"template":"","meta":{"inline_featured_image":false,"site-sidebar-layout":"default","site-content-layout":"","ast-site-content-layout":"","site-content-style":"default","site-sidebar-style":"default","ast-global-header-display":"","ast-banner-title-visibility":"","ast-main-header-display":"","ast-hfb-above-header-display":"","ast-hfb-below-header-display":"","ast-hfb-mobile-header-display":"","site-post-title":"","ast-breadcrumbs-content":"","ast-featured-img":"","footer-sml-layout":"","theme-transparent-header-meta":"","adv-header-id-meta":"","stick-header-meta":"","header-above-stick-meta":"","header-main-stick-meta":"","header-below-stick-meta":"","astra-migrate-meta-layouts":"default","ast-page-background-enabled":"default","ast-page-background-meta":{"desktop":{"background-color":"var(--ast-global-color-4)","background-image":"","background-repeat":"repeat","background-position":"center center","background-size":"auto","background-attachment":"scroll","background-type":"","background-media":"","overlay-type":"","overlay-color":"","overlay-opacity":"","overlay-gradient":""},"tablet":{"background-color":"","background-image":"","background-repeat":"repeat","background-position":"center center","background-size":"auto","background-attachment":"scroll","background-type":"","background-media":"","overlay-type":"","overlay-color":"","overlay-opacity":"","overlay-gradient":""},"mobile":{"background-color":"","background-image":"","background-repeat":"repeat","background-position":"center center","background-size":"auto","background-attachment":"scroll","background-type":"","background-media":"","overlay-type":"","overlay-color":"","overlay-opacity":"","overlay-gradient":""}},"ast-content-background-meta":{"desktop":{"background-color":"var(--ast-global-color-5)","background-image":"","background-repeat":"repeat","background-position":"center center","background-size":"auto","background-attachment":"scroll","background-type":"","background-media":"","overlay-type":"","overlay-color":"","overlay-opacity":"","overlay-gradient":""},"tablet":{"background-color":"var(--ast-global-color-5)","background-image":"","background-repeat":"repeat","background-position":"center center","background-size":"auto","background-attachment":"scroll","background-type":"","background-media":"","overlay-type":"","overlay-color":"","overlay-opacity":"","overlay-gradient":""},"mobile":{"background-color":"var(--ast-global-color-5)","background-image":"","background-repeat":"repeat","background-position":"center center","background-size":"auto","background-attachment":"scroll","background-type":"","background-media":"","overlay-type":"","overlay-color":"","overlay-opacity":"","overlay-gradient":""}},"ngg_post_thumbnail":0},"product_brand":[],"product_cat":[332],"product_tag":[344],"class_list":{"0":"post-10338","1":"product","2":"type-product","3":"status-publish","4":"has-post-thumbnail","6":"product_cat-ploty","7":"product_tag-abw","8":"pa_dodavatelia-abw","9":"desktop-align-left","10":"tablet-align-left","11":"mobile-align-left","13":"first","14":"instock","15":"taxable","16":"shipping-taxable","17":"purchasable","18":"product-type-variable","19":"has-default-attributes"},"yoast_head":"<!-- This site is optimized with the Yoast SEO plugin v24.8.1 - https:\/\/yoast.com\/wordpress\/plugins\/seo\/ -->\n<title>Alpino plotov\u00fd m\u00farik | Krajn Exp<\/title>\n<meta name=\"robots\" content=\"index, follow, max-snippet:-1, max-image-preview:large, max-video-preview:-1\" \/>\n<link rel=\"canonical\" href=\"https:\/\/krajn.sk\/expo\/sortiment\/ploty\/alpino-plotovy-murik\/\" \/>\n<meta property=\"og:locale\" content=\"sk_SK\" \/>\n<meta property=\"og:type\" content=\"article\" \/>\n<meta property=\"og:title\" content=\"Alpino plotov\u00fd m\u00farik | Krajn Exp\" \/>\n<meta property=\"og:description\" content=\"Alpino plotov\u00fd m\u00farik je v\u00fdbornou vo\u013ebou pre elegantn\u00e9 v\u00fd\u0161kov\u00e9 rozdelenie z\u00e1hrady, lavi\u010dky na sedenie, n\u00edzke m\u00fariky na optick\u00e9 \u010dlenenie priestoru. Svojimi \u010dist\u00fdmi a jemn\u00fdmi horizont\u00e1lnymi l\u00edniami skvele dop\u013a\u0148a&nbsp;oplotenie&nbsp;vytvoren\u00e9 z bet\u00f3nov\u00fdch tv\u00e1rnic&nbsp;Alpsk\u00fd plot.\" \/>\n<meta property=\"og:url\" content=\"https:\/\/krajn.sk\/expo\/sortiment\/ploty\/alpino-plotovy-murik\/\" \/>\n<meta property=\"og:site_name\" content=\"Krajn Exp\" \/>\n<meta property=\"article:modified_time\" content=\"2023-06-24T12:11:57+00:00\" \/>\n<meta property=\"og:image\" content=\"https:\/\/krajn.sk\/expo\/wp-content\/uploads\/2021\/07\/alpino-plotovy-murik.jpg\" \/>\n\t<meta property=\"og:image:width\" content=\"350\" \/>\n\t<meta property=\"og:image:height\" content=\"350\" \/>\n\t<meta property=\"og:image:type\" content=\"image\/jpeg\" \/>\n<meta name=\"twitter:card\" content=\"summary_large_image\" \/>\n<meta name=\"twitter:label1\" content=\"Predpokladan\u00fd \u010das \u010d\u00edtania\" \/>\n\t<meta name=\"twitter:data1\" content=\"1 min\u00fata\" \/>\n<script type=\"application\/ld+json\" class=\"yoast-schema-graph\">{\"@context\":\"https:\/\/schema.org\",\"@graph\":[{\"@type\":\"WebPage\",\"@id\":\"https:\/\/krajn.sk\/expo\/sortiment\/ploty\/alpino-plotovy-murik\/\",\"url\":\"https:\/\/krajn.sk\/expo\/sortiment\/ploty\/alpino-plotovy-murik\/\",\"name\":\"Alpino plotov\u00fd m\u00farik | Krajn Exp\",\"isPartOf\":{\"@id\":\"https:\/\/krajn.sk\/expo\/#website\"},\"primaryImageOfPage\":{\"@id\":\"https:\/\/krajn.sk\/expo\/sortiment\/ploty\/alpino-plotovy-murik\/#primaryimage\"},\"image\":{\"@id\":\"https:\/\/krajn.sk\/expo\/sortiment\/ploty\/alpino-plotovy-murik\/#primaryimage\"},\"thumbnailUrl\":\"https:\/\/krajn.sk\/expo\/wp-content\/uploads\/2021\/07\/alpino-plotovy-murik.jpg\",\"datePublished\":\"2021-07-15T12:36:40+00:00\",\"dateModified\":\"2023-06-24T12:11:57+00:00\",\"breadcrumb\":{\"@id\":\"https:\/\/krajn.sk\/expo\/sortiment\/ploty\/alpino-plotovy-murik\/#breadcrumb\"},\"inLanguage\":\"sk-SK\",\"potentialAction\":[{\"@type\":\"ReadAction\",\"target\":[\"https:\/\/krajn.sk\/expo\/sortiment\/ploty\/alpino-plotovy-murik\/\"]}]},{\"@type\":\"ImageObject\",\"inLanguage\":\"sk-SK\",\"@id\":\"https:\/\/krajn.sk\/expo\/sortiment\/ploty\/alpino-plotovy-murik\/#primaryimage\",\"url\":\"https:\/\/krajn.sk\/expo\/wp-content\/uploads\/2021\/07\/alpino-plotovy-murik.jpg\",\"contentUrl\":\"https:\/\/krajn.sk\/expo\/wp-content\/uploads\/2021\/07\/alpino-plotovy-murik.jpg\",\"width\":350,\"height\":350},{\"@type\":\"BreadcrumbList\",\"@id\":\"https:\/\/krajn.sk\/expo\/sortiment\/ploty\/alpino-plotovy-murik\/#breadcrumb\",\"itemListElement\":[{\"@type\":\"ListItem\",\"position\":1,\"name\":\"Home\",\"item\":\"https:\/\/krajn.sk\/expo\/\"},{\"@type\":\"ListItem\",\"position\":2,\"name\":\"Produkty\",\"item\":\"https:\/\/krajn.sk\/expo\/sortiment\/\"},{\"@type\":\"ListItem\",\"position\":3,\"name\":\"Alpino plotov\u00fd m\u00farik\"}]},{\"@type\":\"WebSite\",\"@id\":\"https:\/\/krajn.sk\/expo\/#website\",\"url\":\"https:\/\/krajn.sk\/expo\/\",\"name\":\"Krajn Exp\",\"description\":\"Va\u0161e stavebniny na kraji Stupavy!\",\"publisher\":{\"@id\":\"https:\/\/krajn.sk\/expo\/#organization\"},\"potentialAction\":[{\"@type\":\"SearchAction\",\"target\":{\"@type\":\"EntryPoint\",\"urlTemplate\":\"https:\/\/krajn.sk\/expo\/?s={search_term_string}\"},\"query-input\":{\"@type\":\"PropertyValueSpecification\",\"valueRequired\":true,\"valueName\":\"search_term_string\"}}],\"inLanguage\":\"sk-SK\"},{\"@type\":\"Organization\",\"@id\":\"https:\/\/krajn.sk\/expo\/#organization\",\"name\":\"Krajn Expo\",\"url\":\"https:\/\/krajn.sk\/expo\/\",\"logo\":{\"@type\":\"ImageObject\",\"inLanguage\":\"sk-SK\",\"@id\":\"https:\/\/krajn.sk\/expo\/#\/schema\/logo\/image\/\",\"url\":\"https:\/\/krajn.sk\/expo\/wp-content\/uploads\/2020\/03\/logo_expo_transparent.png\",\"contentUrl\":\"https:\/\/krajn.sk\/expo\/wp-content\/uploads\/2020\/03\/logo_expo_transparent.png\",\"width\":91,\"height\":105,\"caption\":\"Krajn Expo\"},\"image\":{\"@id\":\"https:\/\/krajn.sk\/expo\/#\/schema\/logo\/image\/\"}}]}<\/script>\n<!-- \/ Yoast SEO plugin. -->","yoast_head_json":{"title":"Alpino plotov\u00fd m\u00farik | Krajn Exp","robots":{"index":"index","follow":"follow","max-snippet":"max-snippet:-1","max-image-preview":"max-image-preview:large","max-video-preview":"max-video-preview:-1"},"canonical":"https:\/\/krajn.sk\/expo\/sortiment\/ploty\/alpino-plotovy-murik\/","og_locale":"sk_SK","og_type":"article","og_title":"Alpino plotov\u00fd m\u00farik | Krajn Exp","og_description":"Alpino plotov\u00fd m\u00farik je v\u00fdbornou vo\u013ebou pre elegantn\u00e9 v\u00fd\u0161kov\u00e9 rozdelenie z\u00e1hrady, lavi\u010dky na sedenie, n\u00edzke m\u00fariky na optick\u00e9 \u010dlenenie priestoru. Svojimi \u010dist\u00fdmi a jemn\u00fdmi horizont\u00e1lnymi l\u00edniami skvele dop\u013a\u0148a&nbsp;oplotenie&nbsp;vytvoren\u00e9 z bet\u00f3nov\u00fdch tv\u00e1rnic&nbsp;Alpsk\u00fd plot.","og_url":"https:\/\/krajn.sk\/expo\/sortiment\/ploty\/alpino-plotovy-murik\/","og_site_name":"Krajn Exp","article_modified_time":"2023-06-24T12:11:57+00:00","og_image":[{"width":350,"height":350,"url":"https:\/\/krajn.sk\/expo\/wp-content\/uploads\/2021\/07\/alpino-plotovy-murik.jpg","type":"image\/jpeg"}],"twitter_card":"summary_large_image","twitter_misc":{"Predpokladan\u00fd \u010das \u010d\u00edtania":"1 min\u00fata"},"schema":{"@context":"https:\/\/schema.org","@graph":[{"@type":"WebPage","@id":"https:\/\/krajn.sk\/expo\/sortiment\/ploty\/alpino-plotovy-murik\/","url":"https:\/\/krajn.sk\/expo\/sortiment\/ploty\/alpino-plotovy-murik\/","name":"Alpino plotov\u00fd m\u00farik | Krajn Exp","isPartOf":{"@id":"https:\/\/krajn.sk\/expo\/#website"},"primaryImageOfPage":{"@id":"https:\/\/krajn.sk\/expo\/sortiment\/ploty\/alpino-plotovy-murik\/#primaryimage"},"image":{"@id":"https:\/\/krajn.sk\/expo\/sortiment\/ploty\/alpino-plotovy-murik\/#primaryimage"},"thumbnailUrl":"https:\/\/krajn.sk\/expo\/wp-content\/uploads\/2021\/07\/alpino-plotovy-murik.jpg","datePublished":"2021-07-15T12:36:40+00:00","dateModified":"2023-06-24T12:11:57+00:00","breadcrumb":{"@id":"https:\/\/krajn.sk\/expo\/sortiment\/ploty\/alpino-plotovy-murik\/#breadcrumb"},"inLanguage":"sk-SK","potentialAction":[{"@type":"ReadAction","target":["https:\/\/krajn.sk\/expo\/sortiment\/ploty\/alpino-plotovy-murik\/"]}]},{"@type":"ImageObject","inLanguage":"sk-SK","@id":"https:\/\/krajn.sk\/expo\/sortiment\/ploty\/alpino-plotovy-murik\/#primaryimage","url":"https:\/\/krajn.sk\/expo\/wp-content\/uploads\/2021\/07\/alpino-plotovy-murik.jpg","contentUrl":"https:\/\/krajn.sk\/expo\/wp-content\/uploads\/2021\/07\/alpino-plotovy-murik.jpg","width":350,"height":350},{"@type":"BreadcrumbList","@id":"https:\/\/krajn.sk\/expo\/sortiment\/ploty\/alpino-plotovy-murik\/#breadcrumb","itemListElement":[{"@type":"ListItem","position":1,"name":"Home","item":"https:\/\/krajn.sk\/expo\/"},{"@type":"ListItem","position":2,"name":"Produkty","item":"https:\/\/krajn.sk\/expo\/sortiment\/"},{"@type":"ListItem","position":3,"name":"Alpino plotov\u00fd m\u00farik"}]},{"@type":"WebSite","@id":"https:\/\/krajn.sk\/expo\/#website","url":"https:\/\/krajn.sk\/expo\/","name":"Krajn Exp","description":"Va\u0161e stavebniny na kraji Stupavy!","publisher":{"@id":"https:\/\/krajn.sk\/expo\/#organization"},"potentialAction":[{"@type":"SearchAction","target":{"@type":"EntryPoint","urlTemplate":"https:\/\/krajn.sk\/expo\/?s={search_term_string}"},"query-input":{"@type":"PropertyValueSpecification","valueRequired":true,"valueName":"search_term_string"}}],"inLanguage":"sk-SK"},{"@type":"Organization","@id":"https:\/\/krajn.sk\/expo\/#organization","name":"Krajn Expo","url":"https:\/\/krajn.sk\/expo\/","logo":{"@type":"ImageObject","inLanguage":"sk-SK","@id":"https:\/\/krajn.sk\/expo\/#\/schema\/logo\/image\/","url":"https:\/\/krajn.sk\/expo\/wp-content\/uploads\/2020\/03\/logo_expo_transparent.png","contentUrl":"https:\/\/krajn.sk\/expo\/wp-content\/uploads\/2020\/03\/logo_expo_transparent.png","width":91,"height":105,"caption":"Krajn Expo"},"image":{"@id":"https:\/\/krajn.sk\/expo\/#\/schema\/logo\/image\/"}}]}},"_links":{"self":[{"href":"https:\/\/krajn.sk\/expo\/wp-json\/wp\/v2\/product\/10338"}],"collection":[{"href":"https:\/\/krajn.sk\/expo\/wp-json\/wp\/v2\/product"}],"about":[{"href":"https:\/\/krajn.sk\/expo\/wp-json\/wp\/v2\/types\/product"}],"version-history":[{"count":0,"href":"https:\/\/krajn.sk\/expo\/wp-json\/wp\/v2\/product\/10338\/revisions"}],"wp:featuredmedia":[{"embeddable":true,"href":"https:\/\/krajn.sk\/expo\/wp-json\/wp\/v2\/media\/10340"}],"wp:attachment":[{"href":"https:\/\/krajn.sk\/expo\/wp-json\/wp\/v2\/media?parent=10338"}],"wp:term":[{"taxonomy":"product_brand","embeddable":true,"href":"https:\/\/krajn.sk\/expo\/wp-json\/wp\/v2\/product_brand?post=10338"},{"taxonomy":"product_cat","embeddable":true,"href":"https:\/\/krajn.sk\/expo\/wp-json\/wp\/v2\/product_cat?post=10338"},{"taxonomy":"product_tag","embeddable":true,"href":"https:\/\/krajn.sk\/expo\/wp-json\/wp\/v2\/product_tag?post=10338"}],"curies":[{"name":"wp","href":"https:\/\/api.w.org\/{rel}","templated":true}]}}