{"id":10412,"date":"2021-07-16T10:48:03","date_gmt":"2021-07-16T08:48:03","guid":{"rendered":"https:\/\/krajn.sk\/expo\/?post_type=product&#038;p=10412"},"modified":"2023-06-24T14:12:13","modified_gmt":"2023-06-24T12:12:13","slug":"obrubnik-jubileum","status":"publish","type":"product","link":"https:\/\/krajn.sk\/expo\/sortiment\/palisady-a-obrubniky\/obrubniky\/obrubnik-jubileum\/","title":{"rendered":"Obrubn\u00edk Jubileum"},"content":{"rendered":"<p>Obrubn\u00edk Jubileum u&nbsp;n\u00e1s n\u00e1jdete v&nbsp;9 farebn\u00fdch vari\u00e1ci\u00e1ch, a&nbsp;to siv\u00e1, \u010derven\u00e1, karamelov\u00e1, antracitov\u00e1, olivov\u00e1, hned\u00e1, okrov\u00e1, pieskov\u00e1 a&nbsp;\u017elt\u00e1, ktor\u00e9 sa \u0161tandardne pou\u017e\u00edvaj\u00fa k&nbsp;dla\u017eb\u00e1m ABW. V\u00fdber farebn\u00fdch odtie\u0148ov je skuto\u010dne \u0161irok\u00fd, preto bude dokonal\u00e9 zladenie jednotliv\u00fdch bet\u00f3nov\u00fdch prvkov omnoho jednoduch\u0161ie.<\/p>\n<p>&nbsp;<\/p>\n<p>100 x 20 x 5 &#8211; 45 ks\/pal<\/p>\n<p>100 x 25 x 5 &#8211; 45 ks\/pal<\/p>\n<p>50 x 20 x 5 &#8211; 84 ks\/pal<\/p>\n","protected":false},"excerpt":{"rendered":"<p>Obrubn\u00edk Jubileum je ako stvoren\u00fd dop\u013a\u0148a\u0165 ob\u013e\u00faben\u00fd tip platne a dla\u017eby \u2013 Jubileum. <a href=\"https:\/\/krajn.sk\/expo\/sortiment\/dlazba-a-terasove-platne\/terasove-platne\/jubileum\/\">Plat\u0148a<\/a> a <a href=\"https:\/\/krajn.sk\/expo\/sortiment\/dlazba-a-terasove-platne\/betonova-dlazba\/jubileum-multiformat\/\">dla\u017eba<\/a> Jubileum sa kombinuj\u00fa skuto\u010dne hravo a jednoducho!&nbsp;<\/p>\n<p>Z\u013eava plat\u00ed iba pri odbere na cel\u00e9 palety.<\/p>\n","protected":false},"featured_media":10418,"template":"","meta":{"inline_featured_image":false,"site-sidebar-layout":"default","site-content-layout":"","ast-site-content-layout":"","site-content-style":"default","site-sidebar-style":"default","ast-global-header-display":"","ast-banner-title-visibility":"","ast-main-header-display":"","ast-hfb-above-header-display":"","ast-hfb-below-header-display":"","ast-hfb-mobile-header-display":"","site-post-title":"","ast-breadcrumbs-content":"","ast-featured-img":"","footer-sml-layout":"","theme-transparent-header-meta":"","adv-header-id-meta":"","stick-header-meta":"","header-above-stick-meta":"","header-main-stick-meta":"","header-below-stick-meta":"","astra-migrate-meta-layouts":"default","ast-page-background-enabled":"default","ast-page-background-meta":{"desktop":{"background-color":"var(--ast-global-color-4)","background-image":"","background-repeat":"repeat","background-position":"center center","background-size":"auto","background-attachment":"scroll","background-type":"","background-media":"","overlay-type":"","overlay-color":"","overlay-opacity":"","overlay-gradient":""},"tablet":{"background-color":"","background-image":"","background-repeat":"repeat","background-position":"center center","background-size":"auto","background-attachment":"scroll","background-type":"","background-media":"","overlay-type":"","overlay-color":"","overlay-opacity":"","overlay-gradient":""},"mobile":{"background-color":"","background-image":"","background-repeat":"repeat","background-position":"center center","background-size":"auto","background-attachment":"scroll","background-type":"","background-media":"","overlay-type":"","overlay-color":"","overlay-opacity":"","overlay-gradient":""}},"ast-content-background-meta":{"desktop":{"background-color":"var(--ast-global-color-5)","background-image":"","background-repeat":"repeat","background-position":"center center","background-size":"auto","background-attachment":"scroll","background-type":"","background-media":"","overlay-type":"","overlay-color":"","overlay-opacity":"","overlay-gradient":""},"tablet":{"background-color":"var(--ast-global-color-5)","background-image":"","background-repeat":"repeat","background-position":"center center","background-size":"auto","background-attachment":"scroll","background-type":"","background-media":"","overlay-type":"","overlay-color":"","overlay-opacity":"","overlay-gradient":""},"mobile":{"background-color":"var(--ast-global-color-5)","background-image":"","background-repeat":"repeat","background-position":"center center","background-size":"auto","background-attachment":"scroll","background-type":"","background-media":"","overlay-type":"","overlay-color":"","overlay-opacity":"","overlay-gradient":""}},"ngg_post_thumbnail":0},"product_brand":[],"product_cat":[334],"product_tag":[344],"class_list":{"0":"post-10412","1":"product","2":"type-product","3":"status-publish","4":"has-post-thumbnail","6":"product_cat-obrubniky","7":"product_tag-abw","8":"pa_dodavatelia-abw","9":"desktop-align-left","10":"tablet-align-left","11":"mobile-align-left","13":"first","14":"instock","15":"taxable","16":"shipping-taxable","17":"purchasable","18":"product-type-variable","19":"has-default-attributes"},"yoast_head":"<!-- This site is optimized with the Yoast SEO plugin v24.8.1 - https:\/\/yoast.com\/wordpress\/plugins\/seo\/ -->\n<title>Obrubn\u00edk Jubileum | Krajn Exp<\/title>\n<meta name=\"robots\" content=\"index, follow, max-snippet:-1, max-image-preview:large, max-video-preview:-1\" \/>\n<link rel=\"canonical\" href=\"https:\/\/krajn.sk\/expo\/sortiment\/palisady-a-obrubniky\/obrubniky\/obrubnik-jubileum\/\" \/>\n<meta property=\"og:locale\" content=\"sk_SK\" \/>\n<meta property=\"og:type\" content=\"article\" \/>\n<meta property=\"og:title\" content=\"Obrubn\u00edk Jubileum | Krajn Exp\" \/>\n<meta property=\"og:description\" content=\"Obrubn\u00edk Jubileum je ako stvoren\u00fd dop\u013a\u0148a\u0165 ob\u013e\u00faben\u00fd tip platne a dla\u017eby \u2013 Jubileum. Plat\u0148a a dla\u017eba Jubileum sa kombinuj\u00fa skuto\u010dne hravo a jednoducho!&nbsp;  Z\u013eava plat\u00ed iba pri odbere na cel\u00e9 palety.\" \/>\n<meta property=\"og:url\" content=\"https:\/\/krajn.sk\/expo\/sortiment\/palisady-a-obrubniky\/obrubniky\/obrubnik-jubileum\/\" \/>\n<meta property=\"og:site_name\" content=\"Krajn Exp\" \/>\n<meta property=\"article:modified_time\" content=\"2023-06-24T12:12:13+00:00\" \/>\n<meta property=\"og:image\" content=\"https:\/\/krajn.sk\/expo\/wp-content\/uploads\/2021\/07\/obrubnik-jubileum.jpg\" \/>\n\t<meta property=\"og:image:width\" content=\"1109\" \/>\n\t<meta property=\"og:image:height\" content=\"499\" \/>\n\t<meta property=\"og:image:type\" content=\"image\/jpeg\" \/>\n<meta name=\"twitter:card\" content=\"summary_large_image\" \/>\n<meta name=\"twitter:label1\" content=\"Predpokladan\u00fd \u010das \u010d\u00edtania\" \/>\n\t<meta name=\"twitter:data1\" content=\"1 min\u00fata\" \/>\n<script type=\"application\/ld+json\" class=\"yoast-schema-graph\">{\"@context\":\"https:\/\/schema.org\",\"@graph\":[{\"@type\":\"WebPage\",\"@id\":\"https:\/\/krajn.sk\/expo\/sortiment\/palisady-a-obrubniky\/obrubniky\/obrubnik-jubileum\/\",\"url\":\"https:\/\/krajn.sk\/expo\/sortiment\/palisady-a-obrubniky\/obrubniky\/obrubnik-jubileum\/\",\"name\":\"Obrubn\u00edk Jubileum | Krajn Exp\",\"isPartOf\":{\"@id\":\"https:\/\/krajn.sk\/expo\/#website\"},\"primaryImageOfPage\":{\"@id\":\"https:\/\/krajn.sk\/expo\/sortiment\/palisady-a-obrubniky\/obrubniky\/obrubnik-jubileum\/#primaryimage\"},\"image\":{\"@id\":\"https:\/\/krajn.sk\/expo\/sortiment\/palisady-a-obrubniky\/obrubniky\/obrubnik-jubileum\/#primaryimage\"},\"thumbnailUrl\":\"https:\/\/krajn.sk\/expo\/wp-content\/uploads\/2021\/07\/obrubnik-jubileum.jpg\",\"datePublished\":\"2021-07-16T08:48:03+00:00\",\"dateModified\":\"2023-06-24T12:12:13+00:00\",\"breadcrumb\":{\"@id\":\"https:\/\/krajn.sk\/expo\/sortiment\/palisady-a-obrubniky\/obrubniky\/obrubnik-jubileum\/#breadcrumb\"},\"inLanguage\":\"sk-SK\",\"potentialAction\":[{\"@type\":\"ReadAction\",\"target\":[\"https:\/\/krajn.sk\/expo\/sortiment\/palisady-a-obrubniky\/obrubniky\/obrubnik-jubileum\/\"]}]},{\"@type\":\"ImageObject\",\"inLanguage\":\"sk-SK\",\"@id\":\"https:\/\/krajn.sk\/expo\/sortiment\/palisady-a-obrubniky\/obrubniky\/obrubnik-jubileum\/#primaryimage\",\"url\":\"https:\/\/krajn.sk\/expo\/wp-content\/uploads\/2021\/07\/obrubnik-jubileum.jpg\",\"contentUrl\":\"https:\/\/krajn.sk\/expo\/wp-content\/uploads\/2021\/07\/obrubnik-jubileum.jpg\",\"width\":1109,\"height\":499},{\"@type\":\"BreadcrumbList\",\"@id\":\"https:\/\/krajn.sk\/expo\/sortiment\/palisady-a-obrubniky\/obrubniky\/obrubnik-jubileum\/#breadcrumb\",\"itemListElement\":[{\"@type\":\"ListItem\",\"position\":1,\"name\":\"Home\",\"item\":\"https:\/\/krajn.sk\/expo\/\"},{\"@type\":\"ListItem\",\"position\":2,\"name\":\"Produkty\",\"item\":\"https:\/\/krajn.sk\/expo\/sortiment\/\"},{\"@type\":\"ListItem\",\"position\":3,\"name\":\"Obrubn\u00edk Jubileum\"}]},{\"@type\":\"WebSite\",\"@id\":\"https:\/\/krajn.sk\/expo\/#website\",\"url\":\"https:\/\/krajn.sk\/expo\/\",\"name\":\"Krajn Exp\",\"description\":\"Va\u0161e stavebniny na kraji Stupavy!\",\"publisher\":{\"@id\":\"https:\/\/krajn.sk\/expo\/#organization\"},\"potentialAction\":[{\"@type\":\"SearchAction\",\"target\":{\"@type\":\"EntryPoint\",\"urlTemplate\":\"https:\/\/krajn.sk\/expo\/?s={search_term_string}\"},\"query-input\":{\"@type\":\"PropertyValueSpecification\",\"valueRequired\":true,\"valueName\":\"search_term_string\"}}],\"inLanguage\":\"sk-SK\"},{\"@type\":\"Organization\",\"@id\":\"https:\/\/krajn.sk\/expo\/#organization\",\"name\":\"Krajn Expo\",\"url\":\"https:\/\/krajn.sk\/expo\/\",\"logo\":{\"@type\":\"ImageObject\",\"inLanguage\":\"sk-SK\",\"@id\":\"https:\/\/krajn.sk\/expo\/#\/schema\/logo\/image\/\",\"url\":\"https:\/\/krajn.sk\/expo\/wp-content\/uploads\/2020\/03\/logo_expo_transparent.png\",\"contentUrl\":\"https:\/\/krajn.sk\/expo\/wp-content\/uploads\/2020\/03\/logo_expo_transparent.png\",\"width\":91,\"height\":105,\"caption\":\"Krajn Expo\"},\"image\":{\"@id\":\"https:\/\/krajn.sk\/expo\/#\/schema\/logo\/image\/\"}}]}<\/script>\n<!-- \/ Yoast SEO plugin. -->","yoast_head_json":{"title":"Obrubn\u00edk Jubileum | Krajn Exp","robots":{"index":"index","follow":"follow","max-snippet":"max-snippet:-1","max-image-preview":"max-image-preview:large","max-video-preview":"max-video-preview:-1"},"canonical":"https:\/\/krajn.sk\/expo\/sortiment\/palisady-a-obrubniky\/obrubniky\/obrubnik-jubileum\/","og_locale":"sk_SK","og_type":"article","og_title":"Obrubn\u00edk Jubileum | Krajn Exp","og_description":"Obrubn\u00edk Jubileum je ako stvoren\u00fd dop\u013a\u0148a\u0165 ob\u013e\u00faben\u00fd tip platne a dla\u017eby \u2013 Jubileum. Plat\u0148a a dla\u017eba Jubileum sa kombinuj\u00fa skuto\u010dne hravo a jednoducho!&nbsp;  Z\u013eava plat\u00ed iba pri odbere na cel\u00e9 palety.","og_url":"https:\/\/krajn.sk\/expo\/sortiment\/palisady-a-obrubniky\/obrubniky\/obrubnik-jubileum\/","og_site_name":"Krajn Exp","article_modified_time":"2023-06-24T12:12:13+00:00","og_image":[{"width":1109,"height":499,"url":"https:\/\/krajn.sk\/expo\/wp-content\/uploads\/2021\/07\/obrubnik-jubileum.jpg","type":"image\/jpeg"}],"twitter_card":"summary_large_image","twitter_misc":{"Predpokladan\u00fd \u010das \u010d\u00edtania":"1 min\u00fata"},"schema":{"@context":"https:\/\/schema.org","@graph":[{"@type":"WebPage","@id":"https:\/\/krajn.sk\/expo\/sortiment\/palisady-a-obrubniky\/obrubniky\/obrubnik-jubileum\/","url":"https:\/\/krajn.sk\/expo\/sortiment\/palisady-a-obrubniky\/obrubniky\/obrubnik-jubileum\/","name":"Obrubn\u00edk Jubileum | Krajn Exp","isPartOf":{"@id":"https:\/\/krajn.sk\/expo\/#website"},"primaryImageOfPage":{"@id":"https:\/\/krajn.sk\/expo\/sortiment\/palisady-a-obrubniky\/obrubniky\/obrubnik-jubileum\/#primaryimage"},"image":{"@id":"https:\/\/krajn.sk\/expo\/sortiment\/palisady-a-obrubniky\/obrubniky\/obrubnik-jubileum\/#primaryimage"},"thumbnailUrl":"https:\/\/krajn.sk\/expo\/wp-content\/uploads\/2021\/07\/obrubnik-jubileum.jpg","datePublished":"2021-07-16T08:48:03+00:00","dateModified":"2023-06-24T12:12:13+00:00","breadcrumb":{"@id":"https:\/\/krajn.sk\/expo\/sortiment\/palisady-a-obrubniky\/obrubniky\/obrubnik-jubileum\/#breadcrumb"},"inLanguage":"sk-SK","potentialAction":[{"@type":"ReadAction","target":["https:\/\/krajn.sk\/expo\/sortiment\/palisady-a-obrubniky\/obrubniky\/obrubnik-jubileum\/"]}]},{"@type":"ImageObject","inLanguage":"sk-SK","@id":"https:\/\/krajn.sk\/expo\/sortiment\/palisady-a-obrubniky\/obrubniky\/obrubnik-jubileum\/#primaryimage","url":"https:\/\/krajn.sk\/expo\/wp-content\/uploads\/2021\/07\/obrubnik-jubileum.jpg","contentUrl":"https:\/\/krajn.sk\/expo\/wp-content\/uploads\/2021\/07\/obrubnik-jubileum.jpg","width":1109,"height":499},{"@type":"BreadcrumbList","@id":"https:\/\/krajn.sk\/expo\/sortiment\/palisady-a-obrubniky\/obrubniky\/obrubnik-jubileum\/#breadcrumb","itemListElement":[{"@type":"ListItem","position":1,"name":"Home","item":"https:\/\/krajn.sk\/expo\/"},{"@type":"ListItem","position":2,"name":"Produkty","item":"https:\/\/krajn.sk\/expo\/sortiment\/"},{"@type":"ListItem","position":3,"name":"Obrubn\u00edk Jubileum"}]},{"@type":"WebSite","@id":"https:\/\/krajn.sk\/expo\/#website","url":"https:\/\/krajn.sk\/expo\/","name":"Krajn Exp","description":"Va\u0161e stavebniny na kraji Stupavy!","publisher":{"@id":"https:\/\/krajn.sk\/expo\/#organization"},"potentialAction":[{"@type":"SearchAction","target":{"@type":"EntryPoint","urlTemplate":"https:\/\/krajn.sk\/expo\/?s={search_term_string}"},"query-input":{"@type":"PropertyValueSpecification","valueRequired":true,"valueName":"search_term_string"}}],"inLanguage":"sk-SK"},{"@type":"Organization","@id":"https:\/\/krajn.sk\/expo\/#organization","name":"Krajn Expo","url":"https:\/\/krajn.sk\/expo\/","logo":{"@type":"ImageObject","inLanguage":"sk-SK","@id":"https:\/\/krajn.sk\/expo\/#\/schema\/logo\/image\/","url":"https:\/\/krajn.sk\/expo\/wp-content\/uploads\/2020\/03\/logo_expo_transparent.png","contentUrl":"https:\/\/krajn.sk\/expo\/wp-content\/uploads\/2020\/03\/logo_expo_transparent.png","width":91,"height":105,"caption":"Krajn Expo"},"image":{"@id":"https:\/\/krajn.sk\/expo\/#\/schema\/logo\/image\/"}}]}},"_links":{"self":[{"href":"https:\/\/krajn.sk\/expo\/wp-json\/wp\/v2\/product\/10412"}],"collection":[{"href":"https:\/\/krajn.sk\/expo\/wp-json\/wp\/v2\/product"}],"about":[{"href":"https:\/\/krajn.sk\/expo\/wp-json\/wp\/v2\/types\/product"}],"version-history":[{"count":0,"href":"https:\/\/krajn.sk\/expo\/wp-json\/wp\/v2\/product\/10412\/revisions"}],"wp:featuredmedia":[{"embeddable":true,"href":"https:\/\/krajn.sk\/expo\/wp-json\/wp\/v2\/media\/10418"}],"wp:attachment":[{"href":"https:\/\/krajn.sk\/expo\/wp-json\/wp\/v2\/media?parent=10412"}],"wp:term":[{"taxonomy":"product_brand","embeddable":true,"href":"https:\/\/krajn.sk\/expo\/wp-json\/wp\/v2\/product_brand?post=10412"},{"taxonomy":"product_cat","embeddable":true,"href":"https:\/\/krajn.sk\/expo\/wp-json\/wp\/v2\/product_cat?post=10412"},{"taxonomy":"product_tag","embeddable":true,"href":"https:\/\/krajn.sk\/expo\/wp-json\/wp\/v2\/product_tag?post=10412"}],"curies":[{"name":"wp","href":"https:\/\/api.w.org\/{rel}","templated":true}]}}