{"id":11032,"date":"2021-08-12T17:15:09","date_gmt":"2021-08-12T15:15:09","guid":{"rendered":"https:\/\/krajn.sk\/expo\/?post_type=product&#038;p=11032"},"modified":"2023-01-14T22:40:06","modified_gmt":"2023-01-14T21:40:06","slug":"face-block","status":"publish","type":"product","link":"https:\/\/krajn.sk\/expo\/sortiment\/ploty\/face-block\/","title":{"rendered":"Face Block"},"content":{"rendered":"<p>\/Pohledov\u00e9 \u010d\u00e1sti stavby z tvarovek FACE BLOCK maj\u00ed p\u0159irozen\u00fd vzhled a nBevy\u017eaduj\u00ed dal\u0161\u00ed povrchovou \u00fapravu. Tvarovky nejsou ur\u010den\u00e9 ke zd\u011bn\u00ed beze sp\u00e1r. Na ukon\u010den\u00ed plot\u016f a z\u00eddek se pou\u017e\u00edvaj\u00ed bu\u010f p\u0159\u00edmo origin\u00e1ln\u00ed z\u00e1krytov\u00e9 desky FACE BLOCK (ZDV 200 a ZDV 400) nebo univerz\u00e1ln\u00ed z\u00e1krytov\u00e9 desky.<\/p>\n<p>&nbsp;<\/p>\n<p>Pri odbere neucelenej palety sa \u00fa\u010dtuje<strong> poplatok za rozbalenie 10\u20ac<\/strong><\/p>\n<p>HX 2\/19\/A &#8211; <strong>72 ks\/pal<\/strong><\/p>\n<p>HX 2\/19\/B &#8211; <strong>72 ks\/pal<\/strong><\/p>\n<p>HX 2\/19\/2B &#8211; <strong>57 ks\/pal<\/strong><\/p>\n<p>HX 2\/19\/3B &#8211;<strong> 72 ks\/pal<\/strong><\/p>\n<p>HX 2\/19\/4B &#8211; <strong>72 ks\/pal<\/strong><\/p>\n<p>HX 2\/19\/5B &#8211; <strong>60 ks\/pal<\/strong><\/p>\n<p>HX 2\/19\/6B &#8211; <strong>60 ks\/pal<\/strong><\/p>\n<p>HX 4\/9\/A &#8211; <strong>120 ks\/pal<\/strong><\/p>\n<p>HX 4\/9\/B &#8211; <strong>114 ks\/pal<\/strong><\/p>\n<p>ZDV 200 &#8211; <strong>270 ks\/pal<\/strong><\/p>\n<p>ZDV 400 &#8211; <strong>120 ks\/pal<\/strong><\/p>\n","protected":false},"excerpt":{"rendered":"<p>Tvarovky FACE BLOCK se \u0161t\u00edpan\u00fdm nebo hladk\u00fdm povrchem jsou ur\u010deny pro v\u00fdstavbu budov, gar\u00e1\u017e\u00ed, okrasn\u00fdch z\u00eddek a st\u011bn, oplocen\u00ed a drobn\u00e9 zahradn\u00ed architektury.&nbsp;<\/p>\n","protected":false},"featured_media":11033,"template":"","meta":{"inline_featured_image":false,"site-sidebar-layout":"default","site-content-layout":"","ast-site-content-layout":"","site-content-style":"default","site-sidebar-style":"default","ast-global-header-display":"","ast-banner-title-visibility":"","ast-main-header-display":"","ast-hfb-above-header-display":"","ast-hfb-below-header-display":"","ast-hfb-mobile-header-display":"","site-post-title":"","ast-breadcrumbs-content":"","ast-featured-img":"","footer-sml-layout":"","theme-transparent-header-meta":"","adv-header-id-meta":"","stick-header-meta":"","header-above-stick-meta":"","header-main-stick-meta":"","header-below-stick-meta":"","astra-migrate-meta-layouts":"default","ast-page-background-enabled":"default","ast-page-background-meta":{"desktop":{"background-color":"var(--ast-global-color-4)","background-image":"","background-repeat":"repeat","background-position":"center center","background-size":"auto","background-attachment":"scroll","background-type":"","background-media":"","overlay-type":"","overlay-color":"","overlay-opacity":"","overlay-gradient":""},"tablet":{"background-color":"","background-image":"","background-repeat":"repeat","background-position":"center center","background-size":"auto","background-attachment":"scroll","background-type":"","background-media":"","overlay-type":"","overlay-color":"","overlay-opacity":"","overlay-gradient":""},"mobile":{"background-color":"","background-image":"","background-repeat":"repeat","background-position":"center center","background-size":"auto","background-attachment":"scroll","background-type":"","background-media":"","overlay-type":"","overlay-color":"","overlay-opacity":"","overlay-gradient":""}},"ast-content-background-meta":{"desktop":{"background-color":"var(--ast-global-color-5)","background-image":"","background-repeat":"repeat","background-position":"center center","background-size":"auto","background-attachment":"scroll","background-type":"","background-media":"","overlay-type":"","overlay-color":"","overlay-opacity":"","overlay-gradient":""},"tablet":{"background-color":"var(--ast-global-color-5)","background-image":"","background-repeat":"repeat","background-position":"center center","background-size":"auto","background-attachment":"scroll","background-type":"","background-media":"","overlay-type":"","overlay-color":"","overlay-opacity":"","overlay-gradient":""},"mobile":{"background-color":"var(--ast-global-color-5)","background-image":"","background-repeat":"repeat","background-position":"center center","background-size":"auto","background-attachment":"scroll","background-type":"","background-media":"","overlay-type":"","overlay-color":"","overlay-opacity":"","overlay-gradient":""}},"ngg_post_thumbnail":0},"product_brand":[],"product_cat":[332],"product_tag":[335],"class_list":{"0":"post-11032","1":"product","2":"type-product","3":"status-publish","4":"has-post-thumbnail","6":"product_cat-ploty","7":"product_tag-presbeton","8":"pa_dodavatelia-presbeton","9":"desktop-align-left","10":"tablet-align-left","11":"mobile-align-left","13":"first","14":"instock","15":"taxable","16":"shipping-taxable","17":"purchasable","18":"product-type-variable","19":"has-default-attributes"},"yoast_head":"<!-- This site is optimized with the Yoast SEO plugin v24.8.1 - https:\/\/yoast.com\/wordpress\/plugins\/seo\/ -->\n<title>Face Block | Krajn Exp<\/title>\n<meta name=\"robots\" content=\"index, follow, max-snippet:-1, max-image-preview:large, max-video-preview:-1\" \/>\n<link rel=\"canonical\" href=\"https:\/\/krajn.sk\/expo\/sortiment\/ploty\/face-block\/\" \/>\n<meta property=\"og:locale\" content=\"sk_SK\" \/>\n<meta property=\"og:type\" content=\"article\" \/>\n<meta property=\"og:title\" content=\"Face Block | Krajn Exp\" \/>\n<meta property=\"og:description\" content=\"Tvarovky FACE BLOCK se \u0161t\u00edpan\u00fdm nebo hladk\u00fdm povrchem jsou ur\u010deny pro v\u00fdstavbu budov, gar\u00e1\u017e\u00ed, okrasn\u00fdch z\u00eddek a st\u011bn, oplocen\u00ed a drobn\u00e9 zahradn\u00ed architektury.&nbsp;\" \/>\n<meta property=\"og:url\" content=\"https:\/\/krajn.sk\/expo\/sortiment\/ploty\/face-block\/\" \/>\n<meta property=\"og:site_name\" content=\"Krajn Exp\" \/>\n<meta property=\"article:modified_time\" content=\"2023-01-14T21:40:06+00:00\" \/>\n<meta property=\"og:image\" content=\"https:\/\/krajn.sk\/expo\/wp-content\/uploads\/2021\/08\/face-block-foto.jpg\" \/>\n\t<meta property=\"og:image:width\" content=\"1500\" \/>\n\t<meta property=\"og:image:height\" content=\"993\" \/>\n\t<meta property=\"og:image:type\" content=\"image\/jpeg\" \/>\n<meta name=\"twitter:card\" content=\"summary_large_image\" \/>\n<meta name=\"twitter:label1\" content=\"Predpokladan\u00fd \u010das \u010d\u00edtania\" \/>\n\t<meta name=\"twitter:data1\" content=\"1 min\u00fata\" \/>\n<script type=\"application\/ld+json\" class=\"yoast-schema-graph\">{\"@context\":\"https:\/\/schema.org\",\"@graph\":[{\"@type\":\"WebPage\",\"@id\":\"https:\/\/krajn.sk\/expo\/sortiment\/ploty\/face-block\/\",\"url\":\"https:\/\/krajn.sk\/expo\/sortiment\/ploty\/face-block\/\",\"name\":\"Face Block | Krajn Exp\",\"isPartOf\":{\"@id\":\"https:\/\/krajn.sk\/expo\/#website\"},\"primaryImageOfPage\":{\"@id\":\"https:\/\/krajn.sk\/expo\/sortiment\/ploty\/face-block\/#primaryimage\"},\"image\":{\"@id\":\"https:\/\/krajn.sk\/expo\/sortiment\/ploty\/face-block\/#primaryimage\"},\"thumbnailUrl\":\"https:\/\/krajn.sk\/expo\/wp-content\/uploads\/2021\/08\/face-block-foto.jpg\",\"datePublished\":\"2021-08-12T15:15:09+00:00\",\"dateModified\":\"2023-01-14T21:40:06+00:00\",\"breadcrumb\":{\"@id\":\"https:\/\/krajn.sk\/expo\/sortiment\/ploty\/face-block\/#breadcrumb\"},\"inLanguage\":\"sk-SK\",\"potentialAction\":[{\"@type\":\"ReadAction\",\"target\":[\"https:\/\/krajn.sk\/expo\/sortiment\/ploty\/face-block\/\"]}]},{\"@type\":\"ImageObject\",\"inLanguage\":\"sk-SK\",\"@id\":\"https:\/\/krajn.sk\/expo\/sortiment\/ploty\/face-block\/#primaryimage\",\"url\":\"https:\/\/krajn.sk\/expo\/wp-content\/uploads\/2021\/08\/face-block-foto.jpg\",\"contentUrl\":\"https:\/\/krajn.sk\/expo\/wp-content\/uploads\/2021\/08\/face-block-foto.jpg\",\"width\":1500,\"height\":993},{\"@type\":\"BreadcrumbList\",\"@id\":\"https:\/\/krajn.sk\/expo\/sortiment\/ploty\/face-block\/#breadcrumb\",\"itemListElement\":[{\"@type\":\"ListItem\",\"position\":1,\"name\":\"Home\",\"item\":\"https:\/\/krajn.sk\/expo\/\"},{\"@type\":\"ListItem\",\"position\":2,\"name\":\"Produkty\",\"item\":\"https:\/\/krajn.sk\/expo\/sortiment\/\"},{\"@type\":\"ListItem\",\"position\":3,\"name\":\"Face Block\"}]},{\"@type\":\"WebSite\",\"@id\":\"https:\/\/krajn.sk\/expo\/#website\",\"url\":\"https:\/\/krajn.sk\/expo\/\",\"name\":\"Krajn Exp\",\"description\":\"Va\u0161e stavebniny na kraji Stupavy!\",\"publisher\":{\"@id\":\"https:\/\/krajn.sk\/expo\/#organization\"},\"potentialAction\":[{\"@type\":\"SearchAction\",\"target\":{\"@type\":\"EntryPoint\",\"urlTemplate\":\"https:\/\/krajn.sk\/expo\/?s={search_term_string}\"},\"query-input\":{\"@type\":\"PropertyValueSpecification\",\"valueRequired\":true,\"valueName\":\"search_term_string\"}}],\"inLanguage\":\"sk-SK\"},{\"@type\":\"Organization\",\"@id\":\"https:\/\/krajn.sk\/expo\/#organization\",\"name\":\"Krajn Expo\",\"url\":\"https:\/\/krajn.sk\/expo\/\",\"logo\":{\"@type\":\"ImageObject\",\"inLanguage\":\"sk-SK\",\"@id\":\"https:\/\/krajn.sk\/expo\/#\/schema\/logo\/image\/\",\"url\":\"https:\/\/krajn.sk\/expo\/wp-content\/uploads\/2020\/03\/logo_expo_transparent.png\",\"contentUrl\":\"https:\/\/krajn.sk\/expo\/wp-content\/uploads\/2020\/03\/logo_expo_transparent.png\",\"width\":91,\"height\":105,\"caption\":\"Krajn Expo\"},\"image\":{\"@id\":\"https:\/\/krajn.sk\/expo\/#\/schema\/logo\/image\/\"}}]}<\/script>\n<!-- \/ Yoast SEO plugin. -->","yoast_head_json":{"title":"Face Block | Krajn Exp","robots":{"index":"index","follow":"follow","max-snippet":"max-snippet:-1","max-image-preview":"max-image-preview:large","max-video-preview":"max-video-preview:-1"},"canonical":"https:\/\/krajn.sk\/expo\/sortiment\/ploty\/face-block\/","og_locale":"sk_SK","og_type":"article","og_title":"Face Block | Krajn Exp","og_description":"Tvarovky FACE BLOCK se \u0161t\u00edpan\u00fdm nebo hladk\u00fdm povrchem jsou ur\u010deny pro v\u00fdstavbu budov, gar\u00e1\u017e\u00ed, okrasn\u00fdch z\u00eddek a st\u011bn, oplocen\u00ed a drobn\u00e9 zahradn\u00ed architektury.&nbsp;","og_url":"https:\/\/krajn.sk\/expo\/sortiment\/ploty\/face-block\/","og_site_name":"Krajn Exp","article_modified_time":"2023-01-14T21:40:06+00:00","og_image":[{"width":1500,"height":993,"url":"https:\/\/krajn.sk\/expo\/wp-content\/uploads\/2021\/08\/face-block-foto.jpg","type":"image\/jpeg"}],"twitter_card":"summary_large_image","twitter_misc":{"Predpokladan\u00fd \u010das \u010d\u00edtania":"1 min\u00fata"},"schema":{"@context":"https:\/\/schema.org","@graph":[{"@type":"WebPage","@id":"https:\/\/krajn.sk\/expo\/sortiment\/ploty\/face-block\/","url":"https:\/\/krajn.sk\/expo\/sortiment\/ploty\/face-block\/","name":"Face Block | Krajn Exp","isPartOf":{"@id":"https:\/\/krajn.sk\/expo\/#website"},"primaryImageOfPage":{"@id":"https:\/\/krajn.sk\/expo\/sortiment\/ploty\/face-block\/#primaryimage"},"image":{"@id":"https:\/\/krajn.sk\/expo\/sortiment\/ploty\/face-block\/#primaryimage"},"thumbnailUrl":"https:\/\/krajn.sk\/expo\/wp-content\/uploads\/2021\/08\/face-block-foto.jpg","datePublished":"2021-08-12T15:15:09+00:00","dateModified":"2023-01-14T21:40:06+00:00","breadcrumb":{"@id":"https:\/\/krajn.sk\/expo\/sortiment\/ploty\/face-block\/#breadcrumb"},"inLanguage":"sk-SK","potentialAction":[{"@type":"ReadAction","target":["https:\/\/krajn.sk\/expo\/sortiment\/ploty\/face-block\/"]}]},{"@type":"ImageObject","inLanguage":"sk-SK","@id":"https:\/\/krajn.sk\/expo\/sortiment\/ploty\/face-block\/#primaryimage","url":"https:\/\/krajn.sk\/expo\/wp-content\/uploads\/2021\/08\/face-block-foto.jpg","contentUrl":"https:\/\/krajn.sk\/expo\/wp-content\/uploads\/2021\/08\/face-block-foto.jpg","width":1500,"height":993},{"@type":"BreadcrumbList","@id":"https:\/\/krajn.sk\/expo\/sortiment\/ploty\/face-block\/#breadcrumb","itemListElement":[{"@type":"ListItem","position":1,"name":"Home","item":"https:\/\/krajn.sk\/expo\/"},{"@type":"ListItem","position":2,"name":"Produkty","item":"https:\/\/krajn.sk\/expo\/sortiment\/"},{"@type":"ListItem","position":3,"name":"Face Block"}]},{"@type":"WebSite","@id":"https:\/\/krajn.sk\/expo\/#website","url":"https:\/\/krajn.sk\/expo\/","name":"Krajn Exp","description":"Va\u0161e stavebniny na kraji Stupavy!","publisher":{"@id":"https:\/\/krajn.sk\/expo\/#organization"},"potentialAction":[{"@type":"SearchAction","target":{"@type":"EntryPoint","urlTemplate":"https:\/\/krajn.sk\/expo\/?s={search_term_string}"},"query-input":{"@type":"PropertyValueSpecification","valueRequired":true,"valueName":"search_term_string"}}],"inLanguage":"sk-SK"},{"@type":"Organization","@id":"https:\/\/krajn.sk\/expo\/#organization","name":"Krajn Expo","url":"https:\/\/krajn.sk\/expo\/","logo":{"@type":"ImageObject","inLanguage":"sk-SK","@id":"https:\/\/krajn.sk\/expo\/#\/schema\/logo\/image\/","url":"https:\/\/krajn.sk\/expo\/wp-content\/uploads\/2020\/03\/logo_expo_transparent.png","contentUrl":"https:\/\/krajn.sk\/expo\/wp-content\/uploads\/2020\/03\/logo_expo_transparent.png","width":91,"height":105,"caption":"Krajn Expo"},"image":{"@id":"https:\/\/krajn.sk\/expo\/#\/schema\/logo\/image\/"}}]}},"_links":{"self":[{"href":"https:\/\/krajn.sk\/expo\/wp-json\/wp\/v2\/product\/11032"}],"collection":[{"href":"https:\/\/krajn.sk\/expo\/wp-json\/wp\/v2\/product"}],"about":[{"href":"https:\/\/krajn.sk\/expo\/wp-json\/wp\/v2\/types\/product"}],"version-history":[{"count":1,"href":"https:\/\/krajn.sk\/expo\/wp-json\/wp\/v2\/product\/11032\/revisions"}],"predecessor-version":[{"id":11066,"href":"https:\/\/krajn.sk\/expo\/wp-json\/wp\/v2\/product\/11032\/revisions\/11066"}],"wp:featuredmedia":[{"embeddable":true,"href":"https:\/\/krajn.sk\/expo\/wp-json\/wp\/v2\/media\/11033"}],"wp:attachment":[{"href":"https:\/\/krajn.sk\/expo\/wp-json\/wp\/v2\/media?parent=11032"}],"wp:term":[{"taxonomy":"product_brand","embeddable":true,"href":"https:\/\/krajn.sk\/expo\/wp-json\/wp\/v2\/product_brand?post=11032"},{"taxonomy":"product_cat","embeddable":true,"href":"https:\/\/krajn.sk\/expo\/wp-json\/wp\/v2\/product_cat?post=11032"},{"taxonomy":"product_tag","embeddable":true,"href":"https:\/\/krajn.sk\/expo\/wp-json\/wp\/v2\/product_tag?post=11032"}],"curies":[{"name":"wp","href":"https:\/\/api.w.org\/{rel}","templated":true}]}}