{"id":11309,"date":"2021-08-19T15:39:11","date_gmt":"2021-08-19T13:39:11","guid":{"rendered":"https:\/\/krajn.sk\/expo\/?post_type=product&#038;p=11309"},"modified":"2023-01-14T22:41:06","modified_gmt":"2023-01-14T21:41:06","slug":"h-profil","status":"publish","type":"product","link":"https:\/\/krajn.sk\/expo\/sortiment\/dlazba-a-terasove-platne\/betonova-dlazba\/h-profil\/","title":{"rendered":"H-profil"},"content":{"rendered":"<p>Jej\u00ed p\u0159ednost\u00ed je pevn\u00e1 vazba mezi dla\u017eebn\u00edmi kameny, kter\u00e9 do sebe zapadaj\u00ed a tvo\u0159\u00ed pevn\u00fd z\u00e1mek proti posouv\u00e1n\u00ed. Dla\u017eba o v\u00fd\u0161ce 60 mm je vhodn\u00e1 pro chodn\u00edky, p\u011b\u0161\u00ed z\u00f3ny, zahrady a parkov\u00e9 \u00fapravy. Kameny o v\u00fd\u0161ce 80 mm jsou ur\u010deny pro plochy s vy\u0161\u0161\u00ed z\u00e1t\u011b\u017e\u00ed, nap\u0159\u00edklad automobilov\u00e9 komunikace, parkovi\u0161t\u011b, zast\u00e1vkov\u00e9 z\u00e1livy. Dla\u017eba o v\u00fd\u0161ce 100 mm se uplatn\u00ed v ploch\u00e1ch s extr\u00e9mn\u00edm zat\u00ed\u017een\u00edm jako jsou p\u0159ekladi\u0161t\u011b nebo sklady. Proveden\u00ed bez fazety je vhodn\u00e9 k dl\u00e1\u017ed\u011bn\u00ed komunikac\u00ed u obchodn\u00edch center.<\/p>\n<p>Dla\u017eba je mrazuvzdorn\u00e1 a je opat\u0159ena ochrann\u00fdm syst\u00e9mem Protect System IN proti zne\u010di\u0161t\u011bn\u00ed a pronik\u00e1n\u00ed vody.<\/p>\n<p>&nbsp;<\/p>\n<p>Pri odbere neucelenej palety sa \u00fa\u010dtuje <strong>poplatok za rozbalenie 10\u20ac<\/strong><\/p>\n<p>H-profil 200 x 165 x 60 &#8211; <strong>10 m<b>\u00b2<\/b>\/pal <\/strong>(360 ks)<\/p>\n<p>H-profil SP 200 x 165 x 60 &#8211; <strong>10.114 m<b>\u00b2<\/b>\/pal <\/strong>(364 ks)<\/p>\n<p>H-profil kraj 200 x 165 x 60 &#8211; <strong>11 m<b>\u00b2<\/b>\/pal <\/strong>(360 ks)<\/p>\n<p>H-profil polovi\u010dka 100 x 165 x 60 &#8211; <strong>10 m<b>\u00b2<\/b>\/pal <\/strong>(720 ks)<\/p>\n<p>H-profil BF skladba 200 x 165 x 60 &#8211; <strong>10 m<b>\u00b2<\/b>\/pal <\/strong>(340\/20\/10 ks)<\/p>\n<p>&nbsp;<\/p>\n<p>H-profil 200 x 165 x 80 &#8211; <strong>8 m<b>\u00b2<\/b>\/pal <\/strong>(288 ks)<\/p>\n<p>H-profil SP 200 x 165 x 80 &#8211; <strong>7.78 m<b>\u00b2<\/b>\/pal <\/strong>(280 ks)<\/p>\n<p>H-profil BF SP 200 x 165 x 80 &#8211; <strong>7.33&nbsp;m<b>\u00b2<\/b>\/pal <\/strong>(264 ks)<\/p>\n<p>H-profil kraj 200 x 165 x 80 &#8211; <strong>8.8 m<b>\u00b2<\/b>\/pal <\/strong>(288 ks) &#8211; iba v pr\u00edrodnej farbe<\/p>\n<p>H-profil polovi\u010dka 100 x 165 x 80 &#8211; <strong>8 m<b>\u00b2<\/b>\/pal <\/strong>(576 ks)<\/p>\n<p>H-profil BF skladba 200 x 165 x 80 &#8211; <strong>8&nbsp;m<b>\u00b2<\/b>\/pal <\/strong>(272\/16\/8 ks)<\/p>\n<p>&nbsp;<\/p>\n<p>H-profil 200 x 165 x 100 &#8211; <strong>6&nbsp;m<b>\u00b2<\/b>\/pal <\/strong>(216 ks)<\/p>\n<p>H-profil SP 200 x 165 x 100 &#8211; <strong>6 m<b>\u00b2<\/b>\/pal <\/strong>(216ks)<\/p>\n<p>H-profil polovi\u010dka 100 x 165 x 100 &#8211; <strong>6&nbsp;m<b>\u00b2<\/b>\/pal <\/strong>(432 ks)<\/p>\n<p>H-profil skladba 200 x 165 x 100 &#8211; <strong>6.672 m<b>\u00b2<\/b>\/pal <\/strong>(216\/16\/8 ks)<\/p>\n<p>&nbsp;<\/p>\n<p>Ozna\u010den\u00ed &#8222;<strong>BF<\/strong>&#8220; znamen\u00e1, \u017ee hrany dla\u017eebn\u00edch kamen\u016f nejsou opat\u0159eny fazetou, ale jsou zcela rovn\u00e9.<\/p>\n<p>Ozna\u010den\u00ed &#8222;<strong>SP<\/strong>&#8220; znamen\u00e1, \u017ee dla\u017eba je vhodn\u00e1 pro strojn\u00ed pokl\u00e1dku.<\/p>\n","protected":false},"excerpt":{"rendered":"<p>Klasick\u00e1 z\u00e1mkov\u00e1 dla\u017eba vhodn\u00e1 pro v\u0161echny typy zpevn\u011bn\u00fdch ploch, jak na ve\u0159ejn\u00fdch prostranstv\u00edch, tak v okol\u00ed rodinn\u00fdch dom\u016f.<\/p>\n","protected":false},"featured_media":11311,"template":"","meta":{"inline_featured_image":false,"site-sidebar-layout":"default","site-content-layout":"","ast-site-content-layout":"","site-content-style":"default","site-sidebar-style":"default","ast-global-header-display":"","ast-banner-title-visibility":"","ast-main-header-display":"","ast-hfb-above-header-display":"","ast-hfb-below-header-display":"","ast-hfb-mobile-header-display":"","site-post-title":"","ast-breadcrumbs-content":"","ast-featured-img":"","footer-sml-layout":"","theme-transparent-header-meta":"","adv-header-id-meta":"","stick-header-meta":"","header-above-stick-meta":"","header-main-stick-meta":"","header-below-stick-meta":"","astra-migrate-meta-layouts":"default","ast-page-background-enabled":"default","ast-page-background-meta":{"desktop":{"background-color":"var(--ast-global-color-4)","background-image":"","background-repeat":"repeat","background-position":"center center","background-size":"auto","background-attachment":"scroll","background-type":"","background-media":"","overlay-type":"","overlay-color":"","overlay-opacity":"","overlay-gradient":""},"tablet":{"background-color":"","background-image":"","background-repeat":"repeat","background-position":"center center","background-size":"auto","background-attachment":"scroll","background-type":"","background-media":"","overlay-type":"","overlay-color":"","overlay-opacity":"","overlay-gradient":""},"mobile":{"background-color":"","background-image":"","background-repeat":"repeat","background-position":"center center","background-size":"auto","background-attachment":"scroll","background-type":"","background-media":"","overlay-type":"","overlay-color":"","overlay-opacity":"","overlay-gradient":""}},"ast-content-background-meta":{"desktop":{"background-color":"var(--ast-global-color-5)","background-image":"","background-repeat":"repeat","background-position":"center center","background-size":"auto","background-attachment":"scroll","background-type":"","background-media":"","overlay-type":"","overlay-color":"","overlay-opacity":"","overlay-gradient":""},"tablet":{"background-color":"var(--ast-global-color-5)","background-image":"","background-repeat":"repeat","background-position":"center center","background-size":"auto","background-attachment":"scroll","background-type":"","background-media":"","overlay-type":"","overlay-color":"","overlay-opacity":"","overlay-gradient":""},"mobile":{"background-color":"var(--ast-global-color-5)","background-image":"","background-repeat":"repeat","background-position":"center center","background-size":"auto","background-attachment":"scroll","background-type":"","background-media":"","overlay-type":"","overlay-color":"","overlay-opacity":"","overlay-gradient":""}},"ngg_post_thumbnail":0},"product_brand":[],"product_cat":[232],"product_tag":[335],"class_list":{"0":"post-11309","1":"product","2":"type-product","3":"status-publish","4":"has-post-thumbnail","6":"product_cat-betonova-dlazba","7":"product_tag-presbeton","8":"pa_dodavatelia-presbeton","9":"desktop-align-left","10":"tablet-align-left","11":"mobile-align-left","13":"first","14":"instock","15":"taxable","16":"shipping-taxable","17":"purchasable","18":"product-type-variable","19":"has-default-attributes"},"yoast_head":"<!-- This site is optimized with the Yoast SEO plugin v24.8.1 - https:\/\/yoast.com\/wordpress\/plugins\/seo\/ -->\n<title>H-profil | Krajn Exp<\/title>\n<meta name=\"robots\" content=\"index, follow, max-snippet:-1, max-image-preview:large, max-video-preview:-1\" \/>\n<link rel=\"canonical\" href=\"https:\/\/krajn.sk\/expo\/sortiment\/dlazba-a-terasove-platne\/betonova-dlazba\/h-profil\/\" \/>\n<meta property=\"og:locale\" content=\"sk_SK\" \/>\n<meta property=\"og:type\" content=\"article\" \/>\n<meta property=\"og:title\" content=\"H-profil | Krajn Exp\" \/>\n<meta property=\"og:description\" content=\"Klasick\u00e1 z\u00e1mkov\u00e1 dla\u017eba vhodn\u00e1 pro v\u0161echny typy zpevn\u011bn\u00fdch ploch, jak na ve\u0159ejn\u00fdch prostranstv\u00edch, tak v okol\u00ed rodinn\u00fdch dom\u016f.\" \/>\n<meta property=\"og:url\" content=\"https:\/\/krajn.sk\/expo\/sortiment\/dlazba-a-terasove-platne\/betonova-dlazba\/h-profil\/\" \/>\n<meta property=\"og:site_name\" content=\"Krajn Exp\" \/>\n<meta property=\"article:modified_time\" content=\"2023-01-14T21:41:06+00:00\" \/>\n<meta property=\"og:image\" content=\"https:\/\/krajn.sk\/expo\/wp-content\/uploads\/2021\/08\/h-profil-foto.jpg\" \/>\n\t<meta property=\"og:image:width\" content=\"1500\" \/>\n\t<meta property=\"og:image:height\" content=\"993\" \/>\n\t<meta property=\"og:image:type\" content=\"image\/jpeg\" \/>\n<meta name=\"twitter:card\" content=\"summary_large_image\" \/>\n<meta name=\"twitter:label1\" content=\"Predpokladan\u00fd \u010das \u010d\u00edtania\" \/>\n\t<meta name=\"twitter:data1\" content=\"2 min\u00faty\" \/>\n<script type=\"application\/ld+json\" class=\"yoast-schema-graph\">{\"@context\":\"https:\/\/schema.org\",\"@graph\":[{\"@type\":\"WebPage\",\"@id\":\"https:\/\/krajn.sk\/expo\/sortiment\/dlazba-a-terasove-platne\/betonova-dlazba\/h-profil\/\",\"url\":\"https:\/\/krajn.sk\/expo\/sortiment\/dlazba-a-terasove-platne\/betonova-dlazba\/h-profil\/\",\"name\":\"H-profil | Krajn Exp\",\"isPartOf\":{\"@id\":\"https:\/\/krajn.sk\/expo\/#website\"},\"primaryImageOfPage\":{\"@id\":\"https:\/\/krajn.sk\/expo\/sortiment\/dlazba-a-terasove-platne\/betonova-dlazba\/h-profil\/#primaryimage\"},\"image\":{\"@id\":\"https:\/\/krajn.sk\/expo\/sortiment\/dlazba-a-terasove-platne\/betonova-dlazba\/h-profil\/#primaryimage\"},\"thumbnailUrl\":\"https:\/\/krajn.sk\/expo\/wp-content\/uploads\/2021\/08\/h-profil-foto.jpg\",\"datePublished\":\"2021-08-19T13:39:11+00:00\",\"dateModified\":\"2023-01-14T21:41:06+00:00\",\"breadcrumb\":{\"@id\":\"https:\/\/krajn.sk\/expo\/sortiment\/dlazba-a-terasove-platne\/betonova-dlazba\/h-profil\/#breadcrumb\"},\"inLanguage\":\"sk-SK\",\"potentialAction\":[{\"@type\":\"ReadAction\",\"target\":[\"https:\/\/krajn.sk\/expo\/sortiment\/dlazba-a-terasove-platne\/betonova-dlazba\/h-profil\/\"]}]},{\"@type\":\"ImageObject\",\"inLanguage\":\"sk-SK\",\"@id\":\"https:\/\/krajn.sk\/expo\/sortiment\/dlazba-a-terasove-platne\/betonova-dlazba\/h-profil\/#primaryimage\",\"url\":\"https:\/\/krajn.sk\/expo\/wp-content\/uploads\/2021\/08\/h-profil-foto.jpg\",\"contentUrl\":\"https:\/\/krajn.sk\/expo\/wp-content\/uploads\/2021\/08\/h-profil-foto.jpg\",\"width\":1500,\"height\":993},{\"@type\":\"BreadcrumbList\",\"@id\":\"https:\/\/krajn.sk\/expo\/sortiment\/dlazba-a-terasove-platne\/betonova-dlazba\/h-profil\/#breadcrumb\",\"itemListElement\":[{\"@type\":\"ListItem\",\"position\":1,\"name\":\"Home\",\"item\":\"https:\/\/krajn.sk\/expo\/\"},{\"@type\":\"ListItem\",\"position\":2,\"name\":\"Produkty\",\"item\":\"https:\/\/krajn.sk\/expo\/sortiment\/\"},{\"@type\":\"ListItem\",\"position\":3,\"name\":\"H-profil\"}]},{\"@type\":\"WebSite\",\"@id\":\"https:\/\/krajn.sk\/expo\/#website\",\"url\":\"https:\/\/krajn.sk\/expo\/\",\"name\":\"Krajn Exp\",\"description\":\"Va\u0161e stavebniny na kraji Stupavy!\",\"publisher\":{\"@id\":\"https:\/\/krajn.sk\/expo\/#organization\"},\"potentialAction\":[{\"@type\":\"SearchAction\",\"target\":{\"@type\":\"EntryPoint\",\"urlTemplate\":\"https:\/\/krajn.sk\/expo\/?s={search_term_string}\"},\"query-input\":{\"@type\":\"PropertyValueSpecification\",\"valueRequired\":true,\"valueName\":\"search_term_string\"}}],\"inLanguage\":\"sk-SK\"},{\"@type\":\"Organization\",\"@id\":\"https:\/\/krajn.sk\/expo\/#organization\",\"name\":\"Krajn Expo\",\"url\":\"https:\/\/krajn.sk\/expo\/\",\"logo\":{\"@type\":\"ImageObject\",\"inLanguage\":\"sk-SK\",\"@id\":\"https:\/\/krajn.sk\/expo\/#\/schema\/logo\/image\/\",\"url\":\"https:\/\/krajn.sk\/expo\/wp-content\/uploads\/2020\/03\/logo_expo_transparent.png\",\"contentUrl\":\"https:\/\/krajn.sk\/expo\/wp-content\/uploads\/2020\/03\/logo_expo_transparent.png\",\"width\":91,\"height\":105,\"caption\":\"Krajn Expo\"},\"image\":{\"@id\":\"https:\/\/krajn.sk\/expo\/#\/schema\/logo\/image\/\"}}]}<\/script>\n<!-- \/ Yoast SEO plugin. -->","yoast_head_json":{"title":"H-profil | Krajn Exp","robots":{"index":"index","follow":"follow","max-snippet":"max-snippet:-1","max-image-preview":"max-image-preview:large","max-video-preview":"max-video-preview:-1"},"canonical":"https:\/\/krajn.sk\/expo\/sortiment\/dlazba-a-terasove-platne\/betonova-dlazba\/h-profil\/","og_locale":"sk_SK","og_type":"article","og_title":"H-profil | Krajn Exp","og_description":"Klasick\u00e1 z\u00e1mkov\u00e1 dla\u017eba vhodn\u00e1 pro v\u0161echny typy zpevn\u011bn\u00fdch ploch, jak na ve\u0159ejn\u00fdch prostranstv\u00edch, tak v okol\u00ed rodinn\u00fdch dom\u016f.","og_url":"https:\/\/krajn.sk\/expo\/sortiment\/dlazba-a-terasove-platne\/betonova-dlazba\/h-profil\/","og_site_name":"Krajn Exp","article_modified_time":"2023-01-14T21:41:06+00:00","og_image":[{"width":1500,"height":993,"url":"https:\/\/krajn.sk\/expo\/wp-content\/uploads\/2021\/08\/h-profil-foto.jpg","type":"image\/jpeg"}],"twitter_card":"summary_large_image","twitter_misc":{"Predpokladan\u00fd \u010das \u010d\u00edtania":"2 min\u00faty"},"schema":{"@context":"https:\/\/schema.org","@graph":[{"@type":"WebPage","@id":"https:\/\/krajn.sk\/expo\/sortiment\/dlazba-a-terasove-platne\/betonova-dlazba\/h-profil\/","url":"https:\/\/krajn.sk\/expo\/sortiment\/dlazba-a-terasove-platne\/betonova-dlazba\/h-profil\/","name":"H-profil | Krajn Exp","isPartOf":{"@id":"https:\/\/krajn.sk\/expo\/#website"},"primaryImageOfPage":{"@id":"https:\/\/krajn.sk\/expo\/sortiment\/dlazba-a-terasove-platne\/betonova-dlazba\/h-profil\/#primaryimage"},"image":{"@id":"https:\/\/krajn.sk\/expo\/sortiment\/dlazba-a-terasove-platne\/betonova-dlazba\/h-profil\/#primaryimage"},"thumbnailUrl":"https:\/\/krajn.sk\/expo\/wp-content\/uploads\/2021\/08\/h-profil-foto.jpg","datePublished":"2021-08-19T13:39:11+00:00","dateModified":"2023-01-14T21:41:06+00:00","breadcrumb":{"@id":"https:\/\/krajn.sk\/expo\/sortiment\/dlazba-a-terasove-platne\/betonova-dlazba\/h-profil\/#breadcrumb"},"inLanguage":"sk-SK","potentialAction":[{"@type":"ReadAction","target":["https:\/\/krajn.sk\/expo\/sortiment\/dlazba-a-terasove-platne\/betonova-dlazba\/h-profil\/"]}]},{"@type":"ImageObject","inLanguage":"sk-SK","@id":"https:\/\/krajn.sk\/expo\/sortiment\/dlazba-a-terasove-platne\/betonova-dlazba\/h-profil\/#primaryimage","url":"https:\/\/krajn.sk\/expo\/wp-content\/uploads\/2021\/08\/h-profil-foto.jpg","contentUrl":"https:\/\/krajn.sk\/expo\/wp-content\/uploads\/2021\/08\/h-profil-foto.jpg","width":1500,"height":993},{"@type":"BreadcrumbList","@id":"https:\/\/krajn.sk\/expo\/sortiment\/dlazba-a-terasove-platne\/betonova-dlazba\/h-profil\/#breadcrumb","itemListElement":[{"@type":"ListItem","position":1,"name":"Home","item":"https:\/\/krajn.sk\/expo\/"},{"@type":"ListItem","position":2,"name":"Produkty","item":"https:\/\/krajn.sk\/expo\/sortiment\/"},{"@type":"ListItem","position":3,"name":"H-profil"}]},{"@type":"WebSite","@id":"https:\/\/krajn.sk\/expo\/#website","url":"https:\/\/krajn.sk\/expo\/","name":"Krajn Exp","description":"Va\u0161e stavebniny na kraji Stupavy!","publisher":{"@id":"https:\/\/krajn.sk\/expo\/#organization"},"potentialAction":[{"@type":"SearchAction","target":{"@type":"EntryPoint","urlTemplate":"https:\/\/krajn.sk\/expo\/?s={search_term_string}"},"query-input":{"@type":"PropertyValueSpecification","valueRequired":true,"valueName":"search_term_string"}}],"inLanguage":"sk-SK"},{"@type":"Organization","@id":"https:\/\/krajn.sk\/expo\/#organization","name":"Krajn Expo","url":"https:\/\/krajn.sk\/expo\/","logo":{"@type":"ImageObject","inLanguage":"sk-SK","@id":"https:\/\/krajn.sk\/expo\/#\/schema\/logo\/image\/","url":"https:\/\/krajn.sk\/expo\/wp-content\/uploads\/2020\/03\/logo_expo_transparent.png","contentUrl":"https:\/\/krajn.sk\/expo\/wp-content\/uploads\/2020\/03\/logo_expo_transparent.png","width":91,"height":105,"caption":"Krajn Expo"},"image":{"@id":"https:\/\/krajn.sk\/expo\/#\/schema\/logo\/image\/"}}]}},"_links":{"self":[{"href":"https:\/\/krajn.sk\/expo\/wp-json\/wp\/v2\/product\/11309"}],"collection":[{"href":"https:\/\/krajn.sk\/expo\/wp-json\/wp\/v2\/product"}],"about":[{"href":"https:\/\/krajn.sk\/expo\/wp-json\/wp\/v2\/types\/product"}],"version-history":[{"count":0,"href":"https:\/\/krajn.sk\/expo\/wp-json\/wp\/v2\/product\/11309\/revisions"}],"wp:featuredmedia":[{"embeddable":true,"href":"https:\/\/krajn.sk\/expo\/wp-json\/wp\/v2\/media\/11311"}],"wp:attachment":[{"href":"https:\/\/krajn.sk\/expo\/wp-json\/wp\/v2\/media?parent=11309"}],"wp:term":[{"taxonomy":"product_brand","embeddable":true,"href":"https:\/\/krajn.sk\/expo\/wp-json\/wp\/v2\/product_brand?post=11309"},{"taxonomy":"product_cat","embeddable":true,"href":"https:\/\/krajn.sk\/expo\/wp-json\/wp\/v2\/product_cat?post=11309"},{"taxonomy":"product_tag","embeddable":true,"href":"https:\/\/krajn.sk\/expo\/wp-json\/wp\/v2\/product_tag?post=11309"}],"curies":[{"name":"wp","href":"https:\/\/api.w.org\/{rel}","templated":true}]}}