{"id":11884,"date":"2021-09-07T15:50:36","date_gmt":"2021-09-07T13:50:36","guid":{"rendered":"https:\/\/krajn.sk\/expo\/?post_type=product&#038;p=11884"},"modified":"2023-03-25T16:29:10","modified_gmt":"2023-03-25T15:29:10","slug":"obrubnik-parkovy-2","status":"publish","type":"product","link":"https:\/\/krajn.sk\/expo\/sortiment\/palisady-a-obrubniky\/obrubniky\/obrubnik-parkovy-2\/","title":{"rendered":"Obrubn\u00edk parkov\u00fd"},"content":{"rendered":"<p>Farebnos\u0165ou sa hod\u00ed prakticky takmer ku v\u0161etk\u00fdm typom dla\u017eieb na oddelenie od tr\u00e1vnat\u00fdch pl\u00f4ch alebo pl\u00f4ch vyhotoven\u00fdch z in\u00fdch typov dla\u017eieb, ako aj bet\u00f3nov\u00fdch, asfaltov\u00fdch \u010di \u0161trkov\u00fdch pl\u00f4ch.<\/p>\n<div class=\"single-product-column\">\n<div id=\"single-product-hightlights\" class=\"single-product-box\">\n<ul>\n<li>zv\u00fd\u0161en\u00e1 odolnos\u0165 a oderuvzdornos\u0165<\/li>\n<li>mrazuvzdornos\u0165 a odolnos\u0165 vo\u010di soliam<\/li>\n<li>odolnos\u0165 vo\u010di UV \u017eiareniu<\/li>\n<\/ul>\n<\/div>\n<\/div>\n<div class=\"single-product-column\">\n<div id=\"single-product-anwendung\" class=\"single-product-box\">\n<h4 class=\"fusion-responsive-typography-calculated\" data-fontsize=\"21\" data-lineheight=\"27.3px\">Pou\u017eitie<\/h4>\n<ul>\n<li>chodn\u00edky<\/li>\n<li>z\u00e1hrady<\/li>\n<li>dvory<\/li>\n<li>terasy<\/li>\n<li>zimn\u00e9 z\u00e1hrady a pod.<\/li>\n<\/ul>\n<h4>Form\u00e1ty<\/h4>\n<\/div>\n<\/div>\n<p><strong>100 x 20 x 5 cm <\/strong>(Farba: siv\u00e1, \u010derven\u00e1, hned\u00e1, pieskov\u00e1, \u010dierna)<\/p>\n<p><strong>100 x 25 x 5 cm <\/strong>(Farba: siv\u00e1, \u010derven\u00e1)<\/p>\n<p><strong>50 x 20 x 5 cm <\/strong>(Farba: siv\u00e1, \u010derven\u00e1)<\/p>\n","protected":false},"excerpt":{"rendered":"<p>Dnes u\u017e klasick\u00fd obrubn\u00edk sa neust\u00e1le te\u0161\u00ed ve\u013ekej ob\u013eube a m\u00e1 ve\u013emi \u0161irok\u00e9 uplatnenie pri v\u00fdstavbe s\u00fakromn\u00fdch, ako aj verejn\u00fdch pl\u00f4ch.&nbsp;<\/p>\n","protected":false},"featured_media":11889,"template":"","meta":{"inline_featured_image":false,"site-sidebar-layout":"default","site-content-layout":"","ast-site-content-layout":"","site-content-style":"default","site-sidebar-style":"default","ast-global-header-display":"","ast-banner-title-visibility":"","ast-main-header-display":"","ast-hfb-above-header-display":"","ast-hfb-below-header-display":"","ast-hfb-mobile-header-display":"","site-post-title":"","ast-breadcrumbs-content":"","ast-featured-img":"","footer-sml-layout":"","theme-transparent-header-meta":"","adv-header-id-meta":"","stick-header-meta":"","header-above-stick-meta":"","header-main-stick-meta":"","header-below-stick-meta":"","astra-migrate-meta-layouts":"default","ast-page-background-enabled":"default","ast-page-background-meta":{"desktop":{"background-color":"var(--ast-global-color-4)","background-image":"","background-repeat":"repeat","background-position":"center center","background-size":"auto","background-attachment":"scroll","background-type":"","background-media":"","overlay-type":"","overlay-color":"","overlay-opacity":"","overlay-gradient":""},"tablet":{"background-color":"","background-image":"","background-repeat":"repeat","background-position":"center center","background-size":"auto","background-attachment":"scroll","background-type":"","background-media":"","overlay-type":"","overlay-color":"","overlay-opacity":"","overlay-gradient":""},"mobile":{"background-color":"","background-image":"","background-repeat":"repeat","background-position":"center center","background-size":"auto","background-attachment":"scroll","background-type":"","background-media":"","overlay-type":"","overlay-color":"","overlay-opacity":"","overlay-gradient":""}},"ast-content-background-meta":{"desktop":{"background-color":"var(--ast-global-color-5)","background-image":"","background-repeat":"repeat","background-position":"center center","background-size":"auto","background-attachment":"scroll","background-type":"","background-media":"","overlay-type":"","overlay-color":"","overlay-opacity":"","overlay-gradient":""},"tablet":{"background-color":"var(--ast-global-color-5)","background-image":"","background-repeat":"repeat","background-position":"center center","background-size":"auto","background-attachment":"scroll","background-type":"","background-media":"","overlay-type":"","overlay-color":"","overlay-opacity":"","overlay-gradient":""},"mobile":{"background-color":"var(--ast-global-color-5)","background-image":"","background-repeat":"repeat","background-position":"center center","background-size":"auto","background-attachment":"scroll","background-type":"","background-media":"","overlay-type":"","overlay-color":"","overlay-opacity":"","overlay-gradient":""}},"ngg_post_thumbnail":0},"product_brand":[],"product_cat":[334],"product_tag":[347],"class_list":{"0":"post-11884","1":"product","2":"type-product","3":"status-publish","4":"has-post-thumbnail","6":"product_cat-obrubniky","7":"product_tag-semmelrock","8":"pa_dodavatelia-semmelrock","9":"desktop-align-left","10":"tablet-align-left","11":"mobile-align-left","13":"first","14":"instock","15":"taxable","16":"shipping-taxable","17":"purchasable","18":"product-type-variable","19":"has-default-attributes"},"yoast_head":"<!-- This site is optimized with the Yoast SEO plugin v24.8.1 - https:\/\/yoast.com\/wordpress\/plugins\/seo\/ -->\n<title>Obrubn\u00edk parkov\u00fd | Krajn Exp<\/title>\n<meta name=\"robots\" content=\"index, follow, max-snippet:-1, max-image-preview:large, max-video-preview:-1\" \/>\n<link rel=\"canonical\" href=\"https:\/\/krajn.sk\/expo\/sortiment\/palisady-a-obrubniky\/obrubniky\/obrubnik-parkovy-2\/\" \/>\n<meta property=\"og:locale\" content=\"sk_SK\" \/>\n<meta property=\"og:type\" content=\"article\" \/>\n<meta property=\"og:title\" content=\"Obrubn\u00edk parkov\u00fd | Krajn Exp\" \/>\n<meta property=\"og:description\" content=\"Dnes u\u017e klasick\u00fd obrubn\u00edk sa neust\u00e1le te\u0161\u00ed ve\u013ekej ob\u013eube a m\u00e1 ve\u013emi \u0161irok\u00e9 uplatnenie pri v\u00fdstavbe s\u00fakromn\u00fdch, ako aj verejn\u00fdch pl\u00f4ch.&nbsp;\" \/>\n<meta property=\"og:url\" content=\"https:\/\/krajn.sk\/expo\/sortiment\/palisady-a-obrubniky\/obrubniky\/obrubnik-parkovy-2\/\" \/>\n<meta property=\"og:site_name\" content=\"Krajn Exp\" \/>\n<meta property=\"article:modified_time\" content=\"2023-03-25T15:29:10+00:00\" \/>\n<meta property=\"og:image\" content=\"https:\/\/krajn.sk\/expo\/wp-content\/uploads\/2021\/09\/obrubnik-parkovy-foto.jpg\" \/>\n\t<meta property=\"og:image:width\" content=\"1200\" \/>\n\t<meta property=\"og:image:height\" content=\"675\" \/>\n\t<meta property=\"og:image:type\" content=\"image\/jpeg\" \/>\n<meta name=\"twitter:card\" content=\"summary_large_image\" \/>\n<meta name=\"twitter:label1\" content=\"Predpokladan\u00fd \u010das \u010d\u00edtania\" \/>\n\t<meta name=\"twitter:data1\" content=\"1 min\u00fata\" \/>\n<script type=\"application\/ld+json\" class=\"yoast-schema-graph\">{\"@context\":\"https:\/\/schema.org\",\"@graph\":[{\"@type\":\"WebPage\",\"@id\":\"https:\/\/krajn.sk\/expo\/sortiment\/palisady-a-obrubniky\/obrubniky\/obrubnik-parkovy-2\/\",\"url\":\"https:\/\/krajn.sk\/expo\/sortiment\/palisady-a-obrubniky\/obrubniky\/obrubnik-parkovy-2\/\",\"name\":\"Obrubn\u00edk parkov\u00fd | Krajn Exp\",\"isPartOf\":{\"@id\":\"https:\/\/krajn.sk\/expo\/#website\"},\"primaryImageOfPage\":{\"@id\":\"https:\/\/krajn.sk\/expo\/sortiment\/palisady-a-obrubniky\/obrubniky\/obrubnik-parkovy-2\/#primaryimage\"},\"image\":{\"@id\":\"https:\/\/krajn.sk\/expo\/sortiment\/palisady-a-obrubniky\/obrubniky\/obrubnik-parkovy-2\/#primaryimage\"},\"thumbnailUrl\":\"https:\/\/krajn.sk\/expo\/wp-content\/uploads\/2021\/09\/obrubnik-parkovy-foto.jpg\",\"datePublished\":\"2021-09-07T13:50:36+00:00\",\"dateModified\":\"2023-03-25T15:29:10+00:00\",\"breadcrumb\":{\"@id\":\"https:\/\/krajn.sk\/expo\/sortiment\/palisady-a-obrubniky\/obrubniky\/obrubnik-parkovy-2\/#breadcrumb\"},\"inLanguage\":\"sk-SK\",\"potentialAction\":[{\"@type\":\"ReadAction\",\"target\":[\"https:\/\/krajn.sk\/expo\/sortiment\/palisady-a-obrubniky\/obrubniky\/obrubnik-parkovy-2\/\"]}]},{\"@type\":\"ImageObject\",\"inLanguage\":\"sk-SK\",\"@id\":\"https:\/\/krajn.sk\/expo\/sortiment\/palisady-a-obrubniky\/obrubniky\/obrubnik-parkovy-2\/#primaryimage\",\"url\":\"https:\/\/krajn.sk\/expo\/wp-content\/uploads\/2021\/09\/obrubnik-parkovy-foto.jpg\",\"contentUrl\":\"https:\/\/krajn.sk\/expo\/wp-content\/uploads\/2021\/09\/obrubnik-parkovy-foto.jpg\",\"width\":1200,\"height\":675},{\"@type\":\"BreadcrumbList\",\"@id\":\"https:\/\/krajn.sk\/expo\/sortiment\/palisady-a-obrubniky\/obrubniky\/obrubnik-parkovy-2\/#breadcrumb\",\"itemListElement\":[{\"@type\":\"ListItem\",\"position\":1,\"name\":\"Home\",\"item\":\"https:\/\/krajn.sk\/expo\/\"},{\"@type\":\"ListItem\",\"position\":2,\"name\":\"Produkty\",\"item\":\"https:\/\/krajn.sk\/expo\/sortiment\/\"},{\"@type\":\"ListItem\",\"position\":3,\"name\":\"Obrubn\u00edk parkov\u00fd\"}]},{\"@type\":\"WebSite\",\"@id\":\"https:\/\/krajn.sk\/expo\/#website\",\"url\":\"https:\/\/krajn.sk\/expo\/\",\"name\":\"Krajn Exp\",\"description\":\"Va\u0161e stavebniny na kraji Stupavy!\",\"publisher\":{\"@id\":\"https:\/\/krajn.sk\/expo\/#organization\"},\"potentialAction\":[{\"@type\":\"SearchAction\",\"target\":{\"@type\":\"EntryPoint\",\"urlTemplate\":\"https:\/\/krajn.sk\/expo\/?s={search_term_string}\"},\"query-input\":{\"@type\":\"PropertyValueSpecification\",\"valueRequired\":true,\"valueName\":\"search_term_string\"}}],\"inLanguage\":\"sk-SK\"},{\"@type\":\"Organization\",\"@id\":\"https:\/\/krajn.sk\/expo\/#organization\",\"name\":\"Krajn Expo\",\"url\":\"https:\/\/krajn.sk\/expo\/\",\"logo\":{\"@type\":\"ImageObject\",\"inLanguage\":\"sk-SK\",\"@id\":\"https:\/\/krajn.sk\/expo\/#\/schema\/logo\/image\/\",\"url\":\"https:\/\/krajn.sk\/expo\/wp-content\/uploads\/2020\/03\/logo_expo_transparent.png\",\"contentUrl\":\"https:\/\/krajn.sk\/expo\/wp-content\/uploads\/2020\/03\/logo_expo_transparent.png\",\"width\":91,\"height\":105,\"caption\":\"Krajn Expo\"},\"image\":{\"@id\":\"https:\/\/krajn.sk\/expo\/#\/schema\/logo\/image\/\"}}]}<\/script>\n<!-- \/ Yoast SEO plugin. -->","yoast_head_json":{"title":"Obrubn\u00edk parkov\u00fd | Krajn Exp","robots":{"index":"index","follow":"follow","max-snippet":"max-snippet:-1","max-image-preview":"max-image-preview:large","max-video-preview":"max-video-preview:-1"},"canonical":"https:\/\/krajn.sk\/expo\/sortiment\/palisady-a-obrubniky\/obrubniky\/obrubnik-parkovy-2\/","og_locale":"sk_SK","og_type":"article","og_title":"Obrubn\u00edk parkov\u00fd | Krajn Exp","og_description":"Dnes u\u017e klasick\u00fd obrubn\u00edk sa neust\u00e1le te\u0161\u00ed ve\u013ekej ob\u013eube a m\u00e1 ve\u013emi \u0161irok\u00e9 uplatnenie pri v\u00fdstavbe s\u00fakromn\u00fdch, ako aj verejn\u00fdch pl\u00f4ch.&nbsp;","og_url":"https:\/\/krajn.sk\/expo\/sortiment\/palisady-a-obrubniky\/obrubniky\/obrubnik-parkovy-2\/","og_site_name":"Krajn Exp","article_modified_time":"2023-03-25T15:29:10+00:00","og_image":[{"width":1200,"height":675,"url":"https:\/\/krajn.sk\/expo\/wp-content\/uploads\/2021\/09\/obrubnik-parkovy-foto.jpg","type":"image\/jpeg"}],"twitter_card":"summary_large_image","twitter_misc":{"Predpokladan\u00fd \u010das \u010d\u00edtania":"1 min\u00fata"},"schema":{"@context":"https:\/\/schema.org","@graph":[{"@type":"WebPage","@id":"https:\/\/krajn.sk\/expo\/sortiment\/palisady-a-obrubniky\/obrubniky\/obrubnik-parkovy-2\/","url":"https:\/\/krajn.sk\/expo\/sortiment\/palisady-a-obrubniky\/obrubniky\/obrubnik-parkovy-2\/","name":"Obrubn\u00edk parkov\u00fd | Krajn Exp","isPartOf":{"@id":"https:\/\/krajn.sk\/expo\/#website"},"primaryImageOfPage":{"@id":"https:\/\/krajn.sk\/expo\/sortiment\/palisady-a-obrubniky\/obrubniky\/obrubnik-parkovy-2\/#primaryimage"},"image":{"@id":"https:\/\/krajn.sk\/expo\/sortiment\/palisady-a-obrubniky\/obrubniky\/obrubnik-parkovy-2\/#primaryimage"},"thumbnailUrl":"https:\/\/krajn.sk\/expo\/wp-content\/uploads\/2021\/09\/obrubnik-parkovy-foto.jpg","datePublished":"2021-09-07T13:50:36+00:00","dateModified":"2023-03-25T15:29:10+00:00","breadcrumb":{"@id":"https:\/\/krajn.sk\/expo\/sortiment\/palisady-a-obrubniky\/obrubniky\/obrubnik-parkovy-2\/#breadcrumb"},"inLanguage":"sk-SK","potentialAction":[{"@type":"ReadAction","target":["https:\/\/krajn.sk\/expo\/sortiment\/palisady-a-obrubniky\/obrubniky\/obrubnik-parkovy-2\/"]}]},{"@type":"ImageObject","inLanguage":"sk-SK","@id":"https:\/\/krajn.sk\/expo\/sortiment\/palisady-a-obrubniky\/obrubniky\/obrubnik-parkovy-2\/#primaryimage","url":"https:\/\/krajn.sk\/expo\/wp-content\/uploads\/2021\/09\/obrubnik-parkovy-foto.jpg","contentUrl":"https:\/\/krajn.sk\/expo\/wp-content\/uploads\/2021\/09\/obrubnik-parkovy-foto.jpg","width":1200,"height":675},{"@type":"BreadcrumbList","@id":"https:\/\/krajn.sk\/expo\/sortiment\/palisady-a-obrubniky\/obrubniky\/obrubnik-parkovy-2\/#breadcrumb","itemListElement":[{"@type":"ListItem","position":1,"name":"Home","item":"https:\/\/krajn.sk\/expo\/"},{"@type":"ListItem","position":2,"name":"Produkty","item":"https:\/\/krajn.sk\/expo\/sortiment\/"},{"@type":"ListItem","position":3,"name":"Obrubn\u00edk parkov\u00fd"}]},{"@type":"WebSite","@id":"https:\/\/krajn.sk\/expo\/#website","url":"https:\/\/krajn.sk\/expo\/","name":"Krajn Exp","description":"Va\u0161e stavebniny na kraji Stupavy!","publisher":{"@id":"https:\/\/krajn.sk\/expo\/#organization"},"potentialAction":[{"@type":"SearchAction","target":{"@type":"EntryPoint","urlTemplate":"https:\/\/krajn.sk\/expo\/?s={search_term_string}"},"query-input":{"@type":"PropertyValueSpecification","valueRequired":true,"valueName":"search_term_string"}}],"inLanguage":"sk-SK"},{"@type":"Organization","@id":"https:\/\/krajn.sk\/expo\/#organization","name":"Krajn Expo","url":"https:\/\/krajn.sk\/expo\/","logo":{"@type":"ImageObject","inLanguage":"sk-SK","@id":"https:\/\/krajn.sk\/expo\/#\/schema\/logo\/image\/","url":"https:\/\/krajn.sk\/expo\/wp-content\/uploads\/2020\/03\/logo_expo_transparent.png","contentUrl":"https:\/\/krajn.sk\/expo\/wp-content\/uploads\/2020\/03\/logo_expo_transparent.png","width":91,"height":105,"caption":"Krajn Expo"},"image":{"@id":"https:\/\/krajn.sk\/expo\/#\/schema\/logo\/image\/"}}]}},"_links":{"self":[{"href":"https:\/\/krajn.sk\/expo\/wp-json\/wp\/v2\/product\/11884"}],"collection":[{"href":"https:\/\/krajn.sk\/expo\/wp-json\/wp\/v2\/product"}],"about":[{"href":"https:\/\/krajn.sk\/expo\/wp-json\/wp\/v2\/types\/product"}],"version-history":[{"count":0,"href":"https:\/\/krajn.sk\/expo\/wp-json\/wp\/v2\/product\/11884\/revisions"}],"wp:featuredmedia":[{"embeddable":true,"href":"https:\/\/krajn.sk\/expo\/wp-json\/wp\/v2\/media\/11889"}],"wp:attachment":[{"href":"https:\/\/krajn.sk\/expo\/wp-json\/wp\/v2\/media?parent=11884"}],"wp:term":[{"taxonomy":"product_brand","embeddable":true,"href":"https:\/\/krajn.sk\/expo\/wp-json\/wp\/v2\/product_brand?post=11884"},{"taxonomy":"product_cat","embeddable":true,"href":"https:\/\/krajn.sk\/expo\/wp-json\/wp\/v2\/product_cat?post=11884"},{"taxonomy":"product_tag","embeddable":true,"href":"https:\/\/krajn.sk\/expo\/wp-json\/wp\/v2\/product_tag?post=11884"}],"curies":[{"name":"wp","href":"https:\/\/api.w.org\/{rel}","templated":true}]}}