{"id":12235,"date":"2022-01-31T00:07:26","date_gmt":"2022-01-30T23:07:26","guid":{"rendered":"https:\/\/krajn.sk\/expo\/?post_type=product&#038;p=12235"},"modified":"2023-03-23T22:51:20","modified_gmt":"2023-03-23T21:51:20","slug":"komposter","status":"publish","type":"product","link":"https:\/\/krajn.sk\/expo\/sortiment\/prvky-zahradnej-architektury\/komposter\/","title":{"rendered":"Kompost\u00e9r"},"content":{"rendered":"<p>Jeho v\u00fdhodou je jedine\u010dn\u00fd vypr\u00e1zd\u0148ovac\u00ed a mie\u0161ac\u00ed mechanizmus, samoregul\u00e1cia kl\u00edmy \u010di praktick\u00fd poklop, ktor\u00fd umo\u017e\u0148uje jednoduch\u00e9 dop\u013a\u0148anie. Poklop a dvierka zabra\u0148uj\u00fa pr\u00edstupu dom\u00e1cich zvierat a ne\u017eiad\u00facich \u0161kodcov. Uzavret\u00fd poklop tie\u017e minimalizuje rast buriny, ako aj riziko vysychania. Bet\u00f3nov\u00e9 platne Leier na dne &#8211; ako z\u00e1klad kompost\u00e9ru &#8211; u\u013eah\u010dia odoberanie zrel\u00e9ho humusu a zabr\u00e1nia vniknutiu my\u0161\u00ed. Kompost\u00e9r je vysoko odoln\u00fd, mrazuvzdorn\u00fd a dok\u00e1\u017ee automaticky odv\u00e1dza\u0165 vodu, v\u010faka \u010domu v\u00e1m nehroz\u00ed \u017eiadne zate\u010denie. Leier Durisol kompost\u00e9r je vhodn\u00fd na spracovanie kuchynsk\u00e9ho odpadu 6-\u010dlennej dom\u00e1cnosti alebo z\u00e1hradn\u00e9ho odpadu zo z\u00e1hrady s rozlohou 500 m2.<\/p>\n","protected":false},"excerpt":{"rendered":"<p>Kompost\u00e9r Durisol pon\u00faka ekologick\u00e9 rie\u0161enie, ktor\u00e9 v\u00e1m pom\u00f4\u017ee r\u00fdchlo a efekt\u00edvne zhodnoti\u0165 biologick\u00fd odpad z dom\u00e1cnosti alebo z\u00e1hrady.<\/p>\n","protected":false},"featured_media":12238,"template":"","meta":{"inline_featured_image":false,"site-sidebar-layout":"default","site-content-layout":"","ast-site-content-layout":"","site-content-style":"default","site-sidebar-style":"default","ast-global-header-display":"","ast-banner-title-visibility":"","ast-main-header-display":"","ast-hfb-above-header-display":"","ast-hfb-below-header-display":"","ast-hfb-mobile-header-display":"","site-post-title":"","ast-breadcrumbs-content":"","ast-featured-img":"","footer-sml-layout":"","theme-transparent-header-meta":"","adv-header-id-meta":"","stick-header-meta":"","header-above-stick-meta":"","header-main-stick-meta":"","header-below-stick-meta":"","astra-migrate-meta-layouts":"default","ast-page-background-enabled":"default","ast-page-background-meta":{"desktop":{"background-color":"var(--ast-global-color-4)","background-image":"","background-repeat":"repeat","background-position":"center center","background-size":"auto","background-attachment":"scroll","background-type":"","background-media":"","overlay-type":"","overlay-color":"","overlay-opacity":"","overlay-gradient":""},"tablet":{"background-color":"","background-image":"","background-repeat":"repeat","background-position":"center center","background-size":"auto","background-attachment":"scroll","background-type":"","background-media":"","overlay-type":"","overlay-color":"","overlay-opacity":"","overlay-gradient":""},"mobile":{"background-color":"","background-image":"","background-repeat":"repeat","background-position":"center center","background-size":"auto","background-attachment":"scroll","background-type":"","background-media":"","overlay-type":"","overlay-color":"","overlay-opacity":"","overlay-gradient":""}},"ast-content-background-meta":{"desktop":{"background-color":"var(--ast-global-color-5)","background-image":"","background-repeat":"repeat","background-position":"center center","background-size":"auto","background-attachment":"scroll","background-type":"","background-media":"","overlay-type":"","overlay-color":"","overlay-opacity":"","overlay-gradient":""},"tablet":{"background-color":"var(--ast-global-color-5)","background-image":"","background-repeat":"repeat","background-position":"center center","background-size":"auto","background-attachment":"scroll","background-type":"","background-media":"","overlay-type":"","overlay-color":"","overlay-opacity":"","overlay-gradient":""},"mobile":{"background-color":"var(--ast-global-color-5)","background-image":"","background-repeat":"repeat","background-position":"center center","background-size":"auto","background-attachment":"scroll","background-type":"","background-media":"","overlay-type":"","overlay-color":"","overlay-opacity":"","overlay-gradient":""}},"ngg_post_thumbnail":0},"product_brand":[],"product_cat":[207],"product_tag":[341],"class_list":{"0":"post-12235","1":"product","2":"type-product","3":"status-publish","4":"has-post-thumbnail","6":"product_cat-prvky-zahradnej-architektury","7":"product_tag-leier","8":"pa_dodavatelia-leier","9":"desktop-align-left","10":"tablet-align-left","11":"mobile-align-left","13":"first","14":"instock","15":"taxable","16":"shipping-taxable","17":"purchasable","18":"product-type-variable","19":"has-default-attributes"},"yoast_head":"<!-- This site is optimized with the Yoast SEO plugin v24.8.1 - https:\/\/yoast.com\/wordpress\/plugins\/seo\/ -->\n<title>Kompost\u00e9r | Krajn Exp<\/title>\n<meta name=\"robots\" content=\"index, follow, max-snippet:-1, max-image-preview:large, max-video-preview:-1\" \/>\n<link rel=\"canonical\" href=\"https:\/\/krajn.sk\/expo\/sortiment\/prvky-zahradnej-architektury\/komposter\/\" \/>\n<meta property=\"og:locale\" content=\"sk_SK\" \/>\n<meta property=\"og:type\" content=\"article\" \/>\n<meta property=\"og:title\" content=\"Kompost\u00e9r | Krajn Exp\" \/>\n<meta property=\"og:description\" content=\"Kompost\u00e9r Durisol pon\u00faka ekologick\u00e9 rie\u0161enie, ktor\u00e9 v\u00e1m pom\u00f4\u017ee r\u00fdchlo a efekt\u00edvne zhodnoti\u0165 biologick\u00fd odpad z dom\u00e1cnosti alebo z\u00e1hrady.\" \/>\n<meta property=\"og:url\" content=\"https:\/\/krajn.sk\/expo\/sortiment\/prvky-zahradnej-architektury\/komposter\/\" \/>\n<meta property=\"og:site_name\" content=\"Krajn Exp\" \/>\n<meta property=\"article:modified_time\" content=\"2023-03-23T21:51:20+00:00\" \/>\n<meta property=\"og:image\" content=\"https:\/\/krajn.sk\/expo\/wp-content\/uploads\/2022\/01\/durisol-komposter.jpg\" \/>\n\t<meta property=\"og:image:width\" content=\"857\" \/>\n\t<meta property=\"og:image:height\" content=\"600\" \/>\n\t<meta property=\"og:image:type\" content=\"image\/jpeg\" \/>\n<meta name=\"twitter:card\" content=\"summary_large_image\" \/>\n<meta name=\"twitter:label1\" content=\"Predpokladan\u00fd \u010das \u010d\u00edtania\" \/>\n\t<meta name=\"twitter:data1\" content=\"1 min\u00fata\" \/>\n<script type=\"application\/ld+json\" class=\"yoast-schema-graph\">{\"@context\":\"https:\/\/schema.org\",\"@graph\":[{\"@type\":\"WebPage\",\"@id\":\"https:\/\/krajn.sk\/expo\/sortiment\/prvky-zahradnej-architektury\/komposter\/\",\"url\":\"https:\/\/krajn.sk\/expo\/sortiment\/prvky-zahradnej-architektury\/komposter\/\",\"name\":\"Kompost\u00e9r | Krajn Exp\",\"isPartOf\":{\"@id\":\"https:\/\/krajn.sk\/expo\/#website\"},\"primaryImageOfPage\":{\"@id\":\"https:\/\/krajn.sk\/expo\/sortiment\/prvky-zahradnej-architektury\/komposter\/#primaryimage\"},\"image\":{\"@id\":\"https:\/\/krajn.sk\/expo\/sortiment\/prvky-zahradnej-architektury\/komposter\/#primaryimage\"},\"thumbnailUrl\":\"https:\/\/krajn.sk\/expo\/wp-content\/uploads\/2022\/01\/durisol-komposter.jpg\",\"datePublished\":\"2022-01-30T23:07:26+00:00\",\"dateModified\":\"2023-03-23T21:51:20+00:00\",\"breadcrumb\":{\"@id\":\"https:\/\/krajn.sk\/expo\/sortiment\/prvky-zahradnej-architektury\/komposter\/#breadcrumb\"},\"inLanguage\":\"sk-SK\",\"potentialAction\":[{\"@type\":\"ReadAction\",\"target\":[\"https:\/\/krajn.sk\/expo\/sortiment\/prvky-zahradnej-architektury\/komposter\/\"]}]},{\"@type\":\"ImageObject\",\"inLanguage\":\"sk-SK\",\"@id\":\"https:\/\/krajn.sk\/expo\/sortiment\/prvky-zahradnej-architektury\/komposter\/#primaryimage\",\"url\":\"https:\/\/krajn.sk\/expo\/wp-content\/uploads\/2022\/01\/durisol-komposter.jpg\",\"contentUrl\":\"https:\/\/krajn.sk\/expo\/wp-content\/uploads\/2022\/01\/durisol-komposter.jpg\",\"width\":857,\"height\":600},{\"@type\":\"BreadcrumbList\",\"@id\":\"https:\/\/krajn.sk\/expo\/sortiment\/prvky-zahradnej-architektury\/komposter\/#breadcrumb\",\"itemListElement\":[{\"@type\":\"ListItem\",\"position\":1,\"name\":\"Home\",\"item\":\"https:\/\/krajn.sk\/expo\/\"},{\"@type\":\"ListItem\",\"position\":2,\"name\":\"Produkty\",\"item\":\"https:\/\/krajn.sk\/expo\/sortiment\/\"},{\"@type\":\"ListItem\",\"position\":3,\"name\":\"Kompost\u00e9r\"}]},{\"@type\":\"WebSite\",\"@id\":\"https:\/\/krajn.sk\/expo\/#website\",\"url\":\"https:\/\/krajn.sk\/expo\/\",\"name\":\"Krajn Exp\",\"description\":\"Va\u0161e stavebniny na kraji Stupavy!\",\"publisher\":{\"@id\":\"https:\/\/krajn.sk\/expo\/#organization\"},\"potentialAction\":[{\"@type\":\"SearchAction\",\"target\":{\"@type\":\"EntryPoint\",\"urlTemplate\":\"https:\/\/krajn.sk\/expo\/?s={search_term_string}\"},\"query-input\":{\"@type\":\"PropertyValueSpecification\",\"valueRequired\":true,\"valueName\":\"search_term_string\"}}],\"inLanguage\":\"sk-SK\"},{\"@type\":\"Organization\",\"@id\":\"https:\/\/krajn.sk\/expo\/#organization\",\"name\":\"Krajn Expo\",\"url\":\"https:\/\/krajn.sk\/expo\/\",\"logo\":{\"@type\":\"ImageObject\",\"inLanguage\":\"sk-SK\",\"@id\":\"https:\/\/krajn.sk\/expo\/#\/schema\/logo\/image\/\",\"url\":\"https:\/\/krajn.sk\/expo\/wp-content\/uploads\/2020\/03\/logo_expo_transparent.png\",\"contentUrl\":\"https:\/\/krajn.sk\/expo\/wp-content\/uploads\/2020\/03\/logo_expo_transparent.png\",\"width\":91,\"height\":105,\"caption\":\"Krajn Expo\"},\"image\":{\"@id\":\"https:\/\/krajn.sk\/expo\/#\/schema\/logo\/image\/\"}}]}<\/script>\n<!-- \/ Yoast SEO plugin. -->","yoast_head_json":{"title":"Kompost\u00e9r | Krajn Exp","robots":{"index":"index","follow":"follow","max-snippet":"max-snippet:-1","max-image-preview":"max-image-preview:large","max-video-preview":"max-video-preview:-1"},"canonical":"https:\/\/krajn.sk\/expo\/sortiment\/prvky-zahradnej-architektury\/komposter\/","og_locale":"sk_SK","og_type":"article","og_title":"Kompost\u00e9r | Krajn Exp","og_description":"Kompost\u00e9r Durisol pon\u00faka ekologick\u00e9 rie\u0161enie, ktor\u00e9 v\u00e1m pom\u00f4\u017ee r\u00fdchlo a efekt\u00edvne zhodnoti\u0165 biologick\u00fd odpad z dom\u00e1cnosti alebo z\u00e1hrady.","og_url":"https:\/\/krajn.sk\/expo\/sortiment\/prvky-zahradnej-architektury\/komposter\/","og_site_name":"Krajn Exp","article_modified_time":"2023-03-23T21:51:20+00:00","og_image":[{"width":857,"height":600,"url":"https:\/\/krajn.sk\/expo\/wp-content\/uploads\/2022\/01\/durisol-komposter.jpg","type":"image\/jpeg"}],"twitter_card":"summary_large_image","twitter_misc":{"Predpokladan\u00fd \u010das \u010d\u00edtania":"1 min\u00fata"},"schema":{"@context":"https:\/\/schema.org","@graph":[{"@type":"WebPage","@id":"https:\/\/krajn.sk\/expo\/sortiment\/prvky-zahradnej-architektury\/komposter\/","url":"https:\/\/krajn.sk\/expo\/sortiment\/prvky-zahradnej-architektury\/komposter\/","name":"Kompost\u00e9r | Krajn Exp","isPartOf":{"@id":"https:\/\/krajn.sk\/expo\/#website"},"primaryImageOfPage":{"@id":"https:\/\/krajn.sk\/expo\/sortiment\/prvky-zahradnej-architektury\/komposter\/#primaryimage"},"image":{"@id":"https:\/\/krajn.sk\/expo\/sortiment\/prvky-zahradnej-architektury\/komposter\/#primaryimage"},"thumbnailUrl":"https:\/\/krajn.sk\/expo\/wp-content\/uploads\/2022\/01\/durisol-komposter.jpg","datePublished":"2022-01-30T23:07:26+00:00","dateModified":"2023-03-23T21:51:20+00:00","breadcrumb":{"@id":"https:\/\/krajn.sk\/expo\/sortiment\/prvky-zahradnej-architektury\/komposter\/#breadcrumb"},"inLanguage":"sk-SK","potentialAction":[{"@type":"ReadAction","target":["https:\/\/krajn.sk\/expo\/sortiment\/prvky-zahradnej-architektury\/komposter\/"]}]},{"@type":"ImageObject","inLanguage":"sk-SK","@id":"https:\/\/krajn.sk\/expo\/sortiment\/prvky-zahradnej-architektury\/komposter\/#primaryimage","url":"https:\/\/krajn.sk\/expo\/wp-content\/uploads\/2022\/01\/durisol-komposter.jpg","contentUrl":"https:\/\/krajn.sk\/expo\/wp-content\/uploads\/2022\/01\/durisol-komposter.jpg","width":857,"height":600},{"@type":"BreadcrumbList","@id":"https:\/\/krajn.sk\/expo\/sortiment\/prvky-zahradnej-architektury\/komposter\/#breadcrumb","itemListElement":[{"@type":"ListItem","position":1,"name":"Home","item":"https:\/\/krajn.sk\/expo\/"},{"@type":"ListItem","position":2,"name":"Produkty","item":"https:\/\/krajn.sk\/expo\/sortiment\/"},{"@type":"ListItem","position":3,"name":"Kompost\u00e9r"}]},{"@type":"WebSite","@id":"https:\/\/krajn.sk\/expo\/#website","url":"https:\/\/krajn.sk\/expo\/","name":"Krajn Exp","description":"Va\u0161e stavebniny na kraji Stupavy!","publisher":{"@id":"https:\/\/krajn.sk\/expo\/#organization"},"potentialAction":[{"@type":"SearchAction","target":{"@type":"EntryPoint","urlTemplate":"https:\/\/krajn.sk\/expo\/?s={search_term_string}"},"query-input":{"@type":"PropertyValueSpecification","valueRequired":true,"valueName":"search_term_string"}}],"inLanguage":"sk-SK"},{"@type":"Organization","@id":"https:\/\/krajn.sk\/expo\/#organization","name":"Krajn Expo","url":"https:\/\/krajn.sk\/expo\/","logo":{"@type":"ImageObject","inLanguage":"sk-SK","@id":"https:\/\/krajn.sk\/expo\/#\/schema\/logo\/image\/","url":"https:\/\/krajn.sk\/expo\/wp-content\/uploads\/2020\/03\/logo_expo_transparent.png","contentUrl":"https:\/\/krajn.sk\/expo\/wp-content\/uploads\/2020\/03\/logo_expo_transparent.png","width":91,"height":105,"caption":"Krajn Expo"},"image":{"@id":"https:\/\/krajn.sk\/expo\/#\/schema\/logo\/image\/"}}]}},"_links":{"self":[{"href":"https:\/\/krajn.sk\/expo\/wp-json\/wp\/v2\/product\/12235"}],"collection":[{"href":"https:\/\/krajn.sk\/expo\/wp-json\/wp\/v2\/product"}],"about":[{"href":"https:\/\/krajn.sk\/expo\/wp-json\/wp\/v2\/types\/product"}],"version-history":[{"count":0,"href":"https:\/\/krajn.sk\/expo\/wp-json\/wp\/v2\/product\/12235\/revisions"}],"wp:featuredmedia":[{"embeddable":true,"href":"https:\/\/krajn.sk\/expo\/wp-json\/wp\/v2\/media\/12238"}],"wp:attachment":[{"href":"https:\/\/krajn.sk\/expo\/wp-json\/wp\/v2\/media?parent=12235"}],"wp:term":[{"taxonomy":"product_brand","embeddable":true,"href":"https:\/\/krajn.sk\/expo\/wp-json\/wp\/v2\/product_brand?post=12235"},{"taxonomy":"product_cat","embeddable":true,"href":"https:\/\/krajn.sk\/expo\/wp-json\/wp\/v2\/product_cat?post=12235"},{"taxonomy":"product_tag","embeddable":true,"href":"https:\/\/krajn.sk\/expo\/wp-json\/wp\/v2\/product_tag?post=12235"}],"curies":[{"name":"wp","href":"https:\/\/api.w.org\/{rel}","templated":true}]}}