{"id":12353,"date":"2022-04-10T20:54:47","date_gmt":"2022-04-10T18:54:47","guid":{"rendered":"https:\/\/krajn.sk\/expo\/?post_type=product&#038;p=12353"},"modified":"2022-04-10T20:54:52","modified_gmt":"2022-04-10T18:54:52","slug":"sada-na-oblozenie-rohu-beton-mystery","status":"publish","type":"product","link":"https:\/\/krajn.sk\/expo\/sortiment\/bazenove-lemy\/sada-na-oblozenie-rohu-beton-mystery\/","title":{"rendered":"Sada na oblo\u017eenie rohu Bet\u00f3n Mystery"},"content":{"rendered":"<p>Sadou t\u0159\u00ed kus\u016f tvarovan\u00fdch dla\u017edic je mo\u017en\u00e9 vyrovnat vn\u011bj\u0161\u00ed zaoblen\u00fd roh za baz\u00e9nov\u00fdm lemem do prav\u00e9ho \u00fahlu. Potom je mo\u017en\u00e9 plynule pokra\u010dovat v pokl\u00e1dce okoln\u00ed \u010dtvercov\u00e9&nbsp; dla\u017eby bez pot\u0159eby pracn\u00e9ho za\u0159ez\u00e1v\u00e1n\u00ed.<\/p>\n<p>Sada dla\u017edic je vyr\u00e1b\u011bna ve stejn\u00e9 tlou\u0161\u0165ce, struktu\u0159e povrchu, a barevn\u00e9m proveden\u00ed jako baz\u00e9nov\u00e9 lemy a okoln\u00ed \u010dtvercov\u00e1 dla\u017eba.<\/p>\n<p>Obsah baleni \u2013 sada 3ks tvarovan\u00fdch dla\u017edic<\/p>\n<p>Vydatnost balen\u00ed \u2013 k oblo\u017een\u00ed jednoho rohu baz\u00e9nu (R50 cm)<\/p>\n<p>&nbsp;<\/p>\n<p>Sadu je mo\u017en\u00e9 kombinova\u0165 so v\u0161etk\u00fdmi produktami <a href=\"https:\/\/krajn.sk\/expo\/system\/beton-mystery\/\">Bet\u00f3n Mystery<\/a>.<\/p>\n<p>K produktu m\u00f4\u017ee by\u0165 \u00fa\u010dtovan\u00fd poplatok za palety a balenie paliet.<\/p>\n<p>&nbsp;<\/p>\n<h2>Farby<\/h2>\n<p><a href=\"https:\/\/krajn.sk\/expo\/wp-content\/uploads\/2022\/04\/beton-mystery-farby.png\"><img fetchpriority=\"high\" decoding=\"async\" class=\" wp-image-12334 alignnone\" src=\"https:\/\/krajn.sk\/expo\/wp-content\/uploads\/2022\/04\/beton-mystery-farby-300x123.png\" alt=\"\" width=\"632\" height=\"259\" srcset=\"https:\/\/krajn.sk\/expo\/wp-content\/uploads\/2022\/04\/beton-mystery-farby-300x123.png 300w, https:\/\/krajn.sk\/expo\/wp-content\/uploads\/2022\/04\/beton-mystery-farby-1024x419.png 1024w, https:\/\/krajn.sk\/expo\/wp-content\/uploads\/2022\/04\/beton-mystery-farby-768x314.png 768w, https:\/\/krajn.sk\/expo\/wp-content\/uploads\/2022\/04\/beton-mystery-farby-600x245.png 600w, https:\/\/krajn.sk\/expo\/wp-content\/uploads\/2022\/04\/beton-mystery-farby.png 1457w\" sizes=\"(max-width: 632px) 100vw, 632px\" \/><\/a><\/p>\n","protected":false},"excerpt":{"rendered":"<p>Sada baz\u00e9nov\u00e9 dla\u017eby z vibrovan\u00e9ho betonu Mystery slou\u017e\u00ed k oblo\u017een\u00ed okoln\u00edho prostoru za baz\u00e9nov\u00fdmi lemy, roh\u016f s r\u00e1diusem R50 cm.<\/p>\n","protected":false},"featured_media":12355,"template":"","meta":{"inline_featured_image":false,"site-sidebar-layout":"default","site-content-layout":"","ast-site-content-layout":"","site-content-style":"default","site-sidebar-style":"default","ast-global-header-display":"","ast-banner-title-visibility":"","ast-main-header-display":"","ast-hfb-above-header-display":"","ast-hfb-below-header-display":"","ast-hfb-mobile-header-display":"","site-post-title":"","ast-breadcrumbs-content":"","ast-featured-img":"","footer-sml-layout":"","theme-transparent-header-meta":"","adv-header-id-meta":"","stick-header-meta":"","header-above-stick-meta":"","header-main-stick-meta":"","header-below-stick-meta":"","astra-migrate-meta-layouts":"default","ast-page-background-enabled":"default","ast-page-background-meta":{"desktop":{"background-color":"var(--ast-global-color-4)","background-image":"","background-repeat":"repeat","background-position":"center center","background-size":"auto","background-attachment":"scroll","background-type":"","background-media":"","overlay-type":"","overlay-color":"","overlay-opacity":"","overlay-gradient":""},"tablet":{"background-color":"","background-image":"","background-repeat":"repeat","background-position":"center center","background-size":"auto","background-attachment":"scroll","background-type":"","background-media":"","overlay-type":"","overlay-color":"","overlay-opacity":"","overlay-gradient":""},"mobile":{"background-color":"","background-image":"","background-repeat":"repeat","background-position":"center center","background-size":"auto","background-attachment":"scroll","background-type":"","background-media":"","overlay-type":"","overlay-color":"","overlay-opacity":"","overlay-gradient":""}},"ast-content-background-meta":{"desktop":{"background-color":"var(--ast-global-color-5)","background-image":"","background-repeat":"repeat","background-position":"center center","background-size":"auto","background-attachment":"scroll","background-type":"","background-media":"","overlay-type":"","overlay-color":"","overlay-opacity":"","overlay-gradient":""},"tablet":{"background-color":"var(--ast-global-color-5)","background-image":"","background-repeat":"repeat","background-position":"center center","background-size":"auto","background-attachment":"scroll","background-type":"","background-media":"","overlay-type":"","overlay-color":"","overlay-opacity":"","overlay-gradient":""},"mobile":{"background-color":"var(--ast-global-color-5)","background-image":"","background-repeat":"repeat","background-position":"center center","background-size":"auto","background-attachment":"scroll","background-type":"","background-media":"","overlay-type":"","overlay-color":"","overlay-opacity":"","overlay-gradient":""}},"ngg_post_thumbnail":0},"product_brand":[],"product_cat":[1798],"product_tag":[2202],"class_list":{"0":"post-12353","1":"product","2":"type-product","3":"status-publish","4":"has-post-thumbnail","6":"product_cat-bazenove-lemy","7":"product_tag-pavax","8":"pa_dodavatelia-pavax","9":"pa_system-beton-mystery","10":"desktop-align-left","11":"tablet-align-left","12":"mobile-align-left","14":"first","15":"instock","16":"taxable","17":"shipping-taxable","18":"purchasable","19":"product-type-variable","20":"has-default-attributes"},"yoast_head":"<!-- This site is optimized with the Yoast SEO plugin v24.8.1 - https:\/\/yoast.com\/wordpress\/plugins\/seo\/ -->\n<title>Sada na oblo\u017eenie rohu Bet\u00f3n Mystery | Krajn Exp<\/title>\n<meta name=\"robots\" content=\"index, follow, max-snippet:-1, max-image-preview:large, max-video-preview:-1\" \/>\n<link rel=\"canonical\" href=\"https:\/\/krajn.sk\/expo\/sortiment\/bazenove-lemy\/sada-na-oblozenie-rohu-beton-mystery\/\" \/>\n<meta property=\"og:locale\" content=\"sk_SK\" \/>\n<meta property=\"og:type\" content=\"article\" \/>\n<meta property=\"og:title\" content=\"Sada na oblo\u017eenie rohu Bet\u00f3n Mystery | Krajn Exp\" \/>\n<meta property=\"og:description\" content=\"Sada baz\u00e9nov\u00e9 dla\u017eby z vibrovan\u00e9ho betonu Mystery slou\u017e\u00ed k oblo\u017een\u00ed okoln\u00edho prostoru za baz\u00e9nov\u00fdmi lemy, roh\u016f s r\u00e1diusem R50 cm.\" \/>\n<meta property=\"og:url\" content=\"https:\/\/krajn.sk\/expo\/sortiment\/bazenove-lemy\/sada-na-oblozenie-rohu-beton-mystery\/\" \/>\n<meta property=\"og:site_name\" content=\"Krajn Exp\" \/>\n<meta property=\"article:modified_time\" content=\"2022-04-10T18:54:52+00:00\" \/>\n<meta property=\"og:image\" content=\"https:\/\/krajn.sk\/expo\/wp-content\/uploads\/2022\/04\/sada-k-oblozeniu-roku-beton-mystery.jpg\" \/>\n\t<meta property=\"og:image:width\" content=\"2560\" \/>\n\t<meta property=\"og:image:height\" content=\"2066\" \/>\n\t<meta property=\"og:image:type\" content=\"image\/jpeg\" \/>\n<meta name=\"twitter:card\" content=\"summary_large_image\" \/>\n<meta name=\"twitter:label1\" content=\"Predpokladan\u00fd \u010das \u010d\u00edtania\" \/>\n\t<meta name=\"twitter:data1\" content=\"1 min\u00fata\" \/>\n<script type=\"application\/ld+json\" class=\"yoast-schema-graph\">{\"@context\":\"https:\/\/schema.org\",\"@graph\":[{\"@type\":\"WebPage\",\"@id\":\"https:\/\/krajn.sk\/expo\/sortiment\/bazenove-lemy\/sada-na-oblozenie-rohu-beton-mystery\/\",\"url\":\"https:\/\/krajn.sk\/expo\/sortiment\/bazenove-lemy\/sada-na-oblozenie-rohu-beton-mystery\/\",\"name\":\"Sada na oblo\u017eenie rohu Bet\u00f3n Mystery | Krajn Exp\",\"isPartOf\":{\"@id\":\"https:\/\/krajn.sk\/expo\/#website\"},\"primaryImageOfPage\":{\"@id\":\"https:\/\/krajn.sk\/expo\/sortiment\/bazenove-lemy\/sada-na-oblozenie-rohu-beton-mystery\/#primaryimage\"},\"image\":{\"@id\":\"https:\/\/krajn.sk\/expo\/sortiment\/bazenove-lemy\/sada-na-oblozenie-rohu-beton-mystery\/#primaryimage\"},\"thumbnailUrl\":\"https:\/\/krajn.sk\/expo\/wp-content\/uploads\/2022\/04\/sada-k-oblozeniu-roku-beton-mystery.jpg\",\"datePublished\":\"2022-04-10T18:54:47+00:00\",\"dateModified\":\"2022-04-10T18:54:52+00:00\",\"breadcrumb\":{\"@id\":\"https:\/\/krajn.sk\/expo\/sortiment\/bazenove-lemy\/sada-na-oblozenie-rohu-beton-mystery\/#breadcrumb\"},\"inLanguage\":\"sk-SK\",\"potentialAction\":[{\"@type\":\"ReadAction\",\"target\":[\"https:\/\/krajn.sk\/expo\/sortiment\/bazenove-lemy\/sada-na-oblozenie-rohu-beton-mystery\/\"]}]},{\"@type\":\"ImageObject\",\"inLanguage\":\"sk-SK\",\"@id\":\"https:\/\/krajn.sk\/expo\/sortiment\/bazenove-lemy\/sada-na-oblozenie-rohu-beton-mystery\/#primaryimage\",\"url\":\"https:\/\/krajn.sk\/expo\/wp-content\/uploads\/2022\/04\/sada-k-oblozeniu-roku-beton-mystery.jpg\",\"contentUrl\":\"https:\/\/krajn.sk\/expo\/wp-content\/uploads\/2022\/04\/sada-k-oblozeniu-roku-beton-mystery.jpg\",\"width\":2560,\"height\":2066},{\"@type\":\"BreadcrumbList\",\"@id\":\"https:\/\/krajn.sk\/expo\/sortiment\/bazenove-lemy\/sada-na-oblozenie-rohu-beton-mystery\/#breadcrumb\",\"itemListElement\":[{\"@type\":\"ListItem\",\"position\":1,\"name\":\"Home\",\"item\":\"https:\/\/krajn.sk\/expo\/\"},{\"@type\":\"ListItem\",\"position\":2,\"name\":\"Produkty\",\"item\":\"https:\/\/krajn.sk\/expo\/sortiment\/\"},{\"@type\":\"ListItem\",\"position\":3,\"name\":\"Sada na oblo\u017eenie rohu Bet\u00f3n Mystery\"}]},{\"@type\":\"WebSite\",\"@id\":\"https:\/\/krajn.sk\/expo\/#website\",\"url\":\"https:\/\/krajn.sk\/expo\/\",\"name\":\"Krajn Exp\",\"description\":\"Va\u0161e stavebniny na kraji Stupavy!\",\"publisher\":{\"@id\":\"https:\/\/krajn.sk\/expo\/#organization\"},\"potentialAction\":[{\"@type\":\"SearchAction\",\"target\":{\"@type\":\"EntryPoint\",\"urlTemplate\":\"https:\/\/krajn.sk\/expo\/?s={search_term_string}\"},\"query-input\":{\"@type\":\"PropertyValueSpecification\",\"valueRequired\":true,\"valueName\":\"search_term_string\"}}],\"inLanguage\":\"sk-SK\"},{\"@type\":\"Organization\",\"@id\":\"https:\/\/krajn.sk\/expo\/#organization\",\"name\":\"Krajn Expo\",\"url\":\"https:\/\/krajn.sk\/expo\/\",\"logo\":{\"@type\":\"ImageObject\",\"inLanguage\":\"sk-SK\",\"@id\":\"https:\/\/krajn.sk\/expo\/#\/schema\/logo\/image\/\",\"url\":\"https:\/\/krajn.sk\/expo\/wp-content\/uploads\/2020\/03\/logo_expo_transparent.png\",\"contentUrl\":\"https:\/\/krajn.sk\/expo\/wp-content\/uploads\/2020\/03\/logo_expo_transparent.png\",\"width\":91,\"height\":105,\"caption\":\"Krajn Expo\"},\"image\":{\"@id\":\"https:\/\/krajn.sk\/expo\/#\/schema\/logo\/image\/\"}}]}<\/script>\n<!-- \/ Yoast SEO plugin. -->","yoast_head_json":{"title":"Sada na oblo\u017eenie rohu Bet\u00f3n Mystery | Krajn Exp","robots":{"index":"index","follow":"follow","max-snippet":"max-snippet:-1","max-image-preview":"max-image-preview:large","max-video-preview":"max-video-preview:-1"},"canonical":"https:\/\/krajn.sk\/expo\/sortiment\/bazenove-lemy\/sada-na-oblozenie-rohu-beton-mystery\/","og_locale":"sk_SK","og_type":"article","og_title":"Sada na oblo\u017eenie rohu Bet\u00f3n Mystery | Krajn Exp","og_description":"Sada baz\u00e9nov\u00e9 dla\u017eby z vibrovan\u00e9ho betonu Mystery slou\u017e\u00ed k oblo\u017een\u00ed okoln\u00edho prostoru za baz\u00e9nov\u00fdmi lemy, roh\u016f s r\u00e1diusem R50 cm.","og_url":"https:\/\/krajn.sk\/expo\/sortiment\/bazenove-lemy\/sada-na-oblozenie-rohu-beton-mystery\/","og_site_name":"Krajn Exp","article_modified_time":"2022-04-10T18:54:52+00:00","og_image":[{"width":2560,"height":2066,"url":"https:\/\/krajn.sk\/expo\/wp-content\/uploads\/2022\/04\/sada-k-oblozeniu-roku-beton-mystery.jpg","type":"image\/jpeg"}],"twitter_card":"summary_large_image","twitter_misc":{"Predpokladan\u00fd \u010das \u010d\u00edtania":"1 min\u00fata"},"schema":{"@context":"https:\/\/schema.org","@graph":[{"@type":"WebPage","@id":"https:\/\/krajn.sk\/expo\/sortiment\/bazenove-lemy\/sada-na-oblozenie-rohu-beton-mystery\/","url":"https:\/\/krajn.sk\/expo\/sortiment\/bazenove-lemy\/sada-na-oblozenie-rohu-beton-mystery\/","name":"Sada na oblo\u017eenie rohu Bet\u00f3n Mystery | Krajn Exp","isPartOf":{"@id":"https:\/\/krajn.sk\/expo\/#website"},"primaryImageOfPage":{"@id":"https:\/\/krajn.sk\/expo\/sortiment\/bazenove-lemy\/sada-na-oblozenie-rohu-beton-mystery\/#primaryimage"},"image":{"@id":"https:\/\/krajn.sk\/expo\/sortiment\/bazenove-lemy\/sada-na-oblozenie-rohu-beton-mystery\/#primaryimage"},"thumbnailUrl":"https:\/\/krajn.sk\/expo\/wp-content\/uploads\/2022\/04\/sada-k-oblozeniu-roku-beton-mystery.jpg","datePublished":"2022-04-10T18:54:47+00:00","dateModified":"2022-04-10T18:54:52+00:00","breadcrumb":{"@id":"https:\/\/krajn.sk\/expo\/sortiment\/bazenove-lemy\/sada-na-oblozenie-rohu-beton-mystery\/#breadcrumb"},"inLanguage":"sk-SK","potentialAction":[{"@type":"ReadAction","target":["https:\/\/krajn.sk\/expo\/sortiment\/bazenove-lemy\/sada-na-oblozenie-rohu-beton-mystery\/"]}]},{"@type":"ImageObject","inLanguage":"sk-SK","@id":"https:\/\/krajn.sk\/expo\/sortiment\/bazenove-lemy\/sada-na-oblozenie-rohu-beton-mystery\/#primaryimage","url":"https:\/\/krajn.sk\/expo\/wp-content\/uploads\/2022\/04\/sada-k-oblozeniu-roku-beton-mystery.jpg","contentUrl":"https:\/\/krajn.sk\/expo\/wp-content\/uploads\/2022\/04\/sada-k-oblozeniu-roku-beton-mystery.jpg","width":2560,"height":2066},{"@type":"BreadcrumbList","@id":"https:\/\/krajn.sk\/expo\/sortiment\/bazenove-lemy\/sada-na-oblozenie-rohu-beton-mystery\/#breadcrumb","itemListElement":[{"@type":"ListItem","position":1,"name":"Home","item":"https:\/\/krajn.sk\/expo\/"},{"@type":"ListItem","position":2,"name":"Produkty","item":"https:\/\/krajn.sk\/expo\/sortiment\/"},{"@type":"ListItem","position":3,"name":"Sada na oblo\u017eenie rohu Bet\u00f3n Mystery"}]},{"@type":"WebSite","@id":"https:\/\/krajn.sk\/expo\/#website","url":"https:\/\/krajn.sk\/expo\/","name":"Krajn Exp","description":"Va\u0161e stavebniny na kraji Stupavy!","publisher":{"@id":"https:\/\/krajn.sk\/expo\/#organization"},"potentialAction":[{"@type":"SearchAction","target":{"@type":"EntryPoint","urlTemplate":"https:\/\/krajn.sk\/expo\/?s={search_term_string}"},"query-input":{"@type":"PropertyValueSpecification","valueRequired":true,"valueName":"search_term_string"}}],"inLanguage":"sk-SK"},{"@type":"Organization","@id":"https:\/\/krajn.sk\/expo\/#organization","name":"Krajn Expo","url":"https:\/\/krajn.sk\/expo\/","logo":{"@type":"ImageObject","inLanguage":"sk-SK","@id":"https:\/\/krajn.sk\/expo\/#\/schema\/logo\/image\/","url":"https:\/\/krajn.sk\/expo\/wp-content\/uploads\/2020\/03\/logo_expo_transparent.png","contentUrl":"https:\/\/krajn.sk\/expo\/wp-content\/uploads\/2020\/03\/logo_expo_transparent.png","width":91,"height":105,"caption":"Krajn Expo"},"image":{"@id":"https:\/\/krajn.sk\/expo\/#\/schema\/logo\/image\/"}}]}},"_links":{"self":[{"href":"https:\/\/krajn.sk\/expo\/wp-json\/wp\/v2\/product\/12353"}],"collection":[{"href":"https:\/\/krajn.sk\/expo\/wp-json\/wp\/v2\/product"}],"about":[{"href":"https:\/\/krajn.sk\/expo\/wp-json\/wp\/v2\/types\/product"}],"version-history":[{"count":0,"href":"https:\/\/krajn.sk\/expo\/wp-json\/wp\/v2\/product\/12353\/revisions"}],"wp:featuredmedia":[{"embeddable":true,"href":"https:\/\/krajn.sk\/expo\/wp-json\/wp\/v2\/media\/12355"}],"wp:attachment":[{"href":"https:\/\/krajn.sk\/expo\/wp-json\/wp\/v2\/media?parent=12353"}],"wp:term":[{"taxonomy":"product_brand","embeddable":true,"href":"https:\/\/krajn.sk\/expo\/wp-json\/wp\/v2\/product_brand?post=12353"},{"taxonomy":"product_cat","embeddable":true,"href":"https:\/\/krajn.sk\/expo\/wp-json\/wp\/v2\/product_cat?post=12353"},{"taxonomy":"product_tag","embeddable":true,"href":"https:\/\/krajn.sk\/expo\/wp-json\/wp\/v2\/product_tag?post=12353"}],"curies":[{"name":"wp","href":"https:\/\/api.w.org\/{rel}","templated":true}]}}