{"id":12358,"date":"2022-04-11T11:52:54","date_gmt":"2022-04-11T09:52:54","guid":{"rendered":"https:\/\/krajn.sk\/expo\/?post_type=product&#038;p=12358"},"modified":"2022-04-11T11:52:56","modified_gmt":"2022-04-11T09:52:56","slug":"skimmer-maly-beton-mystery","status":"publish","type":"product","link":"https:\/\/krajn.sk\/expo\/sortiment\/bazenove-lemy\/skimmer-maly-beton-mystery\/","title":{"rendered":"Skimmer mal\u00fd Bet\u00f3n Mystery"},"content":{"rendered":"<p>Skimmerov\u00fd d\u00edl se pou\u017e\u00edv\u00e1 pro oblo\u017een\u00ed servisn\u00edho otvoru ko\u0161e skimmeru baz\u00e9nov\u00e9 filtrace.<\/p>\n<p>Vhodnost pou\u017eit\u00ed ov\u011b\u0159te p\u0159em\u011b\u0159en\u00edm dle p\u0159ilo\u017een\u00e9ho tech. n\u00e1kresu.<\/p>\n<p>Baz\u00e9nov\u00fd lem je mo\u017en\u00e9 kombinova\u0165 so v\u0161etk\u00fdmi produktami <a href=\"https:\/\/krajn.sk\/expo\/system\/beton-mystery\/\">Bet\u00f3n Mystery<\/a>.<\/p>\n<p>K produktu m\u00f4\u017ee by\u0165 \u00fa\u010dtovan\u00fd poplatok za palety a balenie paliet.<\/p>\n<p>&nbsp;<\/p>\n<h2>Farby<\/h2>\n<p><a href=\"https:\/\/krajn.sk\/expo\/wp-content\/uploads\/2022\/04\/beton-mystery-farby.png\"><img fetchpriority=\"high\" decoding=\"async\" class=\" wp-image-12334 alignnone\" src=\"https:\/\/krajn.sk\/expo\/wp-content\/uploads\/2022\/04\/beton-mystery-farby-300x123.png\" alt=\"\" width=\"632\" height=\"259\" srcset=\"https:\/\/krajn.sk\/expo\/wp-content\/uploads\/2022\/04\/beton-mystery-farby-300x123.png 300w, https:\/\/krajn.sk\/expo\/wp-content\/uploads\/2022\/04\/beton-mystery-farby-1024x419.png 1024w, https:\/\/krajn.sk\/expo\/wp-content\/uploads\/2022\/04\/beton-mystery-farby-768x314.png 768w, https:\/\/krajn.sk\/expo\/wp-content\/uploads\/2022\/04\/beton-mystery-farby-600x245.png 600w, https:\/\/krajn.sk\/expo\/wp-content\/uploads\/2022\/04\/beton-mystery-farby.png 1457w\" sizes=\"(max-width: 632px) 100vw, 632px\" \/><\/a><\/p>\n","protected":false},"excerpt":{"rendered":"<p>Baz\u00e9nov\u00fd lem z vibrovan\u00e9ho betonu Mystery slou\u017e\u00ed k oblo\u017een\u00ed (estetick\u00e9mu zakon\u010den\u00ed) vrchn\u00ed hrany baz\u00e9nu.<\/p>\n","protected":false},"featured_media":12359,"template":"","meta":{"inline_featured_image":false,"site-sidebar-layout":"default","site-content-layout":"","ast-site-content-layout":"","site-content-style":"default","site-sidebar-style":"default","ast-global-header-display":"","ast-banner-title-visibility":"","ast-main-header-display":"","ast-hfb-above-header-display":"","ast-hfb-below-header-display":"","ast-hfb-mobile-header-display":"","site-post-title":"","ast-breadcrumbs-content":"","ast-featured-img":"","footer-sml-layout":"","theme-transparent-header-meta":"","adv-header-id-meta":"","stick-header-meta":"","header-above-stick-meta":"","header-main-stick-meta":"","header-below-stick-meta":"","astra-migrate-meta-layouts":"default","ast-page-background-enabled":"default","ast-page-background-meta":{"desktop":{"background-color":"var(--ast-global-color-4)","background-image":"","background-repeat":"repeat","background-position":"center center","background-size":"auto","background-attachment":"scroll","background-type":"","background-media":"","overlay-type":"","overlay-color":"","overlay-opacity":"","overlay-gradient":""},"tablet":{"background-color":"","background-image":"","background-repeat":"repeat","background-position":"center center","background-size":"auto","background-attachment":"scroll","background-type":"","background-media":"","overlay-type":"","overlay-color":"","overlay-opacity":"","overlay-gradient":""},"mobile":{"background-color":"","background-image":"","background-repeat":"repeat","background-position":"center center","background-size":"auto","background-attachment":"scroll","background-type":"","background-media":"","overlay-type":"","overlay-color":"","overlay-opacity":"","overlay-gradient":""}},"ast-content-background-meta":{"desktop":{"background-color":"var(--ast-global-color-5)","background-image":"","background-repeat":"repeat","background-position":"center center","background-size":"auto","background-attachment":"scroll","background-type":"","background-media":"","overlay-type":"","overlay-color":"","overlay-opacity":"","overlay-gradient":""},"tablet":{"background-color":"var(--ast-global-color-5)","background-image":"","background-repeat":"repeat","background-position":"center center","background-size":"auto","background-attachment":"scroll","background-type":"","background-media":"","overlay-type":"","overlay-color":"","overlay-opacity":"","overlay-gradient":""},"mobile":{"background-color":"var(--ast-global-color-5)","background-image":"","background-repeat":"repeat","background-position":"center center","background-size":"auto","background-attachment":"scroll","background-type":"","background-media":"","overlay-type":"","overlay-color":"","overlay-opacity":"","overlay-gradient":""}},"ngg_post_thumbnail":0},"product_brand":[],"product_cat":[1798],"product_tag":[2202],"class_list":{"0":"post-12358","1":"product","2":"type-product","3":"status-publish","4":"has-post-thumbnail","6":"product_cat-bazenove-lemy","7":"product_tag-pavax","8":"pa_dodavatelia-pavax","9":"pa_system-beton-mystery","10":"desktop-align-left","11":"tablet-align-left","12":"mobile-align-left","14":"first","15":"instock","16":"taxable","17":"shipping-taxable","18":"purchasable","19":"product-type-variable","20":"has-default-attributes"},"yoast_head":"<!-- This site is optimized with the Yoast SEO plugin v24.8.1 - https:\/\/yoast.com\/wordpress\/plugins\/seo\/ -->\n<title>Skimmer mal\u00fd Bet\u00f3n Mystery | Krajn Exp<\/title>\n<meta name=\"robots\" content=\"index, follow, max-snippet:-1, max-image-preview:large, max-video-preview:-1\" \/>\n<link rel=\"canonical\" href=\"https:\/\/krajn.sk\/expo\/sortiment\/bazenove-lemy\/skimmer-maly-beton-mystery\/\" \/>\n<meta property=\"og:locale\" content=\"sk_SK\" \/>\n<meta property=\"og:type\" content=\"article\" \/>\n<meta property=\"og:title\" content=\"Skimmer mal\u00fd Bet\u00f3n Mystery | Krajn Exp\" \/>\n<meta property=\"og:description\" content=\"Baz\u00e9nov\u00fd lem z vibrovan\u00e9ho betonu Mystery slou\u017e\u00ed k oblo\u017een\u00ed (estetick\u00e9mu zakon\u010den\u00ed) vrchn\u00ed hrany baz\u00e9nu.\" \/>\n<meta property=\"og:url\" content=\"https:\/\/krajn.sk\/expo\/sortiment\/bazenove-lemy\/skimmer-maly-beton-mystery\/\" \/>\n<meta property=\"og:site_name\" content=\"Krajn Exp\" \/>\n<meta property=\"article:modified_time\" content=\"2022-04-11T09:52:56+00:00\" \/>\n<meta property=\"og:image\" content=\"https:\/\/krajn.sk\/expo\/wp-content\/uploads\/2022\/04\/skimmer-maly-beton-mystery.jpg\" \/>\n\t<meta property=\"og:image:width\" content=\"2560\" \/>\n\t<meta property=\"og:image:height\" content=\"1700\" \/>\n\t<meta property=\"og:image:type\" content=\"image\/jpeg\" \/>\n<meta name=\"twitter:card\" content=\"summary_large_image\" \/>\n<script type=\"application\/ld+json\" class=\"yoast-schema-graph\">{\"@context\":\"https:\/\/schema.org\",\"@graph\":[{\"@type\":\"WebPage\",\"@id\":\"https:\/\/krajn.sk\/expo\/sortiment\/bazenove-lemy\/skimmer-maly-beton-mystery\/\",\"url\":\"https:\/\/krajn.sk\/expo\/sortiment\/bazenove-lemy\/skimmer-maly-beton-mystery\/\",\"name\":\"Skimmer mal\u00fd Bet\u00f3n Mystery | Krajn Exp\",\"isPartOf\":{\"@id\":\"https:\/\/krajn.sk\/expo\/#website\"},\"primaryImageOfPage\":{\"@id\":\"https:\/\/krajn.sk\/expo\/sortiment\/bazenove-lemy\/skimmer-maly-beton-mystery\/#primaryimage\"},\"image\":{\"@id\":\"https:\/\/krajn.sk\/expo\/sortiment\/bazenove-lemy\/skimmer-maly-beton-mystery\/#primaryimage\"},\"thumbnailUrl\":\"https:\/\/krajn.sk\/expo\/wp-content\/uploads\/2022\/04\/skimmer-maly-beton-mystery.jpg\",\"datePublished\":\"2022-04-11T09:52:54+00:00\",\"dateModified\":\"2022-04-11T09:52:56+00:00\",\"breadcrumb\":{\"@id\":\"https:\/\/krajn.sk\/expo\/sortiment\/bazenove-lemy\/skimmer-maly-beton-mystery\/#breadcrumb\"},\"inLanguage\":\"sk-SK\",\"potentialAction\":[{\"@type\":\"ReadAction\",\"target\":[\"https:\/\/krajn.sk\/expo\/sortiment\/bazenove-lemy\/skimmer-maly-beton-mystery\/\"]}]},{\"@type\":\"ImageObject\",\"inLanguage\":\"sk-SK\",\"@id\":\"https:\/\/krajn.sk\/expo\/sortiment\/bazenove-lemy\/skimmer-maly-beton-mystery\/#primaryimage\",\"url\":\"https:\/\/krajn.sk\/expo\/wp-content\/uploads\/2022\/04\/skimmer-maly-beton-mystery.jpg\",\"contentUrl\":\"https:\/\/krajn.sk\/expo\/wp-content\/uploads\/2022\/04\/skimmer-maly-beton-mystery.jpg\",\"width\":2560,\"height\":1700},{\"@type\":\"BreadcrumbList\",\"@id\":\"https:\/\/krajn.sk\/expo\/sortiment\/bazenove-lemy\/skimmer-maly-beton-mystery\/#breadcrumb\",\"itemListElement\":[{\"@type\":\"ListItem\",\"position\":1,\"name\":\"Home\",\"item\":\"https:\/\/krajn.sk\/expo\/\"},{\"@type\":\"ListItem\",\"position\":2,\"name\":\"Produkty\",\"item\":\"https:\/\/krajn.sk\/expo\/sortiment\/\"},{\"@type\":\"ListItem\",\"position\":3,\"name\":\"Skimmer mal\u00fd Bet\u00f3n Mystery\"}]},{\"@type\":\"WebSite\",\"@id\":\"https:\/\/krajn.sk\/expo\/#website\",\"url\":\"https:\/\/krajn.sk\/expo\/\",\"name\":\"Krajn Exp\",\"description\":\"Va\u0161e stavebniny na kraji Stupavy!\",\"publisher\":{\"@id\":\"https:\/\/krajn.sk\/expo\/#organization\"},\"potentialAction\":[{\"@type\":\"SearchAction\",\"target\":{\"@type\":\"EntryPoint\",\"urlTemplate\":\"https:\/\/krajn.sk\/expo\/?s={search_term_string}\"},\"query-input\":{\"@type\":\"PropertyValueSpecification\",\"valueRequired\":true,\"valueName\":\"search_term_string\"}}],\"inLanguage\":\"sk-SK\"},{\"@type\":\"Organization\",\"@id\":\"https:\/\/krajn.sk\/expo\/#organization\",\"name\":\"Krajn Expo\",\"url\":\"https:\/\/krajn.sk\/expo\/\",\"logo\":{\"@type\":\"ImageObject\",\"inLanguage\":\"sk-SK\",\"@id\":\"https:\/\/krajn.sk\/expo\/#\/schema\/logo\/image\/\",\"url\":\"https:\/\/krajn.sk\/expo\/wp-content\/uploads\/2020\/03\/logo_expo_transparent.png\",\"contentUrl\":\"https:\/\/krajn.sk\/expo\/wp-content\/uploads\/2020\/03\/logo_expo_transparent.png\",\"width\":91,\"height\":105,\"caption\":\"Krajn Expo\"},\"image\":{\"@id\":\"https:\/\/krajn.sk\/expo\/#\/schema\/logo\/image\/\"}}]}<\/script>\n<!-- \/ Yoast SEO plugin. -->","yoast_head_json":{"title":"Skimmer mal\u00fd Bet\u00f3n Mystery | Krajn Exp","robots":{"index":"index","follow":"follow","max-snippet":"max-snippet:-1","max-image-preview":"max-image-preview:large","max-video-preview":"max-video-preview:-1"},"canonical":"https:\/\/krajn.sk\/expo\/sortiment\/bazenove-lemy\/skimmer-maly-beton-mystery\/","og_locale":"sk_SK","og_type":"article","og_title":"Skimmer mal\u00fd Bet\u00f3n Mystery | Krajn Exp","og_description":"Baz\u00e9nov\u00fd lem z vibrovan\u00e9ho betonu Mystery slou\u017e\u00ed k oblo\u017een\u00ed (estetick\u00e9mu zakon\u010den\u00ed) vrchn\u00ed hrany baz\u00e9nu.","og_url":"https:\/\/krajn.sk\/expo\/sortiment\/bazenove-lemy\/skimmer-maly-beton-mystery\/","og_site_name":"Krajn Exp","article_modified_time":"2022-04-11T09:52:56+00:00","og_image":[{"width":2560,"height":1700,"url":"https:\/\/krajn.sk\/expo\/wp-content\/uploads\/2022\/04\/skimmer-maly-beton-mystery.jpg","type":"image\/jpeg"}],"twitter_card":"summary_large_image","schema":{"@context":"https:\/\/schema.org","@graph":[{"@type":"WebPage","@id":"https:\/\/krajn.sk\/expo\/sortiment\/bazenove-lemy\/skimmer-maly-beton-mystery\/","url":"https:\/\/krajn.sk\/expo\/sortiment\/bazenove-lemy\/skimmer-maly-beton-mystery\/","name":"Skimmer mal\u00fd Bet\u00f3n Mystery | Krajn Exp","isPartOf":{"@id":"https:\/\/krajn.sk\/expo\/#website"},"primaryImageOfPage":{"@id":"https:\/\/krajn.sk\/expo\/sortiment\/bazenove-lemy\/skimmer-maly-beton-mystery\/#primaryimage"},"image":{"@id":"https:\/\/krajn.sk\/expo\/sortiment\/bazenove-lemy\/skimmer-maly-beton-mystery\/#primaryimage"},"thumbnailUrl":"https:\/\/krajn.sk\/expo\/wp-content\/uploads\/2022\/04\/skimmer-maly-beton-mystery.jpg","datePublished":"2022-04-11T09:52:54+00:00","dateModified":"2022-04-11T09:52:56+00:00","breadcrumb":{"@id":"https:\/\/krajn.sk\/expo\/sortiment\/bazenove-lemy\/skimmer-maly-beton-mystery\/#breadcrumb"},"inLanguage":"sk-SK","potentialAction":[{"@type":"ReadAction","target":["https:\/\/krajn.sk\/expo\/sortiment\/bazenove-lemy\/skimmer-maly-beton-mystery\/"]}]},{"@type":"ImageObject","inLanguage":"sk-SK","@id":"https:\/\/krajn.sk\/expo\/sortiment\/bazenove-lemy\/skimmer-maly-beton-mystery\/#primaryimage","url":"https:\/\/krajn.sk\/expo\/wp-content\/uploads\/2022\/04\/skimmer-maly-beton-mystery.jpg","contentUrl":"https:\/\/krajn.sk\/expo\/wp-content\/uploads\/2022\/04\/skimmer-maly-beton-mystery.jpg","width":2560,"height":1700},{"@type":"BreadcrumbList","@id":"https:\/\/krajn.sk\/expo\/sortiment\/bazenove-lemy\/skimmer-maly-beton-mystery\/#breadcrumb","itemListElement":[{"@type":"ListItem","position":1,"name":"Home","item":"https:\/\/krajn.sk\/expo\/"},{"@type":"ListItem","position":2,"name":"Produkty","item":"https:\/\/krajn.sk\/expo\/sortiment\/"},{"@type":"ListItem","position":3,"name":"Skimmer mal\u00fd Bet\u00f3n Mystery"}]},{"@type":"WebSite","@id":"https:\/\/krajn.sk\/expo\/#website","url":"https:\/\/krajn.sk\/expo\/","name":"Krajn Exp","description":"Va\u0161e stavebniny na kraji Stupavy!","publisher":{"@id":"https:\/\/krajn.sk\/expo\/#organization"},"potentialAction":[{"@type":"SearchAction","target":{"@type":"EntryPoint","urlTemplate":"https:\/\/krajn.sk\/expo\/?s={search_term_string}"},"query-input":{"@type":"PropertyValueSpecification","valueRequired":true,"valueName":"search_term_string"}}],"inLanguage":"sk-SK"},{"@type":"Organization","@id":"https:\/\/krajn.sk\/expo\/#organization","name":"Krajn Expo","url":"https:\/\/krajn.sk\/expo\/","logo":{"@type":"ImageObject","inLanguage":"sk-SK","@id":"https:\/\/krajn.sk\/expo\/#\/schema\/logo\/image\/","url":"https:\/\/krajn.sk\/expo\/wp-content\/uploads\/2020\/03\/logo_expo_transparent.png","contentUrl":"https:\/\/krajn.sk\/expo\/wp-content\/uploads\/2020\/03\/logo_expo_transparent.png","width":91,"height":105,"caption":"Krajn Expo"},"image":{"@id":"https:\/\/krajn.sk\/expo\/#\/schema\/logo\/image\/"}}]}},"_links":{"self":[{"href":"https:\/\/krajn.sk\/expo\/wp-json\/wp\/v2\/product\/12358"}],"collection":[{"href":"https:\/\/krajn.sk\/expo\/wp-json\/wp\/v2\/product"}],"about":[{"href":"https:\/\/krajn.sk\/expo\/wp-json\/wp\/v2\/types\/product"}],"version-history":[{"count":0,"href":"https:\/\/krajn.sk\/expo\/wp-json\/wp\/v2\/product\/12358\/revisions"}],"wp:featuredmedia":[{"embeddable":true,"href":"https:\/\/krajn.sk\/expo\/wp-json\/wp\/v2\/media\/12359"}],"wp:attachment":[{"href":"https:\/\/krajn.sk\/expo\/wp-json\/wp\/v2\/media?parent=12358"}],"wp:term":[{"taxonomy":"product_brand","embeddable":true,"href":"https:\/\/krajn.sk\/expo\/wp-json\/wp\/v2\/product_brand?post=12358"},{"taxonomy":"product_cat","embeddable":true,"href":"https:\/\/krajn.sk\/expo\/wp-json\/wp\/v2\/product_cat?post=12358"},{"taxonomy":"product_tag","embeddable":true,"href":"https:\/\/krajn.sk\/expo\/wp-json\/wp\/v2\/product_tag?post=12358"}],"curies":[{"name":"wp","href":"https:\/\/api.w.org\/{rel}","templated":true}]}}