{"id":12505,"date":"2022-04-14T15:55:52","date_gmt":"2022-04-14T13:55:52","guid":{"rendered":"https:\/\/krajn.sk\/expo\/?post_type=product&#038;p=12505"},"modified":"2023-03-25T23:04:42","modified_gmt":"2023-03-25T22:04:42","slug":"travertin-obklad-4x-rezany","status":"publish","type":"product","link":"https:\/\/krajn.sk\/expo\/sortiment\/obklady\/travertin-obklad-4x-rezany\/","title":{"rendered":"Travert\u00edn obklad 4x rezan\u00fd"},"content":{"rendered":"<p>Obkladov\u00fd kame\u0148 s peknou \u0161trukt\u00farou a jemnou b\u00e9\u017eovou farbou. V\u00fdborn\u00fa kombin\u00e1ciu vytvor\u00ed napr\u00edklad s drevom a jeho imit\u00e1ciami.<\/p>\n<p class=\"c716 c1335\">Travert\u00edn Classic obklad &#8211; 4x rezan\u00fd, omie\u013ean\u00fd v\u00fd\u0161ka : 10cm &#8211; 3683<\/p>\n","protected":false},"excerpt":{"rendered":"<p>Travert\u00edn vo farbe Classic . Obkladov\u00e9 p\u00e1sy s poh\u013eadovou v\u00fd\u0161kou 10cm, okraje s\u00fa omie\u013ean\u00e9 &#8211; zaoblen\u00e9 ,&nbsp; d\u013a\u017eky jednotliv\u00fdch p\u00e1sikov s\u00fa r\u00f4zne od 5cm do 40cm , hr\u00fabka materi\u00e1lu cca 1-3cm.<\/p>\n","protected":false},"featured_media":12507,"template":"","meta":{"inline_featured_image":false,"site-sidebar-layout":"default","site-content-layout":"","ast-site-content-layout":"","site-content-style":"default","site-sidebar-style":"default","ast-global-header-display":"","ast-banner-title-visibility":"","ast-main-header-display":"","ast-hfb-above-header-display":"","ast-hfb-below-header-display":"","ast-hfb-mobile-header-display":"","site-post-title":"","ast-breadcrumbs-content":"","ast-featured-img":"","footer-sml-layout":"","theme-transparent-header-meta":"","adv-header-id-meta":"","stick-header-meta":"","header-above-stick-meta":"","header-main-stick-meta":"","header-below-stick-meta":"","astra-migrate-meta-layouts":"default","ast-page-background-enabled":"default","ast-page-background-meta":{"desktop":{"background-color":"var(--ast-global-color-4)","background-image":"","background-repeat":"repeat","background-position":"center center","background-size":"auto","background-attachment":"scroll","background-type":"","background-media":"","overlay-type":"","overlay-color":"","overlay-opacity":"","overlay-gradient":""},"tablet":{"background-color":"","background-image":"","background-repeat":"repeat","background-position":"center center","background-size":"auto","background-attachment":"scroll","background-type":"","background-media":"","overlay-type":"","overlay-color":"","overlay-opacity":"","overlay-gradient":""},"mobile":{"background-color":"","background-image":"","background-repeat":"repeat","background-position":"center center","background-size":"auto","background-attachment":"scroll","background-type":"","background-media":"","overlay-type":"","overlay-color":"","overlay-opacity":"","overlay-gradient":""}},"ast-content-background-meta":{"desktop":{"background-color":"var(--ast-global-color-5)","background-image":"","background-repeat":"repeat","background-position":"center center","background-size":"auto","background-attachment":"scroll","background-type":"","background-media":"","overlay-type":"","overlay-color":"","overlay-opacity":"","overlay-gradient":""},"tablet":{"background-color":"var(--ast-global-color-5)","background-image":"","background-repeat":"repeat","background-position":"center center","background-size":"auto","background-attachment":"scroll","background-type":"","background-media":"","overlay-type":"","overlay-color":"","overlay-opacity":"","overlay-gradient":""},"mobile":{"background-color":"var(--ast-global-color-5)","background-image":"","background-repeat":"repeat","background-position":"center center","background-size":"auto","background-attachment":"scroll","background-type":"","background-media":"","overlay-type":"","overlay-color":"","overlay-opacity":"","overlay-gradient":""}},"ngg_post_thumbnail":0},"product_brand":[],"product_cat":[206],"product_tag":[342],"class_list":{"0":"post-12505","1":"product","2":"type-product","3":"status-publish","4":"has-post-thumbnail","6":"product_cat-obklady","7":"product_tag-kamenta","8":"pa_dodavatelia-kamenta","9":"desktop-align-left","10":"tablet-align-left","11":"mobile-align-left","13":"first","14":"instock","15":"taxable","16":"shipping-taxable","17":"purchasable","18":"product-type-variable","19":"has-default-attributes"},"yoast_head":"<!-- This site is optimized with the Yoast SEO plugin v24.8.1 - https:\/\/yoast.com\/wordpress\/plugins\/seo\/ -->\n<title>Travert\u00edn obklad 4x rezan\u00fd | Krajn Exp<\/title>\n<meta name=\"robots\" content=\"index, follow, max-snippet:-1, max-image-preview:large, max-video-preview:-1\" \/>\n<link rel=\"canonical\" href=\"https:\/\/krajn.sk\/expo\/sortiment\/obklady\/travertin-obklad-4x-rezany\/\" \/>\n<meta property=\"og:locale\" content=\"sk_SK\" \/>\n<meta property=\"og:type\" content=\"article\" \/>\n<meta property=\"og:title\" content=\"Travert\u00edn obklad 4x rezan\u00fd | Krajn Exp\" \/>\n<meta property=\"og:description\" content=\"Travert\u00edn vo farbe Classic . Obkladov\u00e9 p\u00e1sy s poh\u013eadovou v\u00fd\u0161kou 10cm, okraje s\u00fa omie\u013ean\u00e9 - zaoblen\u00e9 ,&nbsp; d\u013a\u017eky jednotliv\u00fdch p\u00e1sikov s\u00fa r\u00f4zne od 5cm do 40cm , hr\u00fabka materi\u00e1lu cca 1-3cm.\" \/>\n<meta property=\"og:url\" content=\"https:\/\/krajn.sk\/expo\/sortiment\/obklady\/travertin-obklad-4x-rezany\/\" \/>\n<meta property=\"og:site_name\" content=\"Krajn Exp\" \/>\n<meta property=\"article:modified_time\" content=\"2023-03-25T22:04:42+00:00\" \/>\n<meta property=\"og:image\" content=\"https:\/\/krajn.sk\/expo\/wp-content\/uploads\/2022\/04\/travertin-obklad-4x-rezany-classic.jpg\" \/>\n\t<meta property=\"og:image:width\" content=\"2074\" \/>\n\t<meta property=\"og:image:height\" content=\"1383\" \/>\n\t<meta property=\"og:image:type\" content=\"image\/jpeg\" \/>\n<meta name=\"twitter:card\" content=\"summary_large_image\" \/>\n<meta name=\"twitter:label1\" content=\"Predpokladan\u00fd \u010das \u010d\u00edtania\" \/>\n\t<meta name=\"twitter:data1\" content=\"1 min\u00fata\" \/>\n<script type=\"application\/ld+json\" class=\"yoast-schema-graph\">{\"@context\":\"https:\/\/schema.org\",\"@graph\":[{\"@type\":\"WebPage\",\"@id\":\"https:\/\/krajn.sk\/expo\/sortiment\/obklady\/travertin-obklad-4x-rezany\/\",\"url\":\"https:\/\/krajn.sk\/expo\/sortiment\/obklady\/travertin-obklad-4x-rezany\/\",\"name\":\"Travert\u00edn obklad 4x rezan\u00fd | Krajn Exp\",\"isPartOf\":{\"@id\":\"https:\/\/krajn.sk\/expo\/#website\"},\"primaryImageOfPage\":{\"@id\":\"https:\/\/krajn.sk\/expo\/sortiment\/obklady\/travertin-obklad-4x-rezany\/#primaryimage\"},\"image\":{\"@id\":\"https:\/\/krajn.sk\/expo\/sortiment\/obklady\/travertin-obklad-4x-rezany\/#primaryimage\"},\"thumbnailUrl\":\"https:\/\/krajn.sk\/expo\/wp-content\/uploads\/2022\/04\/travertin-obklad-4x-rezany-classic.jpg\",\"datePublished\":\"2022-04-14T13:55:52+00:00\",\"dateModified\":\"2023-03-25T22:04:42+00:00\",\"breadcrumb\":{\"@id\":\"https:\/\/krajn.sk\/expo\/sortiment\/obklady\/travertin-obklad-4x-rezany\/#breadcrumb\"},\"inLanguage\":\"sk-SK\",\"potentialAction\":[{\"@type\":\"ReadAction\",\"target\":[\"https:\/\/krajn.sk\/expo\/sortiment\/obklady\/travertin-obklad-4x-rezany\/\"]}]},{\"@type\":\"ImageObject\",\"inLanguage\":\"sk-SK\",\"@id\":\"https:\/\/krajn.sk\/expo\/sortiment\/obklady\/travertin-obklad-4x-rezany\/#primaryimage\",\"url\":\"https:\/\/krajn.sk\/expo\/wp-content\/uploads\/2022\/04\/travertin-obklad-4x-rezany-classic.jpg\",\"contentUrl\":\"https:\/\/krajn.sk\/expo\/wp-content\/uploads\/2022\/04\/travertin-obklad-4x-rezany-classic.jpg\",\"width\":2074,\"height\":1383},{\"@type\":\"BreadcrumbList\",\"@id\":\"https:\/\/krajn.sk\/expo\/sortiment\/obklady\/travertin-obklad-4x-rezany\/#breadcrumb\",\"itemListElement\":[{\"@type\":\"ListItem\",\"position\":1,\"name\":\"Home\",\"item\":\"https:\/\/krajn.sk\/expo\/\"},{\"@type\":\"ListItem\",\"position\":2,\"name\":\"Produkty\",\"item\":\"https:\/\/krajn.sk\/expo\/sortiment\/\"},{\"@type\":\"ListItem\",\"position\":3,\"name\":\"Travert\u00edn obklad 4x rezan\u00fd\"}]},{\"@type\":\"WebSite\",\"@id\":\"https:\/\/krajn.sk\/expo\/#website\",\"url\":\"https:\/\/krajn.sk\/expo\/\",\"name\":\"Krajn Exp\",\"description\":\"Va\u0161e stavebniny na kraji Stupavy!\",\"publisher\":{\"@id\":\"https:\/\/krajn.sk\/expo\/#organization\"},\"potentialAction\":[{\"@type\":\"SearchAction\",\"target\":{\"@type\":\"EntryPoint\",\"urlTemplate\":\"https:\/\/krajn.sk\/expo\/?s={search_term_string}\"},\"query-input\":{\"@type\":\"PropertyValueSpecification\",\"valueRequired\":true,\"valueName\":\"search_term_string\"}}],\"inLanguage\":\"sk-SK\"},{\"@type\":\"Organization\",\"@id\":\"https:\/\/krajn.sk\/expo\/#organization\",\"name\":\"Krajn Expo\",\"url\":\"https:\/\/krajn.sk\/expo\/\",\"logo\":{\"@type\":\"ImageObject\",\"inLanguage\":\"sk-SK\",\"@id\":\"https:\/\/krajn.sk\/expo\/#\/schema\/logo\/image\/\",\"url\":\"https:\/\/krajn.sk\/expo\/wp-content\/uploads\/2020\/03\/logo_expo_transparent.png\",\"contentUrl\":\"https:\/\/krajn.sk\/expo\/wp-content\/uploads\/2020\/03\/logo_expo_transparent.png\",\"width\":91,\"height\":105,\"caption\":\"Krajn Expo\"},\"image\":{\"@id\":\"https:\/\/krajn.sk\/expo\/#\/schema\/logo\/image\/\"}}]}<\/script>\n<!-- \/ Yoast SEO plugin. -->","yoast_head_json":{"title":"Travert\u00edn obklad 4x rezan\u00fd | Krajn Exp","robots":{"index":"index","follow":"follow","max-snippet":"max-snippet:-1","max-image-preview":"max-image-preview:large","max-video-preview":"max-video-preview:-1"},"canonical":"https:\/\/krajn.sk\/expo\/sortiment\/obklady\/travertin-obklad-4x-rezany\/","og_locale":"sk_SK","og_type":"article","og_title":"Travert\u00edn obklad 4x rezan\u00fd | Krajn Exp","og_description":"Travert\u00edn vo farbe Classic . Obkladov\u00e9 p\u00e1sy s poh\u013eadovou v\u00fd\u0161kou 10cm, okraje s\u00fa omie\u013ean\u00e9 - zaoblen\u00e9 ,&nbsp; d\u013a\u017eky jednotliv\u00fdch p\u00e1sikov s\u00fa r\u00f4zne od 5cm do 40cm , hr\u00fabka materi\u00e1lu cca 1-3cm.","og_url":"https:\/\/krajn.sk\/expo\/sortiment\/obklady\/travertin-obklad-4x-rezany\/","og_site_name":"Krajn Exp","article_modified_time":"2023-03-25T22:04:42+00:00","og_image":[{"width":2074,"height":1383,"url":"https:\/\/krajn.sk\/expo\/wp-content\/uploads\/2022\/04\/travertin-obklad-4x-rezany-classic.jpg","type":"image\/jpeg"}],"twitter_card":"summary_large_image","twitter_misc":{"Predpokladan\u00fd \u010das \u010d\u00edtania":"1 min\u00fata"},"schema":{"@context":"https:\/\/schema.org","@graph":[{"@type":"WebPage","@id":"https:\/\/krajn.sk\/expo\/sortiment\/obklady\/travertin-obklad-4x-rezany\/","url":"https:\/\/krajn.sk\/expo\/sortiment\/obklady\/travertin-obklad-4x-rezany\/","name":"Travert\u00edn obklad 4x rezan\u00fd | Krajn Exp","isPartOf":{"@id":"https:\/\/krajn.sk\/expo\/#website"},"primaryImageOfPage":{"@id":"https:\/\/krajn.sk\/expo\/sortiment\/obklady\/travertin-obklad-4x-rezany\/#primaryimage"},"image":{"@id":"https:\/\/krajn.sk\/expo\/sortiment\/obklady\/travertin-obklad-4x-rezany\/#primaryimage"},"thumbnailUrl":"https:\/\/krajn.sk\/expo\/wp-content\/uploads\/2022\/04\/travertin-obklad-4x-rezany-classic.jpg","datePublished":"2022-04-14T13:55:52+00:00","dateModified":"2023-03-25T22:04:42+00:00","breadcrumb":{"@id":"https:\/\/krajn.sk\/expo\/sortiment\/obklady\/travertin-obklad-4x-rezany\/#breadcrumb"},"inLanguage":"sk-SK","potentialAction":[{"@type":"ReadAction","target":["https:\/\/krajn.sk\/expo\/sortiment\/obklady\/travertin-obklad-4x-rezany\/"]}]},{"@type":"ImageObject","inLanguage":"sk-SK","@id":"https:\/\/krajn.sk\/expo\/sortiment\/obklady\/travertin-obklad-4x-rezany\/#primaryimage","url":"https:\/\/krajn.sk\/expo\/wp-content\/uploads\/2022\/04\/travertin-obklad-4x-rezany-classic.jpg","contentUrl":"https:\/\/krajn.sk\/expo\/wp-content\/uploads\/2022\/04\/travertin-obklad-4x-rezany-classic.jpg","width":2074,"height":1383},{"@type":"BreadcrumbList","@id":"https:\/\/krajn.sk\/expo\/sortiment\/obklady\/travertin-obklad-4x-rezany\/#breadcrumb","itemListElement":[{"@type":"ListItem","position":1,"name":"Home","item":"https:\/\/krajn.sk\/expo\/"},{"@type":"ListItem","position":2,"name":"Produkty","item":"https:\/\/krajn.sk\/expo\/sortiment\/"},{"@type":"ListItem","position":3,"name":"Travert\u00edn obklad 4x rezan\u00fd"}]},{"@type":"WebSite","@id":"https:\/\/krajn.sk\/expo\/#website","url":"https:\/\/krajn.sk\/expo\/","name":"Krajn Exp","description":"Va\u0161e stavebniny na kraji Stupavy!","publisher":{"@id":"https:\/\/krajn.sk\/expo\/#organization"},"potentialAction":[{"@type":"SearchAction","target":{"@type":"EntryPoint","urlTemplate":"https:\/\/krajn.sk\/expo\/?s={search_term_string}"},"query-input":{"@type":"PropertyValueSpecification","valueRequired":true,"valueName":"search_term_string"}}],"inLanguage":"sk-SK"},{"@type":"Organization","@id":"https:\/\/krajn.sk\/expo\/#organization","name":"Krajn Expo","url":"https:\/\/krajn.sk\/expo\/","logo":{"@type":"ImageObject","inLanguage":"sk-SK","@id":"https:\/\/krajn.sk\/expo\/#\/schema\/logo\/image\/","url":"https:\/\/krajn.sk\/expo\/wp-content\/uploads\/2020\/03\/logo_expo_transparent.png","contentUrl":"https:\/\/krajn.sk\/expo\/wp-content\/uploads\/2020\/03\/logo_expo_transparent.png","width":91,"height":105,"caption":"Krajn Expo"},"image":{"@id":"https:\/\/krajn.sk\/expo\/#\/schema\/logo\/image\/"}}]}},"_links":{"self":[{"href":"https:\/\/krajn.sk\/expo\/wp-json\/wp\/v2\/product\/12505"}],"collection":[{"href":"https:\/\/krajn.sk\/expo\/wp-json\/wp\/v2\/product"}],"about":[{"href":"https:\/\/krajn.sk\/expo\/wp-json\/wp\/v2\/types\/product"}],"version-history":[{"count":0,"href":"https:\/\/krajn.sk\/expo\/wp-json\/wp\/v2\/product\/12505\/revisions"}],"wp:featuredmedia":[{"embeddable":true,"href":"https:\/\/krajn.sk\/expo\/wp-json\/wp\/v2\/media\/12507"}],"wp:attachment":[{"href":"https:\/\/krajn.sk\/expo\/wp-json\/wp\/v2\/media?parent=12505"}],"wp:term":[{"taxonomy":"product_brand","embeddable":true,"href":"https:\/\/krajn.sk\/expo\/wp-json\/wp\/v2\/product_brand?post=12505"},{"taxonomy":"product_cat","embeddable":true,"href":"https:\/\/krajn.sk\/expo\/wp-json\/wp\/v2\/product_cat?post=12505"},{"taxonomy":"product_tag","embeddable":true,"href":"https:\/\/krajn.sk\/expo\/wp-json\/wp\/v2\/product_tag?post=12505"}],"curies":[{"name":"wp","href":"https:\/\/api.w.org\/{rel}","templated":true}]}}