{"id":12953,"date":"2022-11-15T01:08:42","date_gmt":"2022-11-15T00:08:42","guid":{"rendered":"https:\/\/krajn.sk\/expo\/?post_type=product&#038;p=12953"},"modified":"2023-01-14T22:41:46","modified_gmt":"2023-01-14T21:41:46","slug":"stol-h-e-x","status":"publish","type":"product","link":"https:\/\/krajn.sk\/expo\/sortiment\/prvky-zahradnej-architektury\/stol-h-e-x\/","title":{"rendered":"St\u00f4l H-E-X"},"content":{"rendered":"<p>Je s\u00fa\u010das\u0165ou ucelen\u00e9ho <a href=\"https:\/\/krajn.sk\/expo\/system\/system-h-e-x\/\">syst\u00e9mu H-E-X<\/a>, ktor\u00fd \u010falej zah\u0155\u0148a dla\u017ebu, kvetin\u00e1\u010de, lavi\u010dky a in\u00e9. V\u0161etky prvky tohto syst\u00e9mu sa vyzna\u010duj\u00fa jednotn\u00fdm dizajnom a mo\u017eno ich teda spolu jednoducho kombinova\u0165. St\u00f4l H-E-X je mrazuvzdorn\u00fd a je opatren\u00fd impregn\u00e1ciou Protect System TOP proti zne\u010disteniu a prenikaniu vody.<\/p>\n","protected":false},"excerpt":{"rendered":"<p>Bet\u00f3nov\u00fd st\u00f4l H-E-X je vhodn\u00fd pre verejn\u00e9 priestranstv\u00e1 &#8211; odpo\u010dinkov\u00e9 z\u00f3ny,pri cyklistick\u00fdch chodn\u00edkoch, benz\u00ednov\u00fdch \u010derpac\u00edch staniciach, turistick\u00fdch a \u0161portov\u00fdch objektoch alebo letn\u00fdch st\u00e1nkoch s ob\u010derstven\u00edm.&nbsp;<\/p>\n","protected":false},"featured_media":12954,"template":"","meta":{"inline_featured_image":false,"site-sidebar-layout":"default","site-content-layout":"","ast-site-content-layout":"","site-content-style":"default","site-sidebar-style":"default","ast-global-header-display":"","ast-banner-title-visibility":"","ast-main-header-display":"","ast-hfb-above-header-display":"","ast-hfb-below-header-display":"","ast-hfb-mobile-header-display":"","site-post-title":"","ast-breadcrumbs-content":"","ast-featured-img":"","footer-sml-layout":"","theme-transparent-header-meta":"","adv-header-id-meta":"","stick-header-meta":"","header-above-stick-meta":"","header-main-stick-meta":"","header-below-stick-meta":"","astra-migrate-meta-layouts":"default","ast-page-background-enabled":"default","ast-page-background-meta":{"desktop":{"background-color":"var(--ast-global-color-4)","background-image":"","background-repeat":"repeat","background-position":"center center","background-size":"auto","background-attachment":"scroll","background-type":"","background-media":"","overlay-type":"","overlay-color":"","overlay-opacity":"","overlay-gradient":""},"tablet":{"background-color":"","background-image":"","background-repeat":"repeat","background-position":"center center","background-size":"auto","background-attachment":"scroll","background-type":"","background-media":"","overlay-type":"","overlay-color":"","overlay-opacity":"","overlay-gradient":""},"mobile":{"background-color":"","background-image":"","background-repeat":"repeat","background-position":"center center","background-size":"auto","background-attachment":"scroll","background-type":"","background-media":"","overlay-type":"","overlay-color":"","overlay-opacity":"","overlay-gradient":""}},"ast-content-background-meta":{"desktop":{"background-color":"var(--ast-global-color-5)","background-image":"","background-repeat":"repeat","background-position":"center center","background-size":"auto","background-attachment":"scroll","background-type":"","background-media":"","overlay-type":"","overlay-color":"","overlay-opacity":"","overlay-gradient":""},"tablet":{"background-color":"var(--ast-global-color-5)","background-image":"","background-repeat":"repeat","background-position":"center center","background-size":"auto","background-attachment":"scroll","background-type":"","background-media":"","overlay-type":"","overlay-color":"","overlay-opacity":"","overlay-gradient":""},"mobile":{"background-color":"var(--ast-global-color-5)","background-image":"","background-repeat":"repeat","background-position":"center center","background-size":"auto","background-attachment":"scroll","background-type":"","background-media":"","overlay-type":"","overlay-color":"","overlay-opacity":"","overlay-gradient":""}},"ngg_post_thumbnail":0},"product_brand":[],"product_cat":[207],"product_tag":[335],"class_list":{"0":"post-12953","1":"product","2":"type-product","3":"status-publish","4":"has-post-thumbnail","6":"product_cat-prvky-zahradnej-architektury","7":"product_tag-presbeton","8":"pa_dodavatelia-presbeton","9":"pa_system-system-h-e-x","10":"desktop-align-left","11":"tablet-align-left","12":"mobile-align-left","14":"first","15":"instock","16":"taxable","17":"shipping-taxable","18":"purchasable","19":"product-type-variable","20":"has-default-attributes"},"yoast_head":"<!-- This site is optimized with the Yoast SEO plugin v24.8.1 - https:\/\/yoast.com\/wordpress\/plugins\/seo\/ -->\n<title>St\u00f4l H-E-X | Krajn Exp<\/title>\n<meta name=\"robots\" content=\"index, follow, max-snippet:-1, max-image-preview:large, max-video-preview:-1\" \/>\n<link rel=\"canonical\" href=\"https:\/\/krajn.sk\/expo\/sortiment\/prvky-zahradnej-architektury\/stol-h-e-x\/\" \/>\n<meta property=\"og:locale\" content=\"sk_SK\" \/>\n<meta property=\"og:type\" content=\"article\" \/>\n<meta property=\"og:title\" content=\"St\u00f4l H-E-X | Krajn Exp\" \/>\n<meta property=\"og:description\" content=\"Bet\u00f3nov\u00fd st\u00f4l H-E-X je vhodn\u00fd pre verejn\u00e9 priestranstv\u00e1 - odpo\u010dinkov\u00e9 z\u00f3ny,pri cyklistick\u00fdch chodn\u00edkoch, benz\u00ednov\u00fdch \u010derpac\u00edch staniciach, turistick\u00fdch a \u0161portov\u00fdch objektoch alebo letn\u00fdch st\u00e1nkoch s ob\u010derstven\u00edm.&nbsp;\" \/>\n<meta property=\"og:url\" content=\"https:\/\/krajn.sk\/expo\/sortiment\/prvky-zahradnej-architektury\/stol-h-e-x\/\" \/>\n<meta property=\"og:site_name\" content=\"Krajn Exp\" \/>\n<meta property=\"article:modified_time\" content=\"2023-01-14T21:41:46+00:00\" \/>\n<meta property=\"og:image\" content=\"https:\/\/krajn.sk\/expo\/wp-content\/uploads\/2022\/11\/stol-h-e-x-foto.jpeg\" \/>\n\t<meta property=\"og:image:width\" content=\"2560\" \/>\n\t<meta property=\"og:image:height\" content=\"1696\" \/>\n\t<meta property=\"og:image:type\" content=\"image\/jpeg\" \/>\n<meta name=\"twitter:card\" content=\"summary_large_image\" \/>\n<script type=\"application\/ld+json\" class=\"yoast-schema-graph\">{\"@context\":\"https:\/\/schema.org\",\"@graph\":[{\"@type\":\"WebPage\",\"@id\":\"https:\/\/krajn.sk\/expo\/sortiment\/prvky-zahradnej-architektury\/stol-h-e-x\/\",\"url\":\"https:\/\/krajn.sk\/expo\/sortiment\/prvky-zahradnej-architektury\/stol-h-e-x\/\",\"name\":\"St\u00f4l H-E-X | Krajn Exp\",\"isPartOf\":{\"@id\":\"https:\/\/krajn.sk\/expo\/#website\"},\"primaryImageOfPage\":{\"@id\":\"https:\/\/krajn.sk\/expo\/sortiment\/prvky-zahradnej-architektury\/stol-h-e-x\/#primaryimage\"},\"image\":{\"@id\":\"https:\/\/krajn.sk\/expo\/sortiment\/prvky-zahradnej-architektury\/stol-h-e-x\/#primaryimage\"},\"thumbnailUrl\":\"https:\/\/krajn.sk\/expo\/wp-content\/uploads\/2022\/11\/stol-h-e-x-foto.jpeg\",\"datePublished\":\"2022-11-15T00:08:42+00:00\",\"dateModified\":\"2023-01-14T21:41:46+00:00\",\"breadcrumb\":{\"@id\":\"https:\/\/krajn.sk\/expo\/sortiment\/prvky-zahradnej-architektury\/stol-h-e-x\/#breadcrumb\"},\"inLanguage\":\"sk-SK\",\"potentialAction\":[{\"@type\":\"ReadAction\",\"target\":[\"https:\/\/krajn.sk\/expo\/sortiment\/prvky-zahradnej-architektury\/stol-h-e-x\/\"]}]},{\"@type\":\"ImageObject\",\"inLanguage\":\"sk-SK\",\"@id\":\"https:\/\/krajn.sk\/expo\/sortiment\/prvky-zahradnej-architektury\/stol-h-e-x\/#primaryimage\",\"url\":\"https:\/\/krajn.sk\/expo\/wp-content\/uploads\/2022\/11\/stol-h-e-x-foto.jpeg\",\"contentUrl\":\"https:\/\/krajn.sk\/expo\/wp-content\/uploads\/2022\/11\/stol-h-e-x-foto.jpeg\",\"width\":2560,\"height\":1696},{\"@type\":\"BreadcrumbList\",\"@id\":\"https:\/\/krajn.sk\/expo\/sortiment\/prvky-zahradnej-architektury\/stol-h-e-x\/#breadcrumb\",\"itemListElement\":[{\"@type\":\"ListItem\",\"position\":1,\"name\":\"Home\",\"item\":\"https:\/\/krajn.sk\/expo\/\"},{\"@type\":\"ListItem\",\"position\":2,\"name\":\"Produkty\",\"item\":\"https:\/\/krajn.sk\/expo\/sortiment\/\"},{\"@type\":\"ListItem\",\"position\":3,\"name\":\"St\u00f4l H-E-X\"}]},{\"@type\":\"WebSite\",\"@id\":\"https:\/\/krajn.sk\/expo\/#website\",\"url\":\"https:\/\/krajn.sk\/expo\/\",\"name\":\"Krajn Exp\",\"description\":\"Va\u0161e stavebniny na kraji Stupavy!\",\"publisher\":{\"@id\":\"https:\/\/krajn.sk\/expo\/#organization\"},\"potentialAction\":[{\"@type\":\"SearchAction\",\"target\":{\"@type\":\"EntryPoint\",\"urlTemplate\":\"https:\/\/krajn.sk\/expo\/?s={search_term_string}\"},\"query-input\":{\"@type\":\"PropertyValueSpecification\",\"valueRequired\":true,\"valueName\":\"search_term_string\"}}],\"inLanguage\":\"sk-SK\"},{\"@type\":\"Organization\",\"@id\":\"https:\/\/krajn.sk\/expo\/#organization\",\"name\":\"Krajn Expo\",\"url\":\"https:\/\/krajn.sk\/expo\/\",\"logo\":{\"@type\":\"ImageObject\",\"inLanguage\":\"sk-SK\",\"@id\":\"https:\/\/krajn.sk\/expo\/#\/schema\/logo\/image\/\",\"url\":\"https:\/\/krajn.sk\/expo\/wp-content\/uploads\/2020\/03\/logo_expo_transparent.png\",\"contentUrl\":\"https:\/\/krajn.sk\/expo\/wp-content\/uploads\/2020\/03\/logo_expo_transparent.png\",\"width\":91,\"height\":105,\"caption\":\"Krajn Expo\"},\"image\":{\"@id\":\"https:\/\/krajn.sk\/expo\/#\/schema\/logo\/image\/\"}}]}<\/script>\n<!-- \/ Yoast SEO plugin. -->","yoast_head_json":{"title":"St\u00f4l H-E-X | Krajn Exp","robots":{"index":"index","follow":"follow","max-snippet":"max-snippet:-1","max-image-preview":"max-image-preview:large","max-video-preview":"max-video-preview:-1"},"canonical":"https:\/\/krajn.sk\/expo\/sortiment\/prvky-zahradnej-architektury\/stol-h-e-x\/","og_locale":"sk_SK","og_type":"article","og_title":"St\u00f4l H-E-X | Krajn Exp","og_description":"Bet\u00f3nov\u00fd st\u00f4l H-E-X je vhodn\u00fd pre verejn\u00e9 priestranstv\u00e1 - odpo\u010dinkov\u00e9 z\u00f3ny,pri cyklistick\u00fdch chodn\u00edkoch, benz\u00ednov\u00fdch \u010derpac\u00edch staniciach, turistick\u00fdch a \u0161portov\u00fdch objektoch alebo letn\u00fdch st\u00e1nkoch s ob\u010derstven\u00edm.&nbsp;","og_url":"https:\/\/krajn.sk\/expo\/sortiment\/prvky-zahradnej-architektury\/stol-h-e-x\/","og_site_name":"Krajn Exp","article_modified_time":"2023-01-14T21:41:46+00:00","og_image":[{"width":2560,"height":1696,"url":"https:\/\/krajn.sk\/expo\/wp-content\/uploads\/2022\/11\/stol-h-e-x-foto.jpeg","type":"image\/jpeg"}],"twitter_card":"summary_large_image","schema":{"@context":"https:\/\/schema.org","@graph":[{"@type":"WebPage","@id":"https:\/\/krajn.sk\/expo\/sortiment\/prvky-zahradnej-architektury\/stol-h-e-x\/","url":"https:\/\/krajn.sk\/expo\/sortiment\/prvky-zahradnej-architektury\/stol-h-e-x\/","name":"St\u00f4l H-E-X | Krajn Exp","isPartOf":{"@id":"https:\/\/krajn.sk\/expo\/#website"},"primaryImageOfPage":{"@id":"https:\/\/krajn.sk\/expo\/sortiment\/prvky-zahradnej-architektury\/stol-h-e-x\/#primaryimage"},"image":{"@id":"https:\/\/krajn.sk\/expo\/sortiment\/prvky-zahradnej-architektury\/stol-h-e-x\/#primaryimage"},"thumbnailUrl":"https:\/\/krajn.sk\/expo\/wp-content\/uploads\/2022\/11\/stol-h-e-x-foto.jpeg","datePublished":"2022-11-15T00:08:42+00:00","dateModified":"2023-01-14T21:41:46+00:00","breadcrumb":{"@id":"https:\/\/krajn.sk\/expo\/sortiment\/prvky-zahradnej-architektury\/stol-h-e-x\/#breadcrumb"},"inLanguage":"sk-SK","potentialAction":[{"@type":"ReadAction","target":["https:\/\/krajn.sk\/expo\/sortiment\/prvky-zahradnej-architektury\/stol-h-e-x\/"]}]},{"@type":"ImageObject","inLanguage":"sk-SK","@id":"https:\/\/krajn.sk\/expo\/sortiment\/prvky-zahradnej-architektury\/stol-h-e-x\/#primaryimage","url":"https:\/\/krajn.sk\/expo\/wp-content\/uploads\/2022\/11\/stol-h-e-x-foto.jpeg","contentUrl":"https:\/\/krajn.sk\/expo\/wp-content\/uploads\/2022\/11\/stol-h-e-x-foto.jpeg","width":2560,"height":1696},{"@type":"BreadcrumbList","@id":"https:\/\/krajn.sk\/expo\/sortiment\/prvky-zahradnej-architektury\/stol-h-e-x\/#breadcrumb","itemListElement":[{"@type":"ListItem","position":1,"name":"Home","item":"https:\/\/krajn.sk\/expo\/"},{"@type":"ListItem","position":2,"name":"Produkty","item":"https:\/\/krajn.sk\/expo\/sortiment\/"},{"@type":"ListItem","position":3,"name":"St\u00f4l H-E-X"}]},{"@type":"WebSite","@id":"https:\/\/krajn.sk\/expo\/#website","url":"https:\/\/krajn.sk\/expo\/","name":"Krajn Exp","description":"Va\u0161e stavebniny na kraji Stupavy!","publisher":{"@id":"https:\/\/krajn.sk\/expo\/#organization"},"potentialAction":[{"@type":"SearchAction","target":{"@type":"EntryPoint","urlTemplate":"https:\/\/krajn.sk\/expo\/?s={search_term_string}"},"query-input":{"@type":"PropertyValueSpecification","valueRequired":true,"valueName":"search_term_string"}}],"inLanguage":"sk-SK"},{"@type":"Organization","@id":"https:\/\/krajn.sk\/expo\/#organization","name":"Krajn Expo","url":"https:\/\/krajn.sk\/expo\/","logo":{"@type":"ImageObject","inLanguage":"sk-SK","@id":"https:\/\/krajn.sk\/expo\/#\/schema\/logo\/image\/","url":"https:\/\/krajn.sk\/expo\/wp-content\/uploads\/2020\/03\/logo_expo_transparent.png","contentUrl":"https:\/\/krajn.sk\/expo\/wp-content\/uploads\/2020\/03\/logo_expo_transparent.png","width":91,"height":105,"caption":"Krajn Expo"},"image":{"@id":"https:\/\/krajn.sk\/expo\/#\/schema\/logo\/image\/"}}]}},"_links":{"self":[{"href":"https:\/\/krajn.sk\/expo\/wp-json\/wp\/v2\/product\/12953"}],"collection":[{"href":"https:\/\/krajn.sk\/expo\/wp-json\/wp\/v2\/product"}],"about":[{"href":"https:\/\/krajn.sk\/expo\/wp-json\/wp\/v2\/types\/product"}],"version-history":[{"count":0,"href":"https:\/\/krajn.sk\/expo\/wp-json\/wp\/v2\/product\/12953\/revisions"}],"wp:featuredmedia":[{"embeddable":true,"href":"https:\/\/krajn.sk\/expo\/wp-json\/wp\/v2\/media\/12954"}],"wp:attachment":[{"href":"https:\/\/krajn.sk\/expo\/wp-json\/wp\/v2\/media?parent=12953"}],"wp:term":[{"taxonomy":"product_brand","embeddable":true,"href":"https:\/\/krajn.sk\/expo\/wp-json\/wp\/v2\/product_brand?post=12953"},{"taxonomy":"product_cat","embeddable":true,"href":"https:\/\/krajn.sk\/expo\/wp-json\/wp\/v2\/product_cat?post=12953"},{"taxonomy":"product_tag","embeddable":true,"href":"https:\/\/krajn.sk\/expo\/wp-json\/wp\/v2\/product_tag?post=12953"}],"curies":[{"name":"wp","href":"https:\/\/api.w.org\/{rel}","templated":true}]}}