{"id":5827,"date":"2020-05-20T13:36:42","date_gmt":"2020-05-20T11:36:42","guid":{"rendered":"http:\/\/localhost\/wordpress\/sortiment\/nezaraden\u00e9\/klasiko-aquaflair\/"},"modified":"2023-03-25T21:35:11","modified_gmt":"2023-03-25T20:35:11","slug":"klasiko-aquaflair","status":"publish","type":"product","link":"https:\/\/krajn.sk\/expo\/sortiment\/dlazba-a-terasove-platne\/betonova-dlazba\/klasiko-aquaflair\/","title":{"rendered":"Klasiko Aquaflair"},"content":{"rendered":"<p>Klasiko\u00ae aquaflair &#8211; jednoduch\u00fd tvar a rovn\u00e9 l\u00ednie. Vym\u00fdvan\u00fd povrch vyzdvihuje jeho eleganciu. To v\u0161etko v odtie\u0148och sivej \u017euly, l\u00e1vovej hnedej, grafitov\u00e9ho \u010dadi\u010da a bieleho mramoru.<\/p>\n<p><img decoding=\"async\" src=\"http:\/\/krajn.sk\/expo\/wp-content\/uploads\/2020\/05\/klasiko-aquaflair-kombiformat.jpg\" alt=\"kombiformat\"><\/p>\n<p>Pri odbere neucelenej palety sa \u00fa\u010dtuje <strong>poplatok 12\u20ac<\/strong>.<\/p>\n","protected":false},"excerpt":{"rendered":"<p><strong>Elegantn\u00e1 a funk\u010dn\u00e1<\/strong><br \/>\nOd\u013eah\u010den\u00fd vzh\u013ead vym\u00fdvan\u00e9ho povrchu s \u010diernym kamenivom dla\u017eby Klasiko\u00ae aquaflair p\u00f4sob\u00ed ve\u013emi elegantne v\u010faka jednoduch\u00fdm tvarom a klasickej l\u00ednii.<\/p>\n<p>Dla\u017ebu Klasiko Aquaflair pred\u00e1vame iba po vrstv\u00e1ch<\/p>\n","protected":false},"featured_media":7911,"template":"","meta":{"inline_featured_image":false,"site-sidebar-layout":"default","site-content-layout":"","ast-site-content-layout":"","site-content-style":"default","site-sidebar-style":"default","ast-global-header-display":"","ast-banner-title-visibility":"","ast-main-header-display":"","ast-hfb-above-header-display":"","ast-hfb-below-header-display":"","ast-hfb-mobile-header-display":"","site-post-title":"","ast-breadcrumbs-content":"","ast-featured-img":"","footer-sml-layout":"","theme-transparent-header-meta":"","adv-header-id-meta":"","stick-header-meta":"","header-above-stick-meta":"","header-main-stick-meta":"","header-below-stick-meta":"","astra-migrate-meta-layouts":"default","ast-page-background-enabled":"default","ast-page-background-meta":{"desktop":{"background-color":"var(--ast-global-color-4)","background-image":"","background-repeat":"repeat","background-position":"center center","background-size":"auto","background-attachment":"scroll","background-type":"","background-media":"","overlay-type":"","overlay-color":"","overlay-opacity":"","overlay-gradient":""},"tablet":{"background-color":"","background-image":"","background-repeat":"repeat","background-position":"center center","background-size":"auto","background-attachment":"scroll","background-type":"","background-media":"","overlay-type":"","overlay-color":"","overlay-opacity":"","overlay-gradient":""},"mobile":{"background-color":"","background-image":"","background-repeat":"repeat","background-position":"center center","background-size":"auto","background-attachment":"scroll","background-type":"","background-media":"","overlay-type":"","overlay-color":"","overlay-opacity":"","overlay-gradient":""}},"ast-content-background-meta":{"desktop":{"background-color":"var(--ast-global-color-5)","background-image":"","background-repeat":"repeat","background-position":"center center","background-size":"auto","background-attachment":"scroll","background-type":"","background-media":"","overlay-type":"","overlay-color":"","overlay-opacity":"","overlay-gradient":""},"tablet":{"background-color":"var(--ast-global-color-5)","background-image":"","background-repeat":"repeat","background-position":"center center","background-size":"auto","background-attachment":"scroll","background-type":"","background-media":"","overlay-type":"","overlay-color":"","overlay-opacity":"","overlay-gradient":""},"mobile":{"background-color":"var(--ast-global-color-5)","background-image":"","background-repeat":"repeat","background-position":"center center","background-size":"auto","background-attachment":"scroll","background-type":"","background-media":"","overlay-type":"","overlay-color":"","overlay-opacity":"","overlay-gradient":""}},"ngg_post_thumbnail":0},"product_brand":[],"product_cat":[232],"product_tag":[164],"class_list":{"0":"post-5827","1":"product","2":"type-product","3":"status-publish","4":"has-post-thumbnail","6":"product_cat-betonova-dlazba","7":"product_tag-premac","8":"pa_dodavatelia-premac","9":"desktop-align-left","10":"tablet-align-left","11":"mobile-align-left","13":"first","14":"instock","15":"taxable","16":"shipping-taxable","17":"purchasable","18":"product-type-variable","19":"has-default-attributes"},"yoast_head":"<!-- This site is optimized with the Yoast SEO plugin v24.8.1 - https:\/\/yoast.com\/wordpress\/plugins\/seo\/ -->\n<title>Klasiko Aquaflair | Krajn Exp<\/title>\n<meta name=\"robots\" content=\"index, follow, max-snippet:-1, max-image-preview:large, max-video-preview:-1\" \/>\n<link rel=\"canonical\" href=\"https:\/\/krajn.sk\/expo\/sortiment\/dlazba-a-terasove-platne\/betonova-dlazba\/klasiko-aquaflair\/\" \/>\n<meta property=\"og:locale\" content=\"sk_SK\" \/>\n<meta property=\"og:type\" content=\"article\" \/>\n<meta property=\"og:title\" content=\"Klasiko Aquaflair | Krajn Exp\" \/>\n<meta property=\"og:description\" content=\"Elegantn\u00e1 a funk\u010dn\u00e1 Od\u013eah\u010den\u00fd vzh\u013ead vym\u00fdvan\u00e9ho povrchu s \u010diernym kamenivom dla\u017eby Klasiko\u00ae aquaflair p\u00f4sob\u00ed ve\u013emi elegantne v\u010faka jednoduch\u00fdm tvarom a klasickej l\u00ednii.  Dla\u017ebu Klasiko Aquaflair pred\u00e1vame iba po vrstv\u00e1ch\" \/>\n<meta property=\"og:url\" content=\"https:\/\/krajn.sk\/expo\/sortiment\/dlazba-a-terasove-platne\/betonova-dlazba\/klasiko-aquaflair\/\" \/>\n<meta property=\"og:site_name\" content=\"Krajn Exp\" \/>\n<meta property=\"article:modified_time\" content=\"2023-03-25T20:35:11+00:00\" \/>\n<meta property=\"og:image\" content=\"https:\/\/krajn.sk\/expo\/wp-content\/uploads\/2021\/02\/klasiko-aquaflair-foto.jpg\" \/>\n\t<meta property=\"og:image:width\" content=\"1291\" \/>\n\t<meta property=\"og:image:height\" content=\"860\" \/>\n\t<meta property=\"og:image:type\" content=\"image\/jpeg\" \/>\n<meta name=\"twitter:card\" content=\"summary_large_image\" \/>\n<meta name=\"twitter:label1\" content=\"Predpokladan\u00fd \u010das \u010d\u00edtania\" \/>\n\t<meta name=\"twitter:data1\" content=\"1 min\u00fata\" \/>\n<script type=\"application\/ld+json\" class=\"yoast-schema-graph\">{\"@context\":\"https:\/\/schema.org\",\"@graph\":[{\"@type\":\"WebPage\",\"@id\":\"https:\/\/krajn.sk\/expo\/sortiment\/dlazba-a-terasove-platne\/betonova-dlazba\/klasiko-aquaflair\/\",\"url\":\"https:\/\/krajn.sk\/expo\/sortiment\/dlazba-a-terasove-platne\/betonova-dlazba\/klasiko-aquaflair\/\",\"name\":\"Klasiko Aquaflair | Krajn Exp\",\"isPartOf\":{\"@id\":\"https:\/\/krajn.sk\/expo\/#website\"},\"primaryImageOfPage\":{\"@id\":\"https:\/\/krajn.sk\/expo\/sortiment\/dlazba-a-terasove-platne\/betonova-dlazba\/klasiko-aquaflair\/#primaryimage\"},\"image\":{\"@id\":\"https:\/\/krajn.sk\/expo\/sortiment\/dlazba-a-terasove-platne\/betonova-dlazba\/klasiko-aquaflair\/#primaryimage\"},\"thumbnailUrl\":\"https:\/\/krajn.sk\/expo\/wp-content\/uploads\/2021\/02\/klasiko-aquaflair-foto.jpg\",\"datePublished\":\"2020-05-20T11:36:42+00:00\",\"dateModified\":\"2023-03-25T20:35:11+00:00\",\"breadcrumb\":{\"@id\":\"https:\/\/krajn.sk\/expo\/sortiment\/dlazba-a-terasove-platne\/betonova-dlazba\/klasiko-aquaflair\/#breadcrumb\"},\"inLanguage\":\"sk-SK\",\"potentialAction\":[{\"@type\":\"ReadAction\",\"target\":[\"https:\/\/krajn.sk\/expo\/sortiment\/dlazba-a-terasove-platne\/betonova-dlazba\/klasiko-aquaflair\/\"]}]},{\"@type\":\"ImageObject\",\"inLanguage\":\"sk-SK\",\"@id\":\"https:\/\/krajn.sk\/expo\/sortiment\/dlazba-a-terasove-platne\/betonova-dlazba\/klasiko-aquaflair\/#primaryimage\",\"url\":\"https:\/\/krajn.sk\/expo\/wp-content\/uploads\/2021\/02\/klasiko-aquaflair-foto.jpg\",\"contentUrl\":\"https:\/\/krajn.sk\/expo\/wp-content\/uploads\/2021\/02\/klasiko-aquaflair-foto.jpg\",\"width\":1291,\"height\":860},{\"@type\":\"BreadcrumbList\",\"@id\":\"https:\/\/krajn.sk\/expo\/sortiment\/dlazba-a-terasove-platne\/betonova-dlazba\/klasiko-aquaflair\/#breadcrumb\",\"itemListElement\":[{\"@type\":\"ListItem\",\"position\":1,\"name\":\"Home\",\"item\":\"https:\/\/krajn.sk\/expo\/\"},{\"@type\":\"ListItem\",\"position\":2,\"name\":\"Produkty\",\"item\":\"https:\/\/krajn.sk\/expo\/sortiment\/\"},{\"@type\":\"ListItem\",\"position\":3,\"name\":\"Klasiko Aquaflair\"}]},{\"@type\":\"WebSite\",\"@id\":\"https:\/\/krajn.sk\/expo\/#website\",\"url\":\"https:\/\/krajn.sk\/expo\/\",\"name\":\"Krajn Exp\",\"description\":\"Va\u0161e stavebniny na kraji Stupavy!\",\"publisher\":{\"@id\":\"https:\/\/krajn.sk\/expo\/#organization\"},\"potentialAction\":[{\"@type\":\"SearchAction\",\"target\":{\"@type\":\"EntryPoint\",\"urlTemplate\":\"https:\/\/krajn.sk\/expo\/?s={search_term_string}\"},\"query-input\":{\"@type\":\"PropertyValueSpecification\",\"valueRequired\":true,\"valueName\":\"search_term_string\"}}],\"inLanguage\":\"sk-SK\"},{\"@type\":\"Organization\",\"@id\":\"https:\/\/krajn.sk\/expo\/#organization\",\"name\":\"Krajn Expo\",\"url\":\"https:\/\/krajn.sk\/expo\/\",\"logo\":{\"@type\":\"ImageObject\",\"inLanguage\":\"sk-SK\",\"@id\":\"https:\/\/krajn.sk\/expo\/#\/schema\/logo\/image\/\",\"url\":\"https:\/\/krajn.sk\/expo\/wp-content\/uploads\/2020\/03\/logo_expo_transparent.png\",\"contentUrl\":\"https:\/\/krajn.sk\/expo\/wp-content\/uploads\/2020\/03\/logo_expo_transparent.png\",\"width\":91,\"height\":105,\"caption\":\"Krajn Expo\"},\"image\":{\"@id\":\"https:\/\/krajn.sk\/expo\/#\/schema\/logo\/image\/\"}}]}<\/script>\n<!-- \/ Yoast SEO plugin. -->","yoast_head_json":{"title":"Klasiko Aquaflair | Krajn Exp","robots":{"index":"index","follow":"follow","max-snippet":"max-snippet:-1","max-image-preview":"max-image-preview:large","max-video-preview":"max-video-preview:-1"},"canonical":"https:\/\/krajn.sk\/expo\/sortiment\/dlazba-a-terasove-platne\/betonova-dlazba\/klasiko-aquaflair\/","og_locale":"sk_SK","og_type":"article","og_title":"Klasiko Aquaflair | Krajn Exp","og_description":"Elegantn\u00e1 a funk\u010dn\u00e1 Od\u013eah\u010den\u00fd vzh\u013ead vym\u00fdvan\u00e9ho povrchu s \u010diernym kamenivom dla\u017eby Klasiko\u00ae aquaflair p\u00f4sob\u00ed ve\u013emi elegantne v\u010faka jednoduch\u00fdm tvarom a klasickej l\u00ednii.  Dla\u017ebu Klasiko Aquaflair pred\u00e1vame iba po vrstv\u00e1ch","og_url":"https:\/\/krajn.sk\/expo\/sortiment\/dlazba-a-terasove-platne\/betonova-dlazba\/klasiko-aquaflair\/","og_site_name":"Krajn Exp","article_modified_time":"2023-03-25T20:35:11+00:00","og_image":[{"width":1291,"height":860,"url":"https:\/\/krajn.sk\/expo\/wp-content\/uploads\/2021\/02\/klasiko-aquaflair-foto.jpg","type":"image\/jpeg"}],"twitter_card":"summary_large_image","twitter_misc":{"Predpokladan\u00fd \u010das \u010d\u00edtania":"1 min\u00fata"},"schema":{"@context":"https:\/\/schema.org","@graph":[{"@type":"WebPage","@id":"https:\/\/krajn.sk\/expo\/sortiment\/dlazba-a-terasove-platne\/betonova-dlazba\/klasiko-aquaflair\/","url":"https:\/\/krajn.sk\/expo\/sortiment\/dlazba-a-terasove-platne\/betonova-dlazba\/klasiko-aquaflair\/","name":"Klasiko Aquaflair | Krajn Exp","isPartOf":{"@id":"https:\/\/krajn.sk\/expo\/#website"},"primaryImageOfPage":{"@id":"https:\/\/krajn.sk\/expo\/sortiment\/dlazba-a-terasove-platne\/betonova-dlazba\/klasiko-aquaflair\/#primaryimage"},"image":{"@id":"https:\/\/krajn.sk\/expo\/sortiment\/dlazba-a-terasove-platne\/betonova-dlazba\/klasiko-aquaflair\/#primaryimage"},"thumbnailUrl":"https:\/\/krajn.sk\/expo\/wp-content\/uploads\/2021\/02\/klasiko-aquaflair-foto.jpg","datePublished":"2020-05-20T11:36:42+00:00","dateModified":"2023-03-25T20:35:11+00:00","breadcrumb":{"@id":"https:\/\/krajn.sk\/expo\/sortiment\/dlazba-a-terasove-platne\/betonova-dlazba\/klasiko-aquaflair\/#breadcrumb"},"inLanguage":"sk-SK","potentialAction":[{"@type":"ReadAction","target":["https:\/\/krajn.sk\/expo\/sortiment\/dlazba-a-terasove-platne\/betonova-dlazba\/klasiko-aquaflair\/"]}]},{"@type":"ImageObject","inLanguage":"sk-SK","@id":"https:\/\/krajn.sk\/expo\/sortiment\/dlazba-a-terasove-platne\/betonova-dlazba\/klasiko-aquaflair\/#primaryimage","url":"https:\/\/krajn.sk\/expo\/wp-content\/uploads\/2021\/02\/klasiko-aquaflair-foto.jpg","contentUrl":"https:\/\/krajn.sk\/expo\/wp-content\/uploads\/2021\/02\/klasiko-aquaflair-foto.jpg","width":1291,"height":860},{"@type":"BreadcrumbList","@id":"https:\/\/krajn.sk\/expo\/sortiment\/dlazba-a-terasove-platne\/betonova-dlazba\/klasiko-aquaflair\/#breadcrumb","itemListElement":[{"@type":"ListItem","position":1,"name":"Home","item":"https:\/\/krajn.sk\/expo\/"},{"@type":"ListItem","position":2,"name":"Produkty","item":"https:\/\/krajn.sk\/expo\/sortiment\/"},{"@type":"ListItem","position":3,"name":"Klasiko Aquaflair"}]},{"@type":"WebSite","@id":"https:\/\/krajn.sk\/expo\/#website","url":"https:\/\/krajn.sk\/expo\/","name":"Krajn Exp","description":"Va\u0161e stavebniny na kraji Stupavy!","publisher":{"@id":"https:\/\/krajn.sk\/expo\/#organization"},"potentialAction":[{"@type":"SearchAction","target":{"@type":"EntryPoint","urlTemplate":"https:\/\/krajn.sk\/expo\/?s={search_term_string}"},"query-input":{"@type":"PropertyValueSpecification","valueRequired":true,"valueName":"search_term_string"}}],"inLanguage":"sk-SK"},{"@type":"Organization","@id":"https:\/\/krajn.sk\/expo\/#organization","name":"Krajn Expo","url":"https:\/\/krajn.sk\/expo\/","logo":{"@type":"ImageObject","inLanguage":"sk-SK","@id":"https:\/\/krajn.sk\/expo\/#\/schema\/logo\/image\/","url":"https:\/\/krajn.sk\/expo\/wp-content\/uploads\/2020\/03\/logo_expo_transparent.png","contentUrl":"https:\/\/krajn.sk\/expo\/wp-content\/uploads\/2020\/03\/logo_expo_transparent.png","width":91,"height":105,"caption":"Krajn Expo"},"image":{"@id":"https:\/\/krajn.sk\/expo\/#\/schema\/logo\/image\/"}}]}},"_links":{"self":[{"href":"https:\/\/krajn.sk\/expo\/wp-json\/wp\/v2\/product\/5827"}],"collection":[{"href":"https:\/\/krajn.sk\/expo\/wp-json\/wp\/v2\/product"}],"about":[{"href":"https:\/\/krajn.sk\/expo\/wp-json\/wp\/v2\/types\/product"}],"version-history":[{"count":1,"href":"https:\/\/krajn.sk\/expo\/wp-json\/wp\/v2\/product\/5827\/revisions"}],"predecessor-version":[{"id":5850,"href":"https:\/\/krajn.sk\/expo\/wp-json\/wp\/v2\/product\/5827\/revisions\/5850"}],"wp:featuredmedia":[{"embeddable":true,"href":"https:\/\/krajn.sk\/expo\/wp-json\/wp\/v2\/media\/7911"}],"wp:attachment":[{"href":"https:\/\/krajn.sk\/expo\/wp-json\/wp\/v2\/media?parent=5827"}],"wp:term":[{"taxonomy":"product_brand","embeddable":true,"href":"https:\/\/krajn.sk\/expo\/wp-json\/wp\/v2\/product_brand?post=5827"},{"taxonomy":"product_cat","embeddable":true,"href":"https:\/\/krajn.sk\/expo\/wp-json\/wp\/v2\/product_cat?post=5827"},{"taxonomy":"product_tag","embeddable":true,"href":"https:\/\/krajn.sk\/expo\/wp-json\/wp\/v2\/product_tag?post=5827"}],"curies":[{"name":"wp","href":"https:\/\/api.w.org\/{rel}","templated":true}]}}