{"id":5980,"date":"2020-07-06T16:23:41","date_gmt":"2020-07-06T14:23:41","guid":{"rendered":"http:\/\/krajn.sk\/test\/?post_type=product&#038;p=5980"},"modified":"2023-03-23T22:32:32","modified_gmt":"2023-03-23T21:32:32","slug":"arret-vg4","status":"publish","type":"product","link":"https:\/\/krajn.sk\/expo\/sortiment\/dlazba-a-terasove-platne\/betonova-dlazba\/arret-vg4\/","title":{"rendered":"Arret VG4"},"content":{"rendered":"<p><strong>ARRET VG4 \u016015 s hr\u00fabkou 6cm<\/strong> sa pred\u00e1va vo v\u0161etk\u00fdch vyobrazen\u00fdch farb\u00e1ch okrem u\u0161\u013eachtil\u00e9 kamenivo \u017eulov\u00e9 siv\u00e9, platina tie\u0148ovan\u00e1 a kovovo \u0161ed\u00e1 tie\u0148ovan\u00e1<\/p>\n<p><strong>ARRET VG4 \u016015 s hr\u00fabkou 8cm<\/strong> sa pred\u00e1va vo farb\u00e1ch siv\u00e1, \u010dadi\u010d tie\u0148ovan\u00fd, \u013eadovo siv\u00e1 tie\u0148ovan\u00e1, \u017eulovo siv\u00e1 tie\u0148ovan\u00e1, v\u00e1penec last\u00farnikov\u00fd a vulcano tie\u0148ovan\u00e9<\/p>\n<p><strong>ARRET VG4 \u016020 s hr\u00fabkou 6cm<\/strong> sa pred\u00e1va vo farb\u00e1ch antracitov\u00e1 tie\u0148ovan\u00e1, \u010dadi\u010d tie\u0148ovan\u00fd, \u013eadovo siv\u00e1 tie\u0148ovan\u00e1, \u017eulovo siv\u00e1 tie\u0148ovan\u00e1, v\u00e1penec last\u00farnikov\u00fd a u\u0161\u013eachtil\u00e9 kamenivo \u017eulov\u00e9 siv\u00e9<\/p>\n<p><strong>ARRET VG4 \u016020 s hr\u00fabkou 8cm<\/strong> sa pred\u00e1va vo farb\u00e1ch \u010dadi\u010d tie\u0148ovan\u00fd, \u013eadovo siv\u00e1 tie\u0148ovan\u00e1, \u017eulovo siv\u00e1 tie\u0148ovan\u00e1 a v\u00e1penec last\u00farnikov\u00fd<\/p>\n<p><strong>ARRET VG4 \u016025 s hr\u00fabkou 8cm a 6cm<\/strong> sa pred\u00e1va vo farb\u00e1ch \u010dadi\u010d tie\u0148ovan\u00fd, \u013eadovo siv\u00e1 tie\u0148ovan\u00e1, \u017eulovo siv\u00e1 tie\u0148ovan\u00e1, platina tie\u0148ovan\u00e1 a kovovo \u0161ed\u00e1 tie\u0148ovan\u00e1<\/p>\n<ul class=\"datalisting\">\n<li>mo\u017eno poklada\u0165 strojovo (8 a 10 cm), s cie\u013eom dosiahnu\u0165 dobr\u00fd vizu\u00e1lny v\u00fdsledok Friedl Steinwerke neodpor\u00fa\u010da poklada\u0165 strojovo tie\u0148ovan\u00e9 kamene<\/li>\n<li>v celej hr\u00fabke odoln\u00e9 vo\u010di mrazu a posypovej soli<\/li>\n<li>zv\u00fd\u0161en\u00e1 odolnos\u0165 vo\u010di odieraniu<\/li>\n<li>zabezpe\u010den\u00e9 proti posunutiu (VG4) \u2013 stabilita ulo\u017eenia na z\u00e1klade vylep\u0161en\u00e9ho syst\u00e9mu ozubenia<\/li>\n<li>Form\u00e1ty mo\u017eno doda\u0165 iba <strong>zmie\u0161an\u00e9<\/strong><\/li>\n<\/ul>\n<p>Pri odbere neucelenej polovi\u010dnej palety sa \u00fa\u010dtuje <strong>poplatok 18.40\u20ac<\/strong><\/p>\n","protected":false},"excerpt":{"rendered":"<p>Strohos\u0165, elegancia a univerz\u00e1lna pou\u017eite\u013enos\u0165 robia z kombinovanej dla\u017eby Arret VG4 mimoriadne ob\u013e\u00faben\u00fa dla\u017ebu. V s\u00fakromnej modernej bytovej v\u00fdstavbe je t\u00e1to dla\u017eba ide\u00e1lna pre \u010disto a jednoducho navrhnut\u00e9 objekty.<\/p>\n","protected":false},"featured_media":6622,"template":"","meta":{"inline_featured_image":false,"site-sidebar-layout":"default","site-content-layout":"","ast-site-content-layout":"","site-content-style":"default","site-sidebar-style":"default","ast-global-header-display":"","ast-banner-title-visibility":"","ast-main-header-display":"","ast-hfb-above-header-display":"","ast-hfb-below-header-display":"","ast-hfb-mobile-header-display":"","site-post-title":"","ast-breadcrumbs-content":"","ast-featured-img":"","footer-sml-layout":"","theme-transparent-header-meta":"","adv-header-id-meta":"","stick-header-meta":"","header-above-stick-meta":"","header-main-stick-meta":"","header-below-stick-meta":"","astra-migrate-meta-layouts":"default","ast-page-background-enabled":"default","ast-page-background-meta":{"desktop":{"background-color":"var(--ast-global-color-4)","background-image":"","background-repeat":"repeat","background-position":"center center","background-size":"auto","background-attachment":"scroll","background-type":"","background-media":"","overlay-type":"","overlay-color":"","overlay-opacity":"","overlay-gradient":""},"tablet":{"background-color":"","background-image":"","background-repeat":"repeat","background-position":"center center","background-size":"auto","background-attachment":"scroll","background-type":"","background-media":"","overlay-type":"","overlay-color":"","overlay-opacity":"","overlay-gradient":""},"mobile":{"background-color":"","background-image":"","background-repeat":"repeat","background-position":"center center","background-size":"auto","background-attachment":"scroll","background-type":"","background-media":"","overlay-type":"","overlay-color":"","overlay-opacity":"","overlay-gradient":""}},"ast-content-background-meta":{"desktop":{"background-color":"var(--ast-global-color-5)","background-image":"","background-repeat":"repeat","background-position":"center center","background-size":"auto","background-attachment":"scroll","background-type":"","background-media":"","overlay-type":"","overlay-color":"","overlay-opacity":"","overlay-gradient":""},"tablet":{"background-color":"var(--ast-global-color-5)","background-image":"","background-repeat":"repeat","background-position":"center center","background-size":"auto","background-attachment":"scroll","background-type":"","background-media":"","overlay-type":"","overlay-color":"","overlay-opacity":"","overlay-gradient":""},"mobile":{"background-color":"var(--ast-global-color-5)","background-image":"","background-repeat":"repeat","background-position":"center center","background-size":"auto","background-attachment":"scroll","background-type":"","background-media":"","overlay-type":"","overlay-color":"","overlay-opacity":"","overlay-gradient":""}},"ngg_post_thumbnail":0},"product_brand":[],"product_cat":[232],"product_tag":[157],"class_list":{"0":"post-5980","1":"product","2":"type-product","3":"status-publish","4":"has-post-thumbnail","6":"product_cat-betonova-dlazba","7":"product_tag-friedl","8":"pa_dodavatelia-friedl","9":"desktop-align-left","10":"tablet-align-left","11":"mobile-align-left","13":"first","14":"instock","15":"taxable","16":"shipping-taxable","17":"purchasable","18":"product-type-variable","19":"has-default-attributes"},"yoast_head":"<!-- This site is optimized with the Yoast SEO plugin v24.8.1 - https:\/\/yoast.com\/wordpress\/plugins\/seo\/ -->\n<title>Arret VG4 | Krajn Exp<\/title>\n<meta name=\"robots\" content=\"index, follow, max-snippet:-1, max-image-preview:large, max-video-preview:-1\" \/>\n<link rel=\"canonical\" href=\"https:\/\/krajn.sk\/expo\/sortiment\/dlazba-a-terasove-platne\/betonova-dlazba\/arret-vg4\/\" \/>\n<meta property=\"og:locale\" content=\"sk_SK\" \/>\n<meta property=\"og:type\" content=\"article\" \/>\n<meta property=\"og:title\" content=\"Arret VG4 | Krajn Exp\" \/>\n<meta property=\"og:description\" content=\"Strohos\u0165, elegancia a univerz\u00e1lna pou\u017eite\u013enos\u0165 robia z kombinovanej dla\u017eby Arret VG4 mimoriadne ob\u013e\u00faben\u00fa dla\u017ebu. V s\u00fakromnej modernej bytovej v\u00fdstavbe je t\u00e1to dla\u017eba ide\u00e1lna pre \u010disto a jednoducho navrhnut\u00e9 objekty.\" \/>\n<meta property=\"og:url\" content=\"https:\/\/krajn.sk\/expo\/sortiment\/dlazba-a-terasove-platne\/betonova-dlazba\/arret-vg4\/\" \/>\n<meta property=\"og:site_name\" content=\"Krajn Exp\" \/>\n<meta property=\"article:modified_time\" content=\"2023-03-23T21:32:32+00:00\" \/>\n<meta property=\"og:image\" content=\"https:\/\/krajn.sk\/expo\/wp-content\/uploads\/2020\/12\/arret-vg42.jpg\" \/>\n\t<meta property=\"og:image:width\" content=\"500\" \/>\n\t<meta property=\"og:image:height\" content=\"500\" \/>\n\t<meta property=\"og:image:type\" content=\"image\/jpeg\" \/>\n<meta name=\"twitter:card\" content=\"summary_large_image\" \/>\n<meta name=\"twitter:label1\" content=\"Predpokladan\u00fd \u010das \u010d\u00edtania\" \/>\n\t<meta name=\"twitter:data1\" content=\"1 min\u00fata\" \/>\n<script type=\"application\/ld+json\" class=\"yoast-schema-graph\">{\"@context\":\"https:\/\/schema.org\",\"@graph\":[{\"@type\":\"WebPage\",\"@id\":\"https:\/\/krajn.sk\/expo\/sortiment\/dlazba-a-terasove-platne\/betonova-dlazba\/arret-vg4\/\",\"url\":\"https:\/\/krajn.sk\/expo\/sortiment\/dlazba-a-terasove-platne\/betonova-dlazba\/arret-vg4\/\",\"name\":\"Arret VG4 | Krajn Exp\",\"isPartOf\":{\"@id\":\"https:\/\/krajn.sk\/expo\/#website\"},\"primaryImageOfPage\":{\"@id\":\"https:\/\/krajn.sk\/expo\/sortiment\/dlazba-a-terasove-platne\/betonova-dlazba\/arret-vg4\/#primaryimage\"},\"image\":{\"@id\":\"https:\/\/krajn.sk\/expo\/sortiment\/dlazba-a-terasove-platne\/betonova-dlazba\/arret-vg4\/#primaryimage\"},\"thumbnailUrl\":\"https:\/\/krajn.sk\/expo\/wp-content\/uploads\/2020\/12\/arret-vg42.jpg\",\"datePublished\":\"2020-07-06T14:23:41+00:00\",\"dateModified\":\"2023-03-23T21:32:32+00:00\",\"breadcrumb\":{\"@id\":\"https:\/\/krajn.sk\/expo\/sortiment\/dlazba-a-terasove-platne\/betonova-dlazba\/arret-vg4\/#breadcrumb\"},\"inLanguage\":\"sk-SK\",\"potentialAction\":[{\"@type\":\"ReadAction\",\"target\":[\"https:\/\/krajn.sk\/expo\/sortiment\/dlazba-a-terasove-platne\/betonova-dlazba\/arret-vg4\/\"]}]},{\"@type\":\"ImageObject\",\"inLanguage\":\"sk-SK\",\"@id\":\"https:\/\/krajn.sk\/expo\/sortiment\/dlazba-a-terasove-platne\/betonova-dlazba\/arret-vg4\/#primaryimage\",\"url\":\"https:\/\/krajn.sk\/expo\/wp-content\/uploads\/2020\/12\/arret-vg42.jpg\",\"contentUrl\":\"https:\/\/krajn.sk\/expo\/wp-content\/uploads\/2020\/12\/arret-vg42.jpg\",\"width\":500,\"height\":500},{\"@type\":\"BreadcrumbList\",\"@id\":\"https:\/\/krajn.sk\/expo\/sortiment\/dlazba-a-terasove-platne\/betonova-dlazba\/arret-vg4\/#breadcrumb\",\"itemListElement\":[{\"@type\":\"ListItem\",\"position\":1,\"name\":\"Home\",\"item\":\"https:\/\/krajn.sk\/expo\/\"},{\"@type\":\"ListItem\",\"position\":2,\"name\":\"Produkty\",\"item\":\"https:\/\/krajn.sk\/expo\/sortiment\/\"},{\"@type\":\"ListItem\",\"position\":3,\"name\":\"Arret VG4\"}]},{\"@type\":\"WebSite\",\"@id\":\"https:\/\/krajn.sk\/expo\/#website\",\"url\":\"https:\/\/krajn.sk\/expo\/\",\"name\":\"Krajn Exp\",\"description\":\"Va\u0161e stavebniny na kraji Stupavy!\",\"publisher\":{\"@id\":\"https:\/\/krajn.sk\/expo\/#organization\"},\"potentialAction\":[{\"@type\":\"SearchAction\",\"target\":{\"@type\":\"EntryPoint\",\"urlTemplate\":\"https:\/\/krajn.sk\/expo\/?s={search_term_string}\"},\"query-input\":{\"@type\":\"PropertyValueSpecification\",\"valueRequired\":true,\"valueName\":\"search_term_string\"}}],\"inLanguage\":\"sk-SK\"},{\"@type\":\"Organization\",\"@id\":\"https:\/\/krajn.sk\/expo\/#organization\",\"name\":\"Krajn Expo\",\"url\":\"https:\/\/krajn.sk\/expo\/\",\"logo\":{\"@type\":\"ImageObject\",\"inLanguage\":\"sk-SK\",\"@id\":\"https:\/\/krajn.sk\/expo\/#\/schema\/logo\/image\/\",\"url\":\"https:\/\/krajn.sk\/expo\/wp-content\/uploads\/2020\/03\/logo_expo_transparent.png\",\"contentUrl\":\"https:\/\/krajn.sk\/expo\/wp-content\/uploads\/2020\/03\/logo_expo_transparent.png\",\"width\":91,\"height\":105,\"caption\":\"Krajn Expo\"},\"image\":{\"@id\":\"https:\/\/krajn.sk\/expo\/#\/schema\/logo\/image\/\"}}]}<\/script>\n<!-- \/ Yoast SEO plugin. -->","yoast_head_json":{"title":"Arret VG4 | Krajn Exp","robots":{"index":"index","follow":"follow","max-snippet":"max-snippet:-1","max-image-preview":"max-image-preview:large","max-video-preview":"max-video-preview:-1"},"canonical":"https:\/\/krajn.sk\/expo\/sortiment\/dlazba-a-terasove-platne\/betonova-dlazba\/arret-vg4\/","og_locale":"sk_SK","og_type":"article","og_title":"Arret VG4 | Krajn Exp","og_description":"Strohos\u0165, elegancia a univerz\u00e1lna pou\u017eite\u013enos\u0165 robia z kombinovanej dla\u017eby Arret VG4 mimoriadne ob\u013e\u00faben\u00fa dla\u017ebu. V s\u00fakromnej modernej bytovej v\u00fdstavbe je t\u00e1to dla\u017eba ide\u00e1lna pre \u010disto a jednoducho navrhnut\u00e9 objekty.","og_url":"https:\/\/krajn.sk\/expo\/sortiment\/dlazba-a-terasove-platne\/betonova-dlazba\/arret-vg4\/","og_site_name":"Krajn Exp","article_modified_time":"2023-03-23T21:32:32+00:00","og_image":[{"width":500,"height":500,"url":"https:\/\/krajn.sk\/expo\/wp-content\/uploads\/2020\/12\/arret-vg42.jpg","type":"image\/jpeg"}],"twitter_card":"summary_large_image","twitter_misc":{"Predpokladan\u00fd \u010das \u010d\u00edtania":"1 min\u00fata"},"schema":{"@context":"https:\/\/schema.org","@graph":[{"@type":"WebPage","@id":"https:\/\/krajn.sk\/expo\/sortiment\/dlazba-a-terasove-platne\/betonova-dlazba\/arret-vg4\/","url":"https:\/\/krajn.sk\/expo\/sortiment\/dlazba-a-terasove-platne\/betonova-dlazba\/arret-vg4\/","name":"Arret VG4 | Krajn Exp","isPartOf":{"@id":"https:\/\/krajn.sk\/expo\/#website"},"primaryImageOfPage":{"@id":"https:\/\/krajn.sk\/expo\/sortiment\/dlazba-a-terasove-platne\/betonova-dlazba\/arret-vg4\/#primaryimage"},"image":{"@id":"https:\/\/krajn.sk\/expo\/sortiment\/dlazba-a-terasove-platne\/betonova-dlazba\/arret-vg4\/#primaryimage"},"thumbnailUrl":"https:\/\/krajn.sk\/expo\/wp-content\/uploads\/2020\/12\/arret-vg42.jpg","datePublished":"2020-07-06T14:23:41+00:00","dateModified":"2023-03-23T21:32:32+00:00","breadcrumb":{"@id":"https:\/\/krajn.sk\/expo\/sortiment\/dlazba-a-terasove-platne\/betonova-dlazba\/arret-vg4\/#breadcrumb"},"inLanguage":"sk-SK","potentialAction":[{"@type":"ReadAction","target":["https:\/\/krajn.sk\/expo\/sortiment\/dlazba-a-terasove-platne\/betonova-dlazba\/arret-vg4\/"]}]},{"@type":"ImageObject","inLanguage":"sk-SK","@id":"https:\/\/krajn.sk\/expo\/sortiment\/dlazba-a-terasove-platne\/betonova-dlazba\/arret-vg4\/#primaryimage","url":"https:\/\/krajn.sk\/expo\/wp-content\/uploads\/2020\/12\/arret-vg42.jpg","contentUrl":"https:\/\/krajn.sk\/expo\/wp-content\/uploads\/2020\/12\/arret-vg42.jpg","width":500,"height":500},{"@type":"BreadcrumbList","@id":"https:\/\/krajn.sk\/expo\/sortiment\/dlazba-a-terasove-platne\/betonova-dlazba\/arret-vg4\/#breadcrumb","itemListElement":[{"@type":"ListItem","position":1,"name":"Home","item":"https:\/\/krajn.sk\/expo\/"},{"@type":"ListItem","position":2,"name":"Produkty","item":"https:\/\/krajn.sk\/expo\/sortiment\/"},{"@type":"ListItem","position":3,"name":"Arret VG4"}]},{"@type":"WebSite","@id":"https:\/\/krajn.sk\/expo\/#website","url":"https:\/\/krajn.sk\/expo\/","name":"Krajn Exp","description":"Va\u0161e stavebniny na kraji Stupavy!","publisher":{"@id":"https:\/\/krajn.sk\/expo\/#organization"},"potentialAction":[{"@type":"SearchAction","target":{"@type":"EntryPoint","urlTemplate":"https:\/\/krajn.sk\/expo\/?s={search_term_string}"},"query-input":{"@type":"PropertyValueSpecification","valueRequired":true,"valueName":"search_term_string"}}],"inLanguage":"sk-SK"},{"@type":"Organization","@id":"https:\/\/krajn.sk\/expo\/#organization","name":"Krajn Expo","url":"https:\/\/krajn.sk\/expo\/","logo":{"@type":"ImageObject","inLanguage":"sk-SK","@id":"https:\/\/krajn.sk\/expo\/#\/schema\/logo\/image\/","url":"https:\/\/krajn.sk\/expo\/wp-content\/uploads\/2020\/03\/logo_expo_transparent.png","contentUrl":"https:\/\/krajn.sk\/expo\/wp-content\/uploads\/2020\/03\/logo_expo_transparent.png","width":91,"height":105,"caption":"Krajn Expo"},"image":{"@id":"https:\/\/krajn.sk\/expo\/#\/schema\/logo\/image\/"}}]}},"_links":{"self":[{"href":"https:\/\/krajn.sk\/expo\/wp-json\/wp\/v2\/product\/5980"}],"collection":[{"href":"https:\/\/krajn.sk\/expo\/wp-json\/wp\/v2\/product"}],"about":[{"href":"https:\/\/krajn.sk\/expo\/wp-json\/wp\/v2\/types\/product"}],"version-history":[{"count":1,"href":"https:\/\/krajn.sk\/expo\/wp-json\/wp\/v2\/product\/5980\/revisions"}],"predecessor-version":[{"id":6619,"href":"https:\/\/krajn.sk\/expo\/wp-json\/wp\/v2\/product\/5980\/revisions\/6619"}],"wp:featuredmedia":[{"embeddable":true,"href":"https:\/\/krajn.sk\/expo\/wp-json\/wp\/v2\/media\/6622"}],"wp:attachment":[{"href":"https:\/\/krajn.sk\/expo\/wp-json\/wp\/v2\/media?parent=5980"}],"wp:term":[{"taxonomy":"product_brand","embeddable":true,"href":"https:\/\/krajn.sk\/expo\/wp-json\/wp\/v2\/product_brand?post=5980"},{"taxonomy":"product_cat","embeddable":true,"href":"https:\/\/krajn.sk\/expo\/wp-json\/wp\/v2\/product_cat?post=5980"},{"taxonomy":"product_tag","embeddable":true,"href":"https:\/\/krajn.sk\/expo\/wp-json\/wp\/v2\/product_tag?post=5980"}],"curies":[{"name":"wp","href":"https:\/\/api.w.org\/{rel}","templated":true}]}}