{"id":6001,"date":"2020-07-06T16:58:34","date_gmt":"2020-07-06T14:58:34","guid":{"rendered":"http:\/\/krajn.sk\/test\/?post_type=product&#038;p=6001"},"modified":"2023-03-23T22:33:01","modified_gmt":"2023-03-23T21:33:01","slug":"murovy-kvader-gutshof-sm24-stiepany","status":"publish","type":"product","link":"https:\/\/krajn.sk\/expo\/sortiment\/ploty\/murovy-kvader-gutshof-sm24-stiepany\/","title":{"rendered":"M\u00farov\u00fd kv\u00e1der Gutshof \u0160M24 a \u0160M16 \u0161tiepan\u00fd"},"content":{"rendered":"<p>Mnoh\u00e9 farby bl\u00edzke pr\u00edrode a \u0161irok\u00e1 paleta pou\u017eitia robia z m\u00farov\u00e9ho kv\u00e1dra Gutshof mimoriadne ob\u013e\u00faben\u00fd kame\u0148 na kreat\u00edvne hry v z\u00e1hrade. Najm\u00e4 vo ve\u013ek\u00fdch z\u00e1hrad\u00e1ch pom\u00e1haj\u00fa men\u0161ie m\u00fary rozdeli\u0165 plochu a spestri\u0165 ju.<\/p>\n<ul class=\"datalisting\">\n<li>odoln\u00e9 vo\u010di mrazu<\/li>\n<li>trojstranne \u0161tiepan\u00e9, preto s drsn\u00fdmi bo\u010dn\u00fdmi plochami<\/li>\n<li>s ostr\u00fdmi hranami \u2013 bez fazety<\/li>\n<li>kladie sa do nepravideln\u00fdch p\u00e1sov alebo vo\u013enou v\u00e4zbou<\/li>\n<li>kladie sa so \u0161k\u00e1rou alebo bez nej<\/li>\n<li>d\u013a\u017eky na ka\u017ed\u00fa v\u00fd\u0161ku kv\u00e1dra mo\u017eno doda\u0165 iba <strong>zmie\u0161an<\/strong><\/li>\n<\/ul>\n<p>&nbsp;<\/p>\n<p><strong>M\u00farov\u00fd kv\u00e1der Gutshof \u0160M24 \u0161tiepan\u00fd<\/strong> je dostupn\u00fd vo v\u00fd\u0161kach. Oloven\u00e9 farby a mokka tie\u0148ovan\u00e1 s\u00fa dostupn\u00e9 iba vo v\u00fd\u0161ke <strong>15cm&nbsp;<\/strong>a krieda je dostupn\u00e1 vo v\u00fd\u0161ke <strong>7,5cm<\/strong> a <strong>15cm<\/strong>.<\/p>\n<p><strong>M\u00farov\u00fd kv\u00e1der Gutshof \u0160M16 \u0161tiepan\u00fd<\/strong> je dostupn\u00fd vo v\u0161etk\u00fdch farb\u00e1ch, ale iba vo v\u00fd\u0161ke <strong>15cm<\/strong>.<\/p>\n","protected":false},"excerpt":{"rendered":"<p>M\u00farov\u00fd kv\u00e1der Gutshof \u0161tiepan\u00fd pozost\u00e1va z piatich form\u00e1tov, ktor\u00e9 mo\u017eno kl\u00e1s\u0165 vo\u013enou v\u00e4zbou alebo nepravidelne do p\u00e1sov. \u0160tiepan\u00fd kame\u0148 m\u00e1 jemn\u00fd drsn\u00fd povrch vzniknut\u00fd \u0161tiepan\u00edm.&nbsp;<\/p>\n","protected":false},"featured_media":6671,"template":"","meta":{"inline_featured_image":false,"site-sidebar-layout":"default","site-content-layout":"","ast-site-content-layout":"","site-content-style":"default","site-sidebar-style":"default","ast-global-header-display":"","ast-banner-title-visibility":"","ast-main-header-display":"","ast-hfb-above-header-display":"","ast-hfb-below-header-display":"","ast-hfb-mobile-header-display":"","site-post-title":"","ast-breadcrumbs-content":"","ast-featured-img":"","footer-sml-layout":"","theme-transparent-header-meta":"","adv-header-id-meta":"","stick-header-meta":"","header-above-stick-meta":"","header-main-stick-meta":"","header-below-stick-meta":"","astra-migrate-meta-layouts":"default","ast-page-background-enabled":"default","ast-page-background-meta":{"desktop":{"background-color":"var(--ast-global-color-4)","background-image":"","background-repeat":"repeat","background-position":"center center","background-size":"auto","background-attachment":"scroll","background-type":"","background-media":"","overlay-type":"","overlay-color":"","overlay-opacity":"","overlay-gradient":""},"tablet":{"background-color":"","background-image":"","background-repeat":"repeat","background-position":"center center","background-size":"auto","background-attachment":"scroll","background-type":"","background-media":"","overlay-type":"","overlay-color":"","overlay-opacity":"","overlay-gradient":""},"mobile":{"background-color":"","background-image":"","background-repeat":"repeat","background-position":"center center","background-size":"auto","background-attachment":"scroll","background-type":"","background-media":"","overlay-type":"","overlay-color":"","overlay-opacity":"","overlay-gradient":""}},"ast-content-background-meta":{"desktop":{"background-color":"var(--ast-global-color-5)","background-image":"","background-repeat":"repeat","background-position":"center center","background-size":"auto","background-attachment":"scroll","background-type":"","background-media":"","overlay-type":"","overlay-color":"","overlay-opacity":"","overlay-gradient":""},"tablet":{"background-color":"var(--ast-global-color-5)","background-image":"","background-repeat":"repeat","background-position":"center center","background-size":"auto","background-attachment":"scroll","background-type":"","background-media":"","overlay-type":"","overlay-color":"","overlay-opacity":"","overlay-gradient":""},"mobile":{"background-color":"var(--ast-global-color-5)","background-image":"","background-repeat":"repeat","background-position":"center center","background-size":"auto","background-attachment":"scroll","background-type":"","background-media":"","overlay-type":"","overlay-color":"","overlay-opacity":"","overlay-gradient":""}},"ngg_post_thumbnail":0},"product_brand":[],"product_cat":[332],"product_tag":[157],"class_list":{"0":"post-6001","1":"product","2":"type-product","3":"status-publish","4":"has-post-thumbnail","6":"product_cat-ploty","7":"product_tag-friedl","8":"pa_dodavatelia-friedl","9":"desktop-align-left","10":"tablet-align-left","11":"mobile-align-left","13":"first","14":"instock","15":"taxable","16":"shipping-taxable","17":"purchasable","18":"product-type-variable"},"yoast_head":"<!-- This site is optimized with the Yoast SEO plugin v24.8.1 - https:\/\/yoast.com\/wordpress\/plugins\/seo\/ -->\n<title>M\u00farov\u00fd kv\u00e1der Gutshof \u0160M24 a \u0160M16 \u0161tiepan\u00fd | Krajn Exp<\/title>\n<meta name=\"robots\" content=\"index, follow, max-snippet:-1, max-image-preview:large, max-video-preview:-1\" \/>\n<link rel=\"canonical\" href=\"https:\/\/krajn.sk\/expo\/sortiment\/ploty\/murovy-kvader-gutshof-sm24-stiepany\/\" \/>\n<meta property=\"og:locale\" content=\"sk_SK\" \/>\n<meta property=\"og:type\" content=\"article\" \/>\n<meta property=\"og:title\" content=\"M\u00farov\u00fd kv\u00e1der Gutshof \u0160M24 a \u0160M16 \u0161tiepan\u00fd | Krajn Exp\" \/>\n<meta property=\"og:description\" content=\"M\u00farov\u00fd kv\u00e1der Gutshof \u0161tiepan\u00fd pozost\u00e1va z piatich form\u00e1tov, ktor\u00e9 mo\u017eno kl\u00e1s\u0165 vo\u013enou v\u00e4zbou alebo nepravidelne do p\u00e1sov. \u0160tiepan\u00fd kame\u0148 m\u00e1 jemn\u00fd drsn\u00fd povrch vzniknut\u00fd \u0161tiepan\u00edm.&nbsp;\" \/>\n<meta property=\"og:url\" content=\"https:\/\/krajn.sk\/expo\/sortiment\/ploty\/murovy-kvader-gutshof-sm24-stiepany\/\" \/>\n<meta property=\"og:site_name\" content=\"Krajn Exp\" \/>\n<meta property=\"article:modified_time\" content=\"2023-03-23T21:33:01+00:00\" \/>\n<meta property=\"og:image\" content=\"https:\/\/krajn.sk\/expo\/wp-content\/uploads\/2020\/12\/murovy-kvader-gutshof-sm24-stiepany3.jpg\" \/>\n\t<meta property=\"og:image:width\" content=\"2200\" \/>\n\t<meta property=\"og:image:height\" content=\"800\" \/>\n\t<meta property=\"og:image:type\" content=\"image\/jpeg\" \/>\n<meta name=\"twitter:card\" content=\"summary_large_image\" \/>\n<meta name=\"twitter:label1\" content=\"Predpokladan\u00fd \u010das \u010d\u00edtania\" \/>\n\t<meta name=\"twitter:data1\" content=\"1 min\u00fata\" \/>\n<script type=\"application\/ld+json\" class=\"yoast-schema-graph\">{\"@context\":\"https:\/\/schema.org\",\"@graph\":[{\"@type\":\"WebPage\",\"@id\":\"https:\/\/krajn.sk\/expo\/sortiment\/ploty\/murovy-kvader-gutshof-sm24-stiepany\/\",\"url\":\"https:\/\/krajn.sk\/expo\/sortiment\/ploty\/murovy-kvader-gutshof-sm24-stiepany\/\",\"name\":\"M\u00farov\u00fd kv\u00e1der Gutshof \u0160M24 a \u0160M16 \u0161tiepan\u00fd | Krajn Exp\",\"isPartOf\":{\"@id\":\"https:\/\/krajn.sk\/expo\/#website\"},\"primaryImageOfPage\":{\"@id\":\"https:\/\/krajn.sk\/expo\/sortiment\/ploty\/murovy-kvader-gutshof-sm24-stiepany\/#primaryimage\"},\"image\":{\"@id\":\"https:\/\/krajn.sk\/expo\/sortiment\/ploty\/murovy-kvader-gutshof-sm24-stiepany\/#primaryimage\"},\"thumbnailUrl\":\"https:\/\/krajn.sk\/expo\/wp-content\/uploads\/2020\/12\/murovy-kvader-gutshof-sm24-stiepany3.jpg\",\"datePublished\":\"2020-07-06T14:58:34+00:00\",\"dateModified\":\"2023-03-23T21:33:01+00:00\",\"breadcrumb\":{\"@id\":\"https:\/\/krajn.sk\/expo\/sortiment\/ploty\/murovy-kvader-gutshof-sm24-stiepany\/#breadcrumb\"},\"inLanguage\":\"sk-SK\",\"potentialAction\":[{\"@type\":\"ReadAction\",\"target\":[\"https:\/\/krajn.sk\/expo\/sortiment\/ploty\/murovy-kvader-gutshof-sm24-stiepany\/\"]}]},{\"@type\":\"ImageObject\",\"inLanguage\":\"sk-SK\",\"@id\":\"https:\/\/krajn.sk\/expo\/sortiment\/ploty\/murovy-kvader-gutshof-sm24-stiepany\/#primaryimage\",\"url\":\"https:\/\/krajn.sk\/expo\/wp-content\/uploads\/2020\/12\/murovy-kvader-gutshof-sm24-stiepany3.jpg\",\"contentUrl\":\"https:\/\/krajn.sk\/expo\/wp-content\/uploads\/2020\/12\/murovy-kvader-gutshof-sm24-stiepany3.jpg\",\"width\":2200,\"height\":800},{\"@type\":\"BreadcrumbList\",\"@id\":\"https:\/\/krajn.sk\/expo\/sortiment\/ploty\/murovy-kvader-gutshof-sm24-stiepany\/#breadcrumb\",\"itemListElement\":[{\"@type\":\"ListItem\",\"position\":1,\"name\":\"Home\",\"item\":\"https:\/\/krajn.sk\/expo\/\"},{\"@type\":\"ListItem\",\"position\":2,\"name\":\"Produkty\",\"item\":\"https:\/\/krajn.sk\/expo\/sortiment\/\"},{\"@type\":\"ListItem\",\"position\":3,\"name\":\"M\u00farov\u00fd kv\u00e1der Gutshof \u0160M24 a \u0160M16 \u0161tiepan\u00fd\"}]},{\"@type\":\"WebSite\",\"@id\":\"https:\/\/krajn.sk\/expo\/#website\",\"url\":\"https:\/\/krajn.sk\/expo\/\",\"name\":\"Krajn Exp\",\"description\":\"Va\u0161e stavebniny na kraji Stupavy!\",\"publisher\":{\"@id\":\"https:\/\/krajn.sk\/expo\/#organization\"},\"potentialAction\":[{\"@type\":\"SearchAction\",\"target\":{\"@type\":\"EntryPoint\",\"urlTemplate\":\"https:\/\/krajn.sk\/expo\/?s={search_term_string}\"},\"query-input\":{\"@type\":\"PropertyValueSpecification\",\"valueRequired\":true,\"valueName\":\"search_term_string\"}}],\"inLanguage\":\"sk-SK\"},{\"@type\":\"Organization\",\"@id\":\"https:\/\/krajn.sk\/expo\/#organization\",\"name\":\"Krajn Expo\",\"url\":\"https:\/\/krajn.sk\/expo\/\",\"logo\":{\"@type\":\"ImageObject\",\"inLanguage\":\"sk-SK\",\"@id\":\"https:\/\/krajn.sk\/expo\/#\/schema\/logo\/image\/\",\"url\":\"https:\/\/krajn.sk\/expo\/wp-content\/uploads\/2020\/03\/logo_expo_transparent.png\",\"contentUrl\":\"https:\/\/krajn.sk\/expo\/wp-content\/uploads\/2020\/03\/logo_expo_transparent.png\",\"width\":91,\"height\":105,\"caption\":\"Krajn Expo\"},\"image\":{\"@id\":\"https:\/\/krajn.sk\/expo\/#\/schema\/logo\/image\/\"}}]}<\/script>\n<!-- \/ Yoast SEO plugin. -->","yoast_head_json":{"title":"M\u00farov\u00fd kv\u00e1der Gutshof \u0160M24 a \u0160M16 \u0161tiepan\u00fd | Krajn Exp","robots":{"index":"index","follow":"follow","max-snippet":"max-snippet:-1","max-image-preview":"max-image-preview:large","max-video-preview":"max-video-preview:-1"},"canonical":"https:\/\/krajn.sk\/expo\/sortiment\/ploty\/murovy-kvader-gutshof-sm24-stiepany\/","og_locale":"sk_SK","og_type":"article","og_title":"M\u00farov\u00fd kv\u00e1der Gutshof \u0160M24 a \u0160M16 \u0161tiepan\u00fd | Krajn Exp","og_description":"M\u00farov\u00fd kv\u00e1der Gutshof \u0161tiepan\u00fd pozost\u00e1va z piatich form\u00e1tov, ktor\u00e9 mo\u017eno kl\u00e1s\u0165 vo\u013enou v\u00e4zbou alebo nepravidelne do p\u00e1sov. \u0160tiepan\u00fd kame\u0148 m\u00e1 jemn\u00fd drsn\u00fd povrch vzniknut\u00fd \u0161tiepan\u00edm.&nbsp;","og_url":"https:\/\/krajn.sk\/expo\/sortiment\/ploty\/murovy-kvader-gutshof-sm24-stiepany\/","og_site_name":"Krajn Exp","article_modified_time":"2023-03-23T21:33:01+00:00","og_image":[{"width":2200,"height":800,"url":"https:\/\/krajn.sk\/expo\/wp-content\/uploads\/2020\/12\/murovy-kvader-gutshof-sm24-stiepany3.jpg","type":"image\/jpeg"}],"twitter_card":"summary_large_image","twitter_misc":{"Predpokladan\u00fd \u010das \u010d\u00edtania":"1 min\u00fata"},"schema":{"@context":"https:\/\/schema.org","@graph":[{"@type":"WebPage","@id":"https:\/\/krajn.sk\/expo\/sortiment\/ploty\/murovy-kvader-gutshof-sm24-stiepany\/","url":"https:\/\/krajn.sk\/expo\/sortiment\/ploty\/murovy-kvader-gutshof-sm24-stiepany\/","name":"M\u00farov\u00fd kv\u00e1der Gutshof \u0160M24 a \u0160M16 \u0161tiepan\u00fd | Krajn Exp","isPartOf":{"@id":"https:\/\/krajn.sk\/expo\/#website"},"primaryImageOfPage":{"@id":"https:\/\/krajn.sk\/expo\/sortiment\/ploty\/murovy-kvader-gutshof-sm24-stiepany\/#primaryimage"},"image":{"@id":"https:\/\/krajn.sk\/expo\/sortiment\/ploty\/murovy-kvader-gutshof-sm24-stiepany\/#primaryimage"},"thumbnailUrl":"https:\/\/krajn.sk\/expo\/wp-content\/uploads\/2020\/12\/murovy-kvader-gutshof-sm24-stiepany3.jpg","datePublished":"2020-07-06T14:58:34+00:00","dateModified":"2023-03-23T21:33:01+00:00","breadcrumb":{"@id":"https:\/\/krajn.sk\/expo\/sortiment\/ploty\/murovy-kvader-gutshof-sm24-stiepany\/#breadcrumb"},"inLanguage":"sk-SK","potentialAction":[{"@type":"ReadAction","target":["https:\/\/krajn.sk\/expo\/sortiment\/ploty\/murovy-kvader-gutshof-sm24-stiepany\/"]}]},{"@type":"ImageObject","inLanguage":"sk-SK","@id":"https:\/\/krajn.sk\/expo\/sortiment\/ploty\/murovy-kvader-gutshof-sm24-stiepany\/#primaryimage","url":"https:\/\/krajn.sk\/expo\/wp-content\/uploads\/2020\/12\/murovy-kvader-gutshof-sm24-stiepany3.jpg","contentUrl":"https:\/\/krajn.sk\/expo\/wp-content\/uploads\/2020\/12\/murovy-kvader-gutshof-sm24-stiepany3.jpg","width":2200,"height":800},{"@type":"BreadcrumbList","@id":"https:\/\/krajn.sk\/expo\/sortiment\/ploty\/murovy-kvader-gutshof-sm24-stiepany\/#breadcrumb","itemListElement":[{"@type":"ListItem","position":1,"name":"Home","item":"https:\/\/krajn.sk\/expo\/"},{"@type":"ListItem","position":2,"name":"Produkty","item":"https:\/\/krajn.sk\/expo\/sortiment\/"},{"@type":"ListItem","position":3,"name":"M\u00farov\u00fd kv\u00e1der Gutshof \u0160M24 a \u0160M16 \u0161tiepan\u00fd"}]},{"@type":"WebSite","@id":"https:\/\/krajn.sk\/expo\/#website","url":"https:\/\/krajn.sk\/expo\/","name":"Krajn Exp","description":"Va\u0161e stavebniny na kraji Stupavy!","publisher":{"@id":"https:\/\/krajn.sk\/expo\/#organization"},"potentialAction":[{"@type":"SearchAction","target":{"@type":"EntryPoint","urlTemplate":"https:\/\/krajn.sk\/expo\/?s={search_term_string}"},"query-input":{"@type":"PropertyValueSpecification","valueRequired":true,"valueName":"search_term_string"}}],"inLanguage":"sk-SK"},{"@type":"Organization","@id":"https:\/\/krajn.sk\/expo\/#organization","name":"Krajn Expo","url":"https:\/\/krajn.sk\/expo\/","logo":{"@type":"ImageObject","inLanguage":"sk-SK","@id":"https:\/\/krajn.sk\/expo\/#\/schema\/logo\/image\/","url":"https:\/\/krajn.sk\/expo\/wp-content\/uploads\/2020\/03\/logo_expo_transparent.png","contentUrl":"https:\/\/krajn.sk\/expo\/wp-content\/uploads\/2020\/03\/logo_expo_transparent.png","width":91,"height":105,"caption":"Krajn Expo"},"image":{"@id":"https:\/\/krajn.sk\/expo\/#\/schema\/logo\/image\/"}}]}},"_links":{"self":[{"href":"https:\/\/krajn.sk\/expo\/wp-json\/wp\/v2\/product\/6001"}],"collection":[{"href":"https:\/\/krajn.sk\/expo\/wp-json\/wp\/v2\/product"}],"about":[{"href":"https:\/\/krajn.sk\/expo\/wp-json\/wp\/v2\/types\/product"}],"version-history":[{"count":1,"href":"https:\/\/krajn.sk\/expo\/wp-json\/wp\/v2\/product\/6001\/revisions"}],"predecessor-version":[{"id":6666,"href":"https:\/\/krajn.sk\/expo\/wp-json\/wp\/v2\/product\/6001\/revisions\/6666"}],"wp:featuredmedia":[{"embeddable":true,"href":"https:\/\/krajn.sk\/expo\/wp-json\/wp\/v2\/media\/6671"}],"wp:attachment":[{"href":"https:\/\/krajn.sk\/expo\/wp-json\/wp\/v2\/media?parent=6001"}],"wp:term":[{"taxonomy":"product_brand","embeddable":true,"href":"https:\/\/krajn.sk\/expo\/wp-json\/wp\/v2\/product_brand?post=6001"},{"taxonomy":"product_cat","embeddable":true,"href":"https:\/\/krajn.sk\/expo\/wp-json\/wp\/v2\/product_cat?post=6001"},{"taxonomy":"product_tag","embeddable":true,"href":"https:\/\/krajn.sk\/expo\/wp-json\/wp\/v2\/product_tag?post=6001"}],"curies":[{"name":"wp","href":"https:\/\/api.w.org\/{rel}","templated":true}]}}