{"id":6019,"date":"2020-07-20T11:40:59","date_gmt":"2020-07-20T09:40:59","guid":{"rendered":"http:\/\/krajn.sk\/test\/?post_type=product&#038;p=6019"},"modified":"2023-09-26T00:29:13","modified_gmt":"2023-09-25T22:29:13","slug":"jape-kvetinac-c-3","status":"publish","type":"product","link":"https:\/\/krajn.sk\/expo\/sortiment\/prvky-zahradnej-architektury\/jape-kvetinac-c-3\/","title":{"rendered":"Jape kvetin\u00e1\u010d ve\u013ek\u00fd"},"content":{"rendered":"","protected":false},"excerpt":{"rendered":"<p>JAPE Kvetin\u00e1\u010d \u010d.3 je vyr\u00e1ban\u00fd z bet\u00f3nu, ktor\u00e9ho poh\u013eadov\u00e9 plochy imituj\u00fa drevo. Pou\u017e\u00edvaj\u00fa sa na vo\u013en\u00e9 ulo\u017eenie do alt\u00e1nkov, z\u00e1hrad, na z\u00e1hradn\u00e9 chodn\u00edky a pod.<\/p>\n<p><strong>Pre cenov\u00fa ponuku vypl\u0148te dopyt alebo n\u00e1s kontraktujte!<\/strong><\/p>\n","protected":false},"featured_media":6757,"template":"","meta":{"inline_featured_image":false,"site-sidebar-layout":"default","site-content-layout":"","ast-site-content-layout":"","site-content-style":"default","site-sidebar-style":"default","ast-global-header-display":"","ast-banner-title-visibility":"","ast-main-header-display":"","ast-hfb-above-header-display":"","ast-hfb-below-header-display":"","ast-hfb-mobile-header-display":"","site-post-title":"","ast-breadcrumbs-content":"","ast-featured-img":"","footer-sml-layout":"","theme-transparent-header-meta":"","adv-header-id-meta":"","stick-header-meta":"","header-above-stick-meta":"","header-main-stick-meta":"","header-below-stick-meta":"","astra-migrate-meta-layouts":"default","ast-page-background-enabled":"default","ast-page-background-meta":{"desktop":{"background-color":"var(--ast-global-color-4)","background-image":"","background-repeat":"repeat","background-position":"center center","background-size":"auto","background-attachment":"scroll","background-type":"","background-media":"","overlay-type":"","overlay-color":"","overlay-opacity":"","overlay-gradient":""},"tablet":{"background-color":"","background-image":"","background-repeat":"repeat","background-position":"center center","background-size":"auto","background-attachment":"scroll","background-type":"","background-media":"","overlay-type":"","overlay-color":"","overlay-opacity":"","overlay-gradient":""},"mobile":{"background-color":"","background-image":"","background-repeat":"repeat","background-position":"center center","background-size":"auto","background-attachment":"scroll","background-type":"","background-media":"","overlay-type":"","overlay-color":"","overlay-opacity":"","overlay-gradient":""}},"ast-content-background-meta":{"desktop":{"background-color":"var(--ast-global-color-5)","background-image":"","background-repeat":"repeat","background-position":"center center","background-size":"auto","background-attachment":"scroll","background-type":"","background-media":"","overlay-type":"","overlay-color":"","overlay-opacity":"","overlay-gradient":""},"tablet":{"background-color":"var(--ast-global-color-5)","background-image":"","background-repeat":"repeat","background-position":"center center","background-size":"auto","background-attachment":"scroll","background-type":"","background-media":"","overlay-type":"","overlay-color":"","overlay-opacity":"","overlay-gradient":""},"mobile":{"background-color":"var(--ast-global-color-5)","background-image":"","background-repeat":"repeat","background-position":"center center","background-size":"auto","background-attachment":"scroll","background-type":"","background-media":"","overlay-type":"","overlay-color":"","overlay-opacity":"","overlay-gradient":""}},"ngg_post_thumbnail":0},"product_brand":[],"product_cat":[207],"product_tag":[159],"class_list":{"0":"post-6019","1":"product","2":"type-product","3":"status-publish","4":"has-post-thumbnail","6":"product_cat-prvky-zahradnej-architektury","7":"product_tag-jape","8":"pa_dodavatelia-jape","9":"desktop-align-left","10":"tablet-align-left","11":"mobile-align-left","13":"first","14":"instock","15":"taxable","16":"shipping-taxable","17":"purchasable","18":"product-type-variable"},"yoast_head":"<!-- This site is optimized with the Yoast SEO plugin v24.8.1 - https:\/\/yoast.com\/wordpress\/plugins\/seo\/ -->\n<title>Jape kvetin\u00e1\u010d ve\u013ek\u00fd | Krajn Exp<\/title>\n<meta name=\"robots\" content=\"index, follow, max-snippet:-1, max-image-preview:large, max-video-preview:-1\" \/>\n<link rel=\"canonical\" href=\"https:\/\/krajn.sk\/expo\/sortiment\/prvky-zahradnej-architektury\/jape-kvetinac-c-3\/\" \/>\n<meta property=\"og:locale\" content=\"sk_SK\" \/>\n<meta property=\"og:type\" content=\"article\" \/>\n<meta property=\"og:title\" content=\"Jape kvetin\u00e1\u010d ve\u013ek\u00fd | Krajn Exp\" \/>\n<meta property=\"og:description\" content=\"JAPE Kvetin\u00e1\u010d \u010d.3 je vyr\u00e1ban\u00fd z bet\u00f3nu, ktor\u00e9ho poh\u013eadov\u00e9 plochy imituj\u00fa drevo. Pou\u017e\u00edvaj\u00fa sa na vo\u013en\u00e9 ulo\u017eenie do alt\u00e1nkov, z\u00e1hrad, na z\u00e1hradn\u00e9 chodn\u00edky a pod.  Pre cenov\u00fa ponuku vypl\u0148te dopyt alebo n\u00e1s kontraktujte!\" \/>\n<meta property=\"og:url\" content=\"https:\/\/krajn.sk\/expo\/sortiment\/prvky-zahradnej-architektury\/jape-kvetinac-c-3\/\" \/>\n<meta property=\"og:site_name\" content=\"Krajn Exp\" \/>\n<meta property=\"article:modified_time\" content=\"2023-09-25T22:29:13+00:00\" \/>\n<meta property=\"og:image\" content=\"https:\/\/krajn.sk\/expo\/wp-content\/uploads\/2021\/01\/jape-kvetinac-c-3.jpg\" \/>\n\t<meta property=\"og:image:width\" content=\"700\" \/>\n\t<meta property=\"og:image:height\" content=\"467\" \/>\n\t<meta property=\"og:image:type\" content=\"image\/jpeg\" \/>\n<meta name=\"twitter:card\" content=\"summary_large_image\" \/>\n<script type=\"application\/ld+json\" class=\"yoast-schema-graph\">{\"@context\":\"https:\/\/schema.org\",\"@graph\":[{\"@type\":\"WebPage\",\"@id\":\"https:\/\/krajn.sk\/expo\/sortiment\/prvky-zahradnej-architektury\/jape-kvetinac-c-3\/\",\"url\":\"https:\/\/krajn.sk\/expo\/sortiment\/prvky-zahradnej-architektury\/jape-kvetinac-c-3\/\",\"name\":\"Jape kvetin\u00e1\u010d ve\u013ek\u00fd | Krajn Exp\",\"isPartOf\":{\"@id\":\"https:\/\/krajn.sk\/expo\/#website\"},\"primaryImageOfPage\":{\"@id\":\"https:\/\/krajn.sk\/expo\/sortiment\/prvky-zahradnej-architektury\/jape-kvetinac-c-3\/#primaryimage\"},\"image\":{\"@id\":\"https:\/\/krajn.sk\/expo\/sortiment\/prvky-zahradnej-architektury\/jape-kvetinac-c-3\/#primaryimage\"},\"thumbnailUrl\":\"https:\/\/krajn.sk\/expo\/wp-content\/uploads\/2021\/01\/jape-kvetinac-c-3.jpg\",\"datePublished\":\"2020-07-20T09:40:59+00:00\",\"dateModified\":\"2023-09-25T22:29:13+00:00\",\"breadcrumb\":{\"@id\":\"https:\/\/krajn.sk\/expo\/sortiment\/prvky-zahradnej-architektury\/jape-kvetinac-c-3\/#breadcrumb\"},\"inLanguage\":\"sk-SK\",\"potentialAction\":[{\"@type\":\"ReadAction\",\"target\":[\"https:\/\/krajn.sk\/expo\/sortiment\/prvky-zahradnej-architektury\/jape-kvetinac-c-3\/\"]}]},{\"@type\":\"ImageObject\",\"inLanguage\":\"sk-SK\",\"@id\":\"https:\/\/krajn.sk\/expo\/sortiment\/prvky-zahradnej-architektury\/jape-kvetinac-c-3\/#primaryimage\",\"url\":\"https:\/\/krajn.sk\/expo\/wp-content\/uploads\/2021\/01\/jape-kvetinac-c-3.jpg\",\"contentUrl\":\"https:\/\/krajn.sk\/expo\/wp-content\/uploads\/2021\/01\/jape-kvetinac-c-3.jpg\",\"width\":700,\"height\":467},{\"@type\":\"BreadcrumbList\",\"@id\":\"https:\/\/krajn.sk\/expo\/sortiment\/prvky-zahradnej-architektury\/jape-kvetinac-c-3\/#breadcrumb\",\"itemListElement\":[{\"@type\":\"ListItem\",\"position\":1,\"name\":\"Home\",\"item\":\"https:\/\/krajn.sk\/expo\/\"},{\"@type\":\"ListItem\",\"position\":2,\"name\":\"Produkty\",\"item\":\"https:\/\/krajn.sk\/expo\/sortiment\/\"},{\"@type\":\"ListItem\",\"position\":3,\"name\":\"Jape kvetin\u00e1\u010d ve\u013ek\u00fd\"}]},{\"@type\":\"WebSite\",\"@id\":\"https:\/\/krajn.sk\/expo\/#website\",\"url\":\"https:\/\/krajn.sk\/expo\/\",\"name\":\"Krajn Exp\",\"description\":\"Va\u0161e stavebniny na kraji Stupavy!\",\"publisher\":{\"@id\":\"https:\/\/krajn.sk\/expo\/#organization\"},\"potentialAction\":[{\"@type\":\"SearchAction\",\"target\":{\"@type\":\"EntryPoint\",\"urlTemplate\":\"https:\/\/krajn.sk\/expo\/?s={search_term_string}\"},\"query-input\":{\"@type\":\"PropertyValueSpecification\",\"valueRequired\":true,\"valueName\":\"search_term_string\"}}],\"inLanguage\":\"sk-SK\"},{\"@type\":\"Organization\",\"@id\":\"https:\/\/krajn.sk\/expo\/#organization\",\"name\":\"Krajn Expo\",\"url\":\"https:\/\/krajn.sk\/expo\/\",\"logo\":{\"@type\":\"ImageObject\",\"inLanguage\":\"sk-SK\",\"@id\":\"https:\/\/krajn.sk\/expo\/#\/schema\/logo\/image\/\",\"url\":\"https:\/\/krajn.sk\/expo\/wp-content\/uploads\/2020\/03\/logo_expo_transparent.png\",\"contentUrl\":\"https:\/\/krajn.sk\/expo\/wp-content\/uploads\/2020\/03\/logo_expo_transparent.png\",\"width\":91,\"height\":105,\"caption\":\"Krajn Expo\"},\"image\":{\"@id\":\"https:\/\/krajn.sk\/expo\/#\/schema\/logo\/image\/\"}}]}<\/script>\n<!-- \/ Yoast SEO plugin. -->","yoast_head_json":{"title":"Jape kvetin\u00e1\u010d ve\u013ek\u00fd | Krajn Exp","robots":{"index":"index","follow":"follow","max-snippet":"max-snippet:-1","max-image-preview":"max-image-preview:large","max-video-preview":"max-video-preview:-1"},"canonical":"https:\/\/krajn.sk\/expo\/sortiment\/prvky-zahradnej-architektury\/jape-kvetinac-c-3\/","og_locale":"sk_SK","og_type":"article","og_title":"Jape kvetin\u00e1\u010d ve\u013ek\u00fd | Krajn Exp","og_description":"JAPE Kvetin\u00e1\u010d \u010d.3 je vyr\u00e1ban\u00fd z bet\u00f3nu, ktor\u00e9ho poh\u013eadov\u00e9 plochy imituj\u00fa drevo. Pou\u017e\u00edvaj\u00fa sa na vo\u013en\u00e9 ulo\u017eenie do alt\u00e1nkov, z\u00e1hrad, na z\u00e1hradn\u00e9 chodn\u00edky a pod.  Pre cenov\u00fa ponuku vypl\u0148te dopyt alebo n\u00e1s kontraktujte!","og_url":"https:\/\/krajn.sk\/expo\/sortiment\/prvky-zahradnej-architektury\/jape-kvetinac-c-3\/","og_site_name":"Krajn Exp","article_modified_time":"2023-09-25T22:29:13+00:00","og_image":[{"width":700,"height":467,"url":"https:\/\/krajn.sk\/expo\/wp-content\/uploads\/2021\/01\/jape-kvetinac-c-3.jpg","type":"image\/jpeg"}],"twitter_card":"summary_large_image","schema":{"@context":"https:\/\/schema.org","@graph":[{"@type":"WebPage","@id":"https:\/\/krajn.sk\/expo\/sortiment\/prvky-zahradnej-architektury\/jape-kvetinac-c-3\/","url":"https:\/\/krajn.sk\/expo\/sortiment\/prvky-zahradnej-architektury\/jape-kvetinac-c-3\/","name":"Jape kvetin\u00e1\u010d ve\u013ek\u00fd | Krajn Exp","isPartOf":{"@id":"https:\/\/krajn.sk\/expo\/#website"},"primaryImageOfPage":{"@id":"https:\/\/krajn.sk\/expo\/sortiment\/prvky-zahradnej-architektury\/jape-kvetinac-c-3\/#primaryimage"},"image":{"@id":"https:\/\/krajn.sk\/expo\/sortiment\/prvky-zahradnej-architektury\/jape-kvetinac-c-3\/#primaryimage"},"thumbnailUrl":"https:\/\/krajn.sk\/expo\/wp-content\/uploads\/2021\/01\/jape-kvetinac-c-3.jpg","datePublished":"2020-07-20T09:40:59+00:00","dateModified":"2023-09-25T22:29:13+00:00","breadcrumb":{"@id":"https:\/\/krajn.sk\/expo\/sortiment\/prvky-zahradnej-architektury\/jape-kvetinac-c-3\/#breadcrumb"},"inLanguage":"sk-SK","potentialAction":[{"@type":"ReadAction","target":["https:\/\/krajn.sk\/expo\/sortiment\/prvky-zahradnej-architektury\/jape-kvetinac-c-3\/"]}]},{"@type":"ImageObject","inLanguage":"sk-SK","@id":"https:\/\/krajn.sk\/expo\/sortiment\/prvky-zahradnej-architektury\/jape-kvetinac-c-3\/#primaryimage","url":"https:\/\/krajn.sk\/expo\/wp-content\/uploads\/2021\/01\/jape-kvetinac-c-3.jpg","contentUrl":"https:\/\/krajn.sk\/expo\/wp-content\/uploads\/2021\/01\/jape-kvetinac-c-3.jpg","width":700,"height":467},{"@type":"BreadcrumbList","@id":"https:\/\/krajn.sk\/expo\/sortiment\/prvky-zahradnej-architektury\/jape-kvetinac-c-3\/#breadcrumb","itemListElement":[{"@type":"ListItem","position":1,"name":"Home","item":"https:\/\/krajn.sk\/expo\/"},{"@type":"ListItem","position":2,"name":"Produkty","item":"https:\/\/krajn.sk\/expo\/sortiment\/"},{"@type":"ListItem","position":3,"name":"Jape kvetin\u00e1\u010d ve\u013ek\u00fd"}]},{"@type":"WebSite","@id":"https:\/\/krajn.sk\/expo\/#website","url":"https:\/\/krajn.sk\/expo\/","name":"Krajn Exp","description":"Va\u0161e stavebniny na kraji Stupavy!","publisher":{"@id":"https:\/\/krajn.sk\/expo\/#organization"},"potentialAction":[{"@type":"SearchAction","target":{"@type":"EntryPoint","urlTemplate":"https:\/\/krajn.sk\/expo\/?s={search_term_string}"},"query-input":{"@type":"PropertyValueSpecification","valueRequired":true,"valueName":"search_term_string"}}],"inLanguage":"sk-SK"},{"@type":"Organization","@id":"https:\/\/krajn.sk\/expo\/#organization","name":"Krajn Expo","url":"https:\/\/krajn.sk\/expo\/","logo":{"@type":"ImageObject","inLanguage":"sk-SK","@id":"https:\/\/krajn.sk\/expo\/#\/schema\/logo\/image\/","url":"https:\/\/krajn.sk\/expo\/wp-content\/uploads\/2020\/03\/logo_expo_transparent.png","contentUrl":"https:\/\/krajn.sk\/expo\/wp-content\/uploads\/2020\/03\/logo_expo_transparent.png","width":91,"height":105,"caption":"Krajn Expo"},"image":{"@id":"https:\/\/krajn.sk\/expo\/#\/schema\/logo\/image\/"}}]}},"_links":{"self":[{"href":"https:\/\/krajn.sk\/expo\/wp-json\/wp\/v2\/product\/6019"}],"collection":[{"href":"https:\/\/krajn.sk\/expo\/wp-json\/wp\/v2\/product"}],"about":[{"href":"https:\/\/krajn.sk\/expo\/wp-json\/wp\/v2\/types\/product"}],"version-history":[{"count":1,"href":"https:\/\/krajn.sk\/expo\/wp-json\/wp\/v2\/product\/6019\/revisions"}],"predecessor-version":[{"id":6755,"href":"https:\/\/krajn.sk\/expo\/wp-json\/wp\/v2\/product\/6019\/revisions\/6755"}],"wp:featuredmedia":[{"embeddable":true,"href":"https:\/\/krajn.sk\/expo\/wp-json\/wp\/v2\/media\/6757"}],"wp:attachment":[{"href":"https:\/\/krajn.sk\/expo\/wp-json\/wp\/v2\/media?parent=6019"}],"wp:term":[{"taxonomy":"product_brand","embeddable":true,"href":"https:\/\/krajn.sk\/expo\/wp-json\/wp\/v2\/product_brand?post=6019"},{"taxonomy":"product_cat","embeddable":true,"href":"https:\/\/krajn.sk\/expo\/wp-json\/wp\/v2\/product_cat?post=6019"},{"taxonomy":"product_tag","embeddable":true,"href":"https:\/\/krajn.sk\/expo\/wp-json\/wp\/v2\/product_tag?post=6019"}],"curies":[{"name":"wp","href":"https:\/\/api.w.org\/{rel}","templated":true}]}}