{"id":6089,"date":"2020-07-30T23:04:58","date_gmt":"2020-07-30T21:04:58","guid":{"rendered":"http:\/\/krajn.sk\/test\/?post_type=product&#038;p=6089"},"modified":"2023-03-25T23:04:16","modified_gmt":"2023-03-25T22:04:16","slug":"travertin-francuzky-vzor","status":"publish","type":"product","link":"https:\/\/krajn.sk\/expo\/sortiment\/dlazba-a-terasove-platne\/kamenna-dlazba\/travertin-francuzky-vzor\/","title":{"rendered":"Travert\u00edn &#8211; franc\u00fazky vzor"},"content":{"rendered":"<p>&nbsp;Franc\u00fazsky vzor sa poklad\u00e1 pod\u013ea sch\u00e9my zo 4 r\u00f4znych form\u00e1tov dla\u017eby. Kompletn\u00fd &#8222;pattern&#8220; je zostaven\u00fd z dvoch setov, pri\u010dom jeden set m\u00e1 v\u00fdmeru 0,74m2 a je zlo\u017een\u00fd zo 6 kusov nasledovne:<\/p>\n<p>A. 1x&nbsp; 61&#215;40,6cm<br \/>\nB. 1x&nbsp; 20,3&#215;40,6cm<br \/>\nC. 2x&nbsp; 40,6&#215;40,6cm<br \/>\nD. 2x&nbsp; 20,3&#215;20,3cm<\/p>\n<p><a href=\"https:\/\/krajn.sk\/expo\/wp-content\/uploads\/2021\/03\/travertin-francuzky-vzor.jpg\"><img fetchpriority=\"high\" decoding=\"async\" class=\"alignnone size-medium wp-image-8800\" src=\"https:\/\/krajn.sk\/expo\/wp-content\/uploads\/2021\/03\/travertin-francuzky-vzor-300x240.jpg\" alt=\"\" width=\"300\" height=\"240\" srcset=\"https:\/\/krajn.sk\/expo\/wp-content\/uploads\/2021\/03\/travertin-francuzky-vzor-300x240.jpg 300w, https:\/\/krajn.sk\/expo\/wp-content\/uploads\/2021\/03\/travertin-francuzky-vzor-600x481.jpg 600w, https:\/\/krajn.sk\/expo\/wp-content\/uploads\/2021\/03\/travertin-francuzky-vzor.jpg 749w\" sizes=\"(max-width: 300px) 100vw, 300px\" \/><\/a><\/p>\n<p>&nbsp;<\/p>\n<p>Pri hr\u00fabke 3cm je balenie <strong>1 m\u00b2<\/strong> a pri hr\u00fabke 1,2cm je to <strong>0,74 m\u00b2<\/strong><\/p>\n","protected":false},"excerpt":{"rendered":"<p>Travert\u00ednov\u00e1 kamenn\u00e1 dla\u017eba\/obklad tzv. French pattern pon\u00fakame vo viacer\u00fdch farb\u00e1ch. Pre interi\u00e9r sa naj\u010dastej\u0161ie pou\u017e\u00edva dla\u017eba o hr\u00fabke 1,2cm, pre exteri\u00e9r 3cm hr\u00fabka dla\u017eby.<\/p>\n","protected":false},"featured_media":12545,"template":"","meta":{"inline_featured_image":false,"site-sidebar-layout":"default","site-content-layout":"","ast-site-content-layout":"","site-content-style":"default","site-sidebar-style":"default","ast-global-header-display":"","ast-banner-title-visibility":"","ast-main-header-display":"","ast-hfb-above-header-display":"","ast-hfb-below-header-display":"","ast-hfb-mobile-header-display":"","site-post-title":"","ast-breadcrumbs-content":"","ast-featured-img":"","footer-sml-layout":"","theme-transparent-header-meta":"","adv-header-id-meta":"","stick-header-meta":"","header-above-stick-meta":"","header-main-stick-meta":"","header-below-stick-meta":"","astra-migrate-meta-layouts":"default","ast-page-background-enabled":"default","ast-page-background-meta":{"desktop":{"background-color":"var(--ast-global-color-4)","background-image":"","background-repeat":"repeat","background-position":"center center","background-size":"auto","background-attachment":"scroll","background-type":"","background-media":"","overlay-type":"","overlay-color":"","overlay-opacity":"","overlay-gradient":""},"tablet":{"background-color":"","background-image":"","background-repeat":"repeat","background-position":"center center","background-size":"auto","background-attachment":"scroll","background-type":"","background-media":"","overlay-type":"","overlay-color":"","overlay-opacity":"","overlay-gradient":""},"mobile":{"background-color":"","background-image":"","background-repeat":"repeat","background-position":"center center","background-size":"auto","background-attachment":"scroll","background-type":"","background-media":"","overlay-type":"","overlay-color":"","overlay-opacity":"","overlay-gradient":""}},"ast-content-background-meta":{"desktop":{"background-color":"var(--ast-global-color-5)","background-image":"","background-repeat":"repeat","background-position":"center center","background-size":"auto","background-attachment":"scroll","background-type":"","background-media":"","overlay-type":"","overlay-color":"","overlay-opacity":"","overlay-gradient":""},"tablet":{"background-color":"var(--ast-global-color-5)","background-image":"","background-repeat":"repeat","background-position":"center center","background-size":"auto","background-attachment":"scroll","background-type":"","background-media":"","overlay-type":"","overlay-color":"","overlay-opacity":"","overlay-gradient":""},"mobile":{"background-color":"var(--ast-global-color-5)","background-image":"","background-repeat":"repeat","background-position":"center center","background-size":"auto","background-attachment":"scroll","background-type":"","background-media":"","overlay-type":"","overlay-color":"","overlay-opacity":"","overlay-gradient":""}},"ngg_post_thumbnail":0},"product_brand":[],"product_cat":[333,206],"product_tag":[342],"class_list":{"0":"post-6089","1":"product","2":"type-product","3":"status-publish","4":"has-post-thumbnail","6":"product_cat-kamenna-dlazba","7":"product_cat-obklady","8":"product_tag-kamenta","9":"pa_dodavatelia-kamenta","10":"desktop-align-left","11":"tablet-align-left","12":"mobile-align-left","14":"first","15":"instock","16":"taxable","17":"shipping-taxable","18":"purchasable","19":"product-type-variable","20":"has-default-attributes"},"yoast_head":"<!-- This site is optimized with the Yoast SEO plugin v24.8.1 - https:\/\/yoast.com\/wordpress\/plugins\/seo\/ -->\n<title>Travert\u00edn - franc\u00fazky vzor | Krajn Exp<\/title>\n<meta name=\"robots\" content=\"index, follow, max-snippet:-1, max-image-preview:large, max-video-preview:-1\" \/>\n<link rel=\"canonical\" href=\"https:\/\/krajn.sk\/expo\/sortiment\/dlazba-a-terasove-platne\/kamenna-dlazba\/travertin-francuzky-vzor\/\" \/>\n<meta property=\"og:locale\" content=\"sk_SK\" \/>\n<meta property=\"og:type\" content=\"article\" \/>\n<meta property=\"og:title\" content=\"Travert\u00edn - franc\u00fazky vzor | Krajn Exp\" \/>\n<meta property=\"og:description\" content=\"Travert\u00ednov\u00e1 kamenn\u00e1 dla\u017eba\/obklad tzv. French pattern pon\u00fakame vo viacer\u00fdch farb\u00e1ch. Pre interi\u00e9r sa naj\u010dastej\u0161ie pou\u017e\u00edva dla\u017eba o hr\u00fabke 1,2cm, pre exteri\u00e9r 3cm hr\u00fabka dla\u017eby.\" \/>\n<meta property=\"og:url\" content=\"https:\/\/krajn.sk\/expo\/sortiment\/dlazba-a-terasove-platne\/kamenna-dlazba\/travertin-francuzky-vzor\/\" \/>\n<meta property=\"og:site_name\" content=\"Krajn Exp\" \/>\n<meta property=\"article:modified_time\" content=\"2023-03-25T22:04:16+00:00\" \/>\n<meta property=\"og:image\" content=\"https:\/\/krajn.sk\/expo\/wp-content\/uploads\/2022\/04\/travertin-francuzky-vzor-classic-foto3.jpg\" \/>\n\t<meta property=\"og:image:width\" content=\"1474\" \/>\n\t<meta property=\"og:image:height\" content=\"1022\" \/>\n\t<meta property=\"og:image:type\" content=\"image\/jpeg\" \/>\n<meta name=\"twitter:card\" content=\"summary_large_image\" \/>\n<meta name=\"twitter:label1\" content=\"Predpokladan\u00fd \u010das \u010d\u00edtania\" \/>\n\t<meta name=\"twitter:data1\" content=\"1 min\u00fata\" \/>\n<script type=\"application\/ld+json\" class=\"yoast-schema-graph\">{\"@context\":\"https:\/\/schema.org\",\"@graph\":[{\"@type\":\"WebPage\",\"@id\":\"https:\/\/krajn.sk\/expo\/sortiment\/dlazba-a-terasove-platne\/kamenna-dlazba\/travertin-francuzky-vzor\/\",\"url\":\"https:\/\/krajn.sk\/expo\/sortiment\/dlazba-a-terasove-platne\/kamenna-dlazba\/travertin-francuzky-vzor\/\",\"name\":\"Travert\u00edn - franc\u00fazky vzor | Krajn Exp\",\"isPartOf\":{\"@id\":\"https:\/\/krajn.sk\/expo\/#website\"},\"primaryImageOfPage\":{\"@id\":\"https:\/\/krajn.sk\/expo\/sortiment\/dlazba-a-terasove-platne\/kamenna-dlazba\/travertin-francuzky-vzor\/#primaryimage\"},\"image\":{\"@id\":\"https:\/\/krajn.sk\/expo\/sortiment\/dlazba-a-terasove-platne\/kamenna-dlazba\/travertin-francuzky-vzor\/#primaryimage\"},\"thumbnailUrl\":\"https:\/\/krajn.sk\/expo\/wp-content\/uploads\/2022\/04\/travertin-francuzky-vzor-classic-foto3.jpg\",\"datePublished\":\"2020-07-30T21:04:58+00:00\",\"dateModified\":\"2023-03-25T22:04:16+00:00\",\"breadcrumb\":{\"@id\":\"https:\/\/krajn.sk\/expo\/sortiment\/dlazba-a-terasove-platne\/kamenna-dlazba\/travertin-francuzky-vzor\/#breadcrumb\"},\"inLanguage\":\"sk-SK\",\"potentialAction\":[{\"@type\":\"ReadAction\",\"target\":[\"https:\/\/krajn.sk\/expo\/sortiment\/dlazba-a-terasove-platne\/kamenna-dlazba\/travertin-francuzky-vzor\/\"]}]},{\"@type\":\"ImageObject\",\"inLanguage\":\"sk-SK\",\"@id\":\"https:\/\/krajn.sk\/expo\/sortiment\/dlazba-a-terasove-platne\/kamenna-dlazba\/travertin-francuzky-vzor\/#primaryimage\",\"url\":\"https:\/\/krajn.sk\/expo\/wp-content\/uploads\/2022\/04\/travertin-francuzky-vzor-classic-foto3.jpg\",\"contentUrl\":\"https:\/\/krajn.sk\/expo\/wp-content\/uploads\/2022\/04\/travertin-francuzky-vzor-classic-foto3.jpg\",\"width\":1474,\"height\":1022},{\"@type\":\"BreadcrumbList\",\"@id\":\"https:\/\/krajn.sk\/expo\/sortiment\/dlazba-a-terasove-platne\/kamenna-dlazba\/travertin-francuzky-vzor\/#breadcrumb\",\"itemListElement\":[{\"@type\":\"ListItem\",\"position\":1,\"name\":\"Home\",\"item\":\"https:\/\/krajn.sk\/expo\/\"},{\"@type\":\"ListItem\",\"position\":2,\"name\":\"Produkty\",\"item\":\"https:\/\/krajn.sk\/expo\/sortiment\/\"},{\"@type\":\"ListItem\",\"position\":3,\"name\":\"Travert\u00edn &#8211; franc\u00fazky vzor\"}]},{\"@type\":\"WebSite\",\"@id\":\"https:\/\/krajn.sk\/expo\/#website\",\"url\":\"https:\/\/krajn.sk\/expo\/\",\"name\":\"Krajn Exp\",\"description\":\"Va\u0161e stavebniny na kraji Stupavy!\",\"publisher\":{\"@id\":\"https:\/\/krajn.sk\/expo\/#organization\"},\"potentialAction\":[{\"@type\":\"SearchAction\",\"target\":{\"@type\":\"EntryPoint\",\"urlTemplate\":\"https:\/\/krajn.sk\/expo\/?s={search_term_string}\"},\"query-input\":{\"@type\":\"PropertyValueSpecification\",\"valueRequired\":true,\"valueName\":\"search_term_string\"}}],\"inLanguage\":\"sk-SK\"},{\"@type\":\"Organization\",\"@id\":\"https:\/\/krajn.sk\/expo\/#organization\",\"name\":\"Krajn Expo\",\"url\":\"https:\/\/krajn.sk\/expo\/\",\"logo\":{\"@type\":\"ImageObject\",\"inLanguage\":\"sk-SK\",\"@id\":\"https:\/\/krajn.sk\/expo\/#\/schema\/logo\/image\/\",\"url\":\"https:\/\/krajn.sk\/expo\/wp-content\/uploads\/2020\/03\/logo_expo_transparent.png\",\"contentUrl\":\"https:\/\/krajn.sk\/expo\/wp-content\/uploads\/2020\/03\/logo_expo_transparent.png\",\"width\":91,\"height\":105,\"caption\":\"Krajn Expo\"},\"image\":{\"@id\":\"https:\/\/krajn.sk\/expo\/#\/schema\/logo\/image\/\"}}]}<\/script>\n<!-- \/ Yoast SEO plugin. -->","yoast_head_json":{"title":"Travert\u00edn - franc\u00fazky vzor | Krajn Exp","robots":{"index":"index","follow":"follow","max-snippet":"max-snippet:-1","max-image-preview":"max-image-preview:large","max-video-preview":"max-video-preview:-1"},"canonical":"https:\/\/krajn.sk\/expo\/sortiment\/dlazba-a-terasove-platne\/kamenna-dlazba\/travertin-francuzky-vzor\/","og_locale":"sk_SK","og_type":"article","og_title":"Travert\u00edn - franc\u00fazky vzor | Krajn Exp","og_description":"Travert\u00ednov\u00e1 kamenn\u00e1 dla\u017eba\/obklad tzv. French pattern pon\u00fakame vo viacer\u00fdch farb\u00e1ch. Pre interi\u00e9r sa naj\u010dastej\u0161ie pou\u017e\u00edva dla\u017eba o hr\u00fabke 1,2cm, pre exteri\u00e9r 3cm hr\u00fabka dla\u017eby.","og_url":"https:\/\/krajn.sk\/expo\/sortiment\/dlazba-a-terasove-platne\/kamenna-dlazba\/travertin-francuzky-vzor\/","og_site_name":"Krajn Exp","article_modified_time":"2023-03-25T22:04:16+00:00","og_image":[{"width":1474,"height":1022,"url":"https:\/\/krajn.sk\/expo\/wp-content\/uploads\/2022\/04\/travertin-francuzky-vzor-classic-foto3.jpg","type":"image\/jpeg"}],"twitter_card":"summary_large_image","twitter_misc":{"Predpokladan\u00fd \u010das \u010d\u00edtania":"1 min\u00fata"},"schema":{"@context":"https:\/\/schema.org","@graph":[{"@type":"WebPage","@id":"https:\/\/krajn.sk\/expo\/sortiment\/dlazba-a-terasove-platne\/kamenna-dlazba\/travertin-francuzky-vzor\/","url":"https:\/\/krajn.sk\/expo\/sortiment\/dlazba-a-terasove-platne\/kamenna-dlazba\/travertin-francuzky-vzor\/","name":"Travert\u00edn - franc\u00fazky vzor | Krajn Exp","isPartOf":{"@id":"https:\/\/krajn.sk\/expo\/#website"},"primaryImageOfPage":{"@id":"https:\/\/krajn.sk\/expo\/sortiment\/dlazba-a-terasove-platne\/kamenna-dlazba\/travertin-francuzky-vzor\/#primaryimage"},"image":{"@id":"https:\/\/krajn.sk\/expo\/sortiment\/dlazba-a-terasove-platne\/kamenna-dlazba\/travertin-francuzky-vzor\/#primaryimage"},"thumbnailUrl":"https:\/\/krajn.sk\/expo\/wp-content\/uploads\/2022\/04\/travertin-francuzky-vzor-classic-foto3.jpg","datePublished":"2020-07-30T21:04:58+00:00","dateModified":"2023-03-25T22:04:16+00:00","breadcrumb":{"@id":"https:\/\/krajn.sk\/expo\/sortiment\/dlazba-a-terasove-platne\/kamenna-dlazba\/travertin-francuzky-vzor\/#breadcrumb"},"inLanguage":"sk-SK","potentialAction":[{"@type":"ReadAction","target":["https:\/\/krajn.sk\/expo\/sortiment\/dlazba-a-terasove-platne\/kamenna-dlazba\/travertin-francuzky-vzor\/"]}]},{"@type":"ImageObject","inLanguage":"sk-SK","@id":"https:\/\/krajn.sk\/expo\/sortiment\/dlazba-a-terasove-platne\/kamenna-dlazba\/travertin-francuzky-vzor\/#primaryimage","url":"https:\/\/krajn.sk\/expo\/wp-content\/uploads\/2022\/04\/travertin-francuzky-vzor-classic-foto3.jpg","contentUrl":"https:\/\/krajn.sk\/expo\/wp-content\/uploads\/2022\/04\/travertin-francuzky-vzor-classic-foto3.jpg","width":1474,"height":1022},{"@type":"BreadcrumbList","@id":"https:\/\/krajn.sk\/expo\/sortiment\/dlazba-a-terasove-platne\/kamenna-dlazba\/travertin-francuzky-vzor\/#breadcrumb","itemListElement":[{"@type":"ListItem","position":1,"name":"Home","item":"https:\/\/krajn.sk\/expo\/"},{"@type":"ListItem","position":2,"name":"Produkty","item":"https:\/\/krajn.sk\/expo\/sortiment\/"},{"@type":"ListItem","position":3,"name":"Travert\u00edn &#8211; franc\u00fazky vzor"}]},{"@type":"WebSite","@id":"https:\/\/krajn.sk\/expo\/#website","url":"https:\/\/krajn.sk\/expo\/","name":"Krajn Exp","description":"Va\u0161e stavebniny na kraji Stupavy!","publisher":{"@id":"https:\/\/krajn.sk\/expo\/#organization"},"potentialAction":[{"@type":"SearchAction","target":{"@type":"EntryPoint","urlTemplate":"https:\/\/krajn.sk\/expo\/?s={search_term_string}"},"query-input":{"@type":"PropertyValueSpecification","valueRequired":true,"valueName":"search_term_string"}}],"inLanguage":"sk-SK"},{"@type":"Organization","@id":"https:\/\/krajn.sk\/expo\/#organization","name":"Krajn Expo","url":"https:\/\/krajn.sk\/expo\/","logo":{"@type":"ImageObject","inLanguage":"sk-SK","@id":"https:\/\/krajn.sk\/expo\/#\/schema\/logo\/image\/","url":"https:\/\/krajn.sk\/expo\/wp-content\/uploads\/2020\/03\/logo_expo_transparent.png","contentUrl":"https:\/\/krajn.sk\/expo\/wp-content\/uploads\/2020\/03\/logo_expo_transparent.png","width":91,"height":105,"caption":"Krajn Expo"},"image":{"@id":"https:\/\/krajn.sk\/expo\/#\/schema\/logo\/image\/"}}]}},"_links":{"self":[{"href":"https:\/\/krajn.sk\/expo\/wp-json\/wp\/v2\/product\/6089"}],"collection":[{"href":"https:\/\/krajn.sk\/expo\/wp-json\/wp\/v2\/product"}],"about":[{"href":"https:\/\/krajn.sk\/expo\/wp-json\/wp\/v2\/types\/product"}],"version-history":[{"count":0,"href":"https:\/\/krajn.sk\/expo\/wp-json\/wp\/v2\/product\/6089\/revisions"}],"wp:featuredmedia":[{"embeddable":true,"href":"https:\/\/krajn.sk\/expo\/wp-json\/wp\/v2\/media\/12545"}],"wp:attachment":[{"href":"https:\/\/krajn.sk\/expo\/wp-json\/wp\/v2\/media?parent=6089"}],"wp:term":[{"taxonomy":"product_brand","embeddable":true,"href":"https:\/\/krajn.sk\/expo\/wp-json\/wp\/v2\/product_brand?post=6089"},{"taxonomy":"product_cat","embeddable":true,"href":"https:\/\/krajn.sk\/expo\/wp-json\/wp\/v2\/product_cat?post=6089"},{"taxonomy":"product_tag","embeddable":true,"href":"https:\/\/krajn.sk\/expo\/wp-json\/wp\/v2\/product_tag?post=6089"}],"curies":[{"name":"wp","href":"https:\/\/api.w.org\/{rel}","templated":true}]}}