{"id":6160,"date":"2020-09-08T22:10:53","date_gmt":"2020-09-08T20:10:53","guid":{"rendered":"http:\/\/krajn.sk\/test\/?post_type=product&#038;p=6160"},"modified":"2023-03-25T21:35:34","modified_gmt":"2023-03-25T20:35:34","slug":"mystika","status":"publish","type":"product","link":"https:\/\/krajn.sk\/expo\/sortiment\/dlazba-a-terasove-platne\/terasove-platne\/mystika\/","title":{"rendered":"Mystika"},"content":{"rendered":"<p class=\"article_indent align-c\">\u0160peci\u00e1lnym v\u00fdrobn\u00fdm procesom&nbsp;<strong>Dizajn Print<\/strong>&nbsp;z\u00edskava terasov\u00e1 plat\u0148a osobit\u00fd vzh\u013ead &#8211; vzh\u013ead kovu, \u010dist\u00e9ho bet\u00f3nu, alebo jedine\u010dn\u00fd obraz. N\u00e1sledne je na&nbsp;terasov\u00fa plat\u0148u aplikovan\u00e1 ochrann\u00e1 povrchov\u00e1 vrstva&nbsp;<strong>M-Coat<\/strong>, ktor\u00e1 zais\u0165uje, \u017ee do povrchu nem\u00f4\u017ee vnikn\u00fa\u0165 \u017eiadna vlhkos\u0165, mastnota alebo in\u00e9 zne\u010distenie.<\/p>\n<p class=\"article_indent align-c\"><strong>Mystika<\/strong>&nbsp;orient &#8211; vytvorte vidiecku \u010di rustik\u00e1lnu atmosf\u00e9ru. Kombin\u00e1cia a\u017e 10 r\u00f4znych kombin\u00e1ci\u00ed vzorov zaru\u010duje ve\u013emi hrav\u00fd kone\u010dn\u00fd v\u00fdsledok.<\/p>\n","protected":false},"excerpt":{"rendered":"<p><strong>Pre ka\u017ed\u00fd architektonick\u00fd \u0161t\u00fdl<\/strong><br class=\"one-br\">V\u010faka v\u00fdrazn\u00e9mu dizajnu terasov\u00e1 plat\u0148a&nbsp;<strong>Mystika<\/strong>&nbsp;premen\u00ed ka\u017ed\u00fa terasu na&nbsp;pr\u00edjemn\u00fa z\u00e1hradn\u00fa o\u00e1zu. Rovnako pekn\u00e1 je v&nbsp;tradi\u010dnej usadlosti ako aj v&nbsp;modernom \u0161t\u00fdle priemyselnej budovy. Ochrann\u00e1 vrstva&nbsp;<strong>M-Coat<\/strong>&nbsp;na&nbsp;povrchu, zabezpe\u010duje jej bezstarostn\u00fa \u00fadr\u017ebu.<\/p>\n","protected":false},"featured_media":7937,"template":"","meta":{"inline_featured_image":false,"site-sidebar-layout":"default","site-content-layout":"","ast-site-content-layout":"","site-content-style":"default","site-sidebar-style":"default","ast-global-header-display":"","ast-banner-title-visibility":"","ast-main-header-display":"","ast-hfb-above-header-display":"","ast-hfb-below-header-display":"","ast-hfb-mobile-header-display":"","site-post-title":"","ast-breadcrumbs-content":"","ast-featured-img":"","footer-sml-layout":"","theme-transparent-header-meta":"","adv-header-id-meta":"","stick-header-meta":"","header-above-stick-meta":"","header-main-stick-meta":"","header-below-stick-meta":"","astra-migrate-meta-layouts":"default","ast-page-background-enabled":"default","ast-page-background-meta":{"desktop":{"background-color":"var(--ast-global-color-4)","background-image":"","background-repeat":"repeat","background-position":"center center","background-size":"auto","background-attachment":"scroll","background-type":"","background-media":"","overlay-type":"","overlay-color":"","overlay-opacity":"","overlay-gradient":""},"tablet":{"background-color":"","background-image":"","background-repeat":"repeat","background-position":"center center","background-size":"auto","background-attachment":"scroll","background-type":"","background-media":"","overlay-type":"","overlay-color":"","overlay-opacity":"","overlay-gradient":""},"mobile":{"background-color":"","background-image":"","background-repeat":"repeat","background-position":"center center","background-size":"auto","background-attachment":"scroll","background-type":"","background-media":"","overlay-type":"","overlay-color":"","overlay-opacity":"","overlay-gradient":""}},"ast-content-background-meta":{"desktop":{"background-color":"var(--ast-global-color-5)","background-image":"","background-repeat":"repeat","background-position":"center center","background-size":"auto","background-attachment":"scroll","background-type":"","background-media":"","overlay-type":"","overlay-color":"","overlay-opacity":"","overlay-gradient":""},"tablet":{"background-color":"var(--ast-global-color-5)","background-image":"","background-repeat":"repeat","background-position":"center center","background-size":"auto","background-attachment":"scroll","background-type":"","background-media":"","overlay-type":"","overlay-color":"","overlay-opacity":"","overlay-gradient":""},"mobile":{"background-color":"var(--ast-global-color-5)","background-image":"","background-repeat":"repeat","background-position":"center center","background-size":"auto","background-attachment":"scroll","background-type":"","background-media":"","overlay-type":"","overlay-color":"","overlay-opacity":"","overlay-gradient":""}},"ngg_post_thumbnail":0},"product_brand":[],"product_cat":[272],"product_tag":[164],"class_list":{"0":"post-6160","1":"product","2":"type-product","3":"status-publish","4":"has-post-thumbnail","6":"product_cat-terasove-platne","7":"product_tag-premac","8":"pa_dodavatelia-premac","9":"desktop-align-left","10":"tablet-align-left","11":"mobile-align-left","13":"first","14":"instock","15":"taxable","16":"shipping-taxable","17":"purchasable","18":"product-type-variable"},"yoast_head":"<!-- This site is optimized with the Yoast SEO plugin v24.8.1 - https:\/\/yoast.com\/wordpress\/plugins\/seo\/ -->\n<title>Mystika | Krajn Exp<\/title>\n<meta name=\"robots\" content=\"index, follow, max-snippet:-1, max-image-preview:large, max-video-preview:-1\" \/>\n<link rel=\"canonical\" href=\"https:\/\/krajn.sk\/expo\/sortiment\/dlazba-a-terasove-platne\/terasove-platne\/mystika\/\" \/>\n<meta property=\"og:locale\" content=\"sk_SK\" \/>\n<meta property=\"og:type\" content=\"article\" \/>\n<meta property=\"og:title\" content=\"Mystika | Krajn Exp\" \/>\n<meta property=\"og:description\" content=\"Pre ka\u017ed\u00fd architektonick\u00fd \u0161t\u00fdlV\u010faka v\u00fdrazn\u00e9mu dizajnu terasov\u00e1 plat\u0148a&nbsp;Mystika&nbsp;premen\u00ed ka\u017ed\u00fa terasu na&nbsp;pr\u00edjemn\u00fa z\u00e1hradn\u00fa o\u00e1zu. Rovnako pekn\u00e1 je v&nbsp;tradi\u010dnej usadlosti ako aj v&nbsp;modernom \u0161t\u00fdle priemyselnej budovy. Ochrann\u00e1 vrstva&nbsp;M-Coat&nbsp;na&nbsp;povrchu, zabezpe\u010duje jej bezstarostn\u00fa \u00fadr\u017ebu.\" \/>\n<meta property=\"og:url\" content=\"https:\/\/krajn.sk\/expo\/sortiment\/dlazba-a-terasove-platne\/terasove-platne\/mystika\/\" \/>\n<meta property=\"og:site_name\" content=\"Krajn Exp\" \/>\n<meta property=\"article:modified_time\" content=\"2023-03-25T20:35:34+00:00\" \/>\n<meta property=\"og:image\" content=\"https:\/\/krajn.sk\/expo\/wp-content\/uploads\/2021\/02\/mystika-foto-e1612983559782.jpg\" \/>\n\t<meta property=\"og:image:width\" content=\"1025\" \/>\n\t<meta property=\"og:image:height\" content=\"1251\" \/>\n\t<meta property=\"og:image:type\" content=\"image\/jpeg\" \/>\n<meta name=\"twitter:card\" content=\"summary_large_image\" \/>\n<script type=\"application\/ld+json\" class=\"yoast-schema-graph\">{\"@context\":\"https:\/\/schema.org\",\"@graph\":[{\"@type\":\"WebPage\",\"@id\":\"https:\/\/krajn.sk\/expo\/sortiment\/dlazba-a-terasove-platne\/terasove-platne\/mystika\/\",\"url\":\"https:\/\/krajn.sk\/expo\/sortiment\/dlazba-a-terasove-platne\/terasove-platne\/mystika\/\",\"name\":\"Mystika | Krajn Exp\",\"isPartOf\":{\"@id\":\"https:\/\/krajn.sk\/expo\/#website\"},\"primaryImageOfPage\":{\"@id\":\"https:\/\/krajn.sk\/expo\/sortiment\/dlazba-a-terasove-platne\/terasove-platne\/mystika\/#primaryimage\"},\"image\":{\"@id\":\"https:\/\/krajn.sk\/expo\/sortiment\/dlazba-a-terasove-platne\/terasove-platne\/mystika\/#primaryimage\"},\"thumbnailUrl\":\"https:\/\/krajn.sk\/expo\/wp-content\/uploads\/2021\/02\/mystika-foto-e1612983559782.jpg\",\"datePublished\":\"2020-09-08T20:10:53+00:00\",\"dateModified\":\"2023-03-25T20:35:34+00:00\",\"breadcrumb\":{\"@id\":\"https:\/\/krajn.sk\/expo\/sortiment\/dlazba-a-terasove-platne\/terasove-platne\/mystika\/#breadcrumb\"},\"inLanguage\":\"sk-SK\",\"potentialAction\":[{\"@type\":\"ReadAction\",\"target\":[\"https:\/\/krajn.sk\/expo\/sortiment\/dlazba-a-terasove-platne\/terasove-platne\/mystika\/\"]}]},{\"@type\":\"ImageObject\",\"inLanguage\":\"sk-SK\",\"@id\":\"https:\/\/krajn.sk\/expo\/sortiment\/dlazba-a-terasove-platne\/terasove-platne\/mystika\/#primaryimage\",\"url\":\"https:\/\/krajn.sk\/expo\/wp-content\/uploads\/2021\/02\/mystika-foto-e1612983559782.jpg\",\"contentUrl\":\"https:\/\/krajn.sk\/expo\/wp-content\/uploads\/2021\/02\/mystika-foto-e1612983559782.jpg\",\"width\":1025,\"height\":1251},{\"@type\":\"BreadcrumbList\",\"@id\":\"https:\/\/krajn.sk\/expo\/sortiment\/dlazba-a-terasove-platne\/terasove-platne\/mystika\/#breadcrumb\",\"itemListElement\":[{\"@type\":\"ListItem\",\"position\":1,\"name\":\"Home\",\"item\":\"https:\/\/krajn.sk\/expo\/\"},{\"@type\":\"ListItem\",\"position\":2,\"name\":\"Produkty\",\"item\":\"https:\/\/krajn.sk\/expo\/sortiment\/\"},{\"@type\":\"ListItem\",\"position\":3,\"name\":\"Mystika\"}]},{\"@type\":\"WebSite\",\"@id\":\"https:\/\/krajn.sk\/expo\/#website\",\"url\":\"https:\/\/krajn.sk\/expo\/\",\"name\":\"Krajn Exp\",\"description\":\"Va\u0161e stavebniny na kraji Stupavy!\",\"publisher\":{\"@id\":\"https:\/\/krajn.sk\/expo\/#organization\"},\"potentialAction\":[{\"@type\":\"SearchAction\",\"target\":{\"@type\":\"EntryPoint\",\"urlTemplate\":\"https:\/\/krajn.sk\/expo\/?s={search_term_string}\"},\"query-input\":{\"@type\":\"PropertyValueSpecification\",\"valueRequired\":true,\"valueName\":\"search_term_string\"}}],\"inLanguage\":\"sk-SK\"},{\"@type\":\"Organization\",\"@id\":\"https:\/\/krajn.sk\/expo\/#organization\",\"name\":\"Krajn Expo\",\"url\":\"https:\/\/krajn.sk\/expo\/\",\"logo\":{\"@type\":\"ImageObject\",\"inLanguage\":\"sk-SK\",\"@id\":\"https:\/\/krajn.sk\/expo\/#\/schema\/logo\/image\/\",\"url\":\"https:\/\/krajn.sk\/expo\/wp-content\/uploads\/2020\/03\/logo_expo_transparent.png\",\"contentUrl\":\"https:\/\/krajn.sk\/expo\/wp-content\/uploads\/2020\/03\/logo_expo_transparent.png\",\"width\":91,\"height\":105,\"caption\":\"Krajn Expo\"},\"image\":{\"@id\":\"https:\/\/krajn.sk\/expo\/#\/schema\/logo\/image\/\"}}]}<\/script>\n<!-- \/ Yoast SEO plugin. -->","yoast_head_json":{"title":"Mystika | Krajn Exp","robots":{"index":"index","follow":"follow","max-snippet":"max-snippet:-1","max-image-preview":"max-image-preview:large","max-video-preview":"max-video-preview:-1"},"canonical":"https:\/\/krajn.sk\/expo\/sortiment\/dlazba-a-terasove-platne\/terasove-platne\/mystika\/","og_locale":"sk_SK","og_type":"article","og_title":"Mystika | Krajn Exp","og_description":"Pre ka\u017ed\u00fd architektonick\u00fd \u0161t\u00fdlV\u010faka v\u00fdrazn\u00e9mu dizajnu terasov\u00e1 plat\u0148a&nbsp;Mystika&nbsp;premen\u00ed ka\u017ed\u00fa terasu na&nbsp;pr\u00edjemn\u00fa z\u00e1hradn\u00fa o\u00e1zu. Rovnako pekn\u00e1 je v&nbsp;tradi\u010dnej usadlosti ako aj v&nbsp;modernom \u0161t\u00fdle priemyselnej budovy. Ochrann\u00e1 vrstva&nbsp;M-Coat&nbsp;na&nbsp;povrchu, zabezpe\u010duje jej bezstarostn\u00fa \u00fadr\u017ebu.","og_url":"https:\/\/krajn.sk\/expo\/sortiment\/dlazba-a-terasove-platne\/terasove-platne\/mystika\/","og_site_name":"Krajn Exp","article_modified_time":"2023-03-25T20:35:34+00:00","og_image":[{"width":1025,"height":1251,"url":"https:\/\/krajn.sk\/expo\/wp-content\/uploads\/2021\/02\/mystika-foto-e1612983559782.jpg","type":"image\/jpeg"}],"twitter_card":"summary_large_image","schema":{"@context":"https:\/\/schema.org","@graph":[{"@type":"WebPage","@id":"https:\/\/krajn.sk\/expo\/sortiment\/dlazba-a-terasove-platne\/terasove-platne\/mystika\/","url":"https:\/\/krajn.sk\/expo\/sortiment\/dlazba-a-terasove-platne\/terasove-platne\/mystika\/","name":"Mystika | Krajn Exp","isPartOf":{"@id":"https:\/\/krajn.sk\/expo\/#website"},"primaryImageOfPage":{"@id":"https:\/\/krajn.sk\/expo\/sortiment\/dlazba-a-terasove-platne\/terasove-platne\/mystika\/#primaryimage"},"image":{"@id":"https:\/\/krajn.sk\/expo\/sortiment\/dlazba-a-terasove-platne\/terasove-platne\/mystika\/#primaryimage"},"thumbnailUrl":"https:\/\/krajn.sk\/expo\/wp-content\/uploads\/2021\/02\/mystika-foto-e1612983559782.jpg","datePublished":"2020-09-08T20:10:53+00:00","dateModified":"2023-03-25T20:35:34+00:00","breadcrumb":{"@id":"https:\/\/krajn.sk\/expo\/sortiment\/dlazba-a-terasove-platne\/terasove-platne\/mystika\/#breadcrumb"},"inLanguage":"sk-SK","potentialAction":[{"@type":"ReadAction","target":["https:\/\/krajn.sk\/expo\/sortiment\/dlazba-a-terasove-platne\/terasove-platne\/mystika\/"]}]},{"@type":"ImageObject","inLanguage":"sk-SK","@id":"https:\/\/krajn.sk\/expo\/sortiment\/dlazba-a-terasove-platne\/terasove-platne\/mystika\/#primaryimage","url":"https:\/\/krajn.sk\/expo\/wp-content\/uploads\/2021\/02\/mystika-foto-e1612983559782.jpg","contentUrl":"https:\/\/krajn.sk\/expo\/wp-content\/uploads\/2021\/02\/mystika-foto-e1612983559782.jpg","width":1025,"height":1251},{"@type":"BreadcrumbList","@id":"https:\/\/krajn.sk\/expo\/sortiment\/dlazba-a-terasove-platne\/terasove-platne\/mystika\/#breadcrumb","itemListElement":[{"@type":"ListItem","position":1,"name":"Home","item":"https:\/\/krajn.sk\/expo\/"},{"@type":"ListItem","position":2,"name":"Produkty","item":"https:\/\/krajn.sk\/expo\/sortiment\/"},{"@type":"ListItem","position":3,"name":"Mystika"}]},{"@type":"WebSite","@id":"https:\/\/krajn.sk\/expo\/#website","url":"https:\/\/krajn.sk\/expo\/","name":"Krajn Exp","description":"Va\u0161e stavebniny na kraji Stupavy!","publisher":{"@id":"https:\/\/krajn.sk\/expo\/#organization"},"potentialAction":[{"@type":"SearchAction","target":{"@type":"EntryPoint","urlTemplate":"https:\/\/krajn.sk\/expo\/?s={search_term_string}"},"query-input":{"@type":"PropertyValueSpecification","valueRequired":true,"valueName":"search_term_string"}}],"inLanguage":"sk-SK"},{"@type":"Organization","@id":"https:\/\/krajn.sk\/expo\/#organization","name":"Krajn Expo","url":"https:\/\/krajn.sk\/expo\/","logo":{"@type":"ImageObject","inLanguage":"sk-SK","@id":"https:\/\/krajn.sk\/expo\/#\/schema\/logo\/image\/","url":"https:\/\/krajn.sk\/expo\/wp-content\/uploads\/2020\/03\/logo_expo_transparent.png","contentUrl":"https:\/\/krajn.sk\/expo\/wp-content\/uploads\/2020\/03\/logo_expo_transparent.png","width":91,"height":105,"caption":"Krajn Expo"},"image":{"@id":"https:\/\/krajn.sk\/expo\/#\/schema\/logo\/image\/"}}]}},"_links":{"self":[{"href":"https:\/\/krajn.sk\/expo\/wp-json\/wp\/v2\/product\/6160"}],"collection":[{"href":"https:\/\/krajn.sk\/expo\/wp-json\/wp\/v2\/product"}],"about":[{"href":"https:\/\/krajn.sk\/expo\/wp-json\/wp\/v2\/types\/product"}],"version-history":[{"count":1,"href":"https:\/\/krajn.sk\/expo\/wp-json\/wp\/v2\/product\/6160\/revisions"}],"predecessor-version":[{"id":6298,"href":"https:\/\/krajn.sk\/expo\/wp-json\/wp\/v2\/product\/6160\/revisions\/6298"}],"wp:featuredmedia":[{"embeddable":true,"href":"https:\/\/krajn.sk\/expo\/wp-json\/wp\/v2\/media\/7937"}],"wp:attachment":[{"href":"https:\/\/krajn.sk\/expo\/wp-json\/wp\/v2\/media?parent=6160"}],"wp:term":[{"taxonomy":"product_brand","embeddable":true,"href":"https:\/\/krajn.sk\/expo\/wp-json\/wp\/v2\/product_brand?post=6160"},{"taxonomy":"product_cat","embeddable":true,"href":"https:\/\/krajn.sk\/expo\/wp-json\/wp\/v2\/product_cat?post=6160"},{"taxonomy":"product_tag","embeddable":true,"href":"https:\/\/krajn.sk\/expo\/wp-json\/wp\/v2\/product_tag?post=6160"}],"curies":[{"name":"wp","href":"https:\/\/api.w.org\/{rel}","templated":true}]}}