{"id":6167,"date":"2020-09-08T22:20:14","date_gmt":"2020-09-08T20:20:14","guid":{"rendered":"http:\/\/krajn.sk\/test\/?post_type=product&#038;p=6167"},"modified":"2023-03-25T21:36:06","modified_gmt":"2023-03-25T20:36:06","slug":"plot-city-flair","status":"publish","type":"product","link":"https:\/\/krajn.sk\/expo\/sortiment\/ploty\/plot-city-flair\/","title":{"rendered":"Plot City Flair"},"content":{"rendered":"<p>Na bokoch tv\u00e1rnic&nbsp;plotov\u00e9ho syst\u00e9mu&nbsp;<strong>City flair<\/strong>&nbsp;s\u00fa vytvoren\u00e9 per\u00e1 a&nbsp;dr\u00e1\u017eky, ktor\u00e9 sl\u00fa\u017eia na&nbsp;prepojenie jednotliv\u00fdch prvkov a&nbsp;umo\u017e\u0148uj\u00fa r\u00fdchlu v\u00fdstavbu okrasn\u00fdch m\u00farov alebo kompletn\u00e9 oplotenie pozemku<strong>.<\/strong>&nbsp;Jednotliv\u00e9 prvky plotu je mo\u017en\u00e9 zakon\u010di\u0165 kryc\u00edmi plat\u0148ami alebo pod\u013ea vkusu zasadi\u0165 rastliny. \u0160peci\u00e1lne pilierov\u00e9 tv\u00e1rnice a&nbsp;pr\u00edslu\u0161n\u00e9 krycie platne dopl\u0148uj\u00fa plot&nbsp;<strong>City flair<\/strong>&nbsp;a&nbsp;zais\u0165uj\u00fa neobmedzen\u00fd priestor pre kreativitu.&nbsp;<\/p>\n","protected":false},"excerpt":{"rendered":"<p><strong>Exkluz\u00edvny vzh\u013ead&nbsp;<\/strong><br class=\"one-br\">Exkluz\u00edvny plot&nbsp;<strong>City flair<\/strong>&nbsp;zaujme pre svoj u\u0161\u013eachtil\u00fd povrch upraven\u00fd brokovan\u00edm v&nbsp;kombin\u00e1cii so&nbsp;s\u00fa\u010dasnou farebnou eleganciou.<\/p>\n","protected":false},"featured_media":7943,"template":"","meta":{"inline_featured_image":false,"site-sidebar-layout":"default","site-content-layout":"","ast-site-content-layout":"","site-content-style":"default","site-sidebar-style":"default","ast-global-header-display":"","ast-banner-title-visibility":"","ast-main-header-display":"","ast-hfb-above-header-display":"","ast-hfb-below-header-display":"","ast-hfb-mobile-header-display":"","site-post-title":"","ast-breadcrumbs-content":"","ast-featured-img":"","footer-sml-layout":"","theme-transparent-header-meta":"","adv-header-id-meta":"","stick-header-meta":"","header-above-stick-meta":"","header-main-stick-meta":"","header-below-stick-meta":"","astra-migrate-meta-layouts":"default","ast-page-background-enabled":"default","ast-page-background-meta":{"desktop":{"background-color":"var(--ast-global-color-4)","background-image":"","background-repeat":"repeat","background-position":"center center","background-size":"auto","background-attachment":"scroll","background-type":"","background-media":"","overlay-type":"","overlay-color":"","overlay-opacity":"","overlay-gradient":""},"tablet":{"background-color":"","background-image":"","background-repeat":"repeat","background-position":"center center","background-size":"auto","background-attachment":"scroll","background-type":"","background-media":"","overlay-type":"","overlay-color":"","overlay-opacity":"","overlay-gradient":""},"mobile":{"background-color":"","background-image":"","background-repeat":"repeat","background-position":"center center","background-size":"auto","background-attachment":"scroll","background-type":"","background-media":"","overlay-type":"","overlay-color":"","overlay-opacity":"","overlay-gradient":""}},"ast-content-background-meta":{"desktop":{"background-color":"var(--ast-global-color-5)","background-image":"","background-repeat":"repeat","background-position":"center center","background-size":"auto","background-attachment":"scroll","background-type":"","background-media":"","overlay-type":"","overlay-color":"","overlay-opacity":"","overlay-gradient":""},"tablet":{"background-color":"var(--ast-global-color-5)","background-image":"","background-repeat":"repeat","background-position":"center center","background-size":"auto","background-attachment":"scroll","background-type":"","background-media":"","overlay-type":"","overlay-color":"","overlay-opacity":"","overlay-gradient":""},"mobile":{"background-color":"var(--ast-global-color-5)","background-image":"","background-repeat":"repeat","background-position":"center center","background-size":"auto","background-attachment":"scroll","background-type":"","background-media":"","overlay-type":"","overlay-color":"","overlay-opacity":"","overlay-gradient":""}},"ngg_post_thumbnail":0},"product_brand":[],"product_cat":[332],"product_tag":[164],"class_list":{"0":"post-6167","1":"product","2":"type-product","3":"status-publish","4":"has-post-thumbnail","6":"product_cat-ploty","7":"product_tag-premac","8":"pa_dodavatelia-premac","9":"desktop-align-left","10":"tablet-align-left","11":"mobile-align-left","13":"first","14":"instock","15":"taxable","16":"shipping-taxable","17":"purchasable","18":"product-type-variable"},"yoast_head":"<!-- This site is optimized with the Yoast SEO plugin v24.8.1 - https:\/\/yoast.com\/wordpress\/plugins\/seo\/ -->\n<title>Plot City Flair | Krajn Exp<\/title>\n<meta name=\"robots\" content=\"index, follow, max-snippet:-1, max-image-preview:large, max-video-preview:-1\" \/>\n<link rel=\"canonical\" href=\"https:\/\/krajn.sk\/expo\/sortiment\/ploty\/plot-city-flair\/\" \/>\n<meta property=\"og:locale\" content=\"sk_SK\" \/>\n<meta property=\"og:type\" content=\"article\" \/>\n<meta property=\"og:title\" content=\"Plot City Flair | Krajn Exp\" \/>\n<meta property=\"og:description\" content=\"Exkluz\u00edvny vzh\u013ead&nbsp;Exkluz\u00edvny plot&nbsp;City flair&nbsp;zaujme pre svoj u\u0161\u013eachtil\u00fd povrch upraven\u00fd brokovan\u00edm v&nbsp;kombin\u00e1cii so&nbsp;s\u00fa\u010dasnou farebnou eleganciou.\" \/>\n<meta property=\"og:url\" content=\"https:\/\/krajn.sk\/expo\/sortiment\/ploty\/plot-city-flair\/\" \/>\n<meta property=\"og:site_name\" content=\"Krajn Exp\" \/>\n<meta property=\"article:modified_time\" content=\"2023-03-25T20:36:06+00:00\" \/>\n<meta property=\"og:image\" content=\"https:\/\/krajn.sk\/expo\/wp-content\/uploads\/2021\/02\/city-flair-photo.jpg\" \/>\n\t<meta property=\"og:image:width\" content=\"1537\" \/>\n\t<meta property=\"og:image:height\" content=\"1172\" \/>\n\t<meta property=\"og:image:type\" content=\"image\/jpeg\" \/>\n<meta name=\"twitter:card\" content=\"summary_large_image\" \/>\n<script type=\"application\/ld+json\" class=\"yoast-schema-graph\">{\"@context\":\"https:\/\/schema.org\",\"@graph\":[{\"@type\":\"WebPage\",\"@id\":\"https:\/\/krajn.sk\/expo\/sortiment\/ploty\/plot-city-flair\/\",\"url\":\"https:\/\/krajn.sk\/expo\/sortiment\/ploty\/plot-city-flair\/\",\"name\":\"Plot City Flair | Krajn Exp\",\"isPartOf\":{\"@id\":\"https:\/\/krajn.sk\/expo\/#website\"},\"primaryImageOfPage\":{\"@id\":\"https:\/\/krajn.sk\/expo\/sortiment\/ploty\/plot-city-flair\/#primaryimage\"},\"image\":{\"@id\":\"https:\/\/krajn.sk\/expo\/sortiment\/ploty\/plot-city-flair\/#primaryimage\"},\"thumbnailUrl\":\"https:\/\/krajn.sk\/expo\/wp-content\/uploads\/2021\/02\/city-flair-photo.jpg\",\"datePublished\":\"2020-09-08T20:20:14+00:00\",\"dateModified\":\"2023-03-25T20:36:06+00:00\",\"breadcrumb\":{\"@id\":\"https:\/\/krajn.sk\/expo\/sortiment\/ploty\/plot-city-flair\/#breadcrumb\"},\"inLanguage\":\"sk-SK\",\"potentialAction\":[{\"@type\":\"ReadAction\",\"target\":[\"https:\/\/krajn.sk\/expo\/sortiment\/ploty\/plot-city-flair\/\"]}]},{\"@type\":\"ImageObject\",\"inLanguage\":\"sk-SK\",\"@id\":\"https:\/\/krajn.sk\/expo\/sortiment\/ploty\/plot-city-flair\/#primaryimage\",\"url\":\"https:\/\/krajn.sk\/expo\/wp-content\/uploads\/2021\/02\/city-flair-photo.jpg\",\"contentUrl\":\"https:\/\/krajn.sk\/expo\/wp-content\/uploads\/2021\/02\/city-flair-photo.jpg\",\"width\":1537,\"height\":1172},{\"@type\":\"BreadcrumbList\",\"@id\":\"https:\/\/krajn.sk\/expo\/sortiment\/ploty\/plot-city-flair\/#breadcrumb\",\"itemListElement\":[{\"@type\":\"ListItem\",\"position\":1,\"name\":\"Home\",\"item\":\"https:\/\/krajn.sk\/expo\/\"},{\"@type\":\"ListItem\",\"position\":2,\"name\":\"Produkty\",\"item\":\"https:\/\/krajn.sk\/expo\/sortiment\/\"},{\"@type\":\"ListItem\",\"position\":3,\"name\":\"Plot City Flair\"}]},{\"@type\":\"WebSite\",\"@id\":\"https:\/\/krajn.sk\/expo\/#website\",\"url\":\"https:\/\/krajn.sk\/expo\/\",\"name\":\"Krajn Exp\",\"description\":\"Va\u0161e stavebniny na kraji Stupavy!\",\"publisher\":{\"@id\":\"https:\/\/krajn.sk\/expo\/#organization\"},\"potentialAction\":[{\"@type\":\"SearchAction\",\"target\":{\"@type\":\"EntryPoint\",\"urlTemplate\":\"https:\/\/krajn.sk\/expo\/?s={search_term_string}\"},\"query-input\":{\"@type\":\"PropertyValueSpecification\",\"valueRequired\":true,\"valueName\":\"search_term_string\"}}],\"inLanguage\":\"sk-SK\"},{\"@type\":\"Organization\",\"@id\":\"https:\/\/krajn.sk\/expo\/#organization\",\"name\":\"Krajn Expo\",\"url\":\"https:\/\/krajn.sk\/expo\/\",\"logo\":{\"@type\":\"ImageObject\",\"inLanguage\":\"sk-SK\",\"@id\":\"https:\/\/krajn.sk\/expo\/#\/schema\/logo\/image\/\",\"url\":\"https:\/\/krajn.sk\/expo\/wp-content\/uploads\/2020\/03\/logo_expo_transparent.png\",\"contentUrl\":\"https:\/\/krajn.sk\/expo\/wp-content\/uploads\/2020\/03\/logo_expo_transparent.png\",\"width\":91,\"height\":105,\"caption\":\"Krajn Expo\"},\"image\":{\"@id\":\"https:\/\/krajn.sk\/expo\/#\/schema\/logo\/image\/\"}}]}<\/script>\n<!-- \/ Yoast SEO plugin. -->","yoast_head_json":{"title":"Plot City Flair | Krajn Exp","robots":{"index":"index","follow":"follow","max-snippet":"max-snippet:-1","max-image-preview":"max-image-preview:large","max-video-preview":"max-video-preview:-1"},"canonical":"https:\/\/krajn.sk\/expo\/sortiment\/ploty\/plot-city-flair\/","og_locale":"sk_SK","og_type":"article","og_title":"Plot City Flair | Krajn Exp","og_description":"Exkluz\u00edvny vzh\u013ead&nbsp;Exkluz\u00edvny plot&nbsp;City flair&nbsp;zaujme pre svoj u\u0161\u013eachtil\u00fd povrch upraven\u00fd brokovan\u00edm v&nbsp;kombin\u00e1cii so&nbsp;s\u00fa\u010dasnou farebnou eleganciou.","og_url":"https:\/\/krajn.sk\/expo\/sortiment\/ploty\/plot-city-flair\/","og_site_name":"Krajn Exp","article_modified_time":"2023-03-25T20:36:06+00:00","og_image":[{"width":1537,"height":1172,"url":"https:\/\/krajn.sk\/expo\/wp-content\/uploads\/2021\/02\/city-flair-photo.jpg","type":"image\/jpeg"}],"twitter_card":"summary_large_image","schema":{"@context":"https:\/\/schema.org","@graph":[{"@type":"WebPage","@id":"https:\/\/krajn.sk\/expo\/sortiment\/ploty\/plot-city-flair\/","url":"https:\/\/krajn.sk\/expo\/sortiment\/ploty\/plot-city-flair\/","name":"Plot City Flair | Krajn Exp","isPartOf":{"@id":"https:\/\/krajn.sk\/expo\/#website"},"primaryImageOfPage":{"@id":"https:\/\/krajn.sk\/expo\/sortiment\/ploty\/plot-city-flair\/#primaryimage"},"image":{"@id":"https:\/\/krajn.sk\/expo\/sortiment\/ploty\/plot-city-flair\/#primaryimage"},"thumbnailUrl":"https:\/\/krajn.sk\/expo\/wp-content\/uploads\/2021\/02\/city-flair-photo.jpg","datePublished":"2020-09-08T20:20:14+00:00","dateModified":"2023-03-25T20:36:06+00:00","breadcrumb":{"@id":"https:\/\/krajn.sk\/expo\/sortiment\/ploty\/plot-city-flair\/#breadcrumb"},"inLanguage":"sk-SK","potentialAction":[{"@type":"ReadAction","target":["https:\/\/krajn.sk\/expo\/sortiment\/ploty\/plot-city-flair\/"]}]},{"@type":"ImageObject","inLanguage":"sk-SK","@id":"https:\/\/krajn.sk\/expo\/sortiment\/ploty\/plot-city-flair\/#primaryimage","url":"https:\/\/krajn.sk\/expo\/wp-content\/uploads\/2021\/02\/city-flair-photo.jpg","contentUrl":"https:\/\/krajn.sk\/expo\/wp-content\/uploads\/2021\/02\/city-flair-photo.jpg","width":1537,"height":1172},{"@type":"BreadcrumbList","@id":"https:\/\/krajn.sk\/expo\/sortiment\/ploty\/plot-city-flair\/#breadcrumb","itemListElement":[{"@type":"ListItem","position":1,"name":"Home","item":"https:\/\/krajn.sk\/expo\/"},{"@type":"ListItem","position":2,"name":"Produkty","item":"https:\/\/krajn.sk\/expo\/sortiment\/"},{"@type":"ListItem","position":3,"name":"Plot City Flair"}]},{"@type":"WebSite","@id":"https:\/\/krajn.sk\/expo\/#website","url":"https:\/\/krajn.sk\/expo\/","name":"Krajn Exp","description":"Va\u0161e stavebniny na kraji Stupavy!","publisher":{"@id":"https:\/\/krajn.sk\/expo\/#organization"},"potentialAction":[{"@type":"SearchAction","target":{"@type":"EntryPoint","urlTemplate":"https:\/\/krajn.sk\/expo\/?s={search_term_string}"},"query-input":{"@type":"PropertyValueSpecification","valueRequired":true,"valueName":"search_term_string"}}],"inLanguage":"sk-SK"},{"@type":"Organization","@id":"https:\/\/krajn.sk\/expo\/#organization","name":"Krajn Expo","url":"https:\/\/krajn.sk\/expo\/","logo":{"@type":"ImageObject","inLanguage":"sk-SK","@id":"https:\/\/krajn.sk\/expo\/#\/schema\/logo\/image\/","url":"https:\/\/krajn.sk\/expo\/wp-content\/uploads\/2020\/03\/logo_expo_transparent.png","contentUrl":"https:\/\/krajn.sk\/expo\/wp-content\/uploads\/2020\/03\/logo_expo_transparent.png","width":91,"height":105,"caption":"Krajn Expo"},"image":{"@id":"https:\/\/krajn.sk\/expo\/#\/schema\/logo\/image\/"}}]}},"_links":{"self":[{"href":"https:\/\/krajn.sk\/expo\/wp-json\/wp\/v2\/product\/6167"}],"collection":[{"href":"https:\/\/krajn.sk\/expo\/wp-json\/wp\/v2\/product"}],"about":[{"href":"https:\/\/krajn.sk\/expo\/wp-json\/wp\/v2\/types\/product"}],"version-history":[{"count":1,"href":"https:\/\/krajn.sk\/expo\/wp-json\/wp\/v2\/product\/6167\/revisions"}],"predecessor-version":[{"id":6351,"href":"https:\/\/krajn.sk\/expo\/wp-json\/wp\/v2\/product\/6167\/revisions\/6351"}],"wp:featuredmedia":[{"embeddable":true,"href":"https:\/\/krajn.sk\/expo\/wp-json\/wp\/v2\/media\/7943"}],"wp:attachment":[{"href":"https:\/\/krajn.sk\/expo\/wp-json\/wp\/v2\/media?parent=6167"}],"wp:term":[{"taxonomy":"product_brand","embeddable":true,"href":"https:\/\/krajn.sk\/expo\/wp-json\/wp\/v2\/product_brand?post=6167"},{"taxonomy":"product_cat","embeddable":true,"href":"https:\/\/krajn.sk\/expo\/wp-json\/wp\/v2\/product_cat?post=6167"},{"taxonomy":"product_tag","embeddable":true,"href":"https:\/\/krajn.sk\/expo\/wp-json\/wp\/v2\/product_tag?post=6167"}],"curies":[{"name":"wp","href":"https:\/\/api.w.org\/{rel}","templated":true}]}}