{"id":6215,"date":"2020-09-10T16:08:31","date_gmt":"2020-09-10T14:08:31","guid":{"rendered":"http:\/\/krajn.sk\/test\/?post_type=product&#038;p=6215"},"modified":"2022-04-07T14:03:39","modified_gmt":"2022-04-07T12:03:39","slug":"tehlovka-klasik","status":"publish","type":"product","link":"https:\/\/krajn.sk\/expo\/sortiment\/obklady\/tehlovka-klasik\/","title":{"rendered":"Tehlovka Klasik"},"content":{"rendered":"<p>Odtie\u0148 \u0161p\u00e1rovacej hmoty sa m\u00f4\u017ee zvoli\u0165 \u013eubovo\u013en\u00fd a tak sa prisp\u00f4sobi\u0165 po\u017eadovan\u00e9mu ladeniu stavby. Odtiene tehlovky s\u00fa mel\u00edrovan\u00e9, maj\u00fa rovnak\u00e9 rozmery tak\u017ee sa m\u00f4\u017eu aj vz\u00e1jomne kombinova\u0165. Tehlovka m\u00e1 svoj\u00edm jemn\u00fdm, rustik\u00e1lnym vzh\u013eadom takmer neobmedzen\u00e9 pou\u017eitie od jednoduch\u00fdch obkladov\u00fdm pl\u00f4ch soklov, krbov, barov\u00fdch pultov, a\u017e po aplik\u00e1cie cel\u00fdch exteri\u00e9rov a interi\u00e9rov domov. Ulo\u017eenie v\u017edy so \u0161p\u00e1rou. Jednoduch\u00e1 mont\u00e1\u017e, \u010dasovo n\u00e1ro\u010dnej\u0161ia na \u0161p\u00e1rovanie.<\/p>\n","protected":false},"excerpt":{"rendered":"<p>Tehlovka klasik je imit\u00e1ciou starej p\u00e1lenej tehly. Umo\u017e\u0148uje vytvorenie neopakovate\u013enej atmosf\u00e9ry klasick\u00fdch stavieb.<\/p>\n","protected":false},"featured_media":7173,"template":"","meta":{"inline_featured_image":false,"site-sidebar-layout":"default","site-content-layout":"","ast-site-content-layout":"","site-content-style":"default","site-sidebar-style":"default","ast-global-header-display":"","ast-banner-title-visibility":"","ast-main-header-display":"","ast-hfb-above-header-display":"","ast-hfb-below-header-display":"","ast-hfb-mobile-header-display":"","site-post-title":"","ast-breadcrumbs-content":"","ast-featured-img":"","footer-sml-layout":"","theme-transparent-header-meta":"","adv-header-id-meta":"","stick-header-meta":"","header-above-stick-meta":"","header-main-stick-meta":"","header-below-stick-meta":"","astra-migrate-meta-layouts":"default","ast-page-background-enabled":"default","ast-page-background-meta":{"desktop":{"background-color":"var(--ast-global-color-4)","background-image":"","background-repeat":"repeat","background-position":"center center","background-size":"auto","background-attachment":"scroll","background-type":"","background-media":"","overlay-type":"","overlay-color":"","overlay-opacity":"","overlay-gradient":""},"tablet":{"background-color":"","background-image":"","background-repeat":"repeat","background-position":"center center","background-size":"auto","background-attachment":"scroll","background-type":"","background-media":"","overlay-type":"","overlay-color":"","overlay-opacity":"","overlay-gradient":""},"mobile":{"background-color":"","background-image":"","background-repeat":"repeat","background-position":"center center","background-size":"auto","background-attachment":"scroll","background-type":"","background-media":"","overlay-type":"","overlay-color":"","overlay-opacity":"","overlay-gradient":""}},"ast-content-background-meta":{"desktop":{"background-color":"var(--ast-global-color-5)","background-image":"","background-repeat":"repeat","background-position":"center center","background-size":"auto","background-attachment":"scroll","background-type":"","background-media":"","overlay-type":"","overlay-color":"","overlay-opacity":"","overlay-gradient":""},"tablet":{"background-color":"var(--ast-global-color-5)","background-image":"","background-repeat":"repeat","background-position":"center center","background-size":"auto","background-attachment":"scroll","background-type":"","background-media":"","overlay-type":"","overlay-color":"","overlay-opacity":"","overlay-gradient":""},"mobile":{"background-color":"var(--ast-global-color-5)","background-image":"","background-repeat":"repeat","background-position":"center center","background-size":"auto","background-attachment":"scroll","background-type":"","background-media":"","overlay-type":"","overlay-color":"","overlay-opacity":"","overlay-gradient":""}},"ngg_post_thumbnail":0},"product_brand":[],"product_cat":[206],"product_tag":[349],"class_list":{"0":"post-6215","1":"product","2":"type-product","3":"status-publish","4":"has-post-thumbnail","6":"product_cat-obklady","7":"product_tag-vaspo","8":"pa_dodavatelia-vaspo","9":"desktop-align-left","10":"tablet-align-left","11":"mobile-align-left","13":"first","14":"instock","15":"taxable","16":"shipping-taxable","17":"purchasable","18":"product-type-variable","19":"has-default-attributes"},"yoast_head":"<!-- This site is optimized with the Yoast SEO plugin v24.8.1 - https:\/\/yoast.com\/wordpress\/plugins\/seo\/ -->\n<title>Tehlovka Klasik | Krajn Exp<\/title>\n<meta name=\"robots\" content=\"index, follow, max-snippet:-1, max-image-preview:large, max-video-preview:-1\" \/>\n<link rel=\"canonical\" href=\"https:\/\/krajn.sk\/expo\/sortiment\/obklady\/tehlovka-klasik\/\" \/>\n<meta property=\"og:locale\" content=\"sk_SK\" \/>\n<meta property=\"og:type\" content=\"article\" \/>\n<meta property=\"og:title\" content=\"Tehlovka Klasik | Krajn Exp\" \/>\n<meta property=\"og:description\" content=\"Tehlovka klasik je imit\u00e1ciou starej p\u00e1lenej tehly. Umo\u017e\u0148uje vytvorenie neopakovate\u013enej atmosf\u00e9ry klasick\u00fdch stavieb.\" \/>\n<meta property=\"og:url\" content=\"https:\/\/krajn.sk\/expo\/sortiment\/obklady\/tehlovka-klasik\/\" \/>\n<meta property=\"og:site_name\" content=\"Krajn Exp\" \/>\n<meta property=\"article:modified_time\" content=\"2022-04-07T12:03:39+00:00\" \/>\n<meta property=\"og:image\" content=\"https:\/\/krajn.sk\/expo\/wp-content\/uploads\/2021\/01\/tehlovka-klasik-foto3.jpg\" \/>\n\t<meta property=\"og:image:width\" content=\"950\" \/>\n\t<meta property=\"og:image:height\" content=\"633\" \/>\n\t<meta property=\"og:image:type\" content=\"image\/jpeg\" \/>\n<meta name=\"twitter:card\" content=\"summary_large_image\" \/>\n<script type=\"application\/ld+json\" class=\"yoast-schema-graph\">{\"@context\":\"https:\/\/schema.org\",\"@graph\":[{\"@type\":\"WebPage\",\"@id\":\"https:\/\/krajn.sk\/expo\/sortiment\/obklady\/tehlovka-klasik\/\",\"url\":\"https:\/\/krajn.sk\/expo\/sortiment\/obklady\/tehlovka-klasik\/\",\"name\":\"Tehlovka Klasik | Krajn Exp\",\"isPartOf\":{\"@id\":\"https:\/\/krajn.sk\/expo\/#website\"},\"primaryImageOfPage\":{\"@id\":\"https:\/\/krajn.sk\/expo\/sortiment\/obklady\/tehlovka-klasik\/#primaryimage\"},\"image\":{\"@id\":\"https:\/\/krajn.sk\/expo\/sortiment\/obklady\/tehlovka-klasik\/#primaryimage\"},\"thumbnailUrl\":\"https:\/\/krajn.sk\/expo\/wp-content\/uploads\/2021\/01\/tehlovka-klasik-foto3.jpg\",\"datePublished\":\"2020-09-10T14:08:31+00:00\",\"dateModified\":\"2022-04-07T12:03:39+00:00\",\"breadcrumb\":{\"@id\":\"https:\/\/krajn.sk\/expo\/sortiment\/obklady\/tehlovka-klasik\/#breadcrumb\"},\"inLanguage\":\"sk-SK\",\"potentialAction\":[{\"@type\":\"ReadAction\",\"target\":[\"https:\/\/krajn.sk\/expo\/sortiment\/obklady\/tehlovka-klasik\/\"]}]},{\"@type\":\"ImageObject\",\"inLanguage\":\"sk-SK\",\"@id\":\"https:\/\/krajn.sk\/expo\/sortiment\/obklady\/tehlovka-klasik\/#primaryimage\",\"url\":\"https:\/\/krajn.sk\/expo\/wp-content\/uploads\/2021\/01\/tehlovka-klasik-foto3.jpg\",\"contentUrl\":\"https:\/\/krajn.sk\/expo\/wp-content\/uploads\/2021\/01\/tehlovka-klasik-foto3.jpg\",\"width\":950,\"height\":633},{\"@type\":\"BreadcrumbList\",\"@id\":\"https:\/\/krajn.sk\/expo\/sortiment\/obklady\/tehlovka-klasik\/#breadcrumb\",\"itemListElement\":[{\"@type\":\"ListItem\",\"position\":1,\"name\":\"Home\",\"item\":\"https:\/\/krajn.sk\/expo\/\"},{\"@type\":\"ListItem\",\"position\":2,\"name\":\"Produkty\",\"item\":\"https:\/\/krajn.sk\/expo\/sortiment\/\"},{\"@type\":\"ListItem\",\"position\":3,\"name\":\"Tehlovka Klasik\"}]},{\"@type\":\"WebSite\",\"@id\":\"https:\/\/krajn.sk\/expo\/#website\",\"url\":\"https:\/\/krajn.sk\/expo\/\",\"name\":\"Krajn Exp\",\"description\":\"Va\u0161e stavebniny na kraji Stupavy!\",\"publisher\":{\"@id\":\"https:\/\/krajn.sk\/expo\/#organization\"},\"potentialAction\":[{\"@type\":\"SearchAction\",\"target\":{\"@type\":\"EntryPoint\",\"urlTemplate\":\"https:\/\/krajn.sk\/expo\/?s={search_term_string}\"},\"query-input\":{\"@type\":\"PropertyValueSpecification\",\"valueRequired\":true,\"valueName\":\"search_term_string\"}}],\"inLanguage\":\"sk-SK\"},{\"@type\":\"Organization\",\"@id\":\"https:\/\/krajn.sk\/expo\/#organization\",\"name\":\"Krajn Expo\",\"url\":\"https:\/\/krajn.sk\/expo\/\",\"logo\":{\"@type\":\"ImageObject\",\"inLanguage\":\"sk-SK\",\"@id\":\"https:\/\/krajn.sk\/expo\/#\/schema\/logo\/image\/\",\"url\":\"https:\/\/krajn.sk\/expo\/wp-content\/uploads\/2020\/03\/logo_expo_transparent.png\",\"contentUrl\":\"https:\/\/krajn.sk\/expo\/wp-content\/uploads\/2020\/03\/logo_expo_transparent.png\",\"width\":91,\"height\":105,\"caption\":\"Krajn Expo\"},\"image\":{\"@id\":\"https:\/\/krajn.sk\/expo\/#\/schema\/logo\/image\/\"}}]}<\/script>\n<!-- \/ Yoast SEO plugin. -->","yoast_head_json":{"title":"Tehlovka Klasik | Krajn Exp","robots":{"index":"index","follow":"follow","max-snippet":"max-snippet:-1","max-image-preview":"max-image-preview:large","max-video-preview":"max-video-preview:-1"},"canonical":"https:\/\/krajn.sk\/expo\/sortiment\/obklady\/tehlovka-klasik\/","og_locale":"sk_SK","og_type":"article","og_title":"Tehlovka Klasik | Krajn Exp","og_description":"Tehlovka klasik je imit\u00e1ciou starej p\u00e1lenej tehly. Umo\u017e\u0148uje vytvorenie neopakovate\u013enej atmosf\u00e9ry klasick\u00fdch stavieb.","og_url":"https:\/\/krajn.sk\/expo\/sortiment\/obklady\/tehlovka-klasik\/","og_site_name":"Krajn Exp","article_modified_time":"2022-04-07T12:03:39+00:00","og_image":[{"width":950,"height":633,"url":"https:\/\/krajn.sk\/expo\/wp-content\/uploads\/2021\/01\/tehlovka-klasik-foto3.jpg","type":"image\/jpeg"}],"twitter_card":"summary_large_image","schema":{"@context":"https:\/\/schema.org","@graph":[{"@type":"WebPage","@id":"https:\/\/krajn.sk\/expo\/sortiment\/obklady\/tehlovka-klasik\/","url":"https:\/\/krajn.sk\/expo\/sortiment\/obklady\/tehlovka-klasik\/","name":"Tehlovka Klasik | Krajn Exp","isPartOf":{"@id":"https:\/\/krajn.sk\/expo\/#website"},"primaryImageOfPage":{"@id":"https:\/\/krajn.sk\/expo\/sortiment\/obklady\/tehlovka-klasik\/#primaryimage"},"image":{"@id":"https:\/\/krajn.sk\/expo\/sortiment\/obklady\/tehlovka-klasik\/#primaryimage"},"thumbnailUrl":"https:\/\/krajn.sk\/expo\/wp-content\/uploads\/2021\/01\/tehlovka-klasik-foto3.jpg","datePublished":"2020-09-10T14:08:31+00:00","dateModified":"2022-04-07T12:03:39+00:00","breadcrumb":{"@id":"https:\/\/krajn.sk\/expo\/sortiment\/obklady\/tehlovka-klasik\/#breadcrumb"},"inLanguage":"sk-SK","potentialAction":[{"@type":"ReadAction","target":["https:\/\/krajn.sk\/expo\/sortiment\/obklady\/tehlovka-klasik\/"]}]},{"@type":"ImageObject","inLanguage":"sk-SK","@id":"https:\/\/krajn.sk\/expo\/sortiment\/obklady\/tehlovka-klasik\/#primaryimage","url":"https:\/\/krajn.sk\/expo\/wp-content\/uploads\/2021\/01\/tehlovka-klasik-foto3.jpg","contentUrl":"https:\/\/krajn.sk\/expo\/wp-content\/uploads\/2021\/01\/tehlovka-klasik-foto3.jpg","width":950,"height":633},{"@type":"BreadcrumbList","@id":"https:\/\/krajn.sk\/expo\/sortiment\/obklady\/tehlovka-klasik\/#breadcrumb","itemListElement":[{"@type":"ListItem","position":1,"name":"Home","item":"https:\/\/krajn.sk\/expo\/"},{"@type":"ListItem","position":2,"name":"Produkty","item":"https:\/\/krajn.sk\/expo\/sortiment\/"},{"@type":"ListItem","position":3,"name":"Tehlovka Klasik"}]},{"@type":"WebSite","@id":"https:\/\/krajn.sk\/expo\/#website","url":"https:\/\/krajn.sk\/expo\/","name":"Krajn Exp","description":"Va\u0161e stavebniny na kraji Stupavy!","publisher":{"@id":"https:\/\/krajn.sk\/expo\/#organization"},"potentialAction":[{"@type":"SearchAction","target":{"@type":"EntryPoint","urlTemplate":"https:\/\/krajn.sk\/expo\/?s={search_term_string}"},"query-input":{"@type":"PropertyValueSpecification","valueRequired":true,"valueName":"search_term_string"}}],"inLanguage":"sk-SK"},{"@type":"Organization","@id":"https:\/\/krajn.sk\/expo\/#organization","name":"Krajn Expo","url":"https:\/\/krajn.sk\/expo\/","logo":{"@type":"ImageObject","inLanguage":"sk-SK","@id":"https:\/\/krajn.sk\/expo\/#\/schema\/logo\/image\/","url":"https:\/\/krajn.sk\/expo\/wp-content\/uploads\/2020\/03\/logo_expo_transparent.png","contentUrl":"https:\/\/krajn.sk\/expo\/wp-content\/uploads\/2020\/03\/logo_expo_transparent.png","width":91,"height":105,"caption":"Krajn Expo"},"image":{"@id":"https:\/\/krajn.sk\/expo\/#\/schema\/logo\/image\/"}}]}},"_links":{"self":[{"href":"https:\/\/krajn.sk\/expo\/wp-json\/wp\/v2\/product\/6215"}],"collection":[{"href":"https:\/\/krajn.sk\/expo\/wp-json\/wp\/v2\/product"}],"about":[{"href":"https:\/\/krajn.sk\/expo\/wp-json\/wp\/v2\/types\/product"}],"version-history":[{"count":1,"href":"https:\/\/krajn.sk\/expo\/wp-json\/wp\/v2\/product\/6215\/revisions"}],"predecessor-version":[{"id":7179,"href":"https:\/\/krajn.sk\/expo\/wp-json\/wp\/v2\/product\/6215\/revisions\/7179"}],"wp:featuredmedia":[{"embeddable":true,"href":"https:\/\/krajn.sk\/expo\/wp-json\/wp\/v2\/media\/7173"}],"wp:attachment":[{"href":"https:\/\/krajn.sk\/expo\/wp-json\/wp\/v2\/media?parent=6215"}],"wp:term":[{"taxonomy":"product_brand","embeddable":true,"href":"https:\/\/krajn.sk\/expo\/wp-json\/wp\/v2\/product_brand?post=6215"},{"taxonomy":"product_cat","embeddable":true,"href":"https:\/\/krajn.sk\/expo\/wp-json\/wp\/v2\/product_cat?post=6215"},{"taxonomy":"product_tag","embeddable":true,"href":"https:\/\/krajn.sk\/expo\/wp-json\/wp\/v2\/product_tag?post=6215"}],"curies":[{"name":"wp","href":"https:\/\/api.w.org\/{rel}","templated":true}]}}