{"id":6228,"date":"2020-09-10T16:27:35","date_gmt":"2020-09-10T14:27:35","guid":{"rendered":"http:\/\/krajn.sk\/test\/?post_type=product&#038;p=6228"},"modified":"2022-04-07T14:03:27","modified_gmt":"2022-04-07T12:03:27","slug":"kamen-povazan","status":"publish","type":"product","link":"https:\/\/krajn.sk\/expo\/sortiment\/obklady\/kamen-povazan\/","title":{"rendered":"Kame\u0148 Pova\u017ean"},"content":{"rendered":"<p>V\u010faka zubov\u00fdm spojom jednotliv\u00fdch obklada\u010diek vynikne aj na mal\u00fdch ploch\u00e1ch s mno\u017estvom deliacich l\u00edni\u00ed ako s\u00fa interi\u00e9rov\u00e9 i exteri\u00e9rov\u00e9 krby, barov\u00e9 pulty a r\u00f4zne nepravideln\u00e9 steny. Jednoduch\u00e1 mont\u00e1\u017e. Ulo\u017eenie bez \u0161p\u00e1r.<\/p>\n","protected":false},"excerpt":{"rendered":"<p>Kame\u0148 Pova\u017ean m\u00e1 \u0161trukt\u00faru jemne spojen\u00fdch l\u00e1man\u00fdch k\u00faskov tohto kame\u0148a v kombin\u00e1cii s kamenn\u00fdmi od\u0161tiepkami. Dokonale imituje pr\u00edrodn\u00e9 vr\u00e1snenie.<\/p>\n","protected":false},"featured_media":7249,"template":"","meta":{"inline_featured_image":false,"site-sidebar-layout":"default","site-content-layout":"","ast-site-content-layout":"","site-content-style":"default","site-sidebar-style":"default","ast-global-header-display":"","ast-banner-title-visibility":"","ast-main-header-display":"","ast-hfb-above-header-display":"","ast-hfb-below-header-display":"","ast-hfb-mobile-header-display":"","site-post-title":"","ast-breadcrumbs-content":"","ast-featured-img":"","footer-sml-layout":"","theme-transparent-header-meta":"","adv-header-id-meta":"","stick-header-meta":"","header-above-stick-meta":"","header-main-stick-meta":"","header-below-stick-meta":"","astra-migrate-meta-layouts":"default","ast-page-background-enabled":"default","ast-page-background-meta":{"desktop":{"background-color":"var(--ast-global-color-4)","background-image":"","background-repeat":"repeat","background-position":"center center","background-size":"auto","background-attachment":"scroll","background-type":"","background-media":"","overlay-type":"","overlay-color":"","overlay-opacity":"","overlay-gradient":""},"tablet":{"background-color":"","background-image":"","background-repeat":"repeat","background-position":"center center","background-size":"auto","background-attachment":"scroll","background-type":"","background-media":"","overlay-type":"","overlay-color":"","overlay-opacity":"","overlay-gradient":""},"mobile":{"background-color":"","background-image":"","background-repeat":"repeat","background-position":"center center","background-size":"auto","background-attachment":"scroll","background-type":"","background-media":"","overlay-type":"","overlay-color":"","overlay-opacity":"","overlay-gradient":""}},"ast-content-background-meta":{"desktop":{"background-color":"var(--ast-global-color-5)","background-image":"","background-repeat":"repeat","background-position":"center center","background-size":"auto","background-attachment":"scroll","background-type":"","background-media":"","overlay-type":"","overlay-color":"","overlay-opacity":"","overlay-gradient":""},"tablet":{"background-color":"var(--ast-global-color-5)","background-image":"","background-repeat":"repeat","background-position":"center center","background-size":"auto","background-attachment":"scroll","background-type":"","background-media":"","overlay-type":"","overlay-color":"","overlay-opacity":"","overlay-gradient":""},"mobile":{"background-color":"var(--ast-global-color-5)","background-image":"","background-repeat":"repeat","background-position":"center center","background-size":"auto","background-attachment":"scroll","background-type":"","background-media":"","overlay-type":"","overlay-color":"","overlay-opacity":"","overlay-gradient":""}},"ngg_post_thumbnail":0},"product_brand":[],"product_cat":[206],"product_tag":[349],"class_list":{"0":"post-6228","1":"product","2":"type-product","3":"status-publish","4":"has-post-thumbnail","6":"product_cat-obklady","7":"product_tag-vaspo","8":"pa_dodavatelia-vaspo","9":"desktop-align-left","10":"tablet-align-left","11":"mobile-align-left","13":"first","14":"instock","15":"taxable","16":"shipping-taxable","17":"purchasable","18":"product-type-variable","19":"has-default-attributes"},"yoast_head":"<!-- This site is optimized with the Yoast SEO plugin v24.8.1 - https:\/\/yoast.com\/wordpress\/plugins\/seo\/ -->\n<title>Kame\u0148 Pova\u017ean | Krajn Exp<\/title>\n<meta name=\"robots\" content=\"index, follow, max-snippet:-1, max-image-preview:large, max-video-preview:-1\" \/>\n<link rel=\"canonical\" href=\"https:\/\/krajn.sk\/expo\/sortiment\/obklady\/kamen-povazan\/\" \/>\n<meta property=\"og:locale\" content=\"sk_SK\" \/>\n<meta property=\"og:type\" content=\"article\" \/>\n<meta property=\"og:title\" content=\"Kame\u0148 Pova\u017ean | Krajn Exp\" \/>\n<meta property=\"og:description\" content=\"Kame\u0148 Pova\u017ean m\u00e1 \u0161trukt\u00faru jemne spojen\u00fdch l\u00e1man\u00fdch k\u00faskov tohto kame\u0148a v kombin\u00e1cii s kamenn\u00fdmi od\u0161tiepkami. Dokonale imituje pr\u00edrodn\u00e9 vr\u00e1snenie.\" \/>\n<meta property=\"og:url\" content=\"https:\/\/krajn.sk\/expo\/sortiment\/obklady\/kamen-povazan\/\" \/>\n<meta property=\"og:site_name\" content=\"Krajn Exp\" \/>\n<meta property=\"article:modified_time\" content=\"2022-04-07T12:03:27+00:00\" \/>\n<meta property=\"og:image\" content=\"https:\/\/krajn.sk\/expo\/wp-content\/uploads\/2021\/01\/kamen-povazan-foto2.jpg\" \/>\n\t<meta property=\"og:image:width\" content=\"950\" \/>\n\t<meta property=\"og:image:height\" content=\"636\" \/>\n\t<meta property=\"og:image:type\" content=\"image\/jpeg\" \/>\n<meta name=\"twitter:card\" content=\"summary_large_image\" \/>\n<script type=\"application\/ld+json\" class=\"yoast-schema-graph\">{\"@context\":\"https:\/\/schema.org\",\"@graph\":[{\"@type\":\"WebPage\",\"@id\":\"https:\/\/krajn.sk\/expo\/sortiment\/obklady\/kamen-povazan\/\",\"url\":\"https:\/\/krajn.sk\/expo\/sortiment\/obklady\/kamen-povazan\/\",\"name\":\"Kame\u0148 Pova\u017ean | Krajn Exp\",\"isPartOf\":{\"@id\":\"https:\/\/krajn.sk\/expo\/#website\"},\"primaryImageOfPage\":{\"@id\":\"https:\/\/krajn.sk\/expo\/sortiment\/obklady\/kamen-povazan\/#primaryimage\"},\"image\":{\"@id\":\"https:\/\/krajn.sk\/expo\/sortiment\/obklady\/kamen-povazan\/#primaryimage\"},\"thumbnailUrl\":\"https:\/\/krajn.sk\/expo\/wp-content\/uploads\/2021\/01\/kamen-povazan-foto2.jpg\",\"datePublished\":\"2020-09-10T14:27:35+00:00\",\"dateModified\":\"2022-04-07T12:03:27+00:00\",\"breadcrumb\":{\"@id\":\"https:\/\/krajn.sk\/expo\/sortiment\/obklady\/kamen-povazan\/#breadcrumb\"},\"inLanguage\":\"sk-SK\",\"potentialAction\":[{\"@type\":\"ReadAction\",\"target\":[\"https:\/\/krajn.sk\/expo\/sortiment\/obklady\/kamen-povazan\/\"]}]},{\"@type\":\"ImageObject\",\"inLanguage\":\"sk-SK\",\"@id\":\"https:\/\/krajn.sk\/expo\/sortiment\/obklady\/kamen-povazan\/#primaryimage\",\"url\":\"https:\/\/krajn.sk\/expo\/wp-content\/uploads\/2021\/01\/kamen-povazan-foto2.jpg\",\"contentUrl\":\"https:\/\/krajn.sk\/expo\/wp-content\/uploads\/2021\/01\/kamen-povazan-foto2.jpg\",\"width\":950,\"height\":636},{\"@type\":\"BreadcrumbList\",\"@id\":\"https:\/\/krajn.sk\/expo\/sortiment\/obklady\/kamen-povazan\/#breadcrumb\",\"itemListElement\":[{\"@type\":\"ListItem\",\"position\":1,\"name\":\"Home\",\"item\":\"https:\/\/krajn.sk\/expo\/\"},{\"@type\":\"ListItem\",\"position\":2,\"name\":\"Produkty\",\"item\":\"https:\/\/krajn.sk\/expo\/sortiment\/\"},{\"@type\":\"ListItem\",\"position\":3,\"name\":\"Kame\u0148 Pova\u017ean\"}]},{\"@type\":\"WebSite\",\"@id\":\"https:\/\/krajn.sk\/expo\/#website\",\"url\":\"https:\/\/krajn.sk\/expo\/\",\"name\":\"Krajn Exp\",\"description\":\"Va\u0161e stavebniny na kraji Stupavy!\",\"publisher\":{\"@id\":\"https:\/\/krajn.sk\/expo\/#organization\"},\"potentialAction\":[{\"@type\":\"SearchAction\",\"target\":{\"@type\":\"EntryPoint\",\"urlTemplate\":\"https:\/\/krajn.sk\/expo\/?s={search_term_string}\"},\"query-input\":{\"@type\":\"PropertyValueSpecification\",\"valueRequired\":true,\"valueName\":\"search_term_string\"}}],\"inLanguage\":\"sk-SK\"},{\"@type\":\"Organization\",\"@id\":\"https:\/\/krajn.sk\/expo\/#organization\",\"name\":\"Krajn Expo\",\"url\":\"https:\/\/krajn.sk\/expo\/\",\"logo\":{\"@type\":\"ImageObject\",\"inLanguage\":\"sk-SK\",\"@id\":\"https:\/\/krajn.sk\/expo\/#\/schema\/logo\/image\/\",\"url\":\"https:\/\/krajn.sk\/expo\/wp-content\/uploads\/2020\/03\/logo_expo_transparent.png\",\"contentUrl\":\"https:\/\/krajn.sk\/expo\/wp-content\/uploads\/2020\/03\/logo_expo_transparent.png\",\"width\":91,\"height\":105,\"caption\":\"Krajn Expo\"},\"image\":{\"@id\":\"https:\/\/krajn.sk\/expo\/#\/schema\/logo\/image\/\"}}]}<\/script>\n<!-- \/ Yoast SEO plugin. -->","yoast_head_json":{"title":"Kame\u0148 Pova\u017ean | Krajn Exp","robots":{"index":"index","follow":"follow","max-snippet":"max-snippet:-1","max-image-preview":"max-image-preview:large","max-video-preview":"max-video-preview:-1"},"canonical":"https:\/\/krajn.sk\/expo\/sortiment\/obklady\/kamen-povazan\/","og_locale":"sk_SK","og_type":"article","og_title":"Kame\u0148 Pova\u017ean | Krajn Exp","og_description":"Kame\u0148 Pova\u017ean m\u00e1 \u0161trukt\u00faru jemne spojen\u00fdch l\u00e1man\u00fdch k\u00faskov tohto kame\u0148a v kombin\u00e1cii s kamenn\u00fdmi od\u0161tiepkami. Dokonale imituje pr\u00edrodn\u00e9 vr\u00e1snenie.","og_url":"https:\/\/krajn.sk\/expo\/sortiment\/obklady\/kamen-povazan\/","og_site_name":"Krajn Exp","article_modified_time":"2022-04-07T12:03:27+00:00","og_image":[{"width":950,"height":636,"url":"https:\/\/krajn.sk\/expo\/wp-content\/uploads\/2021\/01\/kamen-povazan-foto2.jpg","type":"image\/jpeg"}],"twitter_card":"summary_large_image","schema":{"@context":"https:\/\/schema.org","@graph":[{"@type":"WebPage","@id":"https:\/\/krajn.sk\/expo\/sortiment\/obklady\/kamen-povazan\/","url":"https:\/\/krajn.sk\/expo\/sortiment\/obklady\/kamen-povazan\/","name":"Kame\u0148 Pova\u017ean | Krajn Exp","isPartOf":{"@id":"https:\/\/krajn.sk\/expo\/#website"},"primaryImageOfPage":{"@id":"https:\/\/krajn.sk\/expo\/sortiment\/obklady\/kamen-povazan\/#primaryimage"},"image":{"@id":"https:\/\/krajn.sk\/expo\/sortiment\/obklady\/kamen-povazan\/#primaryimage"},"thumbnailUrl":"https:\/\/krajn.sk\/expo\/wp-content\/uploads\/2021\/01\/kamen-povazan-foto2.jpg","datePublished":"2020-09-10T14:27:35+00:00","dateModified":"2022-04-07T12:03:27+00:00","breadcrumb":{"@id":"https:\/\/krajn.sk\/expo\/sortiment\/obklady\/kamen-povazan\/#breadcrumb"},"inLanguage":"sk-SK","potentialAction":[{"@type":"ReadAction","target":["https:\/\/krajn.sk\/expo\/sortiment\/obklady\/kamen-povazan\/"]}]},{"@type":"ImageObject","inLanguage":"sk-SK","@id":"https:\/\/krajn.sk\/expo\/sortiment\/obklady\/kamen-povazan\/#primaryimage","url":"https:\/\/krajn.sk\/expo\/wp-content\/uploads\/2021\/01\/kamen-povazan-foto2.jpg","contentUrl":"https:\/\/krajn.sk\/expo\/wp-content\/uploads\/2021\/01\/kamen-povazan-foto2.jpg","width":950,"height":636},{"@type":"BreadcrumbList","@id":"https:\/\/krajn.sk\/expo\/sortiment\/obklady\/kamen-povazan\/#breadcrumb","itemListElement":[{"@type":"ListItem","position":1,"name":"Home","item":"https:\/\/krajn.sk\/expo\/"},{"@type":"ListItem","position":2,"name":"Produkty","item":"https:\/\/krajn.sk\/expo\/sortiment\/"},{"@type":"ListItem","position":3,"name":"Kame\u0148 Pova\u017ean"}]},{"@type":"WebSite","@id":"https:\/\/krajn.sk\/expo\/#website","url":"https:\/\/krajn.sk\/expo\/","name":"Krajn Exp","description":"Va\u0161e stavebniny na kraji Stupavy!","publisher":{"@id":"https:\/\/krajn.sk\/expo\/#organization"},"potentialAction":[{"@type":"SearchAction","target":{"@type":"EntryPoint","urlTemplate":"https:\/\/krajn.sk\/expo\/?s={search_term_string}"},"query-input":{"@type":"PropertyValueSpecification","valueRequired":true,"valueName":"search_term_string"}}],"inLanguage":"sk-SK"},{"@type":"Organization","@id":"https:\/\/krajn.sk\/expo\/#organization","name":"Krajn Expo","url":"https:\/\/krajn.sk\/expo\/","logo":{"@type":"ImageObject","inLanguage":"sk-SK","@id":"https:\/\/krajn.sk\/expo\/#\/schema\/logo\/image\/","url":"https:\/\/krajn.sk\/expo\/wp-content\/uploads\/2020\/03\/logo_expo_transparent.png","contentUrl":"https:\/\/krajn.sk\/expo\/wp-content\/uploads\/2020\/03\/logo_expo_transparent.png","width":91,"height":105,"caption":"Krajn Expo"},"image":{"@id":"https:\/\/krajn.sk\/expo\/#\/schema\/logo\/image\/"}}]}},"_links":{"self":[{"href":"https:\/\/krajn.sk\/expo\/wp-json\/wp\/v2\/product\/6228"}],"collection":[{"href":"https:\/\/krajn.sk\/expo\/wp-json\/wp\/v2\/product"}],"about":[{"href":"https:\/\/krajn.sk\/expo\/wp-json\/wp\/v2\/types\/product"}],"version-history":[{"count":1,"href":"https:\/\/krajn.sk\/expo\/wp-json\/wp\/v2\/product\/6228\/revisions"}],"predecessor-version":[{"id":7251,"href":"https:\/\/krajn.sk\/expo\/wp-json\/wp\/v2\/product\/6228\/revisions\/7251"}],"wp:featuredmedia":[{"embeddable":true,"href":"https:\/\/krajn.sk\/expo\/wp-json\/wp\/v2\/media\/7249"}],"wp:attachment":[{"href":"https:\/\/krajn.sk\/expo\/wp-json\/wp\/v2\/media?parent=6228"}],"wp:term":[{"taxonomy":"product_brand","embeddable":true,"href":"https:\/\/krajn.sk\/expo\/wp-json\/wp\/v2\/product_brand?post=6228"},{"taxonomy":"product_cat","embeddable":true,"href":"https:\/\/krajn.sk\/expo\/wp-json\/wp\/v2\/product_cat?post=6228"},{"taxonomy":"product_tag","embeddable":true,"href":"https:\/\/krajn.sk\/expo\/wp-json\/wp\/v2\/product_tag?post=6228"}],"curies":[{"name":"wp","href":"https:\/\/api.w.org\/{rel}","templated":true}]}}