{"id":7137,"date":"2021-01-05T14:19:56","date_gmt":"2021-01-05T13:19:56","guid":{"rendered":"http:\/\/krajn.sk\/test\/?post_type=product&#038;p=7137"},"modified":"2023-01-14T22:40:53","modified_gmt":"2023-01-14T21:40:53","slug":"duo-stone","status":"publish","type":"product","link":"https:\/\/krajn.sk\/expo\/sortiment\/schody-a-svahove-prvky\/duo-stone\/","title":{"rendered":"Duo Stone"},"content":{"rendered":"<p>Variantu s otvory (DSO) s mo\u017enost\u00ed proarmov\u00e1n\u00ed lze pak vyu\u017e\u00edt nap\u0159. pro plotov\u00e9 zdivo standardn\u00edch v\u00fd\u0161ek a zd\u011bn\u00e9 konstrukce podobn\u00e9ho charakteru. Sou\u010d\u00e1st\u00ed tohoto syst\u00e9mu jsou i prvky na v\u00fdstavbu schod\u016f, pomoc\u00ed kter\u00fdch lze propojit plochy o r\u016fzn\u00fdch v\u00fd\u0161k\u00e1ch. Tv\u00e1rnice jsou mrazuvzdorn\u00e9 a jsou opat\u0159eny ochrann\u00fdm syst\u00e9mem Protect System IN proti zne\u010di\u0161t\u011bn\u00ed a pronik\u00e1n\u00ed vody.<\/p>\n<p>&nbsp;<\/p>\n<p>Form\u00e1ty vo farb\u00e1ch \u0161edo-\u010dierna a okrov\u00e1 s\u00fa \u0161tiepan\u00e9\/rumplovan\u00e9, v ostatn\u00fdcgh farb\u00e1ch s\u00fa \u0161tiepan\u00e9.<\/p>\n<p>Pri odbere neucelenej palety sa \u00fa\u010dtuje<strong> poplatok za rozbalenie 10\u20ac<\/strong><\/p>\n<p>DS 600 &#8211; <strong>40 ks\/pal<\/strong><\/p>\n<p>DS 500 roh &#8211; <strong>40 ks\/pal<\/strong><\/p>\n<p>DS 400 &#8211; <strong>60 ks\/pal<\/strong><\/p>\n<p>DS 400 roh &#8211; <strong>60 ks\/pal<\/strong><\/p>\n<p>DS 200 roh &#8211; <strong>120 ks\/pal<\/strong><\/p>\n<p>DSO 600 &#8211; <strong>40 ks\/pal<\/strong><\/p>\n<p>DSO 500 roh &#8211; <strong>40 ks\/pal<\/strong><\/p>\n<p>DSO 400 &#8211; <strong>60 ks\/pal<\/strong><\/p>\n<p>DSO 400 roh &#8211; <strong>60 ks\/pal<\/strong><\/p>\n<p>DSO 200 roh &#8211; <strong>120 ks\/pal<\/strong><\/p>\n<p>DSO st\u013apik &#8211; <strong>30 ks\/pal<\/strong><\/p>\n<p>DS schod &#8211; <strong>30 ks\/pal<\/strong><\/p>\n","protected":false},"excerpt":{"rendered":"<p>Kameny DUO STONE jsou ur\u010deny k v\u00fdstavb\u011b mal\u00fdch okrasn\u00fdch z\u00eddek a ke zpevn\u011bn\u00ed svah\u016f v kask\u00e1dov\u00fdch zahrad\u00e1ch. Tv\u00e1rnice jsou mrazuvzdorn\u00e9 a jsou opat\u0159eny ochrann\u00fdm syst\u00e9mem Protect System IN proti zne\u010di\u0161t\u011bn\u00ed a pronik\u00e1n\u00ed vody.<\/p>\n","protected":false},"featured_media":11180,"template":"","meta":{"inline_featured_image":false,"site-sidebar-layout":"default","site-content-layout":"","ast-site-content-layout":"","site-content-style":"default","site-sidebar-style":"default","ast-global-header-display":"","ast-banner-title-visibility":"","ast-main-header-display":"","ast-hfb-above-header-display":"","ast-hfb-below-header-display":"","ast-hfb-mobile-header-display":"","site-post-title":"","ast-breadcrumbs-content":"","ast-featured-img":"","footer-sml-layout":"","theme-transparent-header-meta":"","adv-header-id-meta":"","stick-header-meta":"","header-above-stick-meta":"","header-main-stick-meta":"","header-below-stick-meta":"","astra-migrate-meta-layouts":"default","ast-page-background-enabled":"default","ast-page-background-meta":{"desktop":{"background-color":"var(--ast-global-color-4)","background-image":"","background-repeat":"repeat","background-position":"center center","background-size":"auto","background-attachment":"scroll","background-type":"","background-media":"","overlay-type":"","overlay-color":"","overlay-opacity":"","overlay-gradient":""},"tablet":{"background-color":"","background-image":"","background-repeat":"repeat","background-position":"center center","background-size":"auto","background-attachment":"scroll","background-type":"","background-media":"","overlay-type":"","overlay-color":"","overlay-opacity":"","overlay-gradient":""},"mobile":{"background-color":"","background-image":"","background-repeat":"repeat","background-position":"center center","background-size":"auto","background-attachment":"scroll","background-type":"","background-media":"","overlay-type":"","overlay-color":"","overlay-opacity":"","overlay-gradient":""}},"ast-content-background-meta":{"desktop":{"background-color":"var(--ast-global-color-5)","background-image":"","background-repeat":"repeat","background-position":"center center","background-size":"auto","background-attachment":"scroll","background-type":"","background-media":"","overlay-type":"","overlay-color":"","overlay-opacity":"","overlay-gradient":""},"tablet":{"background-color":"var(--ast-global-color-5)","background-image":"","background-repeat":"repeat","background-position":"center center","background-size":"auto","background-attachment":"scroll","background-type":"","background-media":"","overlay-type":"","overlay-color":"","overlay-opacity":"","overlay-gradient":""},"mobile":{"background-color":"var(--ast-global-color-5)","background-image":"","background-repeat":"repeat","background-position":"center center","background-size":"auto","background-attachment":"scroll","background-type":"","background-media":"","overlay-type":"","overlay-color":"","overlay-opacity":"","overlay-gradient":""}},"ngg_post_thumbnail":0},"product_brand":[],"product_cat":[332,205],"product_tag":[335],"class_list":{"0":"post-7137","1":"product","2":"type-product","3":"status-publish","4":"has-post-thumbnail","6":"product_cat-ploty","7":"product_cat-schody-a-svahove-prvky","8":"product_tag-presbeton","9":"pa_dodavatelia-presbeton","10":"desktop-align-left","11":"tablet-align-left","12":"mobile-align-left","14":"first","15":"instock","16":"taxable","17":"shipping-taxable","18":"purchasable","19":"product-type-variable","20":"has-default-attributes"},"yoast_head":"<!-- This site is optimized with the Yoast SEO plugin v24.8.1 - https:\/\/yoast.com\/wordpress\/plugins\/seo\/ -->\n<title>Duo Stone | Krajn Exp<\/title>\n<meta name=\"robots\" content=\"index, follow, max-snippet:-1, max-image-preview:large, max-video-preview:-1\" \/>\n<link rel=\"canonical\" href=\"https:\/\/krajn.sk\/expo\/sortiment\/schody-a-svahove-prvky\/duo-stone\/\" \/>\n<meta property=\"og:locale\" content=\"sk_SK\" \/>\n<meta property=\"og:type\" content=\"article\" \/>\n<meta property=\"og:title\" content=\"Duo Stone | Krajn Exp\" \/>\n<meta property=\"og:description\" content=\"Kameny DUO STONE jsou ur\u010deny k v\u00fdstavb\u011b mal\u00fdch okrasn\u00fdch z\u00eddek a ke zpevn\u011bn\u00ed svah\u016f v kask\u00e1dov\u00fdch zahrad\u00e1ch. Tv\u00e1rnice jsou mrazuvzdorn\u00e9 a jsou opat\u0159eny ochrann\u00fdm syst\u00e9mem Protect System IN proti zne\u010di\u0161t\u011bn\u00ed a pronik\u00e1n\u00ed vody.\" \/>\n<meta property=\"og:url\" content=\"https:\/\/krajn.sk\/expo\/sortiment\/schody-a-svahove-prvky\/duo-stone\/\" \/>\n<meta property=\"og:site_name\" content=\"Krajn Exp\" \/>\n<meta property=\"article:modified_time\" content=\"2023-01-14T21:40:53+00:00\" \/>\n<meta property=\"og:image\" content=\"https:\/\/krajn.sk\/expo\/wp-content\/uploads\/2021\/08\/duo-stone-foto2.jpg\" \/>\n\t<meta property=\"og:image:width\" content=\"1500\" \/>\n\t<meta property=\"og:image:height\" content=\"1124\" \/>\n\t<meta property=\"og:image:type\" content=\"image\/jpeg\" \/>\n<meta name=\"twitter:card\" content=\"summary_large_image\" \/>\n<meta name=\"twitter:label1\" content=\"Predpokladan\u00fd \u010das \u010d\u00edtania\" \/>\n\t<meta name=\"twitter:data1\" content=\"1 min\u00fata\" \/>\n<script type=\"application\/ld+json\" class=\"yoast-schema-graph\">{\"@context\":\"https:\/\/schema.org\",\"@graph\":[{\"@type\":\"WebPage\",\"@id\":\"https:\/\/krajn.sk\/expo\/sortiment\/schody-a-svahove-prvky\/duo-stone\/\",\"url\":\"https:\/\/krajn.sk\/expo\/sortiment\/schody-a-svahove-prvky\/duo-stone\/\",\"name\":\"Duo Stone | Krajn Exp\",\"isPartOf\":{\"@id\":\"https:\/\/krajn.sk\/expo\/#website\"},\"primaryImageOfPage\":{\"@id\":\"https:\/\/krajn.sk\/expo\/sortiment\/schody-a-svahove-prvky\/duo-stone\/#primaryimage\"},\"image\":{\"@id\":\"https:\/\/krajn.sk\/expo\/sortiment\/schody-a-svahove-prvky\/duo-stone\/#primaryimage\"},\"thumbnailUrl\":\"https:\/\/krajn.sk\/expo\/wp-content\/uploads\/2021\/08\/duo-stone-foto2.jpg\",\"datePublished\":\"2021-01-05T13:19:56+00:00\",\"dateModified\":\"2023-01-14T21:40:53+00:00\",\"breadcrumb\":{\"@id\":\"https:\/\/krajn.sk\/expo\/sortiment\/schody-a-svahove-prvky\/duo-stone\/#breadcrumb\"},\"inLanguage\":\"sk-SK\",\"potentialAction\":[{\"@type\":\"ReadAction\",\"target\":[\"https:\/\/krajn.sk\/expo\/sortiment\/schody-a-svahove-prvky\/duo-stone\/\"]}]},{\"@type\":\"ImageObject\",\"inLanguage\":\"sk-SK\",\"@id\":\"https:\/\/krajn.sk\/expo\/sortiment\/schody-a-svahove-prvky\/duo-stone\/#primaryimage\",\"url\":\"https:\/\/krajn.sk\/expo\/wp-content\/uploads\/2021\/08\/duo-stone-foto2.jpg\",\"contentUrl\":\"https:\/\/krajn.sk\/expo\/wp-content\/uploads\/2021\/08\/duo-stone-foto2.jpg\",\"width\":1500,\"height\":1124},{\"@type\":\"BreadcrumbList\",\"@id\":\"https:\/\/krajn.sk\/expo\/sortiment\/schody-a-svahove-prvky\/duo-stone\/#breadcrumb\",\"itemListElement\":[{\"@type\":\"ListItem\",\"position\":1,\"name\":\"Home\",\"item\":\"https:\/\/krajn.sk\/expo\/\"},{\"@type\":\"ListItem\",\"position\":2,\"name\":\"Produkty\",\"item\":\"https:\/\/krajn.sk\/expo\/sortiment\/\"},{\"@type\":\"ListItem\",\"position\":3,\"name\":\"Duo Stone\"}]},{\"@type\":\"WebSite\",\"@id\":\"https:\/\/krajn.sk\/expo\/#website\",\"url\":\"https:\/\/krajn.sk\/expo\/\",\"name\":\"Krajn Exp\",\"description\":\"Va\u0161e stavebniny na kraji Stupavy!\",\"publisher\":{\"@id\":\"https:\/\/krajn.sk\/expo\/#organization\"},\"potentialAction\":[{\"@type\":\"SearchAction\",\"target\":{\"@type\":\"EntryPoint\",\"urlTemplate\":\"https:\/\/krajn.sk\/expo\/?s={search_term_string}\"},\"query-input\":{\"@type\":\"PropertyValueSpecification\",\"valueRequired\":true,\"valueName\":\"search_term_string\"}}],\"inLanguage\":\"sk-SK\"},{\"@type\":\"Organization\",\"@id\":\"https:\/\/krajn.sk\/expo\/#organization\",\"name\":\"Krajn Expo\",\"url\":\"https:\/\/krajn.sk\/expo\/\",\"logo\":{\"@type\":\"ImageObject\",\"inLanguage\":\"sk-SK\",\"@id\":\"https:\/\/krajn.sk\/expo\/#\/schema\/logo\/image\/\",\"url\":\"https:\/\/krajn.sk\/expo\/wp-content\/uploads\/2020\/03\/logo_expo_transparent.png\",\"contentUrl\":\"https:\/\/krajn.sk\/expo\/wp-content\/uploads\/2020\/03\/logo_expo_transparent.png\",\"width\":91,\"height\":105,\"caption\":\"Krajn Expo\"},\"image\":{\"@id\":\"https:\/\/krajn.sk\/expo\/#\/schema\/logo\/image\/\"}}]}<\/script>\n<!-- \/ Yoast SEO plugin. -->","yoast_head_json":{"title":"Duo Stone | Krajn Exp","robots":{"index":"index","follow":"follow","max-snippet":"max-snippet:-1","max-image-preview":"max-image-preview:large","max-video-preview":"max-video-preview:-1"},"canonical":"https:\/\/krajn.sk\/expo\/sortiment\/schody-a-svahove-prvky\/duo-stone\/","og_locale":"sk_SK","og_type":"article","og_title":"Duo Stone | Krajn Exp","og_description":"Kameny DUO STONE jsou ur\u010deny k v\u00fdstavb\u011b mal\u00fdch okrasn\u00fdch z\u00eddek a ke zpevn\u011bn\u00ed svah\u016f v kask\u00e1dov\u00fdch zahrad\u00e1ch. Tv\u00e1rnice jsou mrazuvzdorn\u00e9 a jsou opat\u0159eny ochrann\u00fdm syst\u00e9mem Protect System IN proti zne\u010di\u0161t\u011bn\u00ed a pronik\u00e1n\u00ed vody.","og_url":"https:\/\/krajn.sk\/expo\/sortiment\/schody-a-svahove-prvky\/duo-stone\/","og_site_name":"Krajn Exp","article_modified_time":"2023-01-14T21:40:53+00:00","og_image":[{"width":1500,"height":1124,"url":"https:\/\/krajn.sk\/expo\/wp-content\/uploads\/2021\/08\/duo-stone-foto2.jpg","type":"image\/jpeg"}],"twitter_card":"summary_large_image","twitter_misc":{"Predpokladan\u00fd \u010das \u010d\u00edtania":"1 min\u00fata"},"schema":{"@context":"https:\/\/schema.org","@graph":[{"@type":"WebPage","@id":"https:\/\/krajn.sk\/expo\/sortiment\/schody-a-svahove-prvky\/duo-stone\/","url":"https:\/\/krajn.sk\/expo\/sortiment\/schody-a-svahove-prvky\/duo-stone\/","name":"Duo Stone | Krajn Exp","isPartOf":{"@id":"https:\/\/krajn.sk\/expo\/#website"},"primaryImageOfPage":{"@id":"https:\/\/krajn.sk\/expo\/sortiment\/schody-a-svahove-prvky\/duo-stone\/#primaryimage"},"image":{"@id":"https:\/\/krajn.sk\/expo\/sortiment\/schody-a-svahove-prvky\/duo-stone\/#primaryimage"},"thumbnailUrl":"https:\/\/krajn.sk\/expo\/wp-content\/uploads\/2021\/08\/duo-stone-foto2.jpg","datePublished":"2021-01-05T13:19:56+00:00","dateModified":"2023-01-14T21:40:53+00:00","breadcrumb":{"@id":"https:\/\/krajn.sk\/expo\/sortiment\/schody-a-svahove-prvky\/duo-stone\/#breadcrumb"},"inLanguage":"sk-SK","potentialAction":[{"@type":"ReadAction","target":["https:\/\/krajn.sk\/expo\/sortiment\/schody-a-svahove-prvky\/duo-stone\/"]}]},{"@type":"ImageObject","inLanguage":"sk-SK","@id":"https:\/\/krajn.sk\/expo\/sortiment\/schody-a-svahove-prvky\/duo-stone\/#primaryimage","url":"https:\/\/krajn.sk\/expo\/wp-content\/uploads\/2021\/08\/duo-stone-foto2.jpg","contentUrl":"https:\/\/krajn.sk\/expo\/wp-content\/uploads\/2021\/08\/duo-stone-foto2.jpg","width":1500,"height":1124},{"@type":"BreadcrumbList","@id":"https:\/\/krajn.sk\/expo\/sortiment\/schody-a-svahove-prvky\/duo-stone\/#breadcrumb","itemListElement":[{"@type":"ListItem","position":1,"name":"Home","item":"https:\/\/krajn.sk\/expo\/"},{"@type":"ListItem","position":2,"name":"Produkty","item":"https:\/\/krajn.sk\/expo\/sortiment\/"},{"@type":"ListItem","position":3,"name":"Duo Stone"}]},{"@type":"WebSite","@id":"https:\/\/krajn.sk\/expo\/#website","url":"https:\/\/krajn.sk\/expo\/","name":"Krajn Exp","description":"Va\u0161e stavebniny na kraji Stupavy!","publisher":{"@id":"https:\/\/krajn.sk\/expo\/#organization"},"potentialAction":[{"@type":"SearchAction","target":{"@type":"EntryPoint","urlTemplate":"https:\/\/krajn.sk\/expo\/?s={search_term_string}"},"query-input":{"@type":"PropertyValueSpecification","valueRequired":true,"valueName":"search_term_string"}}],"inLanguage":"sk-SK"},{"@type":"Organization","@id":"https:\/\/krajn.sk\/expo\/#organization","name":"Krajn Expo","url":"https:\/\/krajn.sk\/expo\/","logo":{"@type":"ImageObject","inLanguage":"sk-SK","@id":"https:\/\/krajn.sk\/expo\/#\/schema\/logo\/image\/","url":"https:\/\/krajn.sk\/expo\/wp-content\/uploads\/2020\/03\/logo_expo_transparent.png","contentUrl":"https:\/\/krajn.sk\/expo\/wp-content\/uploads\/2020\/03\/logo_expo_transparent.png","width":91,"height":105,"caption":"Krajn Expo"},"image":{"@id":"https:\/\/krajn.sk\/expo\/#\/schema\/logo\/image\/"}}]}},"_links":{"self":[{"href":"https:\/\/krajn.sk\/expo\/wp-json\/wp\/v2\/product\/7137"}],"collection":[{"href":"https:\/\/krajn.sk\/expo\/wp-json\/wp\/v2\/product"}],"about":[{"href":"https:\/\/krajn.sk\/expo\/wp-json\/wp\/v2\/types\/product"}],"version-history":[{"count":0,"href":"https:\/\/krajn.sk\/expo\/wp-json\/wp\/v2\/product\/7137\/revisions"}],"wp:featuredmedia":[{"embeddable":true,"href":"https:\/\/krajn.sk\/expo\/wp-json\/wp\/v2\/media\/11180"}],"wp:attachment":[{"href":"https:\/\/krajn.sk\/expo\/wp-json\/wp\/v2\/media?parent=7137"}],"wp:term":[{"taxonomy":"product_brand","embeddable":true,"href":"https:\/\/krajn.sk\/expo\/wp-json\/wp\/v2\/product_brand?post=7137"},{"taxonomy":"product_cat","embeddable":true,"href":"https:\/\/krajn.sk\/expo\/wp-json\/wp\/v2\/product_cat?post=7137"},{"taxonomy":"product_tag","embeddable":true,"href":"https:\/\/krajn.sk\/expo\/wp-json\/wp\/v2\/product_tag?post=7137"}],"curies":[{"name":"wp","href":"https:\/\/api.w.org\/{rel}","templated":true}]}}