{"id":7995,"date":"2021-02-12T10:53:06","date_gmt":"2021-02-12T09:53:06","guid":{"rendered":"https:\/\/krajn.sk\/test\/?post_type=product&#038;p=7995"},"modified":"2023-03-25T21:36:23","modified_gmt":"2023-03-25T20:36:23","slug":"preblok","status":"publish","type":"product","link":"https:\/\/krajn.sk\/expo\/sortiment\/ploty\/preblok\/","title":{"rendered":"Preblok"},"content":{"rendered":"<p class=\"article_indent align-c\">Plot<strong>&nbsp;Preblok<sup>\u00ae<\/sup><\/strong> je jednoduch\u00e1 a&nbsp;cenovo v\u00fdhodn\u00e1 alternat\u00edva pre plotov\u00fd syst\u00e9m bez&nbsp;potreby \u010fal\u0161ej povrchovej \u00fapravy.&nbsp;Skosen\u00e9 hrany dod\u00e1vaj\u00fa m\u00faru atrakt\u00edvny vzh\u013ead.<br class=\"one-br\"><br class=\"one-br\"><\/p>\n<p class=\"article_indent align-c\">M\u00far z&nbsp;bet\u00f3nov\u00fdch tv\u00e1rnic m\u00f4\u017ee by\u0165 kolm\u00fd alebo v&nbsp;sklone, poh\u013eadov\u00e1 strana tv\u00e1rnice m\u00f4\u017ee by\u0165 zaoblen\u00e1 alebo rovn\u00e1. Tv\u00e1rnice je mo\u017en\u00e9 uklada\u0165 tesne ved\u013ea seba alebo s&nbsp;medzerou. Tv\u00e1rnice mo\u017eno pou\u017ei\u0165 na&nbsp;jednoduch\u00e9 kladenie s&nbsp; klasickou polovi\u010dnou v\u00e4zbou. Bet\u00f3nov\u00fd plot&nbsp;<strong>Preblok<sup>\u00ae<\/sup><\/strong>&nbsp;m\u00f4\u017ee by\u0165 pln\u00fd alebo pilierov\u00fd s&nbsp;v\u00fdpl\u0148ou. Pln\u00e9 m\u00fary m\u00f4\u017eu tvori\u0165 aj oporn\u00e9 svahov\u00e9 syst\u00e9my v&nbsp;\u010dlenit\u00fdch ter\u00e9noch, nen\u00e1ro\u010dn\u00fdch na&nbsp;\u00fadr\u017ebu.<\/p>\n<p>Predaj len na <strong>cel\u00e9 palety&nbsp;<\/strong>&#8211; kombinacia 60ks tv\u00e1rnic: 45 z\u00e1kladn\u00fdch, 5 pilierov\u00fdch a 10 delen\u00fdch.<\/p>\n<p class=\"article_indent align-c\">Plotov\u00fd syst\u00e9m&nbsp;<strong>Preblok<sup>\u00ae<\/sup><\/strong>&nbsp;dop\u013a\u0148aj\u00fa&nbsp;<a href=\"https:\/\/krajn.sk\/expo\/sortiment\/ploty\/krycia-platna\/\">Kryc\u00ede platne<\/a>&nbsp;s&nbsp;hladk\u00fdm povrchom alebo&nbsp;<a href=\"https:\/\/krajn.sk\/expo\/sortiment\/ploty\/krycia-platna-flair\/\">Krycie platne flair<\/a>&nbsp;s&nbsp;brokovan\u00fdm povrchom<\/p>\n","protected":false},"excerpt":{"rendered":"<p id=\"SubTitle_idm45317421451104\" class=\"SubTitle align-c\"><strong>Pr\u00ed\u0165a\u017elivos\u0165 v&nbsp;jednoduchosti<\/strong><br class=\"one-br\">Sk\u013aben\u00edm jednoduch\u00e9ho tvaru, skosen\u00fdch hr\u00e1n a&nbsp;hladk\u00e9ho povrchu je pr\u00ed\u0165a\u017eliv\u00fd a&nbsp;oku lahodiaci vzh\u013ead plotu&nbsp;<strong>Preblok<sup>\u00ae<\/sup><\/strong><\/p>\n","protected":false},"featured_media":7998,"template":"","meta":{"inline_featured_image":false,"site-sidebar-layout":"default","site-content-layout":"","ast-site-content-layout":"","site-content-style":"default","site-sidebar-style":"default","ast-global-header-display":"","ast-banner-title-visibility":"","ast-main-header-display":"","ast-hfb-above-header-display":"","ast-hfb-below-header-display":"","ast-hfb-mobile-header-display":"","site-post-title":"","ast-breadcrumbs-content":"","ast-featured-img":"","footer-sml-layout":"","theme-transparent-header-meta":"","adv-header-id-meta":"","stick-header-meta":"","header-above-stick-meta":"","header-main-stick-meta":"","header-below-stick-meta":"","astra-migrate-meta-layouts":"default","ast-page-background-enabled":"default","ast-page-background-meta":{"desktop":{"background-color":"var(--ast-global-color-4)","background-image":"","background-repeat":"repeat","background-position":"center center","background-size":"auto","background-attachment":"scroll","background-type":"","background-media":"","overlay-type":"","overlay-color":"","overlay-opacity":"","overlay-gradient":""},"tablet":{"background-color":"","background-image":"","background-repeat":"repeat","background-position":"center center","background-size":"auto","background-attachment":"scroll","background-type":"","background-media":"","overlay-type":"","overlay-color":"","overlay-opacity":"","overlay-gradient":""},"mobile":{"background-color":"","background-image":"","background-repeat":"repeat","background-position":"center center","background-size":"auto","background-attachment":"scroll","background-type":"","background-media":"","overlay-type":"","overlay-color":"","overlay-opacity":"","overlay-gradient":""}},"ast-content-background-meta":{"desktop":{"background-color":"var(--ast-global-color-5)","background-image":"","background-repeat":"repeat","background-position":"center center","background-size":"auto","background-attachment":"scroll","background-type":"","background-media":"","overlay-type":"","overlay-color":"","overlay-opacity":"","overlay-gradient":""},"tablet":{"background-color":"var(--ast-global-color-5)","background-image":"","background-repeat":"repeat","background-position":"center center","background-size":"auto","background-attachment":"scroll","background-type":"","background-media":"","overlay-type":"","overlay-color":"","overlay-opacity":"","overlay-gradient":""},"mobile":{"background-color":"var(--ast-global-color-5)","background-image":"","background-repeat":"repeat","background-position":"center center","background-size":"auto","background-attachment":"scroll","background-type":"","background-media":"","overlay-type":"","overlay-color":"","overlay-opacity":"","overlay-gradient":""}},"ngg_post_thumbnail":0},"product_brand":[],"product_cat":[332],"product_tag":[164],"class_list":{"0":"post-7995","1":"product","2":"type-product","3":"status-publish","4":"has-post-thumbnail","6":"product_cat-ploty","7":"product_tag-premac","8":"pa_dodavatelia-premac","9":"desktop-align-left","10":"tablet-align-left","11":"mobile-align-left","13":"first","14":"instock","15":"taxable","16":"shipping-taxable","17":"purchasable","18":"product-type-variable"},"yoast_head":"<!-- This site is optimized with the Yoast SEO plugin v24.8.1 - https:\/\/yoast.com\/wordpress\/plugins\/seo\/ -->\n<title>Preblok | Krajn Exp<\/title>\n<meta name=\"robots\" content=\"index, follow, max-snippet:-1, max-image-preview:large, max-video-preview:-1\" \/>\n<link rel=\"canonical\" href=\"https:\/\/krajn.sk\/expo\/sortiment\/ploty\/preblok\/\" \/>\n<meta property=\"og:locale\" content=\"sk_SK\" \/>\n<meta property=\"og:type\" content=\"article\" \/>\n<meta property=\"og:title\" content=\"Preblok | Krajn Exp\" \/>\n<meta property=\"og:description\" content=\"Pr\u00ed\u0165a\u017elivos\u0165 v&nbsp;jednoduchostiSk\u013aben\u00edm jednoduch\u00e9ho tvaru, skosen\u00fdch hr\u00e1n a&nbsp;hladk\u00e9ho povrchu je pr\u00ed\u0165a\u017eliv\u00fd a&nbsp;oku lahodiaci vzh\u013ead plotu&nbsp;Preblok\u00ae\" \/>\n<meta property=\"og:url\" content=\"https:\/\/krajn.sk\/expo\/sortiment\/ploty\/preblok\/\" \/>\n<meta property=\"og:site_name\" content=\"Krajn Exp\" \/>\n<meta property=\"article:modified_time\" content=\"2023-03-25T20:36:23+00:00\" \/>\n<meta property=\"og:image\" content=\"https:\/\/krajn.sk\/expo\/wp-content\/uploads\/2021\/02\/preblok-foto.jpg\" \/>\n\t<meta property=\"og:image:width\" content=\"1772\" \/>\n\t<meta property=\"og:image:height\" content=\"1181\" \/>\n\t<meta property=\"og:image:type\" content=\"image\/jpeg\" \/>\n<meta name=\"twitter:card\" content=\"summary_large_image\" \/>\n<meta name=\"twitter:label1\" content=\"Predpokladan\u00fd \u010das \u010d\u00edtania\" \/>\n\t<meta name=\"twitter:data1\" content=\"1 min\u00fata\" \/>\n<script type=\"application\/ld+json\" class=\"yoast-schema-graph\">{\"@context\":\"https:\/\/schema.org\",\"@graph\":[{\"@type\":\"WebPage\",\"@id\":\"https:\/\/krajn.sk\/expo\/sortiment\/ploty\/preblok\/\",\"url\":\"https:\/\/krajn.sk\/expo\/sortiment\/ploty\/preblok\/\",\"name\":\"Preblok | Krajn Exp\",\"isPartOf\":{\"@id\":\"https:\/\/krajn.sk\/expo\/#website\"},\"primaryImageOfPage\":{\"@id\":\"https:\/\/krajn.sk\/expo\/sortiment\/ploty\/preblok\/#primaryimage\"},\"image\":{\"@id\":\"https:\/\/krajn.sk\/expo\/sortiment\/ploty\/preblok\/#primaryimage\"},\"thumbnailUrl\":\"https:\/\/krajn.sk\/expo\/wp-content\/uploads\/2021\/02\/preblok-foto.jpg\",\"datePublished\":\"2021-02-12T09:53:06+00:00\",\"dateModified\":\"2023-03-25T20:36:23+00:00\",\"breadcrumb\":{\"@id\":\"https:\/\/krajn.sk\/expo\/sortiment\/ploty\/preblok\/#breadcrumb\"},\"inLanguage\":\"sk-SK\",\"potentialAction\":[{\"@type\":\"ReadAction\",\"target\":[\"https:\/\/krajn.sk\/expo\/sortiment\/ploty\/preblok\/\"]}]},{\"@type\":\"ImageObject\",\"inLanguage\":\"sk-SK\",\"@id\":\"https:\/\/krajn.sk\/expo\/sortiment\/ploty\/preblok\/#primaryimage\",\"url\":\"https:\/\/krajn.sk\/expo\/wp-content\/uploads\/2021\/02\/preblok-foto.jpg\",\"contentUrl\":\"https:\/\/krajn.sk\/expo\/wp-content\/uploads\/2021\/02\/preblok-foto.jpg\",\"width\":1772,\"height\":1181},{\"@type\":\"BreadcrumbList\",\"@id\":\"https:\/\/krajn.sk\/expo\/sortiment\/ploty\/preblok\/#breadcrumb\",\"itemListElement\":[{\"@type\":\"ListItem\",\"position\":1,\"name\":\"Home\",\"item\":\"https:\/\/krajn.sk\/expo\/\"},{\"@type\":\"ListItem\",\"position\":2,\"name\":\"Produkty\",\"item\":\"https:\/\/krajn.sk\/expo\/sortiment\/\"},{\"@type\":\"ListItem\",\"position\":3,\"name\":\"Preblok\"}]},{\"@type\":\"WebSite\",\"@id\":\"https:\/\/krajn.sk\/expo\/#website\",\"url\":\"https:\/\/krajn.sk\/expo\/\",\"name\":\"Krajn Exp\",\"description\":\"Va\u0161e stavebniny na kraji Stupavy!\",\"publisher\":{\"@id\":\"https:\/\/krajn.sk\/expo\/#organization\"},\"potentialAction\":[{\"@type\":\"SearchAction\",\"target\":{\"@type\":\"EntryPoint\",\"urlTemplate\":\"https:\/\/krajn.sk\/expo\/?s={search_term_string}\"},\"query-input\":{\"@type\":\"PropertyValueSpecification\",\"valueRequired\":true,\"valueName\":\"search_term_string\"}}],\"inLanguage\":\"sk-SK\"},{\"@type\":\"Organization\",\"@id\":\"https:\/\/krajn.sk\/expo\/#organization\",\"name\":\"Krajn Expo\",\"url\":\"https:\/\/krajn.sk\/expo\/\",\"logo\":{\"@type\":\"ImageObject\",\"inLanguage\":\"sk-SK\",\"@id\":\"https:\/\/krajn.sk\/expo\/#\/schema\/logo\/image\/\",\"url\":\"https:\/\/krajn.sk\/expo\/wp-content\/uploads\/2020\/03\/logo_expo_transparent.png\",\"contentUrl\":\"https:\/\/krajn.sk\/expo\/wp-content\/uploads\/2020\/03\/logo_expo_transparent.png\",\"width\":91,\"height\":105,\"caption\":\"Krajn Expo\"},\"image\":{\"@id\":\"https:\/\/krajn.sk\/expo\/#\/schema\/logo\/image\/\"}}]}<\/script>\n<!-- \/ Yoast SEO plugin. -->","yoast_head_json":{"title":"Preblok | Krajn Exp","robots":{"index":"index","follow":"follow","max-snippet":"max-snippet:-1","max-image-preview":"max-image-preview:large","max-video-preview":"max-video-preview:-1"},"canonical":"https:\/\/krajn.sk\/expo\/sortiment\/ploty\/preblok\/","og_locale":"sk_SK","og_type":"article","og_title":"Preblok | Krajn Exp","og_description":"Pr\u00ed\u0165a\u017elivos\u0165 v&nbsp;jednoduchostiSk\u013aben\u00edm jednoduch\u00e9ho tvaru, skosen\u00fdch hr\u00e1n a&nbsp;hladk\u00e9ho povrchu je pr\u00ed\u0165a\u017eliv\u00fd a&nbsp;oku lahodiaci vzh\u013ead plotu&nbsp;Preblok\u00ae","og_url":"https:\/\/krajn.sk\/expo\/sortiment\/ploty\/preblok\/","og_site_name":"Krajn Exp","article_modified_time":"2023-03-25T20:36:23+00:00","og_image":[{"width":1772,"height":1181,"url":"https:\/\/krajn.sk\/expo\/wp-content\/uploads\/2021\/02\/preblok-foto.jpg","type":"image\/jpeg"}],"twitter_card":"summary_large_image","twitter_misc":{"Predpokladan\u00fd \u010das \u010d\u00edtania":"1 min\u00fata"},"schema":{"@context":"https:\/\/schema.org","@graph":[{"@type":"WebPage","@id":"https:\/\/krajn.sk\/expo\/sortiment\/ploty\/preblok\/","url":"https:\/\/krajn.sk\/expo\/sortiment\/ploty\/preblok\/","name":"Preblok | Krajn Exp","isPartOf":{"@id":"https:\/\/krajn.sk\/expo\/#website"},"primaryImageOfPage":{"@id":"https:\/\/krajn.sk\/expo\/sortiment\/ploty\/preblok\/#primaryimage"},"image":{"@id":"https:\/\/krajn.sk\/expo\/sortiment\/ploty\/preblok\/#primaryimage"},"thumbnailUrl":"https:\/\/krajn.sk\/expo\/wp-content\/uploads\/2021\/02\/preblok-foto.jpg","datePublished":"2021-02-12T09:53:06+00:00","dateModified":"2023-03-25T20:36:23+00:00","breadcrumb":{"@id":"https:\/\/krajn.sk\/expo\/sortiment\/ploty\/preblok\/#breadcrumb"},"inLanguage":"sk-SK","potentialAction":[{"@type":"ReadAction","target":["https:\/\/krajn.sk\/expo\/sortiment\/ploty\/preblok\/"]}]},{"@type":"ImageObject","inLanguage":"sk-SK","@id":"https:\/\/krajn.sk\/expo\/sortiment\/ploty\/preblok\/#primaryimage","url":"https:\/\/krajn.sk\/expo\/wp-content\/uploads\/2021\/02\/preblok-foto.jpg","contentUrl":"https:\/\/krajn.sk\/expo\/wp-content\/uploads\/2021\/02\/preblok-foto.jpg","width":1772,"height":1181},{"@type":"BreadcrumbList","@id":"https:\/\/krajn.sk\/expo\/sortiment\/ploty\/preblok\/#breadcrumb","itemListElement":[{"@type":"ListItem","position":1,"name":"Home","item":"https:\/\/krajn.sk\/expo\/"},{"@type":"ListItem","position":2,"name":"Produkty","item":"https:\/\/krajn.sk\/expo\/sortiment\/"},{"@type":"ListItem","position":3,"name":"Preblok"}]},{"@type":"WebSite","@id":"https:\/\/krajn.sk\/expo\/#website","url":"https:\/\/krajn.sk\/expo\/","name":"Krajn Exp","description":"Va\u0161e stavebniny na kraji Stupavy!","publisher":{"@id":"https:\/\/krajn.sk\/expo\/#organization"},"potentialAction":[{"@type":"SearchAction","target":{"@type":"EntryPoint","urlTemplate":"https:\/\/krajn.sk\/expo\/?s={search_term_string}"},"query-input":{"@type":"PropertyValueSpecification","valueRequired":true,"valueName":"search_term_string"}}],"inLanguage":"sk-SK"},{"@type":"Organization","@id":"https:\/\/krajn.sk\/expo\/#organization","name":"Krajn Expo","url":"https:\/\/krajn.sk\/expo\/","logo":{"@type":"ImageObject","inLanguage":"sk-SK","@id":"https:\/\/krajn.sk\/expo\/#\/schema\/logo\/image\/","url":"https:\/\/krajn.sk\/expo\/wp-content\/uploads\/2020\/03\/logo_expo_transparent.png","contentUrl":"https:\/\/krajn.sk\/expo\/wp-content\/uploads\/2020\/03\/logo_expo_transparent.png","width":91,"height":105,"caption":"Krajn Expo"},"image":{"@id":"https:\/\/krajn.sk\/expo\/#\/schema\/logo\/image\/"}}]}},"_links":{"self":[{"href":"https:\/\/krajn.sk\/expo\/wp-json\/wp\/v2\/product\/7995"}],"collection":[{"href":"https:\/\/krajn.sk\/expo\/wp-json\/wp\/v2\/product"}],"about":[{"href":"https:\/\/krajn.sk\/expo\/wp-json\/wp\/v2\/types\/product"}],"version-history":[{"count":1,"href":"https:\/\/krajn.sk\/expo\/wp-json\/wp\/v2\/product\/7995\/revisions"}],"predecessor-version":[{"id":8043,"href":"https:\/\/krajn.sk\/expo\/wp-json\/wp\/v2\/product\/7995\/revisions\/8043"}],"wp:featuredmedia":[{"embeddable":true,"href":"https:\/\/krajn.sk\/expo\/wp-json\/wp\/v2\/media\/7998"}],"wp:attachment":[{"href":"https:\/\/krajn.sk\/expo\/wp-json\/wp\/v2\/media?parent=7995"}],"wp:term":[{"taxonomy":"product_brand","embeddable":true,"href":"https:\/\/krajn.sk\/expo\/wp-json\/wp\/v2\/product_brand?post=7995"},{"taxonomy":"product_cat","embeddable":true,"href":"https:\/\/krajn.sk\/expo\/wp-json\/wp\/v2\/product_cat?post=7995"},{"taxonomy":"product_tag","embeddable":true,"href":"https:\/\/krajn.sk\/expo\/wp-json\/wp\/v2\/product_tag?post=7995"}],"curies":[{"name":"wp","href":"https:\/\/api.w.org\/{rel}","templated":true}]}}