{"id":9536,"date":"2021-05-21T04:20:43","date_gmt":"2021-05-21T02:20:43","guid":{"rendered":"https:\/\/krajn.sk\/expo\/?post_type=product&#038;p=9536"},"modified":"2023-03-25T21:36:46","modified_gmt":"2023-03-25T20:36:46","slug":"cestny-obrubnik","status":"publish","type":"product","link":"https:\/\/krajn.sk\/expo\/sortiment\/palisady-a-obrubniky\/obrubniky\/cestny-obrubnik\/","title":{"rendered":"Cestn\u00fd obrubn\u00edk"},"content":{"rendered":"<p id=\"SubTitle_idm272\" class=\"SubTitle align-left\"><strong>Cestn\u00fd obrubn\u00edk so&nbsp;skosen\u00edm (12\/4 cm)<\/strong>&nbsp;na&nbsp;ukon\u010denie pl\u00f4ch vytvoren\u00fdch z&nbsp;dla\u017eieb a&nbsp;dla\u017ed\u00edc, ukon\u010denie komunik\u00e1ci\u00ed, chodn\u00edkov, vytvorenie prev\u00fd\u0161en\u00ed pri v\u00fdstavbe ciest a&nbsp;ohrani\u010denie ter\u00e1s.<\/p>\n<p>Rozmery [cm]: 33 x 15 x 26, 100 x 15 x 26<\/p>\n<p>Paleta [ks]: 54, 18<\/p>\n<p><a href=\"https:\/\/krajn.sk\/expo\/wp-content\/uploads\/2021\/05\/cestny-obrubnik-so-skosenim-12-4.jpg\"><img decoding=\"async\" class=\"alignnone size-medium wp-image-9541\" src=\"https:\/\/krajn.sk\/expo\/wp-content\/uploads\/2021\/05\/cestny-obrubnik-so-skosenim-12-4-300x155.jpg\" alt=\"\" width=\"300\" height=\"155\" srcset=\"https:\/\/krajn.sk\/expo\/wp-content\/uploads\/2021\/05\/cestny-obrubnik-so-skosenim-12-4-300x155.jpg 300w, https:\/\/krajn.sk\/expo\/wp-content\/uploads\/2021\/05\/cestny-obrubnik-so-skosenim-12-4-600x309.jpg 600w, https:\/\/krajn.sk\/expo\/wp-content\/uploads\/2021\/05\/cestny-obrubnik-so-skosenim-12-4.jpg 615w\" sizes=\"(max-width: 300px) 100vw, 300px\" \/><\/a><\/p>\n<p>&nbsp;<\/p>\n<p id=\"SubTitle_idm267\" class=\"SubTitle align-left\"><strong>Cestn\u00fd obrubn\u00edk so&nbsp;skosen\u00edm (1,5\/1,5 cm)<\/strong>&nbsp;na&nbsp;ukon\u010denie pl\u00f4ch vytvoren\u00fdch z&nbsp;dla\u017eieb a&nbsp;dla\u017ed\u00edc, ukon\u010denie komunik\u00e1ci\u00ed, chodn\u00edkov, vytvorenie prev\u00fd\u0161en\u00ed pri v\u00fdstavbe ciest a&nbsp;ohrani\u010denie ter\u00e1s.<\/p>\n<p>Rozmery [cm]: 100 x 10 x 20<\/p>\n<p>Paleta [ks]: 32<\/p>\n<p><a href=\"https:\/\/krajn.sk\/expo\/wp-content\/uploads\/2021\/05\/cestny-obrubnik-so-skosenim-15-15.jpg\"><img decoding=\"async\" class=\"alignnone size-medium wp-image-9540\" src=\"https:\/\/krajn.sk\/expo\/wp-content\/uploads\/2021\/05\/cestny-obrubnik-so-skosenim-15-15-300x155.jpg\" alt=\"\" width=\"300\" height=\"155\" srcset=\"https:\/\/krajn.sk\/expo\/wp-content\/uploads\/2021\/05\/cestny-obrubnik-so-skosenim-15-15-300x155.jpg 300w, https:\/\/krajn.sk\/expo\/wp-content\/uploads\/2021\/05\/cestny-obrubnik-so-skosenim-15-15-600x309.jpg 600w, https:\/\/krajn.sk\/expo\/wp-content\/uploads\/2021\/05\/cestny-obrubnik-so-skosenim-15-15.jpg 615w\" sizes=\"(max-width: 300px) 100vw, 300px\" \/><\/a><\/p>\n<p>&nbsp;<\/p>\n<p><strong>Cestn\u00fd obrubn\u00edk bez&nbsp;skosenia<\/strong>&nbsp;je ur\u010den\u00fd na&nbsp;plynul\u00e9 a&nbsp;bezbari\u00e9rov\u00e9 ohrani\u010denie, resp. napojenie dl\u00e1\u017edenej plochy na&nbsp;komunik\u00e1ciu.<\/p>\n<p>Rozmery [cm]: 100 x 15 x 26<\/p>\n<p>Paleta [ks]: 18<\/p>\n<p><a href=\"https:\/\/krajn.sk\/expo\/wp-content\/uploads\/2021\/05\/cestny-obrubnik-bez-skosenia.jpg\"><img decoding=\"async\" class=\"alignnone size-medium wp-image-9542\" src=\"https:\/\/krajn.sk\/expo\/wp-content\/uploads\/2021\/05\/cestny-obrubnik-bez-skosenia-300x155.jpg\" alt=\"\" width=\"300\" height=\"155\" srcset=\"https:\/\/krajn.sk\/expo\/wp-content\/uploads\/2021\/05\/cestny-obrubnik-bez-skosenia-300x155.jpg 300w, https:\/\/krajn.sk\/expo\/wp-content\/uploads\/2021\/05\/cestny-obrubnik-bez-skosenia-600x309.jpg 600w, https:\/\/krajn.sk\/expo\/wp-content\/uploads\/2021\/05\/cestny-obrubnik-bez-skosenia.jpg 615w\" sizes=\"(max-width: 300px) 100vw, 300px\" \/><\/a><\/p>\n<p>&nbsp;<\/p>\n<p id=\"SubTitle_idm266\" class=\"SubTitle align-left\"><strong>Cestn\u00fd obrubn\u00edk n\u00e1behov\u00fd<\/strong>&nbsp;sa uplatn\u00ed v\u0161ade tam, kde potrebujeme vybudova\u0165 plynul\u00fd prechod, \u010di bezbari\u00e9rov\u00fd vstup &#8211; vjazd do gar\u00e1\u017ee, prechod medzi cestnou komunik\u00e1ciou, parkoviskom a&nbsp;chodn\u00edkom,&nbsp;\u010di in\u00fdm ter\u00e9nom.<\/p>\n<p>Rozmery [cm]: 100 x 20 x 15 (10)<\/p>\n<p>Paleta [ks]: 20<\/p>\n<p><a href=\"https:\/\/krajn.sk\/expo\/wp-content\/uploads\/2021\/05\/cestny-obrubnik-nabehovy.jpg\"><img loading=\"lazy\" decoding=\"async\" class=\"alignnone size-medium wp-image-9537\" src=\"https:\/\/krajn.sk\/expo\/wp-content\/uploads\/2021\/05\/cestny-obrubnik-nabehovy-300x155.jpg\" alt=\"\" width=\"300\" height=\"155\" srcset=\"https:\/\/krajn.sk\/expo\/wp-content\/uploads\/2021\/05\/cestny-obrubnik-nabehovy-300x155.jpg 300w, https:\/\/krajn.sk\/expo\/wp-content\/uploads\/2021\/05\/cestny-obrubnik-nabehovy-600x309.jpg 600w, https:\/\/krajn.sk\/expo\/wp-content\/uploads\/2021\/05\/cestny-obrubnik-nabehovy.jpg 615w\" sizes=\"(max-width: 300px) 100vw, 300px\" \/><\/a><\/p>\n<p>&nbsp;<\/p>\n<p><strong>Cestn\u00fd obrubn\u00edk prechodov\u00fd&nbsp;<\/strong>je d\u00f4le\u017eitou s\u00fa\u010das\u0165ou v budovan\u00ed poch\u00f4dznych alebo pojazdn\u00fdch komunik\u00e1ci\u00ed, ktor\u00e9 elegantne sp\u00e1jaj\u00fa.<\/p>\n<p class=\"article_indent align-left\">\u013dav\u00fd a prav\u00fd cestn\u00fd obrubn\u00edk prechodov\u00fd sa vyu\u017e\u00edva ako plynul\u00fd prechod medzi&nbsp;<strong>cestn\u00fdm obrubn\u00edkom&nbsp;<\/strong>a&nbsp;<strong>cestn\u00fdm obrubn\u00edkom&nbsp;n\u00e1behov\u00fdm<\/strong>.<\/p>\n<p>Rozmery [cm]: 100 x 15 (20) x 26 (16) &#8211; \u013eav\u00fd ,&nbsp; 100 x 20 (15) x 16 (26) &#8211; prav\u00fd<\/p>\n<p>Paleta [ks]: 6\/4<\/p>\n<p><a href=\"https:\/\/krajn.sk\/expo\/wp-content\/uploads\/2021\/05\/cestny-obrubnik-prechodovy.jpg\"><img loading=\"lazy\" decoding=\"async\" class=\"alignnone size-medium wp-image-9539\" src=\"https:\/\/krajn.sk\/expo\/wp-content\/uploads\/2021\/05\/cestny-obrubnik-prechodovy-300x155.jpg\" alt=\"\" width=\"300\" height=\"155\" srcset=\"https:\/\/krajn.sk\/expo\/wp-content\/uploads\/2021\/05\/cestny-obrubnik-prechodovy-300x155.jpg 300w, https:\/\/krajn.sk\/expo\/wp-content\/uploads\/2021\/05\/cestny-obrubnik-prechodovy-600x309.jpg 600w, https:\/\/krajn.sk\/expo\/wp-content\/uploads\/2021\/05\/cestny-obrubnik-prechodovy.jpg 615w\" sizes=\"(max-width: 300px) 100vw, 300px\" \/><\/a><a href=\"https:\/\/krajn.sk\/expo\/wp-content\/uploads\/2021\/05\/cestny-obrubnik-prechodovy-pravy.jpg\"><img loading=\"lazy\" decoding=\"async\" class=\"alignnone size-medium wp-image-9543\" src=\"https:\/\/krajn.sk\/expo\/wp-content\/uploads\/2021\/05\/cestny-obrubnik-prechodovy-pravy-300x154.jpg\" alt=\"\" width=\"300\" height=\"154\" srcset=\"https:\/\/krajn.sk\/expo\/wp-content\/uploads\/2021\/05\/cestny-obrubnik-prechodovy-pravy-300x154.jpg 300w, https:\/\/krajn.sk\/expo\/wp-content\/uploads\/2021\/05\/cestny-obrubnik-prechodovy-pravy.jpg 313w\" sizes=\"(max-width: 300px) 100vw, 300px\" \/><\/a><\/p>\n<p>&nbsp;<\/p>\n<p><strong>Cestn\u00fd obrubn\u00edk obl\u00fakov\u00fd&nbsp;<\/strong>sl\u00fa\u017eia na&nbsp;spevnenie okrajov dl\u00e1\u017eden\u00fdch pl\u00f4ch.&nbsp;Estetick\u00e9 ohrani\u010denie obl\u00fakov\u00fdch pl\u00f4ch na&nbsp;jednoduch\u00fa a&nbsp;r\u00fdchlu realiz\u00e1ciu v&nbsp;r\u00f4znych polomeroch<\/p>\n<p>Rozmery [cm]: 78 x 15 (11) x 26<\/p>\n<p>Polomer [m]: 0.5 , 1, 2, 3, 4, 5, 8<\/p>\n<p>Paleta [ks]: 15\/12, 15\/12, 18, 18, 18, 18, 18<\/p>\n<p><a href=\"https:\/\/krajn.sk\/expo\/wp-content\/uploads\/2021\/05\/cestny-obrubnik-oblukovy.jpg\"><img loading=\"lazy\" decoding=\"async\" class=\"alignnone size-medium wp-image-9538\" src=\"https:\/\/krajn.sk\/expo\/wp-content\/uploads\/2021\/05\/cestny-obrubnik-oblukovy-300x155.jpg\" alt=\"\" width=\"300\" height=\"155\" srcset=\"https:\/\/krajn.sk\/expo\/wp-content\/uploads\/2021\/05\/cestny-obrubnik-oblukovy-300x155.jpg 300w, https:\/\/krajn.sk\/expo\/wp-content\/uploads\/2021\/05\/cestny-obrubnik-oblukovy-600x309.jpg 600w, https:\/\/krajn.sk\/expo\/wp-content\/uploads\/2021\/05\/cestny-obrubnik-oblukovy.jpg 615w\" sizes=\"(max-width: 300px) 100vw, 300px\" \/><\/a><\/p>\n","protected":false},"excerpt":{"rendered":"<p>Jednoduch\u00fd a&nbsp;efektn\u00fd vzh\u013ead, \u013eahk\u00e1 manipul\u00e1cia, n\u00edzka hmotnos\u0165, mnohostrann\u00e9 pou\u017eitie.<\/p>\n<p>Pri odbere neucelenej palety sa \u00fa\u010dtuje <strong>poplatok 5\u20ac<\/strong>.<\/p>\n","protected":false},"featured_media":9541,"template":"","meta":{"inline_featured_image":false,"site-sidebar-layout":"default","site-content-layout":"","ast-site-content-layout":"","site-content-style":"default","site-sidebar-style":"default","ast-global-header-display":"","ast-banner-title-visibility":"","ast-main-header-display":"","ast-hfb-above-header-display":"","ast-hfb-below-header-display":"","ast-hfb-mobile-header-display":"","site-post-title":"","ast-breadcrumbs-content":"","ast-featured-img":"","footer-sml-layout":"","theme-transparent-header-meta":"","adv-header-id-meta":"","stick-header-meta":"","header-above-stick-meta":"","header-main-stick-meta":"","header-below-stick-meta":"","astra-migrate-meta-layouts":"default","ast-page-background-enabled":"default","ast-page-background-meta":{"desktop":{"background-color":"var(--ast-global-color-4)","background-image":"","background-repeat":"repeat","background-position":"center center","background-size":"auto","background-attachment":"scroll","background-type":"","background-media":"","overlay-type":"","overlay-color":"","overlay-opacity":"","overlay-gradient":""},"tablet":{"background-color":"","background-image":"","background-repeat":"repeat","background-position":"center center","background-size":"auto","background-attachment":"scroll","background-type":"","background-media":"","overlay-type":"","overlay-color":"","overlay-opacity":"","overlay-gradient":""},"mobile":{"background-color":"","background-image":"","background-repeat":"repeat","background-position":"center center","background-size":"auto","background-attachment":"scroll","background-type":"","background-media":"","overlay-type":"","overlay-color":"","overlay-opacity":"","overlay-gradient":""}},"ast-content-background-meta":{"desktop":{"background-color":"var(--ast-global-color-5)","background-image":"","background-repeat":"repeat","background-position":"center center","background-size":"auto","background-attachment":"scroll","background-type":"","background-media":"","overlay-type":"","overlay-color":"","overlay-opacity":"","overlay-gradient":""},"tablet":{"background-color":"var(--ast-global-color-5)","background-image":"","background-repeat":"repeat","background-position":"center center","background-size":"auto","background-attachment":"scroll","background-type":"","background-media":"","overlay-type":"","overlay-color":"","overlay-opacity":"","overlay-gradient":""},"mobile":{"background-color":"var(--ast-global-color-5)","background-image":"","background-repeat":"repeat","background-position":"center center","background-size":"auto","background-attachment":"scroll","background-type":"","background-media":"","overlay-type":"","overlay-color":"","overlay-opacity":"","overlay-gradient":""}},"ngg_post_thumbnail":0},"product_brand":[],"product_cat":[334],"product_tag":[164],"class_list":{"0":"post-9536","1":"product","2":"type-product","3":"status-publish","4":"has-post-thumbnail","6":"product_cat-obrubniky","7":"product_tag-premac","8":"pa_dodavatelia-premac","9":"desktop-align-left","10":"tablet-align-left","11":"mobile-align-left","13":"first","14":"instock","15":"taxable","16":"shipping-taxable","17":"purchasable","18":"product-type-variable","19":"has-default-attributes"},"yoast_head":"<!-- This site is optimized with the Yoast SEO plugin v24.8.1 - https:\/\/yoast.com\/wordpress\/plugins\/seo\/ -->\n<title>Cestn\u00fd obrubn\u00edk | Krajn Exp<\/title>\n<meta name=\"robots\" content=\"index, follow, max-snippet:-1, max-image-preview:large, max-video-preview:-1\" \/>\n<link rel=\"canonical\" href=\"https:\/\/krajn.sk\/expo\/sortiment\/palisady-a-obrubniky\/obrubniky\/cestny-obrubnik\/\" \/>\n<meta property=\"og:locale\" content=\"sk_SK\" \/>\n<meta property=\"og:type\" content=\"article\" \/>\n<meta property=\"og:title\" content=\"Cestn\u00fd obrubn\u00edk | Krajn Exp\" \/>\n<meta property=\"og:description\" content=\"Jednoduch\u00fd a&nbsp;efektn\u00fd vzh\u013ead, \u013eahk\u00e1 manipul\u00e1cia, n\u00edzka hmotnos\u0165, mnohostrann\u00e9 pou\u017eitie.  Pri odbere neucelenej palety sa \u00fa\u010dtuje poplatok 5\u20ac.\" \/>\n<meta property=\"og:url\" content=\"https:\/\/krajn.sk\/expo\/sortiment\/palisady-a-obrubniky\/obrubniky\/cestny-obrubnik\/\" \/>\n<meta property=\"og:site_name\" content=\"Krajn Exp\" \/>\n<meta property=\"article:modified_time\" content=\"2023-03-25T20:36:46+00:00\" \/>\n<meta property=\"og:image\" content=\"https:\/\/krajn.sk\/expo\/wp-content\/uploads\/2021\/05\/cestny-obrubnik-so-skosenim-12-4.jpg\" \/>\n\t<meta property=\"og:image:width\" content=\"615\" \/>\n\t<meta property=\"og:image:height\" content=\"317\" \/>\n\t<meta property=\"og:image:type\" content=\"image\/jpeg\" \/>\n<meta name=\"twitter:card\" content=\"summary_large_image\" \/>\n<meta name=\"twitter:label1\" content=\"Predpokladan\u00fd \u010das \u010d\u00edtania\" \/>\n\t<meta name=\"twitter:data1\" content=\"3 min\u00faty\" \/>\n<script type=\"application\/ld+json\" class=\"yoast-schema-graph\">{\"@context\":\"https:\/\/schema.org\",\"@graph\":[{\"@type\":\"WebPage\",\"@id\":\"https:\/\/krajn.sk\/expo\/sortiment\/palisady-a-obrubniky\/obrubniky\/cestny-obrubnik\/\",\"url\":\"https:\/\/krajn.sk\/expo\/sortiment\/palisady-a-obrubniky\/obrubniky\/cestny-obrubnik\/\",\"name\":\"Cestn\u00fd obrubn\u00edk | Krajn Exp\",\"isPartOf\":{\"@id\":\"https:\/\/krajn.sk\/expo\/#website\"},\"primaryImageOfPage\":{\"@id\":\"https:\/\/krajn.sk\/expo\/sortiment\/palisady-a-obrubniky\/obrubniky\/cestny-obrubnik\/#primaryimage\"},\"image\":{\"@id\":\"https:\/\/krajn.sk\/expo\/sortiment\/palisady-a-obrubniky\/obrubniky\/cestny-obrubnik\/#primaryimage\"},\"thumbnailUrl\":\"https:\/\/krajn.sk\/expo\/wp-content\/uploads\/2021\/05\/cestny-obrubnik-so-skosenim-12-4.jpg\",\"datePublished\":\"2021-05-21T02:20:43+00:00\",\"dateModified\":\"2023-03-25T20:36:46+00:00\",\"breadcrumb\":{\"@id\":\"https:\/\/krajn.sk\/expo\/sortiment\/palisady-a-obrubniky\/obrubniky\/cestny-obrubnik\/#breadcrumb\"},\"inLanguage\":\"sk-SK\",\"potentialAction\":[{\"@type\":\"ReadAction\",\"target\":[\"https:\/\/krajn.sk\/expo\/sortiment\/palisady-a-obrubniky\/obrubniky\/cestny-obrubnik\/\"]}]},{\"@type\":\"ImageObject\",\"inLanguage\":\"sk-SK\",\"@id\":\"https:\/\/krajn.sk\/expo\/sortiment\/palisady-a-obrubniky\/obrubniky\/cestny-obrubnik\/#primaryimage\",\"url\":\"https:\/\/krajn.sk\/expo\/wp-content\/uploads\/2021\/05\/cestny-obrubnik-so-skosenim-12-4.jpg\",\"contentUrl\":\"https:\/\/krajn.sk\/expo\/wp-content\/uploads\/2021\/05\/cestny-obrubnik-so-skosenim-12-4.jpg\",\"width\":615,\"height\":317},{\"@type\":\"BreadcrumbList\",\"@id\":\"https:\/\/krajn.sk\/expo\/sortiment\/palisady-a-obrubniky\/obrubniky\/cestny-obrubnik\/#breadcrumb\",\"itemListElement\":[{\"@type\":\"ListItem\",\"position\":1,\"name\":\"Home\",\"item\":\"https:\/\/krajn.sk\/expo\/\"},{\"@type\":\"ListItem\",\"position\":2,\"name\":\"Produkty\",\"item\":\"https:\/\/krajn.sk\/expo\/sortiment\/\"},{\"@type\":\"ListItem\",\"position\":3,\"name\":\"Cestn\u00fd obrubn\u00edk\"}]},{\"@type\":\"WebSite\",\"@id\":\"https:\/\/krajn.sk\/expo\/#website\",\"url\":\"https:\/\/krajn.sk\/expo\/\",\"name\":\"Krajn Exp\",\"description\":\"Va\u0161e stavebniny na kraji Stupavy!\",\"publisher\":{\"@id\":\"https:\/\/krajn.sk\/expo\/#organization\"},\"potentialAction\":[{\"@type\":\"SearchAction\",\"target\":{\"@type\":\"EntryPoint\",\"urlTemplate\":\"https:\/\/krajn.sk\/expo\/?s={search_term_string}\"},\"query-input\":{\"@type\":\"PropertyValueSpecification\",\"valueRequired\":true,\"valueName\":\"search_term_string\"}}],\"inLanguage\":\"sk-SK\"},{\"@type\":\"Organization\",\"@id\":\"https:\/\/krajn.sk\/expo\/#organization\",\"name\":\"Krajn Expo\",\"url\":\"https:\/\/krajn.sk\/expo\/\",\"logo\":{\"@type\":\"ImageObject\",\"inLanguage\":\"sk-SK\",\"@id\":\"https:\/\/krajn.sk\/expo\/#\/schema\/logo\/image\/\",\"url\":\"https:\/\/krajn.sk\/expo\/wp-content\/uploads\/2020\/03\/logo_expo_transparent.png\",\"contentUrl\":\"https:\/\/krajn.sk\/expo\/wp-content\/uploads\/2020\/03\/logo_expo_transparent.png\",\"width\":91,\"height\":105,\"caption\":\"Krajn Expo\"},\"image\":{\"@id\":\"https:\/\/krajn.sk\/expo\/#\/schema\/logo\/image\/\"}}]}<\/script>\n<!-- \/ Yoast SEO plugin. -->","yoast_head_json":{"title":"Cestn\u00fd obrubn\u00edk | Krajn Exp","robots":{"index":"index","follow":"follow","max-snippet":"max-snippet:-1","max-image-preview":"max-image-preview:large","max-video-preview":"max-video-preview:-1"},"canonical":"https:\/\/krajn.sk\/expo\/sortiment\/palisady-a-obrubniky\/obrubniky\/cestny-obrubnik\/","og_locale":"sk_SK","og_type":"article","og_title":"Cestn\u00fd obrubn\u00edk | Krajn Exp","og_description":"Jednoduch\u00fd a&nbsp;efektn\u00fd vzh\u013ead, \u013eahk\u00e1 manipul\u00e1cia, n\u00edzka hmotnos\u0165, mnohostrann\u00e9 pou\u017eitie.  Pri odbere neucelenej palety sa \u00fa\u010dtuje poplatok 5\u20ac.","og_url":"https:\/\/krajn.sk\/expo\/sortiment\/palisady-a-obrubniky\/obrubniky\/cestny-obrubnik\/","og_site_name":"Krajn Exp","article_modified_time":"2023-03-25T20:36:46+00:00","og_image":[{"width":615,"height":317,"url":"https:\/\/krajn.sk\/expo\/wp-content\/uploads\/2021\/05\/cestny-obrubnik-so-skosenim-12-4.jpg","type":"image\/jpeg"}],"twitter_card":"summary_large_image","twitter_misc":{"Predpokladan\u00fd \u010das \u010d\u00edtania":"3 min\u00faty"},"schema":{"@context":"https:\/\/schema.org","@graph":[{"@type":"WebPage","@id":"https:\/\/krajn.sk\/expo\/sortiment\/palisady-a-obrubniky\/obrubniky\/cestny-obrubnik\/","url":"https:\/\/krajn.sk\/expo\/sortiment\/palisady-a-obrubniky\/obrubniky\/cestny-obrubnik\/","name":"Cestn\u00fd obrubn\u00edk | Krajn Exp","isPartOf":{"@id":"https:\/\/krajn.sk\/expo\/#website"},"primaryImageOfPage":{"@id":"https:\/\/krajn.sk\/expo\/sortiment\/palisady-a-obrubniky\/obrubniky\/cestny-obrubnik\/#primaryimage"},"image":{"@id":"https:\/\/krajn.sk\/expo\/sortiment\/palisady-a-obrubniky\/obrubniky\/cestny-obrubnik\/#primaryimage"},"thumbnailUrl":"https:\/\/krajn.sk\/expo\/wp-content\/uploads\/2021\/05\/cestny-obrubnik-so-skosenim-12-4.jpg","datePublished":"2021-05-21T02:20:43+00:00","dateModified":"2023-03-25T20:36:46+00:00","breadcrumb":{"@id":"https:\/\/krajn.sk\/expo\/sortiment\/palisady-a-obrubniky\/obrubniky\/cestny-obrubnik\/#breadcrumb"},"inLanguage":"sk-SK","potentialAction":[{"@type":"ReadAction","target":["https:\/\/krajn.sk\/expo\/sortiment\/palisady-a-obrubniky\/obrubniky\/cestny-obrubnik\/"]}]},{"@type":"ImageObject","inLanguage":"sk-SK","@id":"https:\/\/krajn.sk\/expo\/sortiment\/palisady-a-obrubniky\/obrubniky\/cestny-obrubnik\/#primaryimage","url":"https:\/\/krajn.sk\/expo\/wp-content\/uploads\/2021\/05\/cestny-obrubnik-so-skosenim-12-4.jpg","contentUrl":"https:\/\/krajn.sk\/expo\/wp-content\/uploads\/2021\/05\/cestny-obrubnik-so-skosenim-12-4.jpg","width":615,"height":317},{"@type":"BreadcrumbList","@id":"https:\/\/krajn.sk\/expo\/sortiment\/palisady-a-obrubniky\/obrubniky\/cestny-obrubnik\/#breadcrumb","itemListElement":[{"@type":"ListItem","position":1,"name":"Home","item":"https:\/\/krajn.sk\/expo\/"},{"@type":"ListItem","position":2,"name":"Produkty","item":"https:\/\/krajn.sk\/expo\/sortiment\/"},{"@type":"ListItem","position":3,"name":"Cestn\u00fd obrubn\u00edk"}]},{"@type":"WebSite","@id":"https:\/\/krajn.sk\/expo\/#website","url":"https:\/\/krajn.sk\/expo\/","name":"Krajn Exp","description":"Va\u0161e stavebniny na kraji Stupavy!","publisher":{"@id":"https:\/\/krajn.sk\/expo\/#organization"},"potentialAction":[{"@type":"SearchAction","target":{"@type":"EntryPoint","urlTemplate":"https:\/\/krajn.sk\/expo\/?s={search_term_string}"},"query-input":{"@type":"PropertyValueSpecification","valueRequired":true,"valueName":"search_term_string"}}],"inLanguage":"sk-SK"},{"@type":"Organization","@id":"https:\/\/krajn.sk\/expo\/#organization","name":"Krajn Expo","url":"https:\/\/krajn.sk\/expo\/","logo":{"@type":"ImageObject","inLanguage":"sk-SK","@id":"https:\/\/krajn.sk\/expo\/#\/schema\/logo\/image\/","url":"https:\/\/krajn.sk\/expo\/wp-content\/uploads\/2020\/03\/logo_expo_transparent.png","contentUrl":"https:\/\/krajn.sk\/expo\/wp-content\/uploads\/2020\/03\/logo_expo_transparent.png","width":91,"height":105,"caption":"Krajn Expo"},"image":{"@id":"https:\/\/krajn.sk\/expo\/#\/schema\/logo\/image\/"}}]}},"_links":{"self":[{"href":"https:\/\/krajn.sk\/expo\/wp-json\/wp\/v2\/product\/9536"}],"collection":[{"href":"https:\/\/krajn.sk\/expo\/wp-json\/wp\/v2\/product"}],"about":[{"href":"https:\/\/krajn.sk\/expo\/wp-json\/wp\/v2\/types\/product"}],"version-history":[{"count":0,"href":"https:\/\/krajn.sk\/expo\/wp-json\/wp\/v2\/product\/9536\/revisions"}],"wp:featuredmedia":[{"embeddable":true,"href":"https:\/\/krajn.sk\/expo\/wp-json\/wp\/v2\/media\/9541"}],"wp:attachment":[{"href":"https:\/\/krajn.sk\/expo\/wp-json\/wp\/v2\/media?parent=9536"}],"wp:term":[{"taxonomy":"product_brand","embeddable":true,"href":"https:\/\/krajn.sk\/expo\/wp-json\/wp\/v2\/product_brand?post=9536"},{"taxonomy":"product_cat","embeddable":true,"href":"https:\/\/krajn.sk\/expo\/wp-json\/wp\/v2\/product_cat?post=9536"},{"taxonomy":"product_tag","embeddable":true,"href":"https:\/\/krajn.sk\/expo\/wp-json\/wp\/v2\/product_tag?post=9536"}],"curies":[{"name":"wp","href":"https:\/\/api.w.org\/{rel}","templated":true}]}}